{"id":139,"date":"2025-12-22T12:29:31","date_gmt":"2025-12-22T12:29:31","guid":{"rendered":"https:\/\/fishbuff.com\/?page_id=139"},"modified":"2026-01-31T23:42:22","modified_gmt":"2026-01-31T23:42:22","slug":"tomeges-rendeles","status":"publish","type":"page","link":"https:\/\/fishbuff.com\/hu\/tomeges-rendeles\/","title":{"rendered":"T\u00f6meges rendel\u00e9s"},"content":{"rendered":"<div class=\"wpb-content-wrapper\"><div class=\"vc_row wpb_row vc_row-fluid\"><div class=\"wpb_column vc_column_container vc_col-sm-12\"><div class=\"vc_column-inner\"><div class=\"wpb_wrapper\"><h2 style=\"font-size: 42px;color: #333333;line-height: 1.2;text-align: left\" class=\"vc_custom_heading vc_do_custom_heading vc_custom_1769075720122\" >Bulk Order Aquarium Fish<\/h2>\n\t<div class=\"wpb_text_column wpb_content_element\" >\n\t\t<div class=\"wpb_wrapper\">\n\t\t\t<p>This page is dedicated to small-scale wholesale orders of both individuals and small business owners, such as retail stores or breeders, who are not legally able to carry out direct import activities. Signing up for an Account will allow you to access the price list to place orders quickly and easily. Please note that all bulk orders can only be shipped by the Transhipper. Shipping is done based on their monthly schedule.<\/p>\n<p><span style=\"font-size: 14px; line-height: 1.2;\"><span style=\"color: red;\">Please Note:<\/span> Shipments by Transhipper are limited to the following countries\/ territories; Australia (only for bettas and livebearers)\/ Austria\/ Bangladesh\/ Barbados\/ Belgium\/ Bolivia\/ Brazil\/ Brunei\/ Bulgaria\/ Cambodia\/ Canada\/ Chile\/ China\/ Colombia\/ Costa Rica\/ Croatia\/ Cyprus\/ Czech Republic\/ Denmark\/ Dominican Republic\/ Ecuador\/ Estonia\/ Finland\/ France\/ Germany\/ Greece\/ Guam\/ Guatemala\/ Haiti\/ Hongkong\/ Hungary\/ India\/ Ireland\/ Italy\/ Japan\/ Kuwait\/ Latvia\/ Liechtenstein\/ Lithuania\/ Luxembourg\/ Malaysia\/ Malta\/ Mexico\/ Myanmar\/ Netherlands\/ Norway\/ Oman\/ Panama\/ Paraguay\/ Peru\/ Philipines\/ Poland\/ Portugal\/ Puerto Rico\/ Romania\/ San Marino\/ Serbia\/ Singapore\/ Slovakia\/ Slovenia\/ South Africa\/ South Korea\/ Spain\/ Sri Lanka\/ Suriname\/ Sweden\/ Switzerland\/ Taiwan\/ Thailand\/ Trinidad and Tobago\/ Turks and Caicos Islands\/ Turkey\/ Uni Emirat Arab\/ United Kingdom\/ United States\/ Vietnam\/ US Virgin Islands.<br \/>\n<\/span><\/p>\n\n\t\t<\/div>\n\t<\/div>\n<\/div><\/div><\/div><\/div><div class=\"vc_row wpb_row vc_row-fluid\"><div class=\"wpb_column vc_column_container vc_col-sm-12\"><div class=\"vc_column-inner\"><div class=\"wpb_wrapper\"><div id=\"kapee-header-10217\" class=\"kapee-element kapee-heading text-left kapee-width-100 separator-line separator-between-heading\">\t\n\t\t\t\n\t\t\t<div class=\"heading-wrap\">\n\t\t\t<span class=\"separator-left\"><\/span>\n\t\t\t<h3 class=\"heading-title\">Live Ornamental Fish <\/h3>\t\t\t<span class=\"separator-right\"><\/span>\n\t\t\t\t\t<\/div>\n\t\t\n    <\/div>\n\t<div class=\"wpb_raw_code wpb_raw_html wpb_content_element\" >\n\t\t<div class=\"wpb_wrapper\">\n\t\t\t<style type=\"text\/css\">\n#foogallery-gallery-4962.fg-masonry { --fg-gutter: 5px; }<\/style>\n\t\t\t<div class=\"foogallery foogallery-container foogallery-masonry foogallery-lightbox-none fg-center fg-masonry fg-ready fg-transparent fg-captions-bottom fg-hover-instant fg-transparent-overlays fg-c-c fg-col4\" id=\"foogallery-gallery-4962\" data-foogallery=\"{&quot;item&quot;:{&quot;showCaptionTitle&quot;:true,&quot;showCaptionDescription&quot;:true},&quot;lazy&quot;:true,&quot;template&quot;:{&quot;horizontalOrder&quot;:true}}\" style=\"--fg-title-line-clamp: 0; --fg-description-line-clamp: 0;\" >\n\t\t<div class=\"fg-column-width\"><\/div>\n\t<div class=\"fg-gutter-width\"><\/div>\n\t\t<div class=\"fg-item fg-type-iframe fg-idle\"><figure class=\"fg-item-inner\"><a href=\"https:\/\/fishbuff.com\/hu\/tomeges-rendeles\/caridina\/\" target=\"_blank\" data-caption-desc=\"Start from $0.70\" data-caption-title=\"Caridina\" data-attachment-id=\"5421\" data-type=\"iframe\" class=\"fg-thumb\"><span class=\"fg-image-wrap\"><img decoding=\"async\" alt=\"Buy wholesale caridina shrimps online\" width=\"250\" height=\"167\" class=\"skip-lazy fg-image\" data-src-fg=\"https:\/\/fishbuff.com\/wp-content\/uploads\/cache\/2026\/01\/Screenshot-2026-01-30-at-19-52-32-depositphotos_398166230-stock-photo-macro-shot-freshwater-amano-shrimp_jpg-WEBP-Image-600-\u00d7-363-pixels\/2014518186.png\" src=\"data:image\/svg+xml,%3Csvg%20xmlns%3D%22http%3A%2F%2Fwww.w3.org%2F2000%2Fsvg%22%20width%3D%22250%22%20height%3D%22167%22%20viewBox%3D%220%200%20250%20167%22%3E%3C%2Fsvg%3E\" loading=\"eager\"><\/span><span class=\"fg-image-overlay\"><\/span><\/a><figcaption class=\"fg-caption\"><div class=\"fg-caption-inner\"><div class=\"fg-caption-title\">Caridina<\/div><div class=\"fg-caption-desc\">Start from $0.70<\/div><\/div><\/figcaption><\/figure><div class=\"fg-loader\"><\/div><\/div><div class=\"fg-item fg-type-iframe fg-idle\"><figure class=\"fg-item-inner\"><a href=\"https:\/\/fishbuff.com\/hu\/tomeges-rendeles\/neocaridina\/\" target=\"_blank\" data-caption-desc=\"Start from $0.40\" data-caption-title=\"Neocaridina\" data-attachment-id=\"5420\" data-type=\"iframe\" class=\"fg-thumb\"><span class=\"fg-image-wrap\"><img decoding=\"async\" alt=\"Buy wholesale neocaridina shrimps online\" width=\"250\" height=\"167\" class=\"skip-lazy fg-image\" data-src-fg=\"https:\/\/fishbuff.com\/wp-content\/uploads\/cache\/2026\/01\/Screenshot-2026-01-30-at-19-44-55-depositphotos_392169038-stock-photo-macro-photo-red-shrimp-close_jpg-WEBP-Image-600-\u00d7-337-pixels\/3010369803.png\" src=\"data:image\/svg+xml,%3Csvg%20xmlns%3D%22http%3A%2F%2Fwww.w3.org%2F2000%2Fsvg%22%20width%3D%22250%22%20height%3D%22167%22%20viewBox%3D%220%200%20250%20167%22%3E%3C%2Fsvg%3E\" loading=\"eager\"><\/span><span class=\"fg-image-overlay\"><\/span><\/a><figcaption class=\"fg-caption\"><div class=\"fg-caption-inner\"><div class=\"fg-caption-title\">Neocaridina<\/div><div class=\"fg-caption-desc\">Start from $0.40<\/div><\/div><\/figcaption><\/figure><div class=\"fg-loader\"><\/div><\/div><div class=\"fg-item fg-type-iframe fg-idle\"><figure class=\"fg-item-inner\"><a href=\"https:\/\/fishbuff.com\/hu\/tomeges-rendeles\/freshwater-snail\/\" target=\"_blank\" data-caption-desc=\"Start from $0.15\" data-caption-title=\"Freshwater snail\" data-attachment-id=\"5429\" data-type=\"iframe\" class=\"fg-thumb\"><span class=\"fg-image-wrap\"><img decoding=\"async\" alt=\"Buy wholesale aquarium snails online\" width=\"250\" height=\"167\" class=\"skip-lazy fg-image\" data-src-fg=\"https:\/\/fishbuff.com\/wp-content\/uploads\/cache\/2026\/01\/Screenshot-2026-01-23-at-16-16-05-depositphotos_513363938-stock-photo-beautiful-botanical-shot-natural-wallpaper_jpg-WEBP-Image-600-\u00d7-337-pixels\/1803240274.png\" src=\"data:image\/svg+xml,%3Csvg%20xmlns%3D%22http%3A%2F%2Fwww.w3.org%2F2000%2Fsvg%22%20width%3D%22250%22%20height%3D%22167%22%20viewBox%3D%220%200%20250%20167%22%3E%3C%2Fsvg%3E\" loading=\"eager\"><\/span><span class=\"fg-image-overlay\"><\/span><\/a><figcaption class=\"fg-caption\"><div class=\"fg-caption-inner\"><div class=\"fg-caption-title\">Freshwater snail<\/div><div class=\"fg-caption-desc\">Start from $0.15<\/div><\/div><\/figcaption><\/figure><div class=\"fg-loader\"><\/div><\/div><div class=\"fg-item fg-type-iframe fg-idle\"><figure class=\"fg-item-inner\"><a href=\"https:\/\/fishbuff.com\/hu\/tomeges-rendeles\/freshwater-crab\/\" target=\"_blank\" data-caption-desc=\"Start from $0.35\" data-caption-title=\"Freshwater crab\" data-attachment-id=\"5441\" data-type=\"iframe\" class=\"fg-thumb\"><span class=\"fg-image-wrap\"><img decoding=\"async\" alt=\"Buy wholesale aquarium crabs online\" width=\"250\" height=\"167\" class=\"skip-lazy fg-image\" data-src-fg=\"https:\/\/fishbuff.com\/wp-content\/uploads\/cache\/2026\/01\/Screenshot-2026-01-30-at-21-16-55-depositphotos_654319690-stock-photo-kuhl-ghost-crab-looking-food_jpg-WEBP-Image-600-\u00d7-400-pixels\/3982366992.png\" src=\"data:image\/svg+xml,%3Csvg%20xmlns%3D%22http%3A%2F%2Fwww.w3.org%2F2000%2Fsvg%22%20width%3D%22250%22%20height%3D%22167%22%20viewBox%3D%220%200%20250%20167%22%3E%3C%2Fsvg%3E\" loading=\"eager\"><\/span><span class=\"fg-image-overlay\"><\/span><\/a><figcaption class=\"fg-caption\"><div class=\"fg-caption-inner\"><div class=\"fg-caption-title\">Freshwater crab<\/div><div class=\"fg-caption-desc\">Start from $0.35<\/div><\/div><\/figcaption><\/figure><div class=\"fg-loader\"><\/div><\/div><div class=\"fg-item fg-type-iframe fg-idle\"><figure class=\"fg-item-inner\"><a href=\"https:\/\/fishbuff.com\/hu\/tomeges-rendeles\/freshwater-crayfish\/\" target=\"_blank\" data-caption-desc=\"Start from $12.00\" data-caption-title=\"Freshwater crayfish\" data-attachment-id=\"5448\" data-type=\"iframe\" class=\"fg-thumb\"><span class=\"fg-image-wrap\"><img decoding=\"async\" alt=\"Buy wholesale aquarium crayfish online\" width=\"250\" height=\"167\" class=\"skip-lazy fg-image\" data-src-fg=\"https:\/\/fishbuff.com\/wp-content\/uploads\/cache\/2026\/01\/Screenshot-2026-01-31-at-07-01-34-depositphotos_272569608-stock-photo-lobster-red-orange-brown-yellow_jpg-WEBP-Image-600-\u00d7-337-pixels\/916717151.png\" src=\"data:image\/svg+xml,%3Csvg%20xmlns%3D%22http%3A%2F%2Fwww.w3.org%2F2000%2Fsvg%22%20width%3D%22250%22%20height%3D%22167%22%20viewBox%3D%220%200%20250%20167%22%3E%3C%2Fsvg%3E\" loading=\"eager\"><\/span><span class=\"fg-image-overlay\"><\/span><\/a><figcaption class=\"fg-caption\"><div class=\"fg-caption-inner\"><div class=\"fg-caption-title\">Freshwater crayfish<\/div><div class=\"fg-caption-desc\">Start from $12.00<\/div><\/div><\/figcaption><\/figure><div class=\"fg-loader\"><\/div><\/div><div class=\"fg-item fg-type-iframe fg-idle\"><figure class=\"fg-item-inner\"><a href=\"https:\/\/fishbuff.com\/hu\/tomeges-rendeles\/discus-angelfish\/\" target=\"_blank\" data-caption-desc=\"Start from $1.20\" data-caption-title=\"Discus and angelfish\" data-attachment-id=\"4795\" data-type=\"iframe\" class=\"fg-thumb\"><span class=\"fg-image-wrap\"><img decoding=\"async\" alt=\"Buy wholesale discus and angelfish online\" width=\"250\" height=\"167\" class=\"skip-lazy fg-image\" data-src-fg=\"https:\/\/fishbuff.com\/wp-content\/uploads\/cache\/2026\/01\/Screenshot-2026-01-23-at-07-40-08-depositphotos_119600572-stock-photo-fish-symphysodon-discus-in-an_jpg-WEBP-Image-600-\u00d7-400-pixels\/2403839764.png\" src=\"data:image\/svg+xml,%3Csvg%20xmlns%3D%22http%3A%2F%2Fwww.w3.org%2F2000%2Fsvg%22%20width%3D%22250%22%20height%3D%22167%22%20viewBox%3D%220%200%20250%20167%22%3E%3C%2Fsvg%3E\" loading=\"eager\"><\/span><span class=\"fg-image-overlay\"><\/span><\/a><figcaption class=\"fg-caption\"><div class=\"fg-caption-inner\"><div class=\"fg-caption-title\">Discus and angelfish<\/div><div class=\"fg-caption-desc\">Start from $1.20<\/div><\/div><\/figcaption><\/figure><div class=\"fg-loader\"><\/div><\/div><div class=\"fg-item fg-type-iframe fg-idle\"><figure class=\"fg-item-inner\"><a href=\"https:\/\/fishbuff.com\/hu\/tomeges-rendeles\/rainbowfish\/\" target=\"_blank\" data-caption-desc=\"Start from $1.00\" data-caption-title=\"Rainbowfish\" data-attachment-id=\"5452\" data-type=\"iframe\" class=\"fg-thumb\"><span class=\"fg-image-wrap\"><img decoding=\"async\" alt=\"Buy wholesale rainbowfish online\" width=\"250\" height=\"167\" class=\"skip-lazy fg-image\" data-src-fg=\"https:\/\/fishbuff.com\/wp-content\/uploads\/cache\/2026\/01\/Screenshot-2026-01-26-at-06-53-26-depositphotos_353581700-stock-photo-variety-colours-pacific_jpg-WEBP-Image-600-\u00d7-400-pixels\/41766684.png\" src=\"data:image\/svg+xml,%3Csvg%20xmlns%3D%22http%3A%2F%2Fwww.w3.org%2F2000%2Fsvg%22%20width%3D%22250%22%20height%3D%22167%22%20viewBox%3D%220%200%20250%20167%22%3E%3C%2Fsvg%3E\" loading=\"eager\"><\/span><span class=\"fg-image-overlay\"><\/span><\/a><figcaption class=\"fg-caption\"><div class=\"fg-caption-inner\"><div class=\"fg-caption-title\">Sziv\u00e1rv\u00e1nyhal<\/div><div class=\"fg-caption-desc\">Start from $1.00<\/div><\/div><\/figcaption><\/figure><div class=\"fg-loader\"><\/div><\/div><div class=\"fg-item fg-type-iframe fg-idle\"><figure class=\"fg-item-inner\"><a href=\"https:\/\/fishbuff.com\/hu\/tomeges-rendeles\/predatory-fish\/\" target=\"_blank\" data-caption-desc=\"Start from $1.00\" data-caption-title=\"Predatory fish\" data-attachment-id=\"4834\" data-type=\"iframe\" class=\"fg-thumb\"><span class=\"fg-image-wrap\"><img decoding=\"async\" alt=\"Buy wholesale rare and exotic fish online\" width=\"250\" height=\"167\" class=\"skip-lazy fg-image\" data-src-fg=\"https:\/\/fishbuff.com\/wp-content\/uploads\/cache\/2026\/01\/Screenshot-2026-01-23-at-13-54-53-depositphotos_706611466-stock-photo-indonesian-tiger-datnoid-datnioides-microlepis_jpg-WEBP-Image-600-\u00d7-400-pixels\/1174445481.png\" src=\"data:image\/svg+xml,%3Csvg%20xmlns%3D%22http%3A%2F%2Fwww.w3.org%2F2000%2Fsvg%22%20width%3D%22250%22%20height%3D%22167%22%20viewBox%3D%220%200%20250%20167%22%3E%3C%2Fsvg%3E\" loading=\"eager\"><\/span><span class=\"fg-image-overlay\"><\/span><\/a><figcaption class=\"fg-caption\"><div class=\"fg-caption-inner\"><div class=\"fg-caption-title\">Predatory fish<\/div><div class=\"fg-caption-desc\">Start from $1.00<\/div><\/div><\/figcaption><\/figure><div class=\"fg-loader\"><\/div><\/div><div class=\"fg-item fg-type-iframe fg-idle\"><figure class=\"fg-item-inner\"><a href=\"https:\/\/fishbuff.com\/hu\/tomeges-rendeles\/snakehead\/\" target=\"_blank\" data-caption-desc=\"Start from $1.00\" data-caption-title=\"Snakehead\" data-attachment-id=\"5459\" data-type=\"iframe\" class=\"fg-thumb\"><span class=\"fg-image-wrap\"><img decoding=\"async\" alt=\"Buy wholesale channa online\" width=\"250\" height=\"167\" class=\"skip-lazy fg-image\" data-src-fg=\"https:\/\/fishbuff.com\/wp-content\/uploads\/cache\/2026\/01\/channa-auranti-3\/720736233.jpg\" src=\"data:image\/svg+xml,%3Csvg%20xmlns%3D%22http%3A%2F%2Fwww.w3.org%2F2000%2Fsvg%22%20width%3D%22250%22%20height%3D%22167%22%20viewBox%3D%220%200%20250%20167%22%3E%3C%2Fsvg%3E\" loading=\"eager\"><\/span><span class=\"fg-image-overlay\"><\/span><\/a><figcaption class=\"fg-caption\"><div class=\"fg-caption-inner\"><div class=\"fg-caption-title\">Snakehead<\/div><div class=\"fg-caption-desc\">Start from $1.00<\/div><\/div><\/figcaption><\/figure><div class=\"fg-loader\"><\/div><\/div><div class=\"fg-item fg-type-iframe fg-idle\"><figure class=\"fg-item-inner\"><a href=\"https:\/\/fishbuff.com\/hu\/tomeges-rendeles\/cichlids\/\" target=\"_blank\" data-caption-desc=\"Start from $1.25\" data-caption-title=\"Cichlids\" data-attachment-id=\"5463\" data-type=\"iframe\" class=\"fg-thumb\"><span class=\"fg-image-wrap\"><img decoding=\"async\" alt=\"Buy wholesale cichlids online\" width=\"250\" height=\"167\" class=\"skip-lazy fg-image\" data-src-fg=\"https:\/\/fishbuff.com\/wp-content\/uploads\/cache\/2026\/01\/Screenshot-2026-01-31-at-19-51-17-depositphotos_652805086-stock-photo-cichlidae-cabinet-blue-background_jpg-WEBP-Image-600-\u00d7-400-pixels\/2358456152.png\" src=\"data:image\/svg+xml,%3Csvg%20xmlns%3D%22http%3A%2F%2Fwww.w3.org%2F2000%2Fsvg%22%20width%3D%22250%22%20height%3D%22167%22%20viewBox%3D%220%200%20250%20167%22%3E%3C%2Fsvg%3E\" loading=\"eager\"><\/span><span class=\"fg-image-overlay\"><\/span><\/a><figcaption class=\"fg-caption\"><div class=\"fg-caption-inner\"><div class=\"fg-caption-title\">Cichlids<\/div><div class=\"fg-caption-desc\">Start from $1.25<\/div><\/div><\/figcaption><\/figure><div class=\"fg-loader\"><\/div><\/div><div class=\"fg-item fg-type-iframe fg-idle\"><figure class=\"fg-item-inner\"><a href=\"https:\/\/fishbuff.com\/hu\/tomeges-rendeles\/wild-betta\/\" target=\"_blank\" data-caption-desc=\"Start from $2.00\" data-caption-title=\"Wild Betta\" data-attachment-id=\"5466\" data-type=\"iframe\" class=\"fg-thumb\"><span class=\"fg-image-wrap\"><img decoding=\"async\" alt=\"Buy wholesale wild betta online\" width=\"250\" height=\"167\" class=\"skip-lazy fg-image\" data-src-fg=\"https:\/\/fishbuff.com\/wp-content\/uploads\/cache\/2026\/01\/Screenshot-2025-09-08-at-16-17-03-Photobucket-bettamacrostomamale_jpg\/2719076940.png\" src=\"data:image\/svg+xml,%3Csvg%20xmlns%3D%22http%3A%2F%2Fwww.w3.org%2F2000%2Fsvg%22%20width%3D%22250%22%20height%3D%22167%22%20viewBox%3D%220%200%20250%20167%22%3E%3C%2Fsvg%3E\" loading=\"eager\"><\/span><span class=\"fg-image-overlay\"><\/span><\/a><figcaption class=\"fg-caption\"><div class=\"fg-caption-inner\"><div class=\"fg-caption-title\">Vad Betta<\/div><div class=\"fg-caption-desc\">Start from $2.00<\/div><\/div><\/figcaption><\/figure><div class=\"fg-loader\"><\/div><\/div><div class=\"fg-item fg-type-iframe fg-idle\"><figure class=\"fg-item-inner\"><a href=\"https:\/\/fishbuff.com\/hu\/tomeges-rendeles\/bettas\/\" target=\"_blank\" data-caption-desc=\"Start from $0.35\" data-caption-title=\"Bettas\" data-attachment-id=\"4784\" data-type=\"iframe\" class=\"fg-thumb\"><span class=\"fg-image-wrap\"><img decoding=\"async\" alt=\"Buy wholesale betta fish online\" width=\"250\" height=\"167\" class=\"skip-lazy fg-image\" data-src-fg=\"https:\/\/fishbuff.com\/wp-content\/uploads\/cache\/2026\/01\/Screenshot-2026-01-23-at-06-42-23-depositphotos_438164198-stock-photo-thesiamese-fighting-fish-betta-splendens_jpg-WEBP-Image-600-\u00d7-400-pixels\/3100125782.png\" src=\"data:image\/svg+xml,%3Csvg%20xmlns%3D%22http%3A%2F%2Fwww.w3.org%2F2000%2Fsvg%22%20width%3D%22250%22%20height%3D%22167%22%20viewBox%3D%220%200%20250%20167%22%3E%3C%2Fsvg%3E\" loading=\"eager\"><\/span><span class=\"fg-image-overlay\"><\/span><\/a><figcaption class=\"fg-caption\"><div class=\"fg-caption-inner\"><div class=\"fg-caption-title\">Bettas<\/div><div class=\"fg-caption-desc\">Start from $0.35<\/div><\/div><\/figcaption><\/figure><div class=\"fg-loader\"><\/div><\/div><div class=\"fg-item fg-type-iframe fg-idle\"><figure class=\"fg-item-inner\"><a href=\"https:\/\/fishbuff.com\/hu\/tomeges-rendeles\/guppies\/\" target=\"_blank\" data-caption-desc=\"Start from $3.00\" data-caption-title=\"Guppies\" data-attachment-id=\"4827\" data-type=\"iframe\" class=\"fg-thumb\"><span class=\"fg-image-wrap\"><img decoding=\"async\" alt=\"Buy wholesale guppy fish online\" width=\"250\" height=\"167\" class=\"skip-lazy fg-image\" data-src-fg=\"https:\/\/fishbuff.com\/wp-content\/uploads\/cache\/2026\/01\/Screenshot-2026-01-23-at-11-32-09-depositphotos_453000848-stock-photo-freshwater-aquarium-fish-guppy-poecilia_jpg-WEBP-Image-600-\u00d7-400-pixels\/841845505.png\" src=\"data:image\/svg+xml,%3Csvg%20xmlns%3D%22http%3A%2F%2Fwww.w3.org%2F2000%2Fsvg%22%20width%3D%22250%22%20height%3D%22167%22%20viewBox%3D%220%200%20250%20167%22%3E%3C%2Fsvg%3E\" loading=\"eager\"><\/span><span class=\"fg-image-overlay\"><\/span><\/a><figcaption class=\"fg-caption\"><div class=\"fg-caption-inner\"><div class=\"fg-caption-title\">Guppies<\/div><div class=\"fg-caption-desc\">Start from $3.00<\/div><\/div><\/figcaption><\/figure><div class=\"fg-loader\"><\/div><\/div><div class=\"fg-item fg-type-iframe fg-idle\"><figure class=\"fg-item-inner\"><a href=\"https:\/\/fishbuff.com\/hu\/tomeges-rendeles\/eloskodok\/\" target=\"_blank\" data-caption-desc=\"Start from $3.00\" data-caption-title=\"Livebearers\" data-attachment-id=\"5476\" data-type=\"iframe\" class=\"fg-thumb\"><span class=\"fg-image-wrap\"><img decoding=\"async\" alt=\"Buy wholesale livebearer fish online\" width=\"250\" height=\"167\" class=\"skip-lazy fg-image\" data-src-fg=\"https:\/\/fishbuff.com\/wp-content\/uploads\/cache\/2026\/01\/Screenshot-2026-01-31-at-21-12-29-depositphotos_196641640-stock-photo-platy-xiphophorus-maculatus-tropical-aquarium_jpg-WEBP-Image-600-\u00d7-390-pixels\/1738349428.png\" src=\"data:image\/svg+xml,%3Csvg%20xmlns%3D%22http%3A%2F%2Fwww.w3.org%2F2000%2Fsvg%22%20width%3D%22250%22%20height%3D%22167%22%20viewBox%3D%220%200%20250%20167%22%3E%3C%2Fsvg%3E\" loading=\"eager\"><\/span><span class=\"fg-image-overlay\"><\/span><\/a><figcaption class=\"fg-caption\"><div class=\"fg-caption-inner\"><div class=\"fg-caption-title\">\u00c9l\u0151sk\u00f6d\u0151k<\/div><div class=\"fg-caption-desc\">Start from $3.00<\/div><\/div><\/figcaption><\/figure><div class=\"fg-loader\"><\/div><\/div><div class=\"fg-item fg-type-image fg-idle\"><figure class=\"fg-item-inner\"><a href=\"https:\/\/fishbuff.com\/wp-content\/uploads\/2026\/01\/Screenshot-2025-09-08-at-17-14-54-depositphotos_652577802-stock-video-close-dramatic-moment-anubias-plant.jpg-JPEG-Image-608-\u00d7-342-pixels.png\" target=\"_blank\" data-caption-desc=\"Start from $0.00\" data-caption-title=\"Aquatic plants\" data-attachment-id=\"5481\" data-type=\"image\" class=\"fg-thumb\"><span class=\"fg-image-wrap\"><img decoding=\"async\" alt=\"Buy wholesale aquatic plants online\" width=\"250\" height=\"167\" class=\"skip-lazy fg-image\" data-src-fg=\"https:\/\/fishbuff.com\/wp-content\/uploads\/cache\/2026\/01\/Screenshot-2025-09-08-at-17-14-54-depositphotos_652577802-stock-video-close-dramatic-moment-anubias-plant_jpg-JPEG-Image-608-\u00d7-342-pixels\/2354486869.png\" src=\"data:image\/svg+xml,%3Csvg%20xmlns%3D%22http%3A%2F%2Fwww.w3.org%2F2000%2Fsvg%22%20width%3D%22250%22%20height%3D%22167%22%20viewBox%3D%220%200%20250%20167%22%3E%3C%2Fsvg%3E\" loading=\"eager\"><\/span><span class=\"fg-image-overlay\"><\/span><\/a><figcaption class=\"fg-caption\"><div class=\"fg-caption-inner\"><div class=\"fg-caption-title\">Aquatic plants<\/div><div class=\"fg-caption-desc\">Start from $0.00<\/div><\/div><\/figcaption><\/figure><div class=\"fg-loader\"><\/div><\/div><div class=\"fg-item fg-type-image fg-idle\"><figure class=\"fg-item-inner\"><a href=\"https:\/\/fishbuff.com\/wp-content\/uploads\/2026\/01\/Screenshot-2026-01-31-at-21-34-46-depositphotos_636120588-stock-photo-beautiful-variegated-leaf-monstera-albo.jpg-WEBP-Image-600-\u00d7-425-pixels.png\" data-caption-desc=\"Start from $0.00\" data-caption-title=\"Houseplants\" data-attachment-id=\"5484\" data-type=\"image\" class=\"fg-thumb\"><span class=\"fg-image-wrap\"><img decoding=\"async\" alt=\"Buy wholesale houseplants online\" width=\"250\" height=\"167\" class=\"skip-lazy fg-image\" data-src-fg=\"https:\/\/fishbuff.com\/wp-content\/uploads\/cache\/2026\/01\/Screenshot-2026-01-31-at-21-34-46-depositphotos_636120588-stock-photo-beautiful-variegated-leaf-monstera-albo_jpg-WEBP-Image-600-\u00d7-425-pixels\/1364536655.png\" src=\"data:image\/svg+xml,%3Csvg%20xmlns%3D%22http%3A%2F%2Fwww.w3.org%2F2000%2Fsvg%22%20width%3D%22250%22%20height%3D%22167%22%20viewBox%3D%220%200%20250%20167%22%3E%3C%2Fsvg%3E\" loading=\"eager\"><\/span><span class=\"fg-image-overlay\"><\/span><\/a><figcaption class=\"fg-caption\"><div class=\"fg-caption-inner\"><div class=\"fg-caption-title\">Houseplants<\/div><div class=\"fg-caption-desc\">Start from $0.00<\/div><\/div><\/figcaption><\/figure><div class=\"fg-loader\"><\/div><\/div><\/div>\n\t\t<\/div>\n\t<\/div>\n<\/div><\/div><\/div><\/div>\n<\/div>","protected":false},"excerpt":{"rendered":"Bulk Order Aquarium Fish This page is dedicated to small-scale wholesale orders of both individuals and small business owners, such as retail stores or breeders, who are not legally able to carry out direct import activities. Signing up for an Account will allow you to access the price list to place orders quickly and easily. Please note that all bulk orders can only be shipped by the Transhipper. Shipping is done based on their monthly schedule. Please Note: Shipments by Transhipper are limited to the following countries\/ territories; Australia (only for bettas and livebearers)\/ Austria\/ Bangladesh\/ Barbados\/ Belgium\/ Bolivia\/ Brazil\/","protected":false},"author":1,"featured_media":0,"parent":0,"menu_order":0,"comment_status":"closed","ping_status":"closed","template":"","meta":{"_seopress_robots_primary_cat":"","_seopress_titles_title":"Bulk Order Aquarium Fish | Wholesale Aquarium Fish Online","_seopress_titles_desc":"Need quality aquarium fish in bulk? We've a huge selection of healthy freshwater & saltwater fish at prices you'll love.","_seopress_robots_index":"","footnotes":""},"class_list":["post-139","page","type-page","status-publish","hentry"],"_links":{"self":[{"href":"https:\/\/fishbuff.com\/hu\/wp-json\/wp\/v2\/pages\/139","targetHints":{"allow":["GET"]}}],"collection":[{"href":"https:\/\/fishbuff.com\/hu\/wp-json\/wp\/v2\/pages"}],"about":[{"href":"https:\/\/fishbuff.com\/hu\/wp-json\/wp\/v2\/types\/page"}],"author":[{"embeddable":true,"href":"https:\/\/fishbuff.com\/hu\/wp-json\/wp\/v2\/users\/1"}],"replies":[{"embeddable":true,"href":"https:\/\/fishbuff.com\/hu\/wp-json\/wp\/v2\/comments?post=139"}],"version-history":[{"count":67,"href":"https:\/\/fishbuff.com\/hu\/wp-json\/wp\/v2\/pages\/139\/revisions"}],"predecessor-version":[{"id":4964,"href":"https:\/\/fishbuff.com\/hu\/wp-json\/wp\/v2\/pages\/139\/revisions\/4964"}],"wp:attachment":[{"href":"https:\/\/fishbuff.com\/hu\/wp-json\/wp\/v2\/media?parent=139"}],"curies":[{"name":"wp","href":"https:\/\/api.w.org\/{rel}","templated":true}]}}