{"id":3182,"date":"2025-12-25T16:40:50","date_gmt":"2025-12-25T16:40:50","guid":{"rendered":"https:\/\/fishbuff.com\/?page_id=3182"},"modified":"2026-01-29T10:03:54","modified_gmt":"2026-01-29T10:03:54","slug":"rakok","status":"publish","type":"page","link":"https:\/\/fishbuff.com\/hu\/valasztekunk\/rakok\/","title":{"rendered":"R\u00e1kok"},"content":{"rendered":"<div class=\"wpb-content-wrapper\"><div class=\"vc_row wpb_row vc_row-fluid\"><div class=\"wpb_column vc_column_container vc_col-sm-12\"><div class=\"vc_column-inner\"><div class=\"wpb_wrapper\"><h2 style=\"font-size: 42px;color: #333333;line-height: 1.2;text-align: left\" class=\"vc_custom_heading vc_do_custom_heading vc_custom_1769447597290\" >R\u00e1kok (\u00e9desv\u00edzi)<\/h2>\n\t<div class=\"wpb_text_column wpb_content_element\" >\n\t\t<div class=\"wpb_wrapper\">\n\t\t\t<p>Az \u00e9desv\u00edzi r\u00e1kok v\u00e1ltozatos, gyakran sz\u00ednes r\u00e1kf\u00e9l\u00e9k, amelyek foly\u00f3kban, patakokban \u00e9s tavakban \u00e9lnek. Az akv\u00e1riumi kereskedelemben n\u00e9pszer\u0171ek (mint a v\u00e1mp\u00edrr\u00e1kok, Pom-Pom r\u00e1kok) egyedi megjelen\u00e9s\u00fck miatt, de k\u00fcl\u00f6nleges be\u00e1ll\u00edt\u00e1sokat ig\u00e9nyelnek, gyakran v\u00edz \u00e9s sz\u00e1razf\u00f6ld (f\u00e9l-akv\u00e1rium) egyar\u00e1nt sz\u00fcks\u00e9ges sz\u00e1mukra.<\/p>\n\n\t\t<\/div>\n\t<\/div>\n<div id=\"kapee-header-94641\" class=\"kapee-element kapee-heading text-left kapee-width-100 separator-line separator-between-heading\">\t\n\t\t\t\n\t\t\t<div class=\"heading-wrap\">\n\t\t\t<span class=\"separator-left\"><\/span>\n\t\t\t<h3 class=\"heading-title\">Nagykereskedelmi \u00e9desv\u00edzi r\u00e1kok <\/h3>\t\t\t<span class=\"separator-right\"><\/span>\n\t\t\t\t\t<\/div>\n\t\t\n    <\/div>\n\t<div class=\"wpb_text_column wpb_content_element\" >\n\t\t<div class=\"wpb_wrapper\">\n\t\t\t<figure class=\"wp-block-table\">\n<table class=\"has-fixed-layout\">\n<tbody>\n<tr>\n<td>Tudom\u00e1nyos n\u00e9v<\/td>\n<td>K\u00f6z\u00f6s n\u00e9v<\/td>\n<td>\u00c1r (USD)<\/td>\n<\/tr>\n<tr>\n<td>Epigrapsus politus<\/td>\n<td>-<\/td>\n<td>1.20<\/td>\n<\/tr>\n<tr>\n<td>Geosesarma bicolor sp.<\/td>\n<td>Halloween v\u00e1mp\u00edr r\u00e1k<\/td>\n<td>0.35<\/td>\n<\/tr>\n<tr>\n<td>Geosesarma bicolor sp.<\/td>\n<td>M\u00e1rv\u00e1ny v\u00e1mp\u00edr r\u00e1k<\/td>\n<td>0.35<\/td>\n<\/tr>\n<tr>\n<td>Geosesarma bicolor sp.<\/td>\n<td>V\u00f6r\u00f6s kar\u00fa v\u00e1mp\u00edr r\u00e1k<\/td>\n<td>0.35<\/td>\n<\/tr>\n<tr>\n<td>Geosesarma bogorensis<\/td>\n<td>Lila v\u00e1mp\u00edr r\u00e1k<\/td>\n<td>0.35<\/td>\n<\/tr>\n<tr>\n<td>Geosesarma cf. tiomanicum<\/td>\n<td>Disco v\u00e1mp\u00edr r\u00e1k<\/td>\n<td>0.35<\/td>\n<\/tr>\n<tr>\n<td>Geosesarma dennerle sp.<\/td>\n<td>Grafitsz\u00fcrke v\u00e1mp\u00edr r\u00e1k<\/td>\n<td>0.35<\/td>\n<\/tr>\n<tr>\n<td>Geosesarma dennerle sp.<\/td>\n<td>Levendula v\u00e1mp\u00edr r\u00e1k<\/td>\n<td>0.35<\/td>\n<\/tr>\n<tr>\n<td>Geosesarma dennerle sp.<\/td>\n<td>Orchidea v\u00e1mp\u00edr r\u00e1k<\/td>\n<td>0.35<\/td>\n<\/tr>\n<tr>\n<td>Geosesarma dennerle sp.<\/td>\n<td>Napf\u00e9nyes v\u00e1mp\u00edr r\u00e1k<\/td>\n<td>0.35<\/td>\n<\/tr>\n<tr>\n<td>Geosesarma hagen<\/td>\n<td>V\u00f6r\u00f6s \u00f6rd\u00f6g v\u00e1mp\u00edr r\u00e1k<\/td>\n<td>0.35<\/td>\n<\/tr>\n<tr>\n<td>Geosesarma larsi<\/td>\n<td>Lars v\u00e1mp\u00edr r\u00e1k<\/td>\n<td>0.35<\/td>\n<\/tr>\n<tr>\n<td>Geosesarma notophorum<\/td>\n<td>Mandarin v\u00e1mp\u00edr r\u00e1k<\/td>\n<td>0.55<\/td>\n<\/tr>\n<tr>\n<td>Geosesarma pontianak<\/td>\n<td>Feh\u00e9r mandarin v\u00e1mp\u00edr r\u00e1k<\/td>\n<td>1.00<\/td>\n<\/tr>\n<tr>\n<td>Geosesarma rouxi<\/td>\n<td>Sziv\u00e1rv\u00e1nyos v\u00e1mp\u00edr r\u00e1k<\/td>\n<td>0.35<\/td>\n<\/tr>\n<tr>\n<td>Geosesarma sp.<\/td>\n<td>S\u00e1rgabarackos v\u00e1mp\u00edr r\u00e1k<\/td>\n<td>0.35<\/td>\n<\/tr>\n<tr>\n<td>Geosesarma sp.<\/td>\n<td>Lecaude v\u00e1mp\u00edr r\u00e1k<\/td>\n<td>0.35<\/td>\n<\/tr>\n<tr>\n<td>Geosesarma sp.<\/td>\n<td>Narancss\u00e1rga szem\u0171 v\u00e1mp\u00edr r\u00e1k<\/td>\n<td>0.35<\/td>\n<\/tr>\n<tr>\n<td>Geosesarma sp.<\/td>\n<td>Paradicsom v\u00e1mp\u00edr r\u00e1k<\/td>\n<td>0.35<\/td>\n<\/tr>\n<tr>\n<td>Labuanium vitatum<\/td>\n<td>F\u00e1ra m\u00e1sz\u00f3 r\u00e1k<\/td>\n<td>0.45<\/td>\n<\/tr>\n<tr>\n<td>Lepidothelphusa cognetti<\/td>\n<td>Borne\u00f3i panda r\u00e1k<\/td>\n<td>1.00<\/td>\n<\/tr>\n<tr>\n<td>Lepidothelphusa sp.<\/td>\n<td>K\u00e9k borne\u00f3i r\u00e1k<\/td>\n<td>1.00<\/td>\n<\/tr>\n<tr>\n<td>Lepidothelphusa sp.<\/td>\n<td>Borne\u00f3i narancss\u00e1rga kar\u00fa r\u00e1k<\/td>\n<td>1.00<\/td>\n<\/tr>\n<tr>\n<td>Metasesarma aubryi<\/td>\n<td>V\u00f6r\u00f6s alm\u00e1s r\u00e1k<\/td>\n<td>0.35<\/td>\n<\/tr>\n<tr>\n<td>Metasesarma obesum<\/td>\n<td>Batikolt r\u00e1k<\/td>\n<td>0.35<\/td>\n<\/tr>\n<tr>\n<td>Neosarmatium rotundifrons<\/td>\n<td>K\u00e9k p\u00f3k r\u00e1k<\/td>\n<td>0.35<\/td>\n<\/tr>\n<tr>\n<td>Neosarmatium smithi<\/td>\n<td>V\u00f6r\u00f6s p\u00f3k r\u00e1k<\/td>\n<td>0.35<\/td>\n<\/tr>\n<tr>\n<td>Parasesarma eumolpe<\/td>\n<td>V\u00f6r\u00f6s karm\u00fa mocs\u00e1ri r\u00e1k<\/td>\n<td>0.35<\/td>\n<\/tr>\n<tr>\n<td>Parathelphusa ferruginea<\/td>\n<td>Feh\u00e9r l\u00e1b\u00fa matan\u00f3i r\u00e1k<\/td>\n<td>0.65<\/td>\n<\/tr>\n<tr>\n<td>Parathelphusa pantherina<\/td>\n<td>P\u00e1rducr\u00e1k<\/td>\n<td>0.35<\/td>\n<\/tr>\n<tr>\n<td>Ptychognathus barbatus<\/td>\n<td>Pom pom \u00e9desv\u00edzi r\u00e1k<\/td>\n<td>0.65<\/td>\n<\/tr>\n<tr>\n<td>Syntripsa flavichela<\/td>\n<td>Feh\u00e9r karmos r\u00e1k<\/td>\n<td>0.65<\/td>\n<\/tr>\n<tr>\n<td>Syntripsa matannensis<\/td>\n<td>Lila matan\u00f3r\u00e1k<\/td>\n<td>0.65<\/td>\n<\/tr>\n<tr>\n<td>Terrathelphusa kaufen<\/td>\n<td>Ban\u00e1n r\u00e1k<\/td>\n<td>0.55<\/td>\n<\/tr>\n<tr>\n<td>Tubuca capricornis<\/td>\n<td>Capricorn k\u00e9k heged\u0171sr\u00e1k<\/td>\n<td>0.35<\/td>\n<\/tr>\n<\/tbody>\n<\/table>\n<\/figure>\n\n\t\t<\/div>\n\t<\/div>\n<\/div><\/div><\/div><\/div><!-- \/wp:post-content --><\/div>","protected":false},"excerpt":{"rendered":"Crabs (Freshwater) Freshwater crabs are diverse, often colorful crustaceans living in rivers, streams, and ponds. Popular in the aquarium trade (like Vampire crabs, Pom-Pom crabs) for their unique looks, they need specific setups, often requiring both water and land (semi-aquatic). Wholesale Freshwater Crabs Scientific name Common name Price (USD) Epigrapsus politus - 1.20 Geosesarma bicolor sp. Halloween vampire crab 0.35 Geosesarma bicolor sp. Marble vampire crab 0.35 Geosesarma bicolor sp. Red arm vampire crab 0.35 Geosesarma bogorensis Purple vampire crab 0.35 Geosesarma cf. tiomanicum Disco vampire crab 0.35 Geosesarma dennerle sp. Graphite grey vampire crab 0.35 Geosesarma dennerle sp. Lavender","protected":false},"author":1,"featured_media":0,"parent":136,"menu_order":0,"comment_status":"closed","ping_status":"closed","template":"","meta":{"_seopress_robots_primary_cat":"","_seopress_titles_title":"Crabs | Wholesale Freshwater Crabs","_seopress_titles_desc":"Discover top-quality wholesale freshwater crabs from the leading supplier and exporter in Indonesia. Perfect for your aquarium business needs!","_seopress_robots_index":"","footnotes":""},"class_list":["post-3182","page","type-page","status-publish","hentry"],"_links":{"self":[{"href":"https:\/\/fishbuff.com\/hu\/wp-json\/wp\/v2\/pages\/3182","targetHints":{"allow":["GET"]}}],"collection":[{"href":"https:\/\/fishbuff.com\/hu\/wp-json\/wp\/v2\/pages"}],"about":[{"href":"https:\/\/fishbuff.com\/hu\/wp-json\/wp\/v2\/types\/page"}],"author":[{"embeddable":true,"href":"https:\/\/fishbuff.com\/hu\/wp-json\/wp\/v2\/users\/1"}],"replies":[{"embeddable":true,"href":"https:\/\/fishbuff.com\/hu\/wp-json\/wp\/v2\/comments?post=3182"}],"version-history":[{"count":6,"href":"https:\/\/fishbuff.com\/hu\/wp-json\/wp\/v2\/pages\/3182\/revisions"}],"predecessor-version":[{"id":5315,"href":"https:\/\/fishbuff.com\/hu\/wp-json\/wp\/v2\/pages\/3182\/revisions\/5315"}],"up":[{"embeddable":true,"href":"https:\/\/fishbuff.com\/hu\/wp-json\/wp\/v2\/pages\/136"}],"wp:attachment":[{"href":"https:\/\/fishbuff.com\/hu\/wp-json\/wp\/v2\/media?parent=3182"}],"curies":[{"name":"wp","href":"https:\/\/api.w.org\/{rel}","templated":true}]}}