{"id":3257,"date":"2025-12-26T08:01:41","date_gmt":"2025-12-26T08:01:41","guid":{"rendered":"https:\/\/fishbuff.com\/?page_id=3257"},"modified":"2025-12-26T09:25:26","modified_gmt":"2025-12-26T09:25:26","slug":"aquatic-plants","status":"publish","type":"page","link":"https:\/\/fishbuff.com\/hu\/nagykereskedelem\/aquatic-plants\/","title":{"rendered":"V\u00edzi n\u00f6v\u00e9nyek"},"content":{"rendered":"<div class=\"wpb-content-wrapper\"><div class=\"vc_row wpb_row vc_row-fluid\"><div class=\"wpb_column vc_column_container vc_col-sm-12\"><div class=\"vc_column-inner\"><div class=\"wpb_wrapper\"><h1 style=\"font-size: 42px;color: #333333;line-height: 1.2;text-align: left\" class=\"vc_custom_heading vc_do_custom_heading vc_custom_1766735590683\" >V\u00edzi n\u00f6v\u00e9nyek<\/h1><h2 style=\"font-size: 32px;color: #333333;line-height: 1.2;text-align: left\" class=\"vc_custom_heading vc_do_custom_heading\" >Wholesale Aquarium Plants<\/h2>\n\t<div class=\"wpb_text_column wpb_content_element\" >\n\t\t<div class=\"wpb_wrapper\">\n\t\t\t<p>Aquatic plants are plants adapted to live in the water. We offer a wide variety of aquatic plants like Anubias, Java Fern, and Cryptocoryne, for diverse needs, from beginner tanks to water gardens. Our plants are carefully packaged in insulated boxes to ensure they arrive in good condition.<\/p>\n\n\t\t<\/div>\n\t<\/div>\n<h3 style=\"font-size: 32px;color: #333333;line-height: 1.2;text-align: left\" class=\"vc_custom_heading vc_do_custom_heading\" >Nagykereskedelmi v\u00edzi n\u00f6v\u00e9nyek<\/h3>\n\t<div class=\"wpb_text_column wpb_content_element\" >\n\t\t<div class=\"wpb_wrapper\">\n\t\t\t<p>E-mail: info@fishbuff.com<br \/>\nWhatsApp: (+62) 821-3871-8445<\/p>\n<p><b>Office &amp; Collection Station<\/b><br \/>\nCV. DEKANAWA<br \/>\nJL. ML Pawiro Geno RT 04 RW 20<br \/>\nDsn. Pokoh Wedomartani Ngemplak<br \/>\nSleman Yogyakarta \u2013 55584<br \/>\nIndonesia.<\/p>\n\n\t\t<\/div>\n\t<\/div>\n<\/div><\/div><\/div><\/div>\n<\/div>","protected":false},"excerpt":{"rendered":"Aquatic PlantsWholesale Aquarium Plants Aquatic plants are plants adapted to live in the water. We offer a wide variety of aquatic plants like Anubias, Java Fern, and Cryptocoryne, for diverse needs, from beginner tanks to water gardens. Our plants are carefully packaged in insulated boxes to ensure they arrive in good condition. Wholesale Aquatic Plants E-mail: info@fishbuff.com WhatsApp: (+62) 821-3871-8445 Office &amp; Collection Station CV. DEKANAWA JL. ML Pawiro Geno RT 04 RW 20 Dsn. Pokoh Wedomartani Ngemplak Sleman Yogyakarta \u2013 55584 Indonesia.","protected":false},"author":1,"featured_media":0,"parent":134,"menu_order":0,"comment_status":"closed","ping_status":"closed","template":"","meta":{"_seopress_robots_primary_cat":"","_seopress_titles_title":"","_seopress_titles_desc":"","_seopress_robots_index":"","footnotes":""},"class_list":["post-3257","page","type-page","status-publish","hentry"],"_links":{"self":[{"href":"https:\/\/fishbuff.com\/hu\/wp-json\/wp\/v2\/pages\/3257","targetHints":{"allow":["GET"]}}],"collection":[{"href":"https:\/\/fishbuff.com\/hu\/wp-json\/wp\/v2\/pages"}],"about":[{"href":"https:\/\/fishbuff.com\/hu\/wp-json\/wp\/v2\/types\/page"}],"author":[{"embeddable":true,"href":"https:\/\/fishbuff.com\/hu\/wp-json\/wp\/v2\/users\/1"}],"replies":[{"embeddable":true,"href":"https:\/\/fishbuff.com\/hu\/wp-json\/wp\/v2\/comments?post=3257"}],"version-history":[{"count":2,"href":"https:\/\/fishbuff.com\/hu\/wp-json\/wp\/v2\/pages\/3257\/revisions"}],"predecessor-version":[{"id":3264,"href":"https:\/\/fishbuff.com\/hu\/wp-json\/wp\/v2\/pages\/3257\/revisions\/3264"}],"up":[{"embeddable":true,"href":"https:\/\/fishbuff.com\/hu\/wp-json\/wp\/v2\/pages\/134"}],"wp:attachment":[{"href":"https:\/\/fishbuff.com\/hu\/wp-json\/wp\/v2\/media?parent=3257"}],"curies":[{"name":"wp","href":"https:\/\/api.w.org\/{rel}","templated":true}]}}