{"id":2514,"date":"2025-12-23T15:11:58","date_gmt":"2025-12-23T15:11:58","guid":{"rendered":"https:\/\/fishbuff.com\/?post_type=product&#038;p=2514"},"modified":"2026-01-11T14:28:14","modified_gmt":"2026-01-11T14:28:14","slug":"jardini-arowana","status":"publish","type":"product","link":"https:\/\/fishbuff.com\/hu\/product\/jardini-arowana\/","title":{"rendered":"8&#8243; Jardini Arowana"},"content":{"rendered":"<div class=\"wpb-content-wrapper\"><div class=\"vc_row wpb_row vc_row-fluid\"><div class=\"wpb_column vc_column_container vc_col-sm-12\"><div class=\"vc_column-inner\"><div class=\"wpb_wrapper\">\n\t<div class=\"wpb_text_column wpb_content_element\" >\n\t\t<div class=\"wpb_wrapper\">\n\t\t\t<p style=\"font-size: 24px; color: #0ca4ff; font-weight: bold; margin: 0;\">2 napos garancia <a style=\"color: #333333; font-size: 12px; font-weight: normal;\" href=\"https:\/\/fishbuff.com\/hu\/our-guarantee\/\">Tudjon meg t\u00f6bbet<\/a><\/p>\n<p><span style=\"color: red;\">We don\u2019t ship any arowana to Australia. Arowana fish cannot be legally imported into Australian territories due to the potential risk to the local environment, according to the Australian government.<\/span><br \/>\nA halakr\u00f3l k\u00e9sz\u00fclt k\u00e9pek a lehet\u0151 legpontosabban k\u00e9sz\u00fclnek. A k\u00e9pek illusztr\u00e1ci\u00f3k\u00e9nt szolg\u00e1lnak, a pontos halak \u00e1br\u00e1zol\u00e1sak\u00e9nt.<br \/>\nA felt\u00fcntetett \u00e1r tartalmazta a sz\u00e1ll\u00edt\u00e1si k\u00f6lts\u00e9geket Indon\u00e9zi\u00e1b\u00f3l egy \u00e1trakod\u00f3n kereszt\u00fcl. A v\u00e1s\u00e1rl\u00f3nak kell fizetnie a helyi sz\u00e1ll\u00edtm\u00e1nyoz\u00f3 \u00fcgyn\u00f6knek a behozatali d\u00edjakat \u00e9s a belf\u00f6ldi sz\u00e1ll\u00edt\u00e1si k\u00f6lts\u00e9geket.<\/p>\n\n\t\t<\/div>\n\t<\/div>\n<div id=\"kapee-header-61567\" class=\"kapee-element kapee-heading text-left kapee-width-100 separator-line separator-between-heading\">\t\n\t\t\t\n\t\t\t<div class=\"heading-wrap\">\n\t\t\t<span class=\"separator-left\"><\/span>\n\t\t\t<h2 class=\"heading-title\">Scleropages Jardinii <\/h2>\t\t\t<span class=\"separator-right\"><\/span>\n\t\t\t\t\t<\/div>\n\t\t\n    <\/div><\/div><\/div><\/div><\/div><div class=\"vc_row wpb_row vc_row-fluid\"><div class=\"wpb_column vc_column_container vc_col-sm-6\"><div class=\"vc_column-inner\"><div class=\"wpb_wrapper\">\n\t<div class=\"wpb_text_column wpb_content_element\" >\n\t\t<div class=\"wpb_wrapper\">\n\t\t\t<h3 style=\"font-size: 24px; margin: 0.67em 0;\">Pearl Arowana<\/h3>\n<p>Scleropages jardinii is known for its dark body with large scales, each with a crescent-shaped reddish or pinkish spot, giving a pearly look.<\/p>\n<p><strong>Eredet<\/strong> - Farmon nevelt<br \/>\n<strong>Di\u00e9ta<\/strong> - H\u00fasev\u0151<br \/>\n<strong>pH<\/strong> &#8211; 6.5 to 7.5<br \/>\n<strong>Temp<\/strong> - 26\u00b0C \u00e9s 28\u00b0C k\u00f6z\u00f6tt<br \/>\n<strong>Jelenlegi m\u00e9ret<\/strong> \u2013 8 inches<\/p>\n\n\t\t<\/div>\n\t<\/div>\n<\/div><\/div><\/div><div class=\"wpb_column vc_column_container vc_col-sm-6\"><div class=\"vc_column-inner\"><div class=\"wpb_wrapper\"><div id=\"kapee-header-77845\" class=\"kapee-element kapee-heading text-left kapee-width-100 separator-none separator-between-heading\">\t\n\t\t\t\n\t\t\t<div class=\"heading-wrap\">\n\t\t\t<span class=\"separator-left\"><\/span>\n\t\t\t<h3 class=\"heading-title\">Gyors statisztik\u00e1k <\/h3>\t\t\t<span class=\"separator-right\"><\/span>\n\t\t\t\t\t<\/div>\n\t\t\n    <\/div><div class=\"vc_progress_bar wpb_content_element\" ><div class=\"vc_general vc_single_bar\"><small class=\"vc_label\" style=\"color: #FFFFFF;\">RARIT\u00c1S<\/small><span class=\"vc_bar\" data-percentage-value=\"25\" data-value=\"25\" style=\"background-color: #0CA4FF;\"><\/span><\/div><div class=\"vc_general vc_single_bar\"><small class=\"vc_label\" style=\"color: #FFFFFF;\">GONDOZ\u00c1SI SZINT<\/small><span class=\"vc_bar\" data-percentage-value=\"75\" data-value=\"75\" style=\"background-color: #0CA4FF;\"><\/span><\/div><div class=\"vc_general vc_single_bar\"><small class=\"vc_label\" style=\"color: #FFFFFF;\">TEMPERAMENT<\/small><span class=\"vc_bar\" data-percentage-value=\"100\" data-value=\"100\" style=\"background-color: #0CA4FF;\"><\/span><\/div><div class=\"vc_general vc_single_bar\"><small class=\"vc_label\" style=\"color: #FFFFFF;\">KOMPATIBILIT\u00c1S<\/small><span class=\"vc_bar\" data-percentage-value=\"50\" data-value=\"50\" style=\"background-color: #0CA4FF;\"><\/span><\/div><div class=\"vc_general vc_single_bar\"><small class=\"vc_label\" style=\"color: #FFFFFF;\">\u00dcZEMELT TANK<\/small><span class=\"vc_bar\" data-percentage-value=\"25\" data-value=\"25\" style=\"background-color: #0CA4FF;\"><\/span><\/div><\/div><\/div><\/div><\/div><\/div>\n<\/div>","protected":false},"excerpt":{"rendered":"<p style=\"color: red;\">K\u00e9rj\u00fck, olvassa el <a href=\"https:\/\/fishbuff.com\/hu\/terms-conditions\/\" target=\"_blank\" rel=\"noopener\">Felt\u00e9telek \u00e9s felt\u00e9telek<\/a> v\u00e1s\u00e1rl\u00e1s el\u0151tt.<br \/>\nA v\u00e1s\u00e1rl\u00e1ssal jelezz\u00fck, hogy \u00d6n elfogadja \u00e9s elfogadja a vonatkoz\u00f3 felt\u00e9teleket.<\/p>","protected":false},"featured_media":2542,"comment_status":"open","ping_status":"closed","template":"","meta":{"_seopress_robots_primary_cat":"none","_seopress_titles_title":"Buy Scleropages Jardinii Arowana Fish Online","_seopress_titles_desc":"Explore Jardini Arowana for sale online. Buy from a trusted Arowana fish supplier for quality fish with beautiful color and scales. Shop now!","_seopress_robots_index":""},"product_brand":[],"product_cat":[21],"product_tag":[],"class_list":{"0":"post-2514","1":"product","2":"type-product","3":"status-publish","4":"has-post-thumbnail","6":"product_cat-arowana","8":"first","9":"outofstock","10":"shipping-taxable","11":"purchasable","12":"product-type-simple","13":"add-to-wishlist-after_add_to_cart"},"_links":{"self":[{"href":"https:\/\/fishbuff.com\/hu\/wp-json\/wp\/v2\/product\/2514","targetHints":{"allow":["GET"]}}],"collection":[{"href":"https:\/\/fishbuff.com\/hu\/wp-json\/wp\/v2\/product"}],"about":[{"href":"https:\/\/fishbuff.com\/hu\/wp-json\/wp\/v2\/types\/product"}],"replies":[{"embeddable":true,"href":"https:\/\/fishbuff.com\/hu\/wp-json\/wp\/v2\/comments?post=2514"}],"wp:featuredmedia":[{"embeddable":true,"href":"https:\/\/fishbuff.com\/hu\/wp-json\/wp\/v2\/media\/2542"}],"wp:attachment":[{"href":"https:\/\/fishbuff.com\/hu\/wp-json\/wp\/v2\/media?parent=2514"}],"wp:term":[{"taxonomy":"product_brand","embeddable":true,"href":"https:\/\/fishbuff.com\/hu\/wp-json\/wp\/v2\/product_brand?post=2514"},{"taxonomy":"product_cat","embeddable":true,"href":"https:\/\/fishbuff.com\/hu\/wp-json\/wp\/v2\/product_cat?post=2514"},{"taxonomy":"product_tag","embeddable":true,"href":"https:\/\/fishbuff.com\/hu\/wp-json\/wp\/v2\/product_tag?post=2514"}],"curies":[{"name":"wp","href":"https:\/\/api.w.org\/{rel}","templated":true}]}}