{"id":2616,"date":"2025-12-23T15:12:38","date_gmt":"2025-12-23T15:12:38","guid":{"rendered":"https:\/\/fishbuff.com\/?post_type=product&#038;p=2616"},"modified":"2025-12-23T15:12:41","modified_gmt":"2025-12-23T15:12:41","slug":"bucephalandra-pink","status":"publish","type":"product","link":"https:\/\/fishbuff.com\/hu\/product\/bucephalandra-pink\/","title":{"rendered":"Bucephalandra Pink"},"content":{"rendered":"<div class=\"wpb-content-wrapper\"><div class=\"vc_row wpb_row vc_row-fluid\"><div class=\"wpb_column vc_column_container vc_col-sm-12\"><div class=\"vc_column-inner\"><div class=\"wpb_wrapper\"><div id=\"kapee-header-50731\" class=\"kapee-element kapee-heading text-left kapee-width-100 separator-line separator-between-heading\">\t\n\t\t\t\n\t\t\t<div class=\"heading-wrap\">\n\t\t\t<span class=\"separator-left\"><\/span>\n\t\t\t<h2 class=\"heading-title\">Akv\u00e1riumi n\u00f6v\u00e9nyek <\/h2>\t\t\t<span class=\"separator-right\"><\/span>\n\t\t\t\t\t<\/div>\n\t\t\n    <\/div>\n\t<div class=\"wpb_text_column wpb_content_element\" >\n\t\t<div class=\"wpb_wrapper\">\n\t\t\t<p>A v\u00edzin\u00f6v\u00e9nyek olyan v\u00edzi k\u00f6rnyezetekben fejl\u0151dnek, mint az \u00e9desv\u00edzi tavak, foly\u00f3k, vizes \u00e9l\u0151helyek, s\u0151t m\u00e9g a brakkos \u00e9s s\u00f3s viz\u0171 r\u00e9gi\u00f3k is. K\u00fcl\u00f6nb\u00f6z\u0151 \u00f6kol\u00f3giai k\u00f6z\u00f6ss\u00e9gekbe sorolhat\u00f3k, bele\u00e9rtve a folyami, a tavi \u00e9s a palusztrin\u00e1lis k\u00f6z\u00f6ss\u00e9geket.<\/p>\n\n\t\t<\/div>\n\t<\/div>\n<div id=\"kapee-header-32314\" class=\"kapee-element kapee-heading text-left kapee-width-100 separator-line separator-between-heading\">\t\n\t\t\t\n\t\t\t<div class=\"heading-wrap\">\n\t\t\t<span class=\"separator-left\"><\/span>\n\t\t\t<h3 class=\"heading-title\">Nagykereskedelmi v\u00edzi n\u00f6v\u00e9nyek <\/h3>\t\t\t<span class=\"separator-right\"><\/span>\n\t\t\t\t\t<\/div>\n\t\t\n    <\/div>\n\t<div class=\"wpb_text_column wpb_content_element\" >\n\t\t<div class=\"wpb_wrapper\">\n\t\t\t<p>A legmagasabb min\u0151s\u00e9g\u0171 tr\u00f3pusi akv\u00e1riumi n\u00f6v\u00e9nyek sz\u00e9les v\u00e1laszt\u00e9k\u00e1t k\u00edn\u00e1ljuk. Az akv\u00e1riumi n\u00f6v\u00e9nyek feldobj\u00e1k az akv\u00e1rium megjelen\u00e9s\u00e9t, sz\u00ednt, st\u00edlust \u00e9s \u00e9letet adnak hozz\u00e1. Szerezzen be kiv\u00e1l\u00f3 min\u0151s\u00e9g\u0171, tanyasi friss akv\u00e1riumi n\u00f6v\u00e9nyeket nagykereskedelmi szinten.<\/p>\n\n\t\t<\/div>\n\t<\/div>\n<\/div><\/div><\/div><\/div>\n<\/div>","protected":false},"excerpt":{"rendered":"Aquarium Plants Aquatic plants thrive in water environments such as freshwater lakes, rivers, wetlands, and even brackish and saltwater regions. They are categorized into various ecological communities including riverine, lacustrine, and palustrine. Wholesale Aquatic Plants We offer a wide range of tropical aquarium plants of the highest quality. Aquarium plants enhance the look of your tank, adding colour, style and life. Get high-quality farm-fresh aquatic plants on a wholesale level.","protected":false},"featured_media":2646,"comment_status":"open","ping_status":"closed","template":"","meta":{"_seopress_robots_primary_cat":"none","_seopress_titles_title":"Bucephalandra Pink | Wholesale Aquatic Plants","_seopress_titles_desc":"Discover Bucephalandra Pink, perfect for aquascaping. Buy live aquarium plants online and elevate your tank's beauty. Shop now!","_seopress_robots_index":""},"product_brand":[],"product_cat":[95],"product_tag":[],"class_list":{"0":"post-2616","1":"product","2":"type-product","3":"status-publish","4":"has-post-thumbnail","6":"product_cat-aquatic-plants","8":"first","9":"instock","10":"shipping-taxable","11":"purchasable","12":"product-type-simple","13":"add-to-wishlist-after_add_to_cart"},"_links":{"self":[{"href":"https:\/\/fishbuff.com\/hu\/wp-json\/wp\/v2\/product\/2616","targetHints":{"allow":["GET"]}}],"collection":[{"href":"https:\/\/fishbuff.com\/hu\/wp-json\/wp\/v2\/product"}],"about":[{"href":"https:\/\/fishbuff.com\/hu\/wp-json\/wp\/v2\/types\/product"}],"replies":[{"embeddable":true,"href":"https:\/\/fishbuff.com\/hu\/wp-json\/wp\/v2\/comments?post=2616"}],"wp:featuredmedia":[{"embeddable":true,"href":"https:\/\/fishbuff.com\/hu\/wp-json\/wp\/v2\/media\/2646"}],"wp:attachment":[{"href":"https:\/\/fishbuff.com\/hu\/wp-json\/wp\/v2\/media?parent=2616"}],"wp:term":[{"taxonomy":"product_brand","embeddable":true,"href":"https:\/\/fishbuff.com\/hu\/wp-json\/wp\/v2\/product_brand?post=2616"},{"taxonomy":"product_cat","embeddable":true,"href":"https:\/\/fishbuff.com\/hu\/wp-json\/wp\/v2\/product_cat?post=2616"},{"taxonomy":"product_tag","embeddable":true,"href":"https:\/\/fishbuff.com\/hu\/wp-json\/wp\/v2\/product_tag?post=2616"}],"curies":[{"name":"wp","href":"https:\/\/api.w.org\/{rel}","templated":true}]}}