{"id":478,"date":"2025-12-23T15:00:27","date_gmt":"2025-12-23T15:00:27","guid":{"rendered":"https:\/\/fishbuff.com\/?post_type=product&#038;p=478"},"modified":"2026-01-08T13:49:56","modified_gmt":"2026-01-08T13:49:56","slug":"spotbreast-angelfish","status":"publish","type":"product","link":"https:\/\/fishbuff.com\/hu\/product\/spotbreast-angelfish\/","title":{"rendered":"3&#8243; Spotbreast Angelfish"},"content":{"rendered":"<div class=\"wpb-content-wrapper\"><div class=\"vc_row wpb_row vc_row-fluid\"><div class=\"wpb_column vc_column_container vc_col-sm-12\"><div class=\"vc_column-inner\"><div class=\"wpb_wrapper\">\n\t<div class=\"wpb_text_column wpb_content_element\" >\n\t\t<div class=\"wpb_wrapper\">\n\t\t\t<p style=\"font-size: 24px; color: #0ca4ff; font-weight: bold; margin: 0;\">2 napos garancia <a style=\"color: #333333; font-size: 12px; font-weight: normal;\" href=\"https:\/\/fishbuff.com\/hu\/our-guarantee\/\">Tudjon meg t\u00f6bbet<\/a><\/p>\n<p>A halakr\u00f3l k\u00e9sz\u00fclt k\u00e9pek a lehet\u0151 legpontosabban k\u00e9sz\u00fclnek. A k\u00e9pek illusztr\u00e1ci\u00f3k\u00e9nt szolg\u00e1lnak a pontos halak \u00e1br\u00e1zol\u00e1s\u00e1hoz.<br \/>\nA felt\u00fcntetett \u00e1r tartalmazza a sz\u00e1ll\u00edt\u00e1si k\u00f6lts\u00e9geket Indon\u00e9zi\u00e1b\u00f3l a Transhipper seg\u00edts\u00e9g\u00e9vel. A vev\u0151nek kell fizetnie a helyi transhipper \u00fcgyn\u00f6knek a behozatali d\u00edjakat \u00e9s a belf\u00f6ldi sz\u00e1ll\u00edt\u00e1si k\u00f6lts\u00e9geket.<\/p>\n\n\t\t<\/div>\n\t<\/div>\n<div id=\"kapee-header-16099\" class=\"kapee-element kapee-heading text-left kapee-width-100 separator-line separator-between-heading\">\t\n\t\t\t\n\t\t\t<div class=\"heading-wrap\">\n\t\t\t<span class=\"separator-left\"><\/span>\n\t\t\t<h2 class=\"heading-title\">Genicanthus Melanospilos <\/h2>\t\t\t<span class=\"separator-right\"><\/span>\n\t\t\t\t\t<\/div>\n\t\t\n    <\/div><\/div><\/div><\/div><\/div><div class=\"vc_row wpb_row vc_row-fluid\"><div class=\"wpb_column vc_column_container vc_col-sm-6\"><div class=\"vc_column-inner\"><div class=\"wpb_wrapper\">\n\t<div class=\"wpb_text_column wpb_content_element\" >\n\t\t<div class=\"wpb_wrapper\">\n\t\t\t<h3 style=\"font-size: 24px; margin: 0.67em 0;\">Spotbreast Swallowtail Angelfish<\/h3>\n<p>The Spotbreast angelfish is known for dramatic color differences between males and females (sexual dimorphism) and its distinctive lyretail.<\/p>\n<p><strong>Eredet<\/strong> - Indo-csendes-\u00f3ce\u00e1ni t\u00e9rs\u00e9g<br \/>\n<strong>Di\u00e9ta<\/strong> - Mindenev\u0151<br \/>\n<strong>pH<\/strong> - 8,0 \u00e9s 8,5 k\u00f6z\u00f6tt<br \/>\n<strong>Temp<\/strong> \u2013 25\u00b0C to 28\u00b0C<br \/>\n<strong>S\u00f3tartalom<\/strong> - 1,020-1,025<\/p>\n\n\t\t<\/div>\n\t<\/div>\n<\/div><\/div><\/div><div class=\"wpb_column vc_column_container vc_col-sm-6\"><div class=\"vc_column-inner\"><div class=\"wpb_wrapper\"><div id=\"kapee-header-29151\" class=\"kapee-element kapee-heading text-left kapee-width-100 separator-none separator-between-heading\">\t\n\t\t\t\n\t\t\t<div class=\"heading-wrap\">\n\t\t\t<span class=\"separator-left\"><\/span>\n\t\t\t<h3 class=\"heading-title\">Gyors statisztik\u00e1k <\/h3>\t\t\t<span class=\"separator-right\"><\/span>\n\t\t\t\t\t<\/div>\n\t\t\n    <\/div><div class=\"vc_progress_bar wpb_content_element\" ><div class=\"vc_general vc_single_bar\"><small class=\"vc_label\" style=\"color: #FFFFFF;\">RARIT\u00c1S<\/small><span class=\"vc_bar\" data-percentage-value=\"25\" data-value=\"25\" style=\"background-color: #0CA4FF;\"><\/span><\/div><div class=\"vc_general vc_single_bar\"><small class=\"vc_label\" style=\"color: #FFFFFF;\">GONDOZ\u00c1SI SZINT<\/small><span class=\"vc_bar\" data-percentage-value=\"25\" data-value=\"25\" style=\"background-color: #0CA4FF;\"><\/span><\/div><div class=\"vc_general vc_single_bar\"><small class=\"vc_label\" style=\"color: #FFFFFF;\">TEMPERAMENT<\/small><span class=\"vc_bar\" data-percentage-value=\"25\" data-value=\"25\" style=\"background-color: #0CA4FF;\"><\/span><\/div><div class=\"vc_general vc_single_bar\"><small class=\"vc_label\" style=\"color: #FFFFFF;\">KOMPATIBILIT\u00c1S<\/small><span class=\"vc_bar\" data-percentage-value=\"100\" data-value=\"100\" style=\"background-color: #0CA4FF;\"><\/span><\/div><div class=\"vc_general vc_single_bar\"><small class=\"vc_label\" style=\"color: #FFFFFF;\">REEF SAFE<\/small><span class=\"vc_bar\" data-percentage-value=\"75\" data-value=\"75\" style=\"background-color: #0CA4FF;\"><\/span><\/div><\/div><\/div><\/div><\/div><\/div>\n<\/div>","protected":false},"excerpt":{"rendered":"<p style=\"color: red;\">K\u00e9rj\u00fck, olvassa el <a href=\"https:\/\/fishbuff.com\/hu\/terms-conditions\/\" target=\"_blank\" rel=\"noopener\">Felt\u00e9telek \u00e9s felt\u00e9telek<\/a> v\u00e1s\u00e1rl\u00e1s el\u0151tt.<br \/>\nA v\u00e1s\u00e1rl\u00e1ssal jelezz\u00fck, hogy \u00d6n elfogadja \u00e9s elfogadja a vonatkoz\u00f3 felt\u00e9teleket.<\/p>","protected":false},"featured_media":508,"comment_status":"open","ping_status":"closed","template":"","meta":{"_seopress_robots_primary_cat":"none","_seopress_titles_title":"Buy Spotbreast Angelfish Pair with Live Arrival Guarantee","_seopress_titles_desc":"Secure your Spotbreast Angelfish (Genicanthus melanospilos) pair with shipping from Indonesia. Live Arrival Guarantee included. Order now!","_seopress_robots_index":""},"product_brand":[],"product_cat":[58],"product_tag":[],"class_list":{"0":"post-478","1":"product","2":"type-product","3":"status-publish","4":"has-post-thumbnail","6":"product_cat-angelfish-saltwater","8":"first","9":"instock","10":"shipping-taxable","11":"purchasable","12":"product-type-variable","13":"add-to-wishlist-after_add_to_cart"},"_links":{"self":[{"href":"https:\/\/fishbuff.com\/hu\/wp-json\/wp\/v2\/product\/478","targetHints":{"allow":["GET"]}}],"collection":[{"href":"https:\/\/fishbuff.com\/hu\/wp-json\/wp\/v2\/product"}],"about":[{"href":"https:\/\/fishbuff.com\/hu\/wp-json\/wp\/v2\/types\/product"}],"replies":[{"embeddable":true,"href":"https:\/\/fishbuff.com\/hu\/wp-json\/wp\/v2\/comments?post=478"}],"wp:featuredmedia":[{"embeddable":true,"href":"https:\/\/fishbuff.com\/hu\/wp-json\/wp\/v2\/media\/508"}],"wp:attachment":[{"href":"https:\/\/fishbuff.com\/hu\/wp-json\/wp\/v2\/media?parent=478"}],"wp:term":[{"taxonomy":"product_brand","embeddable":true,"href":"https:\/\/fishbuff.com\/hu\/wp-json\/wp\/v2\/product_brand?post=478"},{"taxonomy":"product_cat","embeddable":true,"href":"https:\/\/fishbuff.com\/hu\/wp-json\/wp\/v2\/product_cat?post=478"},{"taxonomy":"product_tag","embeddable":true,"href":"https:\/\/fishbuff.com\/hu\/wp-json\/wp\/v2\/product_tag?post=478"}],"curies":[{"name":"wp","href":"https:\/\/api.w.org\/{rel}","templated":true}]}}