{"id":578,"date":"2025-12-23T15:01:17","date_gmt":"2025-12-23T15:01:17","guid":{"rendered":"https:\/\/fishbuff.com\/?post_type=product&#038;p=578"},"modified":"2025-12-23T15:01:25","modified_gmt":"2025-12-23T15:01:25","slug":"yellow-jacket-tiger-endler","status":"publish","type":"product","link":"https:\/\/fishbuff.com\/hu\/product\/yellow-jacket-tiger-endler\/","title":{"rendered":"Yellow Jacket Tiger Endler"},"content":{"rendered":"<div class=\"wpb-content-wrapper\"><div class=\"vc_row wpb_row vc_row-fluid\"><div class=\"wpb_column vc_column_container vc_col-sm-12\"><div class=\"vc_column-inner\"><div class=\"wpb_wrapper\"><div id=\"kapee-header-26135\" class=\"kapee-element kapee-heading text-left kapee-width-100 separator-line separator-between-heading\">\t\n\t\t\t\n\t\t\t<div class=\"heading-wrap\">\n\t\t\t<span class=\"separator-left\"><\/span>\n\t\t\t<h2 class=\"heading-title\">Guppy hal\u00fczlet <\/h2>\t\t\t<span class=\"separator-right\"><\/span>\n\t\t\t\t\t<\/div>\n\t\t\n    <\/div>\n\t<div class=\"wpb_text_column wpb_content_element\" >\n\t\t<div class=\"wpb_wrapper\">\n\t\t\t<p><span style=\"color: red;\">Az \u00e1r egy p\u00e1rra vonatkozik (egy h\u00edm \u00e9s egy n\u0151st\u00e9ny).<\/span><br \/>\nA halakr\u00f3l k\u00e9sz\u00fclt k\u00e9pek a lehet\u0151 legpontosabban k\u00e9sz\u00fclnek. A k\u00e9pek illusztr\u00e1ci\u00f3k\u00e9nt szolg\u00e1lnak a pontos halak \u00e1br\u00e1zol\u00e1s\u00e1hoz.<br \/>\nA felt\u00fcntetett \u00e1r tartalmazza a sz\u00e1ll\u00edt\u00e1si k\u00f6lts\u00e9geket Indon\u00e9zi\u00e1b\u00f3l a Transhipper seg\u00edts\u00e9g\u00e9vel. A vev\u0151nek kell fizetnie a helyi transhipper \u00fcgyn\u00f6knek a behozatali d\u00edjakat \u00e9s a belf\u00f6ldi sz\u00e1ll\u00edt\u00e1si k\u00f6lts\u00e9geket.<\/p>\n\n\t\t<\/div>\n\t<\/div>\n<div id=\"kapee-header-71294\" class=\"kapee-element kapee-heading text-left kapee-width-100 separator-none separator-between-heading\">\t\n\t\t\t\n\t\t\t<div class=\"heading-wrap\">\n\t\t\t<span class=\"separator-left\"><\/span>\n\t\t\t<h3 class=\"heading-title\">\u00c9l\u0151 akv\u00e1riumi halak online v\u00e1s\u00e1rl\u00e1sa <\/h3>\t\t\t<span class=\"separator-right\"><\/span>\n\t\t\t\t\t<\/div>\n\t\t\n    <\/div>\n<div id=\"kapee-accordion-60826\" class=\"kapee-element kapee-accordion panel-group accordion-line align-left accordion-icon-plus icon-position-right\">\n\t\n\t\t\t\n\t\t<div class=\"card\">\n\t\t\t<div class=\"card-header\">\n\t\t\t\t<h4 class=\"card-title\">\t\t\t\t\t\n\t\t\t\t\t<a class=\"card-link collapsed\" data-toggle=\"collapse\" href=\"#kp-accordions-79658\">\n\t\t\t\t\t\t\t\t\t\t\t\tHov\u00e1 sz\u00e1ll\u00edtj\u00e1k a halakat?\t\t\t\t\t\t\t\t\t\t\t<\/a>\t\t\t\t\t\n\t\t\t\t<\/h4>\n\t\t\t<\/div>\n\t\t\t<div id=\"kp-accordions-79658\" class=\"collapse\" data-parent=\"#kapee-accordion-60826\">\n\t\t\t\t<div class=\"card-body\">\n\t\t\t\t\t\n\t<div class=\"wpb_text_column wpb_content_element\" >\n\t\t<div class=\"wpb_wrapper\">\n\t\t\t<p>Kiskereskedelmi megrendel\u00e9sre sz\u00e1nt halainkat csak bizonyos orsz\u00e1gokba sz\u00e1ll\u00edtjuk. A sz\u00e1ll\u00edt\u00e1s a k\u00f6vetkez\u0151 orsz\u00e1gokba korl\u00e1toz\u00f3dik; Ausztr\u00e1lia\/ Ausztria\/ Barbados\/ Belgium\/ Bol\u00edvia\/ Braz\u00edlia\/ Brunei\/ Bulg\u00e1ria\/ Kambodzsa\/ Kanada\/ Chile\/ K\u00edna\/ Kolumbia\/ Costa Rica\/ Horv\u00e1torsz\u00e1g\/ Ciprus\/ Cseh K\u00f6zt\u00e1rsas\u00e1g\/ D\u00e1nia\/ Dominikai K\u00f6zt\u00e1rsas\u00e1g\/ Ecuador\/ \u00c9sztorsz\u00e1g\/ Finnorsz\u00e1g\/ Franciaorsz\u00e1g\/ N\u00e9metorsz\u00e1g\/ G\u00f6r\u00f6gorsz\u00e1g\/ Guam\/ Haiti\/ Hongkong\/ Magyarorsz\u00e1g\/ India\/ \u00cdrorsz\u00e1g\/ Olaszorsz\u00e1g\/ Jap\u00e1n\/ Kuvait\/ Lettorsz\u00e1g\/ Liechtenstein\/ Litv\u00e1nia\/ Luxemburg\/ Malajzia\/ Kanada\/ Chile\/ K\u00edna\/ Kolumbia\/ Costa Rica Mexik\u00f3\/ Mianmar\/ Hollandia\/ Norv\u00e9gia\/ Om\u00e1n\/ Panama\/ Paraguay\/ Peru\/ Puerto Rico\/ F\u00fcl\u00f6p-szigetek\/ Lengyelorsz\u00e1g\/ Portug\u00e1lia\/ Rom\u00e1nia\/ San Marino\/ Szerbia\/ Szingap\u00far\/ Szlov\u00e1kia\/ Szlov\u00e9nia\/ D\u00e9l-Afrika\/ D\u00e9l-Korea\/ Spanyolorsz\u00e1g\/ Suriname\/ Sv\u00e9dorsz\u00e1g\/ Sv\u00e1jc\/ Tajvan\/ Thaif\u00f6ld\/ Trinidad \u00e9s Tobago\/ Turks- \u00e9s Caicos-szigetek\/ Egyes\u00fclt Kir\u00e1lys\u00e1g\/ Egyes\u00fclt \u00c1llamok\/ Amerikai Virgin-szigetek\/ Vietnam.<\/p>\n\n\t\t<\/div>\n\t<\/div>\n\t\t\t\t<\/div>\n\t\t\t<\/div>\n\t\t<\/div>\n\t\t\t\n\t\t<div class=\"card\">\n\t\t\t<div class=\"card-header\">\n\t\t\t\t<h4 class=\"card-title\">\t\t\t\t\t\n\t\t\t\t\t<a class=\"card-link collapsed\" data-toggle=\"collapse\" href=\"#kp-accordions-12554\">\n\t\t\t\t\t\t\t\t\t\t\t\tMennyi id\u0151be telik, am\u00edg megkapom a halamat?\t\t\t\t\t\t\t\t\t\t\t<\/a>\t\t\t\t\t\n\t\t\t\t<\/h4>\n\t\t\t<\/div>\n\t\t\t<div id=\"kp-accordions-12554\" class=\"collapse\" data-parent=\"#kapee-accordion-60826\">\n\t\t\t\t<div class=\"card-body\">\n\t\t\t\t\t\n\t<div class=\"wpb_text_column wpb_content_element\" >\n\t\t<div class=\"wpb_wrapper\">\n\t\t\t<p>Rendel\u00e9s\u00e9t \u00e1ltal\u00e1ban 7-14 munkanapon bel\u00fcl megkapja. Bizonyos esetekben ez egy h\u00f3napot is ig\u00e9nybe vehet.<\/p>\n\n\t\t<\/div>\n\t<\/div>\n\t\t\t\t<\/div>\n\t\t\t<\/div>\n\t\t<\/div>\n\t\t\t\n\t\t<div class=\"card\">\n\t\t\t<div class=\"card-header\">\n\t\t\t\t<h4 class=\"card-title\">\t\t\t\t\t\n\t\t\t\t\t<a class=\"card-link collapsed\" data-toggle=\"collapse\" href=\"#kp-accordions-79196\">\n\t\t\t\t\t\t\t\t\t\t\t\tMi\u00e9rt tart ilyen sok\u00e1ig, am\u00edg megkapom a halamat?\t\t\t\t\t\t\t\t\t\t\t<\/a>\t\t\t\t\t\n\t\t\t\t<\/h4>\n\t\t\t<\/div>\n\t\t\t<div id=\"kp-accordions-79196\" class=\"collapse\" data-parent=\"#kapee-accordion-60826\">\n\t\t\t\t<div class=\"card-body\">\n\t\t\t\t\t\n\t<div class=\"wpb_text_column wpb_content_element\" >\n\t\t<div class=\"wpb_wrapper\">\n\t\t\t<p>A kiskereskedelmi megrendel\u00e9seket csak \u00e1trakod\u00f3n kereszt\u00fcl sz\u00e1ll\u00edtjuk. A sz\u00e1ll\u00edt\u00e1sok a rendelkez\u00e9sre \u00e1ll\u00f3 havi \u00fctemterv\u00fck alapj\u00e1n t\u00f6rt\u00e9nnek, amelyet maga a sz\u00e1ll\u00edtm\u00e1nyoz\u00f3 hat\u00e1roz meg.<br \/>\nT\u00f6bb olyan orsz\u00e1g, amely nem rendelkezik el\u00e9g nagy sz\u00e1ll\u00edt\u00e1si volumennel, \u00e1ltal\u00e1ban nagyon korl\u00e1tozott menetrenddel rendelkezik.<br \/>\nHa szeretne megbizonyosodni arr\u00f3l, hogy mikor van a megfelel\u0151 id\u0151pont a megrendel\u00e9s lead\u00e1s\u00e1ra, akkor el\u0151sz\u00f6r vegye fel vel\u00fcnk a kapcsolatot.<\/p>\n\n\t\t<\/div>\n\t<\/div>\n\t\t\t\t<\/div>\n\t\t\t<\/div>\n\t\t<\/div>\n\t\t\t\n\t\t<div class=\"card\">\n\t\t\t<div class=\"card-header\">\n\t\t\t\t<h4 class=\"card-title\">\t\t\t\t\t\n\t\t\t\t\t<a class=\"card-link collapsed\" data-toggle=\"collapse\" href=\"#kp-accordions-66380\">\n\t\t\t\t\t\t\t\t\t\t\t\tMi t\u00f6rt\u00e9nik, ha a halam elpusztul?\t\t\t\t\t\t\t\t\t\t\t<\/a>\t\t\t\t\t\n\t\t\t\t<\/h4>\n\t\t\t<\/div>\n\t\t\t<div id=\"kp-accordions-66380\" class=\"collapse\" data-parent=\"#kapee-accordion-60826\">\n\t\t\t\t<div class=\"card-body\">\n\t\t\t\t\t\n\t<div class=\"wpb_text_column wpb_content_element\" >\n\t\t<div class=\"wpb_wrapper\">\n\t\t\t<p>Abban a val\u00f3sz\u00edn\u0171tlen esetben, ha m\u00e9gis halpusztult halat kap, a hal meg\u00e9rkez\u00e9s\u00e9t\u0151l sz\u00e1m\u00edtott 24 \u00f3r\u00e1n bel\u00fcl \u00e9rtes\u00edtsen minket. Az ezt k\u00f6vet\u0151 reklam\u00e1ci\u00f3kat nem tudjuk teljes\u00edteni.<br \/>\nD.O.A. eset\u00e9n k\u00e9rj\u00fck, k\u00fcldj\u00f6n nek\u00fcnk egy tiszta k\u00e9pet az elpusztult halr\u00f3l egy bontatlan zacsk\u00f3ban. A v\u00e1s\u00e1rl\u00f3 a support@fishbuff.com e-mail c\u00edmen vagy a (+62) 821-3871-8445 WhatsAppon kereszt\u00fcl ny\u00fajthatja be ig\u00e9ny\u00e9t.<\/p>\n\n\t\t<\/div>\n\t<\/div>\n\t\t\t\t<\/div>\n\t\t\t<\/div>\n\t\t<\/div>\n\t\t\t\n\t\t<div class=\"card\">\n\t\t\t<div class=\"card-header\">\n\t\t\t\t<h4 class=\"card-title\">\t\t\t\t\t\n\t\t\t\t\t<a class=\"card-link collapsed\" data-toggle=\"collapse\" href=\"#kp-accordions-94476\">\n\t\t\t\t\t\t\t\t\t\t\t\tElfogadta a visszak\u00fcld\u00e9st vagy cser\u00e9t?\t\t\t\t\t\t\t\t\t\t\t<\/a>\t\t\t\t\t\n\t\t\t\t<\/h4>\n\t\t\t<\/div>\n\t\t\t<div id=\"kp-accordions-94476\" class=\"collapse\" data-parent=\"#kapee-accordion-60826\">\n\t\t\t\t<div class=\"card-body\">\n\t\t\t\t\t\n\t<div class=\"wpb_text_column wpb_content_element\" >\n\t\t<div class=\"wpb_wrapper\">\n\t\t\t<p>Nem k\u00edn\u00e1lunk visszat\u00e9r\u00edt\u00e9st vagy cser\u00e9t, de sz\u00edvesen kicser\u00e9lj\u00fck azokat a megrendel\u00e9seket, amelyek megfelelnek a k\u00f6vetel\u00e9spolitik\u00e1nknak.<\/p>\n\n\t\t<\/div>\n\t<\/div>\n\t\t\t\t<\/div>\n\t\t\t<\/div>\n\t\t<\/div>\n\t<\/div><\/div><\/div><\/div><\/div>\n<\/div>","protected":false},"excerpt":{"rendered":"<p style=\"color: red;\">K\u00e9rj\u00fck, olvassa el <a href=\"https:\/\/fishbuff.com\/hu\/terms-conditions\/\" target=\"_blank\" rel=\"noopener\">Felt\u00e9telek \u00e9s felt\u00e9telek<\/a> v\u00e1s\u00e1rl\u00e1s el\u0151tt.<br \/>\nA v\u00e1s\u00e1rl\u00e1ssal jelezt\u00fck, hogy \u00d6n elfogadja \u00e9s elfogadja a vonatkoz\u00f3 felt\u00e9teleket.<\/p>","protected":false},"featured_media":608,"comment_status":"open","ping_status":"closed","template":"","meta":{"_seopress_robots_primary_cat":"91","_seopress_titles_title":"Buy Yellow Jacket Tiger Endler Breeding Pair Guppies","_seopress_titles_desc":"Purchase a pair of Yellow Jacket Tiger Endler guppies with shipping included. Contact us within 24 hours for any issues. Enjoy your vibrant new fish!","_seopress_robots_index":""},"product_brand":[],"product_cat":[69],"product_tag":[],"class_list":{"0":"post-578","1":"product","2":"type-product","3":"status-publish","4":"has-post-thumbnail","6":"product_cat-guppy","8":"first","9":"instock","10":"shipping-taxable","11":"purchasable","12":"product-type-simple","13":"add-to-wishlist-after_add_to_cart"},"_links":{"self":[{"href":"https:\/\/fishbuff.com\/hu\/wp-json\/wp\/v2\/product\/578","targetHints":{"allow":["GET"]}}],"collection":[{"href":"https:\/\/fishbuff.com\/hu\/wp-json\/wp\/v2\/product"}],"about":[{"href":"https:\/\/fishbuff.com\/hu\/wp-json\/wp\/v2\/types\/product"}],"replies":[{"embeddable":true,"href":"https:\/\/fishbuff.com\/hu\/wp-json\/wp\/v2\/comments?post=578"}],"wp:featuredmedia":[{"embeddable":true,"href":"https:\/\/fishbuff.com\/hu\/wp-json\/wp\/v2\/media\/608"}],"wp:attachment":[{"href":"https:\/\/fishbuff.com\/hu\/wp-json\/wp\/v2\/media?parent=578"}],"wp:term":[{"taxonomy":"product_brand","embeddable":true,"href":"https:\/\/fishbuff.com\/hu\/wp-json\/wp\/v2\/product_brand?post=578"},{"taxonomy":"product_cat","embeddable":true,"href":"https:\/\/fishbuff.com\/hu\/wp-json\/wp\/v2\/product_cat?post=578"},{"taxonomy":"product_tag","embeddable":true,"href":"https:\/\/fishbuff.com\/hu\/wp-json\/wp\/v2\/product_tag?post=578"}],"curies":[{"name":"wp","href":"https:\/\/api.w.org\/{rel}","templated":true}]}}