{"id":876,"date":"2025-12-23T15:03:08","date_gmt":"2025-12-23T15:03:08","guid":{"rendered":"https:\/\/fishbuff.com\/?post_type=product&#038;p=876"},"modified":"2026-01-14T13:04:43","modified_gmt":"2026-01-14T13:04:43","slug":"albino-balloon","status":"publish","type":"product","link":"https:\/\/fishbuff.com\/hu\/product\/albino-balloon\/","title":{"rendered":"Albino l\u00e9gg\u00f6mb"},"content":{"rendered":"<div class=\"wpb-content-wrapper\"><div class=\"vc_row wpb_row vc_row-fluid\"><div class=\"wpb_column vc_column_container vc_col-sm-12\"><div class=\"vc_column-inner\"><div class=\"wpb_wrapper\">\n\t<div class=\"wpb_text_column wpb_content_element\" >\n\t\t<div class=\"wpb_wrapper\">\n\t\t\t<p style=\"font-size: 24px; color: #0ca4ff; font-weight: bold; margin: 0;\">2 napos garancia <a style=\"color: #333333; font-size: 12px; font-weight: normal;\" href=\"https:\/\/fishbuff.com\/hu\/our-guarantee\/\">Tudjon meg t\u00f6bbet<\/a><\/p>\n<p><span style=\"color: red;\">Az \u00e1r egy p\u00e1rra vonatkozik (egy h\u00edm \u00e9s egy n\u0151st\u00e9ny).<\/span><br \/>\nA halakr\u00f3l k\u00e9sz\u00fclt k\u00e9pek a lehet\u0151 legpontosabban k\u00e9sz\u00fclnek. A k\u00e9pek illusztr\u00e1ci\u00f3k\u00e9nt szolg\u00e1lnak a pontos halak \u00e1br\u00e1zol\u00e1s\u00e1hoz.<br \/>\nA felt\u00fcntetett \u00e1r tartalmazza a sz\u00e1ll\u00edt\u00e1si k\u00f6lts\u00e9geket Indon\u00e9zi\u00e1b\u00f3l a Transhipper seg\u00edts\u00e9g\u00e9vel. A vev\u0151nek kell fizetnie a helyi transhipper \u00fcgyn\u00f6knek a behozatali d\u00edjakat \u00e9s a belf\u00f6ldi sz\u00e1ll\u00edt\u00e1si k\u00f6lts\u00e9geket.<\/p>\n\n\t\t<\/div>\n\t<\/div>\n<div id=\"kapee-header-75165\" class=\"kapee-element kapee-heading text-left kapee-width-100 separator-line separator-between-heading\">\t\n\t\t\t\n\t\t\t<div class=\"heading-wrap\">\n\t\t\t<span class=\"separator-left\"><\/span>\n\t\t\t<h2 class=\"heading-title\">Poecilia Sphenops (k\u00f6z\u00f6ns\u00e9ges Molly) <\/h2>\t\t\t<span class=\"separator-right\"><\/span>\n\t\t\t\t\t<\/div>\n\t\t\n    <\/div><\/div><\/div><\/div><\/div><div class=\"vc_row wpb_row vc_row-fluid\"><div class=\"wpb_column vc_column_container vc_col-sm-6\"><div class=\"vc_column-inner\"><div class=\"wpb_wrapper\">\n\t<div class=\"wpb_text_column wpb_content_element\" >\n\t\t<div class=\"wpb_wrapper\">\n\t\t\t<h3 style=\"font-size: 24px; margin: 0.67em 0;\">Albino Molly<\/h3>\n<p>An Albino Balloon is known for its round, puffy body and striking white\/pale coloration due to albinism.<\/p>\n<p><strong>Eredet<\/strong> - Farmon nevelt<br \/>\n<strong>Di\u00e9ta<\/strong> - Mindenev\u0151<br \/>\n<strong>pH<\/strong> - 7,5 \u00e9s 8,5 k\u00f6z\u00f6tt<br \/>\n<strong>Temp<\/strong> - 26\u00b0C \u00e9s 30\u00b0C k\u00f6z\u00f6tt<br \/>\n<strong>Szex<\/strong> - P\u00e1r (h\u00edm \u00e9s n\u0151st\u00e9ny)<\/p>\n\n\t\t<\/div>\n\t<\/div>\n<\/div><\/div><\/div><div class=\"wpb_column vc_column_container vc_col-sm-6\"><div class=\"vc_column-inner\"><div class=\"wpb_wrapper\"><div id=\"kapee-header-76325\" class=\"kapee-element kapee-heading text-left kapee-width-100 separator-none separator-between-heading\">\t\n\t\t\t\n\t\t\t<div class=\"heading-wrap\">\n\t\t\t<span class=\"separator-left\"><\/span>\n\t\t\t<h3 class=\"heading-title\">Gyors statisztik\u00e1k <\/h3>\t\t\t<span class=\"separator-right\"><\/span>\n\t\t\t\t\t<\/div>\n\t\t\n    <\/div><div class=\"vc_progress_bar wpb_content_element\" ><div class=\"vc_general vc_single_bar\"><small class=\"vc_label\" style=\"color: #FFFFFF;\">RARIT\u00c1S<\/small><span class=\"vc_bar\" data-percentage-value=\"50\" data-value=\"50\" style=\"background-color: #0CA4FF;\"><\/span><\/div><div class=\"vc_general vc_single_bar\"><small class=\"vc_label\" style=\"color: #FFFFFF;\">GONDOZ\u00c1SI SZINT<\/small><span class=\"vc_bar\" data-percentage-value=\"50\" data-value=\"50\" style=\"background-color: #0CA4FF;\"><\/span><\/div><div class=\"vc_general vc_single_bar\"><small class=\"vc_label\" style=\"color: #FFFFFF;\">TEMPERAMENT<\/small><span class=\"vc_bar\" data-percentage-value=\"25\" data-value=\"25\" style=\"background-color: #0CA4FF;\"><\/span><\/div><div class=\"vc_general vc_single_bar\"><small class=\"vc_label\" style=\"color: #FFFFFF;\">KOMPATIBILIT\u00c1S<\/small><span class=\"vc_bar\" data-percentage-value=\"100\" data-value=\"100\" style=\"background-color: #0CA4FF;\"><\/span><\/div><div class=\"vc_general vc_single_bar\"><small class=\"vc_label\" style=\"color: #FFFFFF;\">\u00dcZEMELT TANK<\/small><span class=\"vc_bar\" data-percentage-value=\"100\" data-value=\"100\" style=\"background-color: #0CA4FF;\"><\/span><\/div><\/div><\/div><\/div><\/div><\/div>\n<\/div>","protected":false},"excerpt":{"rendered":"<p style=\"color: red;\">K\u00e9rj\u00fck, olvassa el <a href=\"https:\/\/fishbuff.com\/hu\/terms-conditions\/\" target=\"_blank\" rel=\"noopener\">Felt\u00e9telek \u00e9s felt\u00e9telek<\/a> v\u00e1s\u00e1rl\u00e1s el\u0151tt.<br \/>\nA v\u00e1s\u00e1rl\u00e1ssal jelezz\u00fck, hogy \u00d6n elfogadja \u00e9s elfogadja a vonatkoz\u00f3 felt\u00e9teleket.<\/p>","protected":false},"featured_media":906,"comment_status":"open","ping_status":"closed","template":"","meta":{"_seopress_robots_primary_cat":"none","_seopress_titles_title":"Buy Albino Balloon Mollies Pair with Shipping Included","_seopress_titles_desc":"Order Albino Balloon molly pair, shipped from Indonesia. Enjoy Live Arrival Guarantee and hassle-free claims. Contact support for assistance.","_seopress_robots_index":""},"product_brand":[],"product_cat":[71],"product_tag":[],"class_list":{"0":"post-876","1":"product","2":"type-product","3":"status-publish","4":"has-post-thumbnail","6":"product_cat-molly","8":"first","9":"instock","10":"shipping-taxable","11":"purchasable","12":"product-type-simple","13":"add-to-wishlist-after_add_to_cart"},"_links":{"self":[{"href":"https:\/\/fishbuff.com\/hu\/wp-json\/wp\/v2\/product\/876","targetHints":{"allow":["GET"]}}],"collection":[{"href":"https:\/\/fishbuff.com\/hu\/wp-json\/wp\/v2\/product"}],"about":[{"href":"https:\/\/fishbuff.com\/hu\/wp-json\/wp\/v2\/types\/product"}],"replies":[{"embeddable":true,"href":"https:\/\/fishbuff.com\/hu\/wp-json\/wp\/v2\/comments?post=876"}],"wp:featuredmedia":[{"embeddable":true,"href":"https:\/\/fishbuff.com\/hu\/wp-json\/wp\/v2\/media\/906"}],"wp:attachment":[{"href":"https:\/\/fishbuff.com\/hu\/wp-json\/wp\/v2\/media?parent=876"}],"wp:term":[{"taxonomy":"product_brand","embeddable":true,"href":"https:\/\/fishbuff.com\/hu\/wp-json\/wp\/v2\/product_brand?post=876"},{"taxonomy":"product_cat","embeddable":true,"href":"https:\/\/fishbuff.com\/hu\/wp-json\/wp\/v2\/product_cat?post=876"},{"taxonomy":"product_tag","embeddable":true,"href":"https:\/\/fishbuff.com\/hu\/wp-json\/wp\/v2\/product_tag?post=876"}],"curies":[{"name":"wp","href":"https:\/\/api.w.org\/{rel}","templated":true}]}}