{"id":3561,"date":"2025-12-28T03:45:06","date_gmt":"2025-12-28T03:45:06","guid":{"rendered":"https:\/\/fishbuff.com\/?page_id=3561"},"modified":"2026-01-23T15:23:22","modified_gmt":"2026-01-23T15:23:22","slug":"informazioni-sul-trasbordo","status":"publish","type":"page","link":"https:\/\/fishbuff.com\/it\/informazioni-sul-trasbordo\/","title":{"rendered":"Informazioni sul trasbordo"},"content":{"rendered":"<div class=\"wpb-content-wrapper\"><div class=\"vc_row wpb_row vc_row-fluid\"><div class=\"wpb_column vc_column_container vc_col-sm-12\"><div class=\"vc_column-inner\"><div class=\"wpb_wrapper\"><h2 style=\"font-size: 42px;color: #333333;line-height: 1.2;text-align: left\" class=\"vc_custom_heading vc_do_custom_heading vc_custom_1769181456774\" >Servizi di trasbordo<\/h2>\n\t<div class=\"wpb_text_column wpb_content_element\" >\n\t\t<div class=\"wpb_wrapper\">\n\t\t\t<p>Il trasbordo \u00e8 il caso in cui individui come voi acquistano creature vive da un fornitore che si trova in un altro paese e le importano attraverso un agente di importazione autorizzato (trasbordatore). Il trasbordo non \u00e8 un modo per ottenere pesci pi\u00f9 economici rispetto ai negozi di acquari locali. Il trasbordo consente di ottenere pesci che non si trovano in loco, come specie rare o esemplari da esposizione o da riproduzione.<\/p>\n<p>L'importazione di pesce comporta dei costi. I costi includono lo sdoganamento, il trasporto e la spedizione fino alla vostra sede. Tenete presente che il costo \u00e8 una panoramica dei costi di base stimati, di ci\u00f2 che \u00e8 coperto e di ci\u00f2 che dovete aspettarvi quando pagherete la spedizione all'arrivo del vostro pesce nel Paese di destinazione. Il costo effettivo potrebbe essere leggermente pi\u00f9 alto o pi\u00f9 basso di quello indicato qui. Alcuni trasbordatori possono offrire sconti da 5% a 55% per determinate quantit\u00e0.<\/p>\n<p>Si prega di notare che tutti i costi indicati di seguito sono al di fuori del nostro controllo. I clienti dovranno pagare direttamente il trasportatore al momento dell'arrivo del pesce nel paese di destinazione. Il nostro compito \u00e8 quello di assicurarci che i pesci che inviamo siano sani e salvi.<\/p>\n\n\t\t<\/div>\n\t<\/div>\n<\/div><\/div><\/div><\/div><div class=\"vc_row wpb_row vc_row-fluid\"><div class=\"wpb_column vc_column_container vc_col-sm-12\"><div class=\"vc_column-inner\"><div class=\"wpb_wrapper\"><h3 style=\"font-size: 32px;color: #333333;line-height: 1.2;text-align: left\" class=\"vc_custom_heading vc_do_custom_heading\" >Costi di trasbordo<\/h3>\n\t<div class=\"wpb_text_column wpb_content_element\" >\n\t\t<div class=\"wpb_wrapper\">\n\t\t\t<p><strong>Tasse di trasbordo per pesce singolo - Borsa piccola<\/strong><br \/>\nTassa di importazione - $ 5,00 per pesce<br \/>\nScatola isolata a partire da - $ 5,00 in su (alcuni trasbordi sono gratuiti)<br \/>\nImpacco termico - $ 3,00 per unit\u00e0 (solo se necessario)<br \/>\nSpese di reimballaggio solo se richieste dal cliente - $2 per pesce (alcuni transhipper sono gratuiti)<\/p>\n<p><strong>Tasse di trasbordo per pesce singolo e combinato - Borsa grande<\/strong><br \/>\nSacchetto da 5 pollici\/ $ 20,00<br \/>\nSacchetto da 6 pollici\/ $ 25,00<br \/>\nBorsa da 7 pollici\/ $ 30,00<br \/>\nSacchetto da 8 pollici\/ $ 40,00<br \/>\nSacchetto da 9 pollici\/ $ 55,00<br \/>\nSacchetto da 10 pollici\/ $ 75,00<br \/>\nSacchetto da 12 pollici\/ $ 98,00<br \/>\nI sacchi da 13 pollici e pi\u00f9 grandi saranno calcolati in base al peso ($ 12,00 per libbra).<br \/>\nScatola piccola 40*31*34cm (7kg) - $ 90,00<br \/>\nScatola media 53*38*34cm (12kg) - $ 110,00<br \/>\nScatola grande 75*42*32cm (18kg) - $ 140,00<\/p>\n<p><strong>Tariffe di trasbordo per la vendita all'ingrosso<\/strong><br \/>\nScatola Jumbo 75*42*40cm (23kg) - $ 170,00<\/p>\n<p><strong>Tariffe di spedizione<\/strong><br \/>\nUSPS (o simili) Prioritaria (4-5 giorni lavorativi) A partire da $ 25,00 in su<br \/>\nUPS (o simili) Next Day Air A partire da $ 55,00 USD in su<br \/>\nUPS (o simili) 2nd Day Air A partire da $ 28,00 in su<br \/>\nAir Cargo a partire da $ 85,00 e oltre<\/p>\n\n\t\t<\/div>\n\t<\/div>\n<\/div><\/div><\/div><\/div>\n<\/div>","protected":false},"excerpt":{"rendered":"Transhipping Services Transhipping is where individuals like yourself buy live creatures from a supplier who is in another country and import them through the licensed import agent (transhipper). Transhipping is not a way to obtain fish cheaper than you would from your local aquatic shops. Transhipping enables you to obtain fish that can not be found locally, such as rare species or specimen fish for show or breeding. There are costs involved in importing fish. Costs include Customs Clearance, transportation, and shipping to your physical location. Please bear in mind that the cost is an overview of the basic estimated","protected":false},"author":1,"featured_media":0,"parent":0,"menu_order":0,"comment_status":"closed","ping_status":"closed","template":"","meta":{"_seopress_robots_primary_cat":"","_seopress_titles_title":"Buy Live Fish From Overseas | Transhipping Information","_seopress_titles_desc":"Import live fish hassle-free! Learn about transhipping costs & services for buying aquarium and tropical fish from overseas.","_seopress_robots_index":"","footnotes":""},"class_list":["post-3561","page","type-page","status-publish","hentry"],"_links":{"self":[{"href":"https:\/\/fishbuff.com\/it\/wp-json\/wp\/v2\/pages\/3561","targetHints":{"allow":["GET"]}}],"collection":[{"href":"https:\/\/fishbuff.com\/it\/wp-json\/wp\/v2\/pages"}],"about":[{"href":"https:\/\/fishbuff.com\/it\/wp-json\/wp\/v2\/types\/page"}],"author":[{"embeddable":true,"href":"https:\/\/fishbuff.com\/it\/wp-json\/wp\/v2\/users\/1"}],"replies":[{"embeddable":true,"href":"https:\/\/fishbuff.com\/it\/wp-json\/wp\/v2\/comments?post=3561"}],"version-history":[{"count":20,"href":"https:\/\/fishbuff.com\/it\/wp-json\/wp\/v2\/pages\/3561\/revisions"}],"predecessor-version":[{"id":4902,"href":"https:\/\/fishbuff.com\/it\/wp-json\/wp\/v2\/pages\/3561\/revisions\/4902"}],"wp:attachment":[{"href":"https:\/\/fishbuff.com\/it\/wp-json\/wp\/v2\/media?parent=3561"}],"curies":[{"name":"wp","href":"https:\/\/api.w.org\/{rel}","templated":true}]}}