{"id":2438,"date":"2025-12-23T15:11:20","date_gmt":"2025-12-23T15:11:20","guid":{"rendered":"https:\/\/fishbuff.com\/?post_type=product&#038;p=2438"},"modified":"2026-01-10T13:54:40","modified_gmt":"2026-01-10T13:54:40","slug":"laukine-betta-ocellata","status":"publish","type":"product","link":"https:\/\/fishbuff.com\/lt\/product\/laukine-betta-ocellata\/","title":{"rendered":"Laukin\u0117 Betta Ocellata"},"content":{"rendered":"<div class=\"wpb-content-wrapper\"><div class=\"vc_row wpb_row vc_row-fluid\"><div class=\"wpb_column vc_column_container vc_col-sm-12\"><div class=\"vc_column-inner\"><div class=\"wpb_wrapper\">\n\t<div class=\"wpb_text_column wpb_content_element\" >\n\t\t<div class=\"wpb_wrapper\">\n\t\t\t<p style=\"font-size: 24px; color: #0ca4ff; font-weight: bold; margin: 0;\">2 dien\u0173 garantija <a style=\"color: #333333; font-size: 12px; font-weight: normal;\" href=\"https:\/\/fishbuff.com\/lt\/our-guarantee\/\">Su\u017einokite daugiau<\/a><\/p>\n<p><span style=\"color: red;\">Nurodyta kaina yra u\u017e por\u0105 (vien\u0105 patin\u0105 ir vien\u0105 patel\u0119).<\/span><br \/>\n\u017duv\u0173 nuotraukos daromos kuo tiksliau. Pateiktos nuotraukos yra iliustracin\u0117s, nes atspindi tiksli\u0105 \u017euv\u012f.<br \/>\n\u012e nurodyt\u0105 kain\u0105 \u012fskai\u010diuotos siuntimo i\u0161 Indonezijos per \"Transhipper\" i\u0161laidos. Pirk\u0117jas turi sumok\u0117ti vietiniam perve\u017eimo agentui u\u017e importo mokes\u010dius ir vietines siuntimo i\u0161laidas.<\/p>\n\n\t\t<\/div>\n\t<\/div>\n<div id=\"kapee-header-63666\" class=\"kapee-element kapee-heading text-left kapee-width-100 separator-line separator-between-heading\">\t\n\t\t\t\n\t\t\t<div class=\"heading-wrap\">\n\t\t\t<span class=\"separator-left\"><\/span>\n\t\t\t<h2 class=\"heading-title\">Betta Ocellata <\/h2>\t\t\t<span class=\"separator-right\"><\/span>\n\t\t\t\t\t<\/div>\n\t\t\n    <\/div><\/div><\/div><\/div><\/div><div class=\"vc_row wpb_row vc_row-fluid\"><div class=\"wpb_column vc_column_container vc_col-sm-6\"><div class=\"vc_column-inner\"><div class=\"wpb_wrapper\">\n\t<div class=\"wpb_text_column wpb_content_element\" >\n\t\t<div class=\"wpb_wrapper\">\n\t\t\t<h3 style=\"font-size: 24px; margin: 0.67em 0;\">Akies ta\u0161kelis Betta<\/h3>\n<p>Betta ocellata pasi\u017eymi rausvu ir rudu k\u016bnu su melsvai \u017ealsvais vaivoryk\u0161tiniais atspalviais ant skruost\u0173, k\u016bno ir pelek\u0173 bei ry\u0161kia juoda d\u0117me (ocellus) prie uodegos pagrindo.<\/p>\n<p><strong>Kilm\u0117<\/strong> - Borneo (sugauta laukin\u0117je gamtoje)<br \/>\n<strong>Dieta<\/strong> - M\u0117s\u0117dis<br \/>\n<strong>pH<\/strong> - 5,5-7,5<br \/>\n<strong>Temp<\/strong> - 26-28 \u00b0C<br \/>\n<strong>Seksas<\/strong> - Pora (patinas ir patel\u0117)<\/p>\n\n\t\t<\/div>\n\t<\/div>\n<\/div><\/div><\/div><div class=\"wpb_column vc_column_container vc_col-sm-6\"><div class=\"vc_column-inner\"><div class=\"wpb_wrapper\"><div id=\"kapee-header-29073\" class=\"kapee-element kapee-heading text-left kapee-width-100 separator-none separator-between-heading\">\t\n\t\t\t\n\t\t\t<div class=\"heading-wrap\">\n\t\t\t<span class=\"separator-left\"><\/span>\n\t\t\t<h3 class=\"heading-title\">Greita statistika <\/h3>\t\t\t<span class=\"separator-right\"><\/span>\n\t\t\t\t\t<\/div>\n\t\t\n    <\/div><div class=\"vc_progress_bar wpb_content_element\" ><div class=\"vc_general vc_single_bar\"><small class=\"vc_label\" style=\"color: #FFFFFF;\">RETUMAS<\/small><span class=\"vc_bar\" data-percentage-value=\"50\" data-value=\"50\" style=\"background-color: #0CA4FF;\"><\/span><\/div><div class=\"vc_general vc_single_bar\"><small class=\"vc_label\" style=\"color: #FFFFFF;\">PRIE\u017dI\u016aROS LYGIS<\/small><span class=\"vc_bar\" data-percentage-value=\"50\" data-value=\"50\" style=\"background-color: #0CA4FF;\"><\/span><\/div><div class=\"vc_general vc_single_bar\"><small class=\"vc_label\" style=\"color: #FFFFFF;\">TEMPERAMENTAS<\/small><span class=\"vc_bar\" data-percentage-value=\"50\" data-value=\"50\" style=\"background-color: #0CA4FF;\"><\/span><\/div><div class=\"vc_general vc_single_bar\"><small class=\"vc_label\" style=\"color: #FFFFFF;\">KOMPATIBILUMAS<\/small><span class=\"vc_bar\" data-percentage-value=\"50\" data-value=\"50\" style=\"background-color: #0CA4FF;\"><\/span><\/div><div class=\"vc_general vc_single_bar\"><small class=\"vc_label\" style=\"color: #FFFFFF;\">\u012eRENGTAS REZERVUARAS<\/small><span class=\"vc_bar\" data-percentage-value=\"100\" data-value=\"100\" style=\"background-color: #0CA4FF;\"><\/span><\/div><\/div><\/div><\/div><\/div><\/div>\n<\/div>","protected":false},"excerpt":{"rendered":"<p style=\"color: red;\">Perskaitykite m\u016bs\u0173 <a href=\"https:\/\/fishbuff.com\/lt\/terms-conditions\/\" target=\"_blank\" rel=\"noopener\">Taisykl\u0117s ir s\u0105lygos<\/a> prie\u0161 perkant.<br \/>\nPirkdami nurodome, kad sutinkate su taikomomis s\u0105lygomis ir nuostatomis ir su jomis sutinkate.<\/p>","protected":false},"featured_media":2461,"comment_status":"open","ping_status":"closed","template":"","meta":{"_seopress_robots_primary_cat":"none","_seopress_titles_title":"Shop Wild Betta Ocellata Online with Live Guarantee","_seopress_titles_desc":"Explore the charm of Wild Betta Ocellata. Buy online today for a vibrant addition to your aquarium. Secure yours now while supplies last!","_seopress_robots_index":""},"product_brand":[],"product_cat":[73],"product_tag":[],"class_list":{"0":"post-2438","1":"product","2":"type-product","3":"status-publish","4":"has-post-thumbnail","6":"product_cat-wild-betta","8":"first","9":"instock","10":"shipping-taxable","11":"purchasable","12":"product-type-simple","13":"add-to-wishlist-after_add_to_cart"},"_links":{"self":[{"href":"https:\/\/fishbuff.com\/lt\/wp-json\/wp\/v2\/product\/2438","targetHints":{"allow":["GET"]}}],"collection":[{"href":"https:\/\/fishbuff.com\/lt\/wp-json\/wp\/v2\/product"}],"about":[{"href":"https:\/\/fishbuff.com\/lt\/wp-json\/wp\/v2\/types\/product"}],"replies":[{"embeddable":true,"href":"https:\/\/fishbuff.com\/lt\/wp-json\/wp\/v2\/comments?post=2438"}],"wp:featuredmedia":[{"embeddable":true,"href":"https:\/\/fishbuff.com\/lt\/wp-json\/wp\/v2\/media\/2461"}],"wp:attachment":[{"href":"https:\/\/fishbuff.com\/lt\/wp-json\/wp\/v2\/media?parent=2438"}],"wp:term":[{"taxonomy":"product_brand","embeddable":true,"href":"https:\/\/fishbuff.com\/lt\/wp-json\/wp\/v2\/product_brand?post=2438"},{"taxonomy":"product_cat","embeddable":true,"href":"https:\/\/fishbuff.com\/lt\/wp-json\/wp\/v2\/product_cat?post=2438"},{"taxonomy":"product_tag","embeddable":true,"href":"https:\/\/fishbuff.com\/lt\/wp-json\/wp\/v2\/product_tag?post=2438"}],"curies":[{"name":"wp","href":"https:\/\/api.w.org\/{rel}","templated":true}]}}