{"id":583,"date":"2025-12-23T15:01:18","date_gmt":"2025-12-23T15:01:18","guid":{"rendered":"https:\/\/fishbuff.com\/?post_type=product&#038;p=583"},"modified":"2025-12-23T15:01:28","modified_gmt":"2025-12-23T15:01:28","slug":"vienna-emerald-bottom-sword","status":"publish","type":"product","link":"https:\/\/fishbuff.com\/lt\/product\/vienna-emerald-bottom-sword\/","title":{"rendered":"Vienna Emerald Bottom Sword"},"content":{"rendered":"<div class=\"wpb-content-wrapper\"><div class=\"vc_row wpb_row vc_row-fluid\"><div class=\"wpb_column vc_column_container vc_col-sm-12\"><div class=\"vc_column-inner\"><div class=\"wpb_wrapper\"><div id=\"kapee-header-87137\" class=\"kapee-element kapee-heading text-left kapee-width-100 separator-line separator-between-heading\">\t\n\t\t\t\n\t\t\t<div class=\"heading-wrap\">\n\t\t\t<span class=\"separator-left\"><\/span>\n\t\t\t<h2 class=\"heading-title\">\"Guppy Fish Shop <\/h2>\t\t\t<span class=\"separator-right\"><\/span>\n\t\t\t\t\t<\/div>\n\t\t\n    <\/div>\n\t<div class=\"wpb_text_column wpb_content_element\" >\n\t\t<div class=\"wpb_wrapper\">\n\t\t\t<p><span style=\"color: red;\">Nurodyta kaina yra u\u017e por\u0105 (vien\u0105 patin\u0105 ir vien\u0105 patel\u0119).<\/span><br \/>\n\u017duv\u0173 nuotraukos daromos kuo tiksliau. Pateiktos nuotraukos yra iliustracin\u0117s, nes atspindi tiksli\u0105 \u017euv\u012f.<br \/>\n\u012e nurodyt\u0105 kain\u0105 \u012fskai\u010diuotos siuntimo i\u0161 Indonezijos per \"Transhipper\" i\u0161laidos. Pirk\u0117jas turi sumok\u0117ti vietiniam perve\u017eimo agentui u\u017e importo mokes\u010dius ir vietines siuntimo i\u0161laidas.<\/p>\n\n\t\t<\/div>\n\t<\/div>\n<div id=\"kapee-header-43397\" class=\"kapee-element kapee-heading text-left kapee-width-100 separator-none separator-between-heading\">\t\n\t\t\t\n\t\t\t<div class=\"heading-wrap\">\n\t\t\t<span class=\"separator-left\"><\/span>\n\t\t\t<h3 class=\"heading-title\">Pirkti gyvas akvariumo \u017euvis internetu <\/h3>\t\t\t<span class=\"separator-right\"><\/span>\n\t\t\t\t\t<\/div>\n\t\t\n    <\/div>\n<div id=\"kapee-accordion-73112\" class=\"kapee-element kapee-accordion panel-group accordion-line align-left accordion-icon-plus icon-position-right\">\n\t\n\t\t\t\n\t\t<div class=\"card\">\n\t\t\t<div class=\"card-header\">\n\t\t\t\t<h4 class=\"card-title\">\t\t\t\t\t\n\t\t\t\t\t<a class=\"card-link collapsed\" data-toggle=\"collapse\" href=\"#kp-accordions-28955\">\n\t\t\t\t\t\t\t\t\t\t\t\tKur siun\u010diate \u017euvis?\t\t\t\t\t\t\t\t\t\t\t<\/a>\t\t\t\t\t\n\t\t\t\t<\/h4>\n\t\t\t<\/div>\n\t\t\t<div id=\"kp-accordions-28955\" class=\"collapse\" data-parent=\"#kapee-accordion-73112\">\n\t\t\t\t<div class=\"card-body\">\n\t\t\t\t\t\n\t<div class=\"wpb_text_column wpb_content_element\" >\n\t\t<div class=\"wpb_wrapper\">\n\t\t\t<p>Ma\u017emeniniams u\u017esakymams skirtas \u017euvis siun\u010diame tik \u012f tam tikras \u0161alis. Siuntimas ribojamas tik \u012f \u0161ias \u0161alis; Australija\/ Austrija\/ Barbadosas\/ Belgija\/ Bolivija\/ Brazilija\/ Brun\u0117jus\/ Bulgarija\/ Kambod\u017ea\/ Kanada\/ \u010cil\u0117\/ Kinija\/ Kolumbija\/ Kosta Rika\/ Kroatija\/ Kipras\/ \u010cekija\/ Danija\/ Dominikos Respublika\/ Ekvadoras\/ Estija\/ Suomija\/ Pranc\u016bzija\/ Vokietija\/ Graikija\/ Guamas\/ Haitis\/ Honkongas\/ Vengrija\/ Indija\/ Airija\/ Italija\/ Japonija\/ Kuveitas\/ Latvija\/ Lichten\u0161teinas\/ Lietuva\/ Liuksemburgas\/ Malaizija\/ Meksika\/ Mianmaras\/ Nyderlandai\/ Norvegija\/ Omanas\/ Panama\/ Paragvajus\/ Peru\/ Puerto Rikas\/ Filipinai\/ Lenkija\/ Portugalija\/ Rumunija\/ San Marinas\/ Serbija\/ Singap\u016bras\/ Slovakija\/ Slov\u0117nija\/ Piet\u0173 Afrika\/ Piet\u0173 Kor\u0117ja\/ Ispanija\/ Surinamas\/ \u0160vedija\/ \u0160veicarija\/ Taivanas\/ Tailandas\/ Trinidadas ir Tobagas\/ Terkso ir Kaikoso salos\/ Jungtiniai Arab\u0173 Emyratai\/ Jungtin\u0117 Karalyst\u0117\/ Jungtin\u0117s Amerikos Valstijos\/ JAV Mergeli\u0173 salos\/ Vietnamas.<\/p>\n\n\t\t<\/div>\n\t<\/div>\n\t\t\t\t<\/div>\n\t\t\t<\/div>\n\t\t<\/div>\n\t\t\t\n\t\t<div class=\"card\">\n\t\t\t<div class=\"card-header\">\n\t\t\t\t<h4 class=\"card-title\">\t\t\t\t\t\n\t\t\t\t\t<a class=\"card-link collapsed\" data-toggle=\"collapse\" href=\"#kp-accordions-87394\">\n\t\t\t\t\t\t\t\t\t\t\t\tPer kiek laiko gausiu \u017euv\u012f?\t\t\t\t\t\t\t\t\t\t\t<\/a>\t\t\t\t\t\n\t\t\t\t<\/h4>\n\t\t\t<\/div>\n\t\t\t<div id=\"kp-accordions-87394\" class=\"collapse\" data-parent=\"#kapee-accordion-73112\">\n\t\t\t\t<div class=\"card-body\">\n\t\t\t\t\t\n\t<div class=\"wpb_text_column wpb_content_element\" >\n\t\t<div class=\"wpb_wrapper\">\n\t\t\t<p>Paprastai u\u017esakym\u0105 gausite per 7-14 darbo dien\u0173. Kai kuriais atvejais tai u\u017etrunka m\u0117nes\u012f.<\/p>\n\n\t\t<\/div>\n\t<\/div>\n\t\t\t\t<\/div>\n\t\t\t<\/div>\n\t\t<\/div>\n\t\t\t\n\t\t<div class=\"card\">\n\t\t\t<div class=\"card-header\">\n\t\t\t\t<h4 class=\"card-title\">\t\t\t\t\t\n\t\t\t\t\t<a class=\"card-link collapsed\" data-toggle=\"collapse\" href=\"#kp-accordions-65352\">\n\t\t\t\t\t\t\t\t\t\t\t\tKod\u0117l taip ilgai u\u017etrunka, kol gaunu \u017euv\u012f?\t\t\t\t\t\t\t\t\t\t\t<\/a>\t\t\t\t\t\n\t\t\t\t<\/h4>\n\t\t\t<\/div>\n\t\t\t<div id=\"kp-accordions-65352\" class=\"collapse\" data-parent=\"#kapee-accordion-73112\">\n\t\t\t\t<div class=\"card-body\">\n\t\t\t\t\t\n\t<div class=\"wpb_text_column wpb_content_element\" >\n\t\t<div class=\"wpb_wrapper\">\n\t\t\t<p>Ma\u017emeninius u\u017esakymus siun\u010diame tik per siunt\u0117j\u0105. Siuntos siun\u010diamos pagal j\u0173 turim\u0105 m\u0117nesin\u012f grafik\u0105, kur\u012f nustato pats perkrautuvas.<br \/>\nKeliose \u0161alyse, kuriose siunt\u0173 kiekis n\u0117ra pakankamai didelis, paprastai yra labai riboti tvarkara\u0161\u010diai.<br \/>\nJei norite \u012fsitikinti, kada tinkamas laikas pateikti u\u017esakym\u0105, pirmiausia galite susisiekti su mumis.<\/p>\n\n\t\t<\/div>\n\t<\/div>\n\t\t\t\t<\/div>\n\t\t\t<\/div>\n\t\t<\/div>\n\t\t\t\n\t\t<div class=\"card\">\n\t\t\t<div class=\"card-header\">\n\t\t\t\t<h4 class=\"card-title\">\t\t\t\t\t\n\t\t\t\t\t<a class=\"card-link collapsed\" data-toggle=\"collapse\" href=\"#kp-accordions-39623\">\n\t\t\t\t\t\t\t\t\t\t\t\tK\u0105 daryti, jei mano \u017euvis atkeliauja negyva?\t\t\t\t\t\t\t\t\t\t\t<\/a>\t\t\t\t\t\n\t\t\t\t<\/h4>\n\t\t\t<\/div>\n\t\t\t<div id=\"kp-accordions-39623\" class=\"collapse\" data-parent=\"#kapee-accordion-73112\">\n\t\t\t\t<div class=\"card-body\">\n\t\t\t\t\t\n\t<div class=\"wpb_text_column wpb_content_element\" >\n\t\t<div class=\"wpb_wrapper\">\n\t\t\t<p>Jei, tik\u0117tina, gausite negyv\u0105 \u017euv\u012f, turite u\u017etikrinti, kad su mumis susisieksite per 24 valandas nuo \u017euvies atve\u017eimo. Bet kokios pretenzijos v\u0117liau nebus tenkinamos.<br \/>\nJei \u017euvis nugai\u0161o, atsi\u0173skite mums ai\u0161ki\u0105 negyvos \u017euvies nuotrauk\u0105 neatidarytame mai\u0161elyje. Klientas gali pateikti pretenzij\u0105 el. pa\u0161tu support@fishbuff.com arba per \"WhatsApp\" (+62) 821-3871-8445.<\/p>\n\n\t\t<\/div>\n\t<\/div>\n\t\t\t\t<\/div>\n\t\t\t<\/div>\n\t\t<\/div>\n\t\t\t\n\t\t<div class=\"card\">\n\t\t\t<div class=\"card-header\">\n\t\t\t\t<h4 class=\"card-title\">\t\t\t\t\t\n\t\t\t\t\t<a class=\"card-link collapsed\" data-toggle=\"collapse\" href=\"#kp-accordions-64249\">\n\t\t\t\t\t\t\t\t\t\t\t\tAr pri\u0117m\u0117te gr\u0105\u017einim\u0105 arba keitim\u0105?\t\t\t\t\t\t\t\t\t\t\t<\/a>\t\t\t\t\t\n\t\t\t\t<\/h4>\n\t\t\t<\/div>\n\t\t\t<div id=\"kp-accordions-64249\" class=\"collapse\" data-parent=\"#kapee-accordion-73112\">\n\t\t\t\t<div class=\"card-body\">\n\t\t\t\t\t\n\t<div class=\"wpb_text_column wpb_content_element\" >\n\t\t<div class=\"wpb_wrapper\">\n\t\t\t<p>Negr\u0105\u017einame ir nekei\u010diame, ta\u010diau mielai pakeisime visus u\u017esakymus, kurie atitinka m\u016bs\u0173 pretenzij\u0173 politik\u0105.<\/p>\n\n\t\t<\/div>\n\t<\/div>\n\t\t\t\t<\/div>\n\t\t\t<\/div>\n\t\t<\/div>\n\t<\/div><\/div><\/div><\/div><\/div>\n<\/div>","protected":false},"excerpt":{"rendered":"<p style=\"color: red;\">Perskaitykite m\u016bs\u0173 <a href=\"https:\/\/fishbuff.com\/lt\/terms-conditions\/\" target=\"_blank\" rel=\"noopener\">Taisykl\u0117s ir s\u0105lygos<\/a> prie\u0161 perkant.<br \/>\nPirkdami nurod\u0117me, kad sutinkate ir priimate taikomas s\u0105lygas.<\/p>","protected":false},"featured_media":613,"comment_status":"open","ping_status":"closed","template":"","meta":{"_seopress_robots_primary_cat":"91","_seopress_titles_title":"Buy Vienna Emerald Bottom Sword Guppies for Sale Online","_seopress_titles_desc":"Buy a breeding pair of Assorted Fancy Guppy, including the stunning Vienna Emerald Bottom Sword. Live arrival guarantee included!","_seopress_robots_index":""},"product_brand":[],"product_cat":[69],"product_tag":[],"class_list":{"0":"post-583","1":"product","2":"type-product","3":"status-publish","4":"has-post-thumbnail","6":"product_cat-guppy","8":"first","9":"instock","10":"shipping-taxable","11":"purchasable","12":"product-type-simple","13":"add-to-wishlist-after_add_to_cart"},"_links":{"self":[{"href":"https:\/\/fishbuff.com\/lt\/wp-json\/wp\/v2\/product\/583","targetHints":{"allow":["GET"]}}],"collection":[{"href":"https:\/\/fishbuff.com\/lt\/wp-json\/wp\/v2\/product"}],"about":[{"href":"https:\/\/fishbuff.com\/lt\/wp-json\/wp\/v2\/types\/product"}],"replies":[{"embeddable":true,"href":"https:\/\/fishbuff.com\/lt\/wp-json\/wp\/v2\/comments?post=583"}],"wp:featuredmedia":[{"embeddable":true,"href":"https:\/\/fishbuff.com\/lt\/wp-json\/wp\/v2\/media\/613"}],"wp:attachment":[{"href":"https:\/\/fishbuff.com\/lt\/wp-json\/wp\/v2\/media?parent=583"}],"wp:term":[{"taxonomy":"product_brand","embeddable":true,"href":"https:\/\/fishbuff.com\/lt\/wp-json\/wp\/v2\/product_brand?post=583"},{"taxonomy":"product_cat","embeddable":true,"href":"https:\/\/fishbuff.com\/lt\/wp-json\/wp\/v2\/product_cat?post=583"},{"taxonomy":"product_tag","embeddable":true,"href":"https:\/\/fishbuff.com\/lt\/wp-json\/wp\/v2\/product_tag?post=583"}],"curies":[{"name":"wp","href":"https:\/\/api.w.org\/{rel}","templated":true}]}}