{"id":2493,"date":"2025-12-23T15:11:49","date_gmt":"2025-12-23T15:11:49","guid":{"rendered":"https:\/\/fishbuff.com\/?post_type=product&#038;p=2493"},"modified":"2025-12-23T15:11:55","modified_gmt":"2025-12-23T15:11:55","slug":"oranza-varaviksnes-zivs","status":"publish","type":"product","link":"https:\/\/fishbuff.com\/lv\/product\/oranza-varaviksnes-zivs\/","title":{"rendered":"Oran\u017e\u0101 varav\u012bksnes zivs"},"content":{"rendered":"","protected":false},"excerpt":{"rendered":"","protected":false},"featured_media":2500,"comment_status":"open","ping_status":"closed","template":"","meta":{"_seopress_robots_primary_cat":"none","_seopress_titles_title":"Orange Rainbowfish","_seopress_titles_desc":"Explore dazzling Orange Rainbowfish for wholesale. Perfect for aquarists seeking stunning additions. Purchase top-quality rainbowfish today!","_seopress_robots_index":""},"product_brand":[],"product_cat":[94],"product_tag":[],"class_list":{"0":"post-2493","1":"product","2":"type-product","3":"status-publish","4":"has-post-thumbnail","6":"product_cat-rainbowfish","8":"first","9":"instock","10":"shipping-taxable","11":"purchasable","12":"product-type-simple","13":"add-to-wishlist-after_add_to_cart"},"_links":{"self":[{"href":"https:\/\/fishbuff.com\/lv\/wp-json\/wp\/v2\/product\/2493","targetHints":{"allow":["GET"]}}],"collection":[{"href":"https:\/\/fishbuff.com\/lv\/wp-json\/wp\/v2\/product"}],"about":[{"href":"https:\/\/fishbuff.com\/lv\/wp-json\/wp\/v2\/types\/product"}],"replies":[{"embeddable":true,"href":"https:\/\/fishbuff.com\/lv\/wp-json\/wp\/v2\/comments?post=2493"}],"wp:featuredmedia":[{"embeddable":true,"href":"https:\/\/fishbuff.com\/lv\/wp-json\/wp\/v2\/media\/2500"}],"wp:attachment":[{"href":"https:\/\/fishbuff.com\/lv\/wp-json\/wp\/v2\/media?parent=2493"}],"wp:term":[{"taxonomy":"product_brand","embeddable":true,"href":"https:\/\/fishbuff.com\/lv\/wp-json\/wp\/v2\/product_brand?post=2493"},{"taxonomy":"product_cat","embeddable":true,"href":"https:\/\/fishbuff.com\/lv\/wp-json\/wp\/v2\/product_cat?post=2493"},{"taxonomy":"product_tag","embeddable":true,"href":"https:\/\/fishbuff.com\/lv\/wp-json\/wp\/v2\/product_tag?post=2493"}],"curies":[{"name":"wp","href":"https:\/\/api.w.org\/{rel}","templated":true}]}}