{"id":2616,"date":"2025-12-23T15:12:38","date_gmt":"2025-12-23T15:12:38","guid":{"rendered":"https:\/\/fishbuff.com\/?post_type=product&#038;p=2616"},"modified":"2025-12-23T15:12:41","modified_gmt":"2025-12-23T15:12:41","slug":"bucephalandra-pink","status":"publish","type":"product","link":"https:\/\/fishbuff.com\/lv\/product\/bucephalandra-pink\/","title":{"rendered":"Bucephalandra Pink"},"content":{"rendered":"<div class=\"wpb-content-wrapper\"><div class=\"vc_row wpb_row vc_row-fluid\"><div class=\"wpb_column vc_column_container vc_col-sm-12\"><div class=\"vc_column-inner\"><div class=\"wpb_wrapper\"><div id=\"kapee-header-2091\" class=\"kapee-element kapee-heading text-left kapee-width-100 separator-line separator-between-heading\">\t\n\t\t\t\n\t\t\t<div class=\"heading-wrap\">\n\t\t\t<span class=\"separator-left\"><\/span>\n\t\t\t<h2 class=\"heading-title\">Akv\u0101rija augi <\/h2>\t\t\t<span class=\"separator-right\"><\/span>\n\t\t\t\t\t<\/div>\n\t\t\n    <\/div>\n\t<div class=\"wpb_text_column wpb_content_element\" >\n\t\t<div class=\"wpb_wrapper\">\n\t\t\t<p>\u016adensaugi plaukst \u016bdens vid\u0113, piem\u0113ram, sald\u016bdens ezeros, up\u0113s, mitr\u0101jos un pat ies\u0101\u013cos un s\u0101ls\u016bdens re\u0123ionos. Tos iedala da\u017e\u0101d\u0101s ekolo\u0123isk\u0101s kopien\u0101s, tostarp upju, ezeru un palustr\u012bnu.<\/p>\n\n\t\t<\/div>\n\t<\/div>\n<div id=\"kapee-header-67180\" class=\"kapee-element kapee-heading text-left kapee-width-100 separator-line separator-between-heading\">\t\n\t\t\t\n\t\t\t<div class=\"heading-wrap\">\n\t\t\t<span class=\"separator-left\"><\/span>\n\t\t\t<h3 class=\"heading-title\">Vairumtirdzniec\u012bba \u016bdensaugi <\/h3>\t\t\t<span class=\"separator-right\"><\/span>\n\t\t\t\t\t<\/div>\n\t\t\n    <\/div>\n\t<div class=\"wpb_text_column wpb_content_element\" >\n\t\t<div class=\"wpb_wrapper\">\n\t\t\t<p>M\u0113s pied\u0101v\u0101jam pla\u0161u augst\u0101k\u0101s kvalit\u0101tes tropisko akv\u0101rija augu kl\u0101stu. Akv\u0101rija augi uzlabo j\u016bsu akv\u0101rija izskatu, pie\u0161\u0137irot tam kr\u0101su, stilu un dz\u012bv\u012bbu. Ieg\u0101d\u0101jieties augstas kvalit\u0101tes svaigus akv\u0101rija augus vairumtirdzniec\u012bb\u0101.<\/p>\n\n\t\t<\/div>\n\t<\/div>\n<\/div><\/div><\/div><\/div>\n<\/div>","protected":false},"excerpt":{"rendered":"Aquarium Plants Aquatic plants thrive in water environments such as freshwater lakes, rivers, wetlands, and even brackish and saltwater regions. They are categorized into various ecological communities including riverine, lacustrine, and palustrine. Wholesale Aquatic Plants We offer a wide range of tropical aquarium plants of the highest quality. Aquarium plants enhance the look of your tank, adding colour, style and life. Get high-quality farm-fresh aquatic plants on a wholesale level.","protected":false},"featured_media":2646,"comment_status":"open","ping_status":"closed","template":"","meta":{"_seopress_robots_primary_cat":"none","_seopress_titles_title":"Bucephalandra Pink | Wholesale Aquatic Plants","_seopress_titles_desc":"Discover Bucephalandra Pink, perfect for aquascaping. Buy live aquarium plants online and elevate your tank's beauty. Shop now!","_seopress_robots_index":""},"product_brand":[],"product_cat":[95],"product_tag":[],"class_list":{"0":"post-2616","1":"product","2":"type-product","3":"status-publish","4":"has-post-thumbnail","6":"product_cat-aquatic-plants","8":"first","9":"instock","10":"shipping-taxable","11":"purchasable","12":"product-type-simple","13":"add-to-wishlist-after_add_to_cart"},"_links":{"self":[{"href":"https:\/\/fishbuff.com\/lv\/wp-json\/wp\/v2\/product\/2616","targetHints":{"allow":["GET"]}}],"collection":[{"href":"https:\/\/fishbuff.com\/lv\/wp-json\/wp\/v2\/product"}],"about":[{"href":"https:\/\/fishbuff.com\/lv\/wp-json\/wp\/v2\/types\/product"}],"replies":[{"embeddable":true,"href":"https:\/\/fishbuff.com\/lv\/wp-json\/wp\/v2\/comments?post=2616"}],"wp:featuredmedia":[{"embeddable":true,"href":"https:\/\/fishbuff.com\/lv\/wp-json\/wp\/v2\/media\/2646"}],"wp:attachment":[{"href":"https:\/\/fishbuff.com\/lv\/wp-json\/wp\/v2\/media?parent=2616"}],"wp:term":[{"taxonomy":"product_brand","embeddable":true,"href":"https:\/\/fishbuff.com\/lv\/wp-json\/wp\/v2\/product_brand?post=2616"},{"taxonomy":"product_cat","embeddable":true,"href":"https:\/\/fishbuff.com\/lv\/wp-json\/wp\/v2\/product_cat?post=2616"},{"taxonomy":"product_tag","embeddable":true,"href":"https:\/\/fishbuff.com\/lv\/wp-json\/wp\/v2\/product_tag?post=2616"}],"curies":[{"name":"wp","href":"https:\/\/api.w.org\/{rel}","templated":true}]}}