{"id":344,"date":"2025-12-23T14:59:45","date_gmt":"2025-12-23T14:59:45","guid":{"rendered":"https:\/\/fishbuff.com\/?post_type=product&#038;p=344"},"modified":"2026-01-07T07:10:03","modified_gmt":"2026-01-07T07:10:03","slug":"kamfa-flowerhorn","status":"publish","type":"product","link":"https:\/\/fishbuff.com\/lv\/product\/kamfa-flowerhorn\/","title":{"rendered":"2.5&#8243; Kamfa Flowerhorn"},"content":{"rendered":"<div class=\"wpb-content-wrapper\"><div class=\"vc_row wpb_row vc_row-fluid\"><div class=\"wpb_column vc_column_container vc_col-sm-12\"><div class=\"vc_column-inner\"><div class=\"wpb_wrapper\">\n\t<div class=\"wpb_text_column wpb_content_element\" >\n\t\t<div class=\"wpb_wrapper\">\n\t\t\t<p style=\"font-size: 24px; color: #0ca4ff; font-weight: bold; margin: 0;\">2 dienu garantija <a style=\"color: #333333; font-size: 12px; font-weight: normal;\" href=\"https:\/\/fishbuff.com\/lv\/our-guarantee\/\">Uzzin\u0101t vair\u0101k<\/a><\/p>\n<p>Zivju att\u0113li tiek uz\u0146emti p\u0113c iesp\u0113jas prec\u012bz\u0101k. Att\u0113li ir ilustr\u0101cijai, lai prec\u012bzi att\u0113lotu zivis.<br \/>\nUzskait\u012btaj\u0101 cen\u0101 bija iek\u013cautas pieg\u0101des izmaksas no Indon\u0113zijas, izmantojot p\u0101rs\u016bt\u012b\u0161anas uz\u0146\u0113mumu. Pirc\u0113jam j\u0101maks\u0101 viet\u0113jam p\u0101rs\u016bt\u012b\u0161anas a\u0123entam par importa nodev\u0101m un iek\u0161zemes pieg\u0101des izmaks\u0101m.<\/p>\n\n\t\t<\/div>\n\t<\/div>\n<div id=\"kapee-header-95077\" class=\"kapee-element kapee-heading text-left kapee-width-100 separator-line separator-between-heading\">\t\n\t\t\t\n\t\t\t<div class=\"heading-wrap\">\n\t\t\t<span class=\"separator-left\"><\/span>\n\t\t\t<h2 class=\"heading-title\">Kamfa Flowerhorn Cichlid <\/h2>\t\t\t<span class=\"separator-right\"><\/span>\n\t\t\t\t\t<\/div>\n\t\t\n    <\/div><\/div><\/div><\/div><\/div><div class=\"vc_row wpb_row vc_row-fluid\"><div class=\"wpb_column vc_column_container vc_col-sm-6\"><div class=\"vc_column-inner\"><div class=\"wpb_wrapper\">\n\t<div class=\"wpb_text_column wpb_content_element\" >\n\t\t<div class=\"wpb_wrapper\">\n\t\t\t<h3 style=\"font-size: 24px; margin: 0.67em 0;\">Kamfa Cichlid<\/h3>\n<p>The Kamfa flowerhorn is known for its unique body shape (often rounder with shorter mouths), intense pearling, and prominent head hump (kok).<\/p>\n<p><strong>Izcelsme<\/strong> - Saimniec\u012bb\u0101 audz\u0113ti<br \/>\n<strong>Di\u0113ta<\/strong> - Vis\u0113d\u0101js<br \/>\n<strong>pH<\/strong> &#8211; 7.0 to 8.0<br \/>\n<strong>Temp<\/strong> \u2013 25\u00b0C to 28\u00b0C<br \/>\n<strong>Pa\u0161reiz\u0113jais izm\u0113rs<\/strong> \u2013 2,5 inches<\/p>\n\n\t\t<\/div>\n\t<\/div>\n<\/div><\/div><\/div><div class=\"wpb_column vc_column_container vc_col-sm-6\"><div class=\"vc_column-inner\"><div class=\"wpb_wrapper\"><div id=\"kapee-header-2581\" class=\"kapee-element kapee-heading text-left kapee-width-100 separator-none separator-between-heading\">\t\n\t\t\t\n\t\t\t<div class=\"heading-wrap\">\n\t\t\t<span class=\"separator-left\"><\/span>\n\t\t\t<h3 class=\"heading-title\">\u0100tr\u0101 statistika <\/h3>\t\t\t<span class=\"separator-right\"><\/span>\n\t\t\t\t\t<\/div>\n\t\t\n    <\/div><div class=\"vc_progress_bar wpb_content_element\" ><div class=\"vc_general vc_single_bar\"><small class=\"vc_label\" style=\"color: #FFFFFF;\">RARIT\u0100TE<\/small><span class=\"vc_bar\" data-percentage-value=\"25\" data-value=\"25\" style=\"background-color: #0CA4FF;\"><\/span><\/div><div class=\"vc_general vc_single_bar\"><small class=\"vc_label\" style=\"color: #FFFFFF;\">KOP\u0160ANAS L\u012aME\u0145\u0160<\/small><span class=\"vc_bar\" data-percentage-value=\"75\" data-value=\"75\" style=\"background-color: #0CA4FF;\"><\/span><\/div><div class=\"vc_general vc_single_bar\"><small class=\"vc_label\" style=\"color: #FFFFFF;\">TEMPERAMENTS<\/small><span class=\"vc_bar\" data-percentage-value=\"100\" data-value=\"100\" style=\"background-color: #0CA4FF;\"><\/span><\/div><div class=\"vc_general vc_single_bar\"><small class=\"vc_label\" style=\"color: #FFFFFF;\">KOMPATIBILIT\u0100TE<\/small><span class=\"vc_bar\" data-percentage-value=\"25\" data-value=\"25\" style=\"background-color: #0CA4FF;\"><\/span><\/div><div class=\"vc_general vc_single_bar\"><small class=\"vc_label\" style=\"color: #FFFFFF;\">TVERTNE, KUR\u0100 IR IEVIETOTA IEK\u0100RTA<\/small><span class=\"vc_bar\" data-percentage-value=\"25\" data-value=\"25\" style=\"background-color: #0CA4FF;\"><\/span><\/div><\/div><\/div><\/div><\/div><\/div>\n<\/div>","protected":false},"excerpt":{"rendered":"<p style=\"color: red;\">L\u016bdzu, izlasiet m\u016bsu <a href=\"https:\/\/fishbuff.com\/lv\/terms-conditions\/\" target=\"_blank\" rel=\"noopener\">Noteikumi un nosac\u012bjumi<\/a> pirms ieg\u0101des.<br \/>\nVeicot pirkumu, m\u0113s nor\u0101d\u0101m, ka j\u016bs piekr\u012btat un pie\u0146emat piem\u0113rojamos noteikumus un nosac\u012bjumus.<\/p>","protected":false},"featured_media":374,"comment_status":"open","ping_status":"closed","template":"","meta":{"_seopress_robots_primary_cat":"none","_seopress_titles_title":"Shop Kamfa Flowerhorn Cichlids with Live Arrival Guarantee","_seopress_titles_desc":"Get Kamfa Flowerhorn Cichlids shipped from Indonesia. Live Arrival Guarantee ensures you receive healthy fish. Contact support for claim or queries.","_seopress_robots_index":""},"product_brand":[],"product_cat":[44],"product_tag":[],"class_list":{"0":"post-344","1":"product","2":"type-product","3":"status-publish","4":"has-post-thumbnail","6":"product_cat-flowerhorn","8":"first","9":"outofstock","10":"shipping-taxable","11":"purchasable","12":"product-type-simple","13":"add-to-wishlist-after_add_to_cart"},"_links":{"self":[{"href":"https:\/\/fishbuff.com\/lv\/wp-json\/wp\/v2\/product\/344","targetHints":{"allow":["GET"]}}],"collection":[{"href":"https:\/\/fishbuff.com\/lv\/wp-json\/wp\/v2\/product"}],"about":[{"href":"https:\/\/fishbuff.com\/lv\/wp-json\/wp\/v2\/types\/product"}],"replies":[{"embeddable":true,"href":"https:\/\/fishbuff.com\/lv\/wp-json\/wp\/v2\/comments?post=344"}],"wp:featuredmedia":[{"embeddable":true,"href":"https:\/\/fishbuff.com\/lv\/wp-json\/wp\/v2\/media\/374"}],"wp:attachment":[{"href":"https:\/\/fishbuff.com\/lv\/wp-json\/wp\/v2\/media?parent=344"}],"wp:term":[{"taxonomy":"product_brand","embeddable":true,"href":"https:\/\/fishbuff.com\/lv\/wp-json\/wp\/v2\/product_brand?post=344"},{"taxonomy":"product_cat","embeddable":true,"href":"https:\/\/fishbuff.com\/lv\/wp-json\/wp\/v2\/product_cat?post=344"},{"taxonomy":"product_tag","embeddable":true,"href":"https:\/\/fishbuff.com\/lv\/wp-json\/wp\/v2\/product_tag?post=344"}],"curies":[{"name":"wp","href":"https:\/\/api.w.org\/{rel}","templated":true}]}}