{"id":602,"date":"2025-12-23T15:01:20","date_gmt":"2025-12-23T15:01:20","guid":{"rendered":"https:\/\/fishbuff.com\/?post_type=product&#038;p=602"},"modified":"2025-12-23T15:01:36","modified_gmt":"2025-12-23T15:01:36","slug":"red-scarlet-endler","status":"publish","type":"product","link":"https:\/\/fishbuff.com\/lv\/product\/red-scarlet-endler\/","title":{"rendered":"Red Scarlet Endler"},"content":{"rendered":"<div class=\"wpb-content-wrapper\"><div class=\"vc_row wpb_row vc_row-fluid\"><div class=\"wpb_column vc_column_container vc_col-sm-12\"><div class=\"vc_column-inner\"><div class=\"wpb_wrapper\"><div id=\"kapee-header-51351\" class=\"kapee-element kapee-heading text-left kapee-width-100 separator-line separator-between-heading\">\t\n\t\t\t\n\t\t\t<div class=\"heading-wrap\">\n\t\t\t<span class=\"separator-left\"><\/span>\n\t\t\t<h2 class=\"heading-title\">Guppy zivju veikals <\/h2>\t\t\t<span class=\"separator-right\"><\/span>\n\t\t\t\t\t<\/div>\n\t\t\n    <\/div>\n\t<div class=\"wpb_text_column wpb_content_element\" >\n\t\t<div class=\"wpb_wrapper\">\n\t\t\t<p><span style=\"color: red;\">Nor\u0101d\u012bt\u0101 cena ir par p\u0101ri (viens t\u0113vi\u0146\u0161 un viena m\u0101t\u012bte).<\/span><br \/>\nZivju att\u0113li tiek uz\u0146emti p\u0113c iesp\u0113jas prec\u012bz\u0101k. Att\u0113li ir att\u0113loti k\u0101 prec\u012bza zivs att\u0113la ilustr\u0101cija.<br \/>\nUzskait\u012btaj\u0101 cen\u0101 ir iek\u013cautas pieg\u0101des izmaksas no Indon\u0113zijas, izmantojot Transhipper. Pirc\u0113jam ir j\u0101maks\u0101 viet\u0113jam transhipper a\u0123entam par importa nodev\u0101m un iek\u0161zemes pieg\u0101des izmaks\u0101m.<\/p>\n\n\t\t<\/div>\n\t<\/div>\n<div id=\"kapee-header-27397\" class=\"kapee-element kapee-heading text-left kapee-width-100 separator-none separator-between-heading\">\t\n\t\t\t\n\t\t\t<div class=\"heading-wrap\">\n\t\t\t<span class=\"separator-left\"><\/span>\n\t\t\t<h3 class=\"heading-title\">Pirkt dz\u012bvas akv\u0101rija zivis tie\u0161saist\u0113 <\/h3>\t\t\t<span class=\"separator-right\"><\/span>\n\t\t\t\t\t<\/div>\n\t\t\n    <\/div>\n<div id=\"kapee-accordion-71082\" class=\"kapee-element kapee-accordion panel-group accordion-line align-left accordion-icon-plus icon-position-right\">\n\t\n\t\t\t\n\t\t<div class=\"card\">\n\t\t\t<div class=\"card-header\">\n\t\t\t\t<h4 class=\"card-title\">\t\t\t\t\t\n\t\t\t\t\t<a class=\"card-link collapsed\" data-toggle=\"collapse\" href=\"#kp-accordions-83741\">\n\t\t\t\t\t\t\t\t\t\t\t\tKur j\u016bs s\u016bt\u0101t zivis?\t\t\t\t\t\t\t\t\t\t\t<\/a>\t\t\t\t\t\n\t\t\t\t<\/h4>\n\t\t\t<\/div>\n\t\t\t<div id=\"kp-accordions-83741\" class=\"collapse\" data-parent=\"#kapee-accordion-71082\">\n\t\t\t\t<div class=\"card-body\">\n\t\t\t\t\t\n\t<div class=\"wpb_text_column wpb_content_element\" >\n\t\t<div class=\"wpb_wrapper\">\n\t\t\t<p>Mazumtirdzniec\u012bbas pas\u016bt\u012bjumiem paredz\u0113t\u0101s zivis m\u0113s s\u016bt\u0101m tikai uz noteikt\u0101m valst\u012bm. S\u016bt\u012bjumi tiek veikti tikai uz \u0161\u0101d\u0101m valst\u012bm; Austr\u0101lija\/ Austrija\/ Barbadosa\/ Be\u013c\u0123ija\/ Bol\u012bvija\/ Braz\u012blija\/ Bruneja\/ Bulg\u0101rija\/ Kambod\u017ea\/ Kan\u0101da\/ \u010c\u012ble\/ \u0136\u012bna\/ Kolumbija\/ Kostarika\/ Horv\u0101tija\/ Kipra\/ \u010cehija\/ D\u0101nija\/ Dominik\u0101nas Republika\/ Ekvadora\/ Igaunija\/ Somija\/ Francija\/ V\u0101cija\/ Grie\u0137ija\/ Guama\/ Haiti\/ Honkongs\/ Ung\u0101rija\/ Indija\/ \u012arija\/ It\u0101lija\/ Jap\u0101na\/ Kuveita\/ Latvija\/ Lihten\u0161teina\/ Lietuva\/ Luksemburga\/ Malaizija\/. Meksika\/ Mjanma\/ N\u012bderlande\/ Norv\u0113\u0123ija\/ Om\u0101na\/ Panama\/ Paragvaja\/ Peru\/ Puertoriko\/ Filip\u012bnas\/ Polija\/ Portug\u0101le\/ Rum\u0101nija\/ Sanmar\u012bno\/ Serbija\/ Singap\u016bra\/ Slov\u0101kija\/ Slov\u0113nija\/ Dienvid\u0101frika\/ Dienvidkoreja\/ Sp\u0101nija\/ Surinama\/ Zviedrija\/ \u0160veice\/ Taiv\u0101na\/ Taizeme\/ Taizeme\/ Trinid\u0101da un Tob\u0101go\/ T\u0113rksas un Kaikosas salas\/ Apvienotie Emir\u0101ti\/ Apvienot\u0101 Karaliste\/ ASV\/ ASV Vird\u017e\u012bnu salas\/ Vjetnama.<\/p>\n\n\t\t<\/div>\n\t<\/div>\n\t\t\t\t<\/div>\n\t\t\t<\/div>\n\t\t<\/div>\n\t\t\t\n\t\t<div class=\"card\">\n\t\t\t<div class=\"card-header\">\n\t\t\t\t<h4 class=\"card-title\">\t\t\t\t\t\n\t\t\t\t\t<a class=\"card-link collapsed\" data-toggle=\"collapse\" href=\"#kp-accordions-93446\">\n\t\t\t\t\t\t\t\t\t\t\t\tCik ilg\u0101 laik\u0101 tiks sa\u0146emtas manas zivis?\t\t\t\t\t\t\t\t\t\t\t<\/a>\t\t\t\t\t\n\t\t\t\t<\/h4>\n\t\t\t<\/div>\n\t\t\t<div id=\"kp-accordions-93446\" class=\"collapse\" data-parent=\"#kapee-accordion-71082\">\n\t\t\t\t<div class=\"card-body\">\n\t\t\t\t\t\n\t<div class=\"wpb_text_column wpb_content_element\" >\n\t\t<div class=\"wpb_wrapper\">\n\t\t\t<p>Pas\u016bt\u012bjumu parasti sa\u0146emsiet 7-14 darba dienu laik\u0101. Da\u017eos gad\u012bjumos tas var aiz\u0146emt m\u0113nesi.<\/p>\n\n\t\t<\/div>\n\t<\/div>\n\t\t\t\t<\/div>\n\t\t\t<\/div>\n\t\t<\/div>\n\t\t\t\n\t\t<div class=\"card\">\n\t\t\t<div class=\"card-header\">\n\t\t\t\t<h4 class=\"card-title\">\t\t\t\t\t\n\t\t\t\t\t<a class=\"card-link collapsed\" data-toggle=\"collapse\" href=\"#kp-accordions-68931\">\n\t\t\t\t\t\t\t\t\t\t\t\tK\u0101p\u0113c zivs sa\u0146em\u0161ana aiz\u0146em tik ilgu laiku?\t\t\t\t\t\t\t\t\t\t\t<\/a>\t\t\t\t\t\n\t\t\t\t<\/h4>\n\t\t\t<\/div>\n\t\t\t<div id=\"kp-accordions-68931\" class=\"collapse\" data-parent=\"#kapee-accordion-71082\">\n\t\t\t\t<div class=\"card-body\">\n\t\t\t\t\t\n\t<div class=\"wpb_text_column wpb_content_element\" >\n\t\t<div class=\"wpb_wrapper\">\n\t\t\t<p>Mazumtirdzniec\u012bbas pas\u016bt\u012bjumus m\u0113s s\u016bt\u0101m tikai ar p\u0101rs\u016bt\u012bt\u0101ja starpniec\u012bbu. S\u016bt\u012bjumi tiek veikti, pamatojoties uz to pieejamo m\u0113ne\u0161a grafiku, ko nosaka pats p\u0101rs\u016bt\u012bt\u0101js.<br \/>\nVair\u0101k\u0101s valst\u012bs, kur\u0101s p\u0101rvad\u0101jumu apjoms nav pietiekami liels, parasti ir \u013coti ierobe\u017eoti grafiki.<br \/>\nJa v\u0113laties p\u0101rliecin\u0101ties, kad ir \u012bstais laiks veikt pas\u016bt\u012bjumu, vispirms sazinieties ar mums.<\/p>\n\n\t\t<\/div>\n\t<\/div>\n\t\t\t\t<\/div>\n\t\t\t<\/div>\n\t\t<\/div>\n\t\t\t\n\t\t<div class=\"card\">\n\t\t\t<div class=\"card-header\">\n\t\t\t\t<h4 class=\"card-title\">\t\t\t\t\t\n\t\t\t\t\t<a class=\"card-link collapsed\" data-toggle=\"collapse\" href=\"#kp-accordions-7240\">\n\t\t\t\t\t\t\t\t\t\t\t\tKo dar\u012bt, ja mana zivs ierodas beigta?\t\t\t\t\t\t\t\t\t\t\t<\/a>\t\t\t\t\t\n\t\t\t\t<\/h4>\n\t\t\t<\/div>\n\t\t\t<div id=\"kp-accordions-7240\" class=\"collapse\" data-parent=\"#kapee-accordion-71082\">\n\t\t\t\t<div class=\"card-body\">\n\t\t\t\t\t\n\t<div class=\"wpb_text_column wpb_content_element\" >\n\t\t<div class=\"wpb_wrapper\">\n\t\t\t<p>Maz ticamaj\u0101 gad\u012bjum\u0101, ja sa\u0146emat beigtu zivi, jums ir j\u0101sazin\u0101s ar mums 24 stundu laik\u0101 p\u0113c t\u0101s sa\u0146em\u0161anas. Jebkuras pretenzijas p\u0113c \u0161\u012b termi\u0146a beig\u0101m netiks izskat\u012btas.<br \/>\nNOP gad\u012bjum\u0101, l\u016bdzu, nos\u016btiet mums skaidru miru\u0161\u0101s zivs att\u0113lu neatv\u0113rt\u0101 maisi\u0146\u0101. Klients var iesniegt pretenziju pa e-pastu support@fishbuff.com vai WhatsApp, zvanot uz (+62) 821-3871-8445.<\/p>\n\n\t\t<\/div>\n\t<\/div>\n\t\t\t\t<\/div>\n\t\t\t<\/div>\n\t\t<\/div>\n\t\t\t\n\t\t<div class=\"card\">\n\t\t\t<div class=\"card-header\">\n\t\t\t\t<h4 class=\"card-title\">\t\t\t\t\t\n\t\t\t\t\t<a class=\"card-link collapsed\" data-toggle=\"collapse\" href=\"#kp-accordions-97134\">\n\t\t\t\t\t\t\t\t\t\t\t\tVai j\u016bs pie\u0146\u0113m\u0101t atgrie\u0161anu vai apmai\u0146u?\t\t\t\t\t\t\t\t\t\t\t<\/a>\t\t\t\t\t\n\t\t\t\t<\/h4>\n\t\t\t<\/div>\n\t\t\t<div id=\"kp-accordions-97134\" class=\"collapse\" data-parent=\"#kapee-accordion-71082\">\n\t\t\t\t<div class=\"card-body\">\n\t\t\t\t\t\n\t<div class=\"wpb_text_column wpb_content_element\" >\n\t\t<div class=\"wpb_wrapper\">\n\t\t\t<p>M\u0113s nepied\u0101v\u0101jam pre\u010du atgrie\u0161anu vai apmai\u0146u, ta\u010du m\u0113s labpr\u0101t nomain\u012bsim jebkuru pas\u016bt\u012bjumu, kas atbilst m\u016bsu pretenziju politikai.<\/p>\n\n\t\t<\/div>\n\t<\/div>\n\t\t\t\t<\/div>\n\t\t\t<\/div>\n\t\t<\/div>\n\t<\/div><\/div><\/div><\/div><\/div>\n<\/div>","protected":false},"excerpt":{"rendered":"<p style=\"color: red;\">L\u016bdzu, izlasiet m\u016bsu <a href=\"https:\/\/fishbuff.com\/lv\/terms-conditions\/\" target=\"_blank\" rel=\"noopener\">Noteikumi un nosac\u012bjumi<\/a> pirms ieg\u0101des.<br \/>\nVeicot pirkumu, m\u0113s nor\u0101d\u012bj\u0101m, ka j\u016bs piekr\u012btat un pie\u0146emat piem\u0113rojamos noteikumus un nosac\u012bjumus.<\/p>","protected":false},"featured_media":632,"comment_status":"open","ping_status":"closed","template":"","meta":{"_seopress_robots_primary_cat":"91","_seopress_titles_title":"Affordable Red Scarlet Endler Guppies","_seopress_titles_desc":"Get stunning Red Scarlet Endler guppies! Price includes shipping from Indonesia. Live Arrival Guarantee ensures your fish arrive healthy.","_seopress_robots_index":""},"product_brand":[],"product_cat":[69],"product_tag":[],"class_list":{"0":"post-602","1":"product","2":"type-product","3":"status-publish","4":"has-post-thumbnail","6":"product_cat-guppy","8":"first","9":"instock","10":"shipping-taxable","11":"purchasable","12":"product-type-simple","13":"add-to-wishlist-after_add_to_cart"},"_links":{"self":[{"href":"https:\/\/fishbuff.com\/lv\/wp-json\/wp\/v2\/product\/602","targetHints":{"allow":["GET"]}}],"collection":[{"href":"https:\/\/fishbuff.com\/lv\/wp-json\/wp\/v2\/product"}],"about":[{"href":"https:\/\/fishbuff.com\/lv\/wp-json\/wp\/v2\/types\/product"}],"replies":[{"embeddable":true,"href":"https:\/\/fishbuff.com\/lv\/wp-json\/wp\/v2\/comments?post=602"}],"wp:featuredmedia":[{"embeddable":true,"href":"https:\/\/fishbuff.com\/lv\/wp-json\/wp\/v2\/media\/632"}],"wp:attachment":[{"href":"https:\/\/fishbuff.com\/lv\/wp-json\/wp\/v2\/media?parent=602"}],"wp:term":[{"taxonomy":"product_brand","embeddable":true,"href":"https:\/\/fishbuff.com\/lv\/wp-json\/wp\/v2\/product_brand?post=602"},{"taxonomy":"product_cat","embeddable":true,"href":"https:\/\/fishbuff.com\/lv\/wp-json\/wp\/v2\/product_cat?post=602"},{"taxonomy":"product_tag","embeddable":true,"href":"https:\/\/fishbuff.com\/lv\/wp-json\/wp\/v2\/product_tag?post=602"}],"curies":[{"name":"wp","href":"https:\/\/api.w.org\/{rel}","templated":true}]}}