{"id":1246,"date":"2025-12-23T15:04:54","date_gmt":"2025-12-23T15:04:54","guid":{"rendered":"https:\/\/fishbuff.com\/?post_type=product&#038;p=1246"},"modified":"2026-01-12T09:15:06","modified_gmt":"2026-01-12T09:15:06","slug":"channa-barca","status":"publish","type":"product","link":"https:\/\/fishbuff.com\/nl\/product\/channa-barca\/","title":{"rendered":"11.5&#8243; Channa Barca"},"content":{"rendered":"<div class=\"wpb-content-wrapper\"><div class=\"vc_row wpb_row vc_row-fluid\"><div class=\"wpb_column vc_column_container vc_col-sm-12\"><div class=\"vc_column-inner\"><div class=\"wpb_wrapper\">\n\t<div class=\"wpb_text_column wpb_content_element\" >\n\t\t<div class=\"wpb_wrapper\">\n\t\t\t<p style=\"font-size: 24px; color: #0ca4ff; font-weight: bold; margin: 0;\">5 dagen garantie <a style=\"color: #333333; font-size: 12px; font-weight: normal;\" href=\"https:\/\/fishbuff.com\/nl\/our-guarantee\/\">Meer informatie<\/a><\/p>\n<p><span style=\"color: red;\">We verzenden geen Channa of Slangenkop naar Australi\u00eb, Barbados, Bolivia, Brazili\u00eb, Canada, Chili, Colombia, Costa Rica, Dominicaanse Republiek, Ecuador, Guam, Ha\u00efti, Mexico, Panama, Paraguay, Puerto Rico, Suriname, Trinidad en Tobago, Verenigde Staten en Amerikaanse Maagdeneilanden.<br \/>\nAlle soorten die behoren tot de slangenkopleden worden beschouwd als invasieve soorten, die niet mogen worden ge\u00efmporteerd in die landen.<\/span><br \/>\nVisfoto's worden zo nauwkeurig mogelijk gemaakt. Getoonde foto's zijn ter illustratie, als weergave van de exacte vis.<br \/>\nDe vermelde prijs is inclusief verzendkosten vanuit Indonesi\u00eb via een expediteur. De koper moet zijn plaatselijke expediteur betalen voor invoerrechten en binnenlandse verzendkosten.<\/p>\n\n\t\t<\/div>\n\t<\/div>\n<div id=\"kapee-header-3245\" class=\"kapee-element kapee-heading text-left kapee-width-100 separator-line separator-between-heading\">\t\n\t\t\t\n\t\t\t<div class=\"heading-wrap\">\n\t\t\t<span class=\"separator-left\"><\/span>\n\t\t\t<h2 class=\"heading-title\">Barca Snakehead <\/h2>\t\t\t<span class=\"separator-right\"><\/span>\n\t\t\t\t\t<\/div>\n\t\t\n    <\/div><\/div><\/div><\/div><\/div><div class=\"vc_row wpb_row vc_row-fluid\"><div class=\"wpb_column vc_column_container vc_col-sm-6\"><div class=\"vc_column-inner\"><div class=\"wpb_wrapper\">\n\t<div class=\"wpb_text_column wpb_content_element\" >\n\t\t<div class=\"wpb_wrapper\">\n\t\t\t<h3 style=\"font-size: 24px; margin: 0.67em 0;\">Channa Barca<\/h3>\n<p>Barca snakehead is known for beautiful patterns, often with iridescent spots, making it highly desirable.<\/p>\n<p><strong>Oorsprong<\/strong> - Opgefokte boerderij<br \/>\n<strong>Dieet<\/strong> - Vleeseter<br \/>\n<strong>pH<\/strong> - 6,0 tot 8,0<br \/>\n<strong>Temp<\/strong> - 26\u00b0C tot 30\u00b0C<br \/>\n<strong>Huidige grootte<\/strong> \u2013 11,5 inches<\/p>\n\n\t\t<\/div>\n\t<\/div>\n<\/div><\/div><\/div><div class=\"wpb_column vc_column_container vc_col-sm-6\"><div class=\"vc_column-inner\"><div class=\"wpb_wrapper\"><div id=\"kapee-header-77600\" class=\"kapee-element kapee-heading text-left kapee-width-100 separator-none separator-between-heading\">\t\n\t\t\t\n\t\t\t<div class=\"heading-wrap\">\n\t\t\t<span class=\"separator-left\"><\/span>\n\t\t\t<h3 class=\"heading-title\">Snelle statistieken <\/h3>\t\t\t<span class=\"separator-right\"><\/span>\n\t\t\t\t\t<\/div>\n\t\t\n    <\/div><div class=\"vc_progress_bar wpb_content_element\" ><div class=\"vc_general vc_single_bar\"><small class=\"vc_label\" style=\"color: #FFFFFF;\">ZELDZAAMHEID<\/small><span class=\"vc_bar\" data-percentage-value=\"100\" data-value=\"100\" style=\"background-color: #0CA4FF;\"><\/span><\/div><div class=\"vc_general vc_single_bar\"><small class=\"vc_label\" style=\"color: #FFFFFF;\">ZORGNIVEAU<\/small><span class=\"vc_bar\" data-percentage-value=\"50\" data-value=\"50\" style=\"background-color: #0CA4FF;\"><\/span><\/div><div class=\"vc_general vc_single_bar\"><small class=\"vc_label\" style=\"color: #FFFFFF;\">TEMPERAMENT<\/small><span class=\"vc_bar\" data-percentage-value=\"100\" data-value=\"100\" style=\"background-color: #0CA4FF;\"><\/span><\/div><div class=\"vc_general vc_single_bar\"><small class=\"vc_label\" style=\"color: #FFFFFF;\">COMPATIBILITEIT<\/small><span class=\"vc_bar\" data-percentage-value=\"50\" data-value=\"50\" style=\"background-color: #0CA4FF;\"><\/span><\/div><div class=\"vc_general vc_single_bar\"><small class=\"vc_label\" style=\"color: #FFFFFF;\">GEPLAATSTE TANK<\/small><span class=\"vc_bar\" data-percentage-value=\"50\" data-value=\"50\" style=\"background-color: #0CA4FF;\"><\/span><\/div><\/div><\/div><\/div><\/div><\/div>\n<\/div>","protected":false},"excerpt":{"rendered":"<p style=\"color: red;\">Lees onze <a href=\"https:\/\/fishbuff.com\/nl\/terms-conditions\/\" target=\"_blank\" rel=\"noopener\">Algemene voorwaarden<\/a> voor aankoop.<br \/>\nDoor te kopen geven we aan dat je akkoord gaat met de toepasselijke voorwaarden.<\/p>","protected":false},"featured_media":1276,"comment_status":"open","ping_status":"closed","template":"","meta":{"_seopress_robots_primary_cat":"none","_seopress_titles_title":"Buy Channa Barca with Shipping Included","_seopress_titles_desc":"Order stunning Channa barca with shipping from Indonesia included. Live Arrival Guarantee ensures a safe delivery. Contact us for claims.","_seopress_robots_index":""},"product_brand":[],"product_cat":[43],"product_tag":[],"class_list":{"0":"post-1246","1":"product","2":"type-product","3":"status-publish","4":"has-post-thumbnail","6":"product_cat-snakehead","8":"first","9":"instock","10":"sale","11":"shipping-taxable","12":"purchasable","13":"product-type-simple","14":"add-to-wishlist-after_add_to_cart"},"_links":{"self":[{"href":"https:\/\/fishbuff.com\/nl\/wp-json\/wp\/v2\/product\/1246","targetHints":{"allow":["GET"]}}],"collection":[{"href":"https:\/\/fishbuff.com\/nl\/wp-json\/wp\/v2\/product"}],"about":[{"href":"https:\/\/fishbuff.com\/nl\/wp-json\/wp\/v2\/types\/product"}],"replies":[{"embeddable":true,"href":"https:\/\/fishbuff.com\/nl\/wp-json\/wp\/v2\/comments?post=1246"}],"wp:featuredmedia":[{"embeddable":true,"href":"https:\/\/fishbuff.com\/nl\/wp-json\/wp\/v2\/media\/1276"}],"wp:attachment":[{"href":"https:\/\/fishbuff.com\/nl\/wp-json\/wp\/v2\/media?parent=1246"}],"wp:term":[{"taxonomy":"product_brand","embeddable":true,"href":"https:\/\/fishbuff.com\/nl\/wp-json\/wp\/v2\/product_brand?post=1246"},{"taxonomy":"product_cat","embeddable":true,"href":"https:\/\/fishbuff.com\/nl\/wp-json\/wp\/v2\/product_cat?post=1246"},{"taxonomy":"product_tag","embeddable":true,"href":"https:\/\/fishbuff.com\/nl\/wp-json\/wp\/v2\/product_tag?post=1246"}],"curies":[{"name":"wp","href":"https:\/\/api.w.org\/{rel}","templated":true}]}}