{"id":339,"date":"2025-12-23T14:59:44","date_gmt":"2025-12-23T14:59:44","guid":{"rendered":"https:\/\/fishbuff.com\/?post_type=product&#038;p=339"},"modified":"2026-01-12T13:29:48","modified_gmt":"2026-01-12T13:29:48","slug":"channa-argus","status":"publish","type":"product","link":"https:\/\/fishbuff.com\/nl\/product\/channa-argus\/","title":{"rendered":"3&#8243; Channa Argus"},"content":{"rendered":"<div class=\"wpb-content-wrapper\"><div class=\"vc_row wpb_row vc_row-fluid\"><div class=\"wpb_column vc_column_container vc_col-sm-12\"><div class=\"vc_column-inner\"><div class=\"wpb_wrapper\">\n\t<div class=\"wpb_text_column wpb_content_element\" >\n\t\t<div class=\"wpb_wrapper\">\n\t\t\t<p style=\"font-size: 24px; color: #0ca4ff; font-weight: bold; margin: 0;\">5 dagen garantie <a style=\"color: #333333; font-size: 12px; font-weight: normal;\" href=\"https:\/\/fishbuff.com\/nl\/our-guarantee\/\">Meer informatie<\/a><\/p>\n<p><span style=\"color: red;\">We verzenden geen Channa of Slangenkop naar Australi\u00eb, Barbados, Bolivia, Brazili\u00eb, Canada, Chili, Colombia, Costa Rica, Dominicaanse Republiek, Ecuador, Guam, Ha\u00efti, Mexico, Panama, Paraguay, Puerto Rico, Suriname, Trinidad en Tobago, Verenigde Staten en Amerikaanse Maagdeneilanden.<br \/>\nAlle soorten die behoren tot de slangenkopleden worden beschouwd als invasieve soorten, die niet mogen worden ge\u00efmporteerd in die landen.<\/span><br \/>\nVisfoto's worden zo nauwkeurig mogelijk gemaakt. Getoonde foto's zijn ter illustratie, als weergave van de exacte vis.<br \/>\nDe vermelde prijs is inclusief verzendkosten vanuit Indonesi\u00eb via een expediteur. De koper moet zijn plaatselijke expediteur betalen voor invoerrechten en binnenlandse verzendkosten.<\/p>\n\n\t\t<\/div>\n\t<\/div>\n<div id=\"kapee-header-84816\" class=\"kapee-element kapee-heading text-left kapee-width-100 separator-line separator-between-heading\">\t\n\t\t\t\n\t\t\t<div class=\"heading-wrap\">\n\t\t\t<span class=\"separator-left\"><\/span>\n\t\t\t<h2 class=\"heading-title\">Northern Snakehead <\/h2>\t\t\t<span class=\"separator-right\"><\/span>\n\t\t\t\t\t<\/div>\n\t\t\n    <\/div><\/div><\/div><\/div><\/div><div class=\"vc_row wpb_row vc_row-fluid\"><div class=\"wpb_column vc_column_container vc_col-sm-6\"><div class=\"vc_column-inner\"><div class=\"wpb_wrapper\">\n\t<div class=\"wpb_text_column wpb_content_element\" >\n\t\t<div class=\"wpb_wrapper\">\n\t\t\t<h3 style=\"font-size: 24px; margin: 0.67em 0;\">Channa Argus<\/h3>\n<p>Channa argus is a highly adaptable predatory fish, known for its cylindrical body with large scales, giving it a snake-like head.<\/p>\n<p><strong>Oorsprong<\/strong> - Opgefokte boerderij<br \/>\n<strong>Dieet<\/strong> - Vleeseter<br \/>\n<strong>pH<\/strong> &#8211; 6.0 to 7.5<br \/>\n<strong>Temp<\/strong> - 26\u00b0C tot 30\u00b0C<br \/>\n<strong>Huidige grootte<\/strong> - 3 inches<\/p>\n\n\t\t<\/div>\n\t<\/div>\n<\/div><\/div><\/div><div class=\"wpb_column vc_column_container vc_col-sm-6\"><div class=\"vc_column-inner\"><div class=\"wpb_wrapper\"><div id=\"kapee-header-11051\" class=\"kapee-element kapee-heading text-left kapee-width-100 separator-none separator-between-heading\">\t\n\t\t\t\n\t\t\t<div class=\"heading-wrap\">\n\t\t\t<span class=\"separator-left\"><\/span>\n\t\t\t<h3 class=\"heading-title\">Snelle statistieken <\/h3>\t\t\t<span class=\"separator-right\"><\/span>\n\t\t\t\t\t<\/div>\n\t\t\n    <\/div><div class=\"vc_progress_bar wpb_content_element\" ><div class=\"vc_general vc_single_bar\"><small class=\"vc_label\" style=\"color: #FFFFFF;\">ZELDZAAMHEID<\/small><span class=\"vc_bar\" data-percentage-value=\"50\" data-value=\"50\" style=\"background-color: #0CA4FF;\"><\/span><\/div><div class=\"vc_general vc_single_bar\"><small class=\"vc_label\" style=\"color: #FFFFFF;\">ZORGNIVEAU<\/small><span class=\"vc_bar\" data-percentage-value=\"25\" data-value=\"25\" style=\"background-color: #0CA4FF;\"><\/span><\/div><div class=\"vc_general vc_single_bar\"><small class=\"vc_label\" style=\"color: #FFFFFF;\">TEMPERAMENT<\/small><span class=\"vc_bar\" data-percentage-value=\"100\" data-value=\"100\" style=\"background-color: #0CA4FF;\"><\/span><\/div><div class=\"vc_general vc_single_bar\"><small class=\"vc_label\" style=\"color: #FFFFFF;\">COMPATIBILITEIT<\/small><span class=\"vc_bar\" data-percentage-value=\"50\" data-value=\"50\" style=\"background-color: #0CA4FF;\"><\/span><\/div><div class=\"vc_general vc_single_bar\"><small class=\"vc_label\" style=\"color: #FFFFFF;\">GEPLAATSTE TANK<\/small><span class=\"vc_bar\" data-percentage-value=\"50\" data-value=\"50\" style=\"background-color: #0CA4FF;\"><\/span><\/div><\/div><\/div><\/div><\/div><\/div>\n<\/div>","protected":false},"excerpt":{"rendered":"<p style=\"color: red;\">Lees onze <a href=\"https:\/\/fishbuff.com\/nl\/terms-conditions\/\" target=\"_blank\" rel=\"noopener\">Algemene voorwaarden<\/a> voor aankoop.<br \/>\nDoor te kopen geven we aan dat je akkoord gaat met de toepasselijke voorwaarden.<\/p>","protected":false},"featured_media":369,"comment_status":"open","ping_status":"closed","template":"","meta":{"_seopress_robots_primary_cat":"none","_seopress_titles_title":"Buy Live Channa Argus Online with Assurance","_seopress_titles_desc":"Discover top-quality Channa argus (northern snakehead) for sale online. Enjoy hassle-free shipping and a live arrival guarantee!","_seopress_robots_index":""},"product_brand":[],"product_cat":[43],"product_tag":[],"class_list":{"0":"post-339","1":"product","2":"type-product","3":"status-publish","4":"has-post-thumbnail","6":"product_cat-snakehead","8":"first","9":"instock","10":"shipping-taxable","11":"purchasable","12":"product-type-simple","13":"add-to-wishlist-after_add_to_cart"},"_links":{"self":[{"href":"https:\/\/fishbuff.com\/nl\/wp-json\/wp\/v2\/product\/339","targetHints":{"allow":["GET"]}}],"collection":[{"href":"https:\/\/fishbuff.com\/nl\/wp-json\/wp\/v2\/product"}],"about":[{"href":"https:\/\/fishbuff.com\/nl\/wp-json\/wp\/v2\/types\/product"}],"replies":[{"embeddable":true,"href":"https:\/\/fishbuff.com\/nl\/wp-json\/wp\/v2\/comments?post=339"}],"wp:featuredmedia":[{"embeddable":true,"href":"https:\/\/fishbuff.com\/nl\/wp-json\/wp\/v2\/media\/369"}],"wp:attachment":[{"href":"https:\/\/fishbuff.com\/nl\/wp-json\/wp\/v2\/media?parent=339"}],"wp:term":[{"taxonomy":"product_brand","embeddable":true,"href":"https:\/\/fishbuff.com\/nl\/wp-json\/wp\/v2\/product_brand?post=339"},{"taxonomy":"product_cat","embeddable":true,"href":"https:\/\/fishbuff.com\/nl\/wp-json\/wp\/v2\/product_cat?post=339"},{"taxonomy":"product_tag","embeddable":true,"href":"https:\/\/fishbuff.com\/nl\/wp-json\/wp\/v2\/product_tag?post=339"}],"curies":[{"name":"wp","href":"https:\/\/api.w.org\/{rel}","templated":true}]}}