{"id":3186,"date":"2025-12-25T16:49:13","date_gmt":"2025-12-25T16:49:13","guid":{"rendered":"https:\/\/fishbuff.com\/?page_id=3186"},"modified":"2026-01-29T09:45:04","modified_gmt":"2026-01-29T09:45:04","slug":"snegler-2","status":"publish","type":"page","link":"https:\/\/fishbuff.com\/no\/sortimentet-vart\/snegler-2\/","title":{"rendered":"Snegler"},"content":{"rendered":"<div class=\"wpb-content-wrapper\"><div class=\"vc_row wpb_row vc_row-fluid\"><div class=\"wpb_column vc_column_container vc_col-sm-12\"><div class=\"vc_column-inner\"><div class=\"wpb_wrapper\"><h2 style=\"font-size: 42px;color: #333333;line-height: 1.2;text-align: left\" class=\"vc_custom_heading vc_do_custom_heading vc_custom_1769446702386\" >Snegler (ferskvann)<\/h2>\n\t<div class=\"wpb_text_column wpb_content_element\" >\n\t\t<div class=\"wpb_wrapper\">\n\t\t\t<p>Snegler har v\u00e6rt popul\u00e6re i akvarier i flere ti\u00e5r, mest for \u00e5 hjelpe til med \u00e5 kontrollere alger, men ogs\u00e5 for deres utseende og interesse. Hos fishbuff kan du finne et stort utvalg av ferskvannssnegler som passer perfekt i akvariet, inkludert den popul\u00e6re arten kaninsnegler fra Sulawesi.<\/p>\n\n\t\t<\/div>\n\t<\/div>\n<div id=\"kapee-header-53657\" class=\"kapee-element kapee-heading text-left kapee-width-100 separator-line separator-between-heading\">\t\n\t\t\t\n\t\t\t<div class=\"heading-wrap\">\n\t\t\t<span class=\"separator-left\"><\/span>\n\t\t\t<h3 class=\"heading-title\">Engros ferskvannssnegler <\/h3>\t\t\t<span class=\"separator-right\"><\/span>\n\t\t\t\t\t<\/div>\n\t\t\n    <\/div>\n\t<div class=\"wpb_text_column wpb_content_element\" >\n\t\t<div class=\"wpb_wrapper\">\n\t\t\t<figure class=\"wp-block-table\">\n<table class=\"has-fixed-layout\">\n<tbody>\n<tr>\n<td>Vitenskapelig navn<\/td>\n<td>Vanlig navn<\/td>\n<td>Pris (USD)<\/td>\n<\/tr>\n<tr>\n<td>Celetaia persculpta<\/td>\n<td>-<\/td>\n<td>0.70<\/td>\n<\/tr>\n<tr>\n<td>Cerithidea cf. obtusa<\/td>\n<td>Kongesnegl kaninsnegl<\/td>\n<td>0.70<\/td>\n<\/tr>\n<tr>\n<td>Clea helena<\/td>\n<td>Mordersnegl<\/td>\n<td>0.20<\/td>\n<\/tr>\n<tr>\n<td>Clithon corona<\/td>\n<td>Hornsnegl<\/td>\n<td>0.25<\/td>\n<\/tr>\n<tr>\n<td>Clithon diadema<\/td>\n<td>Zebratornsnegl<\/td>\n<td>0.25<\/td>\n<\/tr>\n<tr>\n<td>Faunus ater<\/td>\n<td>Svart djevelsnegl<\/td>\n<td>0.30<\/td>\n<\/tr>\n<tr>\n<td>Filopaludina sp.<\/td>\n<td>-<\/td>\n<td>0.50<\/td>\n<\/tr>\n<tr>\n<td>Melanoides cf. maculata<\/td>\n<td>-<\/td>\n<td>0.50<\/td>\n<\/tr>\n<tr>\n<td>Miratesta celebensis<\/td>\n<td>-<\/td>\n<td>0.70<\/td>\n<\/tr>\n<tr>\n<td>Nerita balteata<\/td>\n<td>-<\/td>\n<td>0.40<\/td>\n<\/tr>\n<tr>\n<td>Neritina auriculata<\/td>\n<td>Batman-snegl<\/td>\n<td>0.25<\/td>\n<\/tr>\n<tr>\n<td>Neritina juttingae<\/td>\n<td>Kong koopa nerite<\/td>\n<td>0.40<\/td>\n<\/tr>\n<tr>\n<td>Neritina pulligera<\/td>\n<td>Svart milit\u00e6rhjelmsnegl<\/td>\n<td>0.25<\/td>\n<\/tr>\n<tr>\n<td>Neritina semiconica<\/td>\n<td>Tigerneritesnegler<\/td>\n<td>0.25<\/td>\n<\/tr>\n<tr>\n<td>Neritina turrita<\/td>\n<td>Zebranerittsnegl<\/td>\n<td>0.25<\/td>\n<\/tr>\n<tr>\n<td>Neritina variegata<\/td>\n<td>Batikk nerittsnegl<\/td>\n<td>0.25<\/td>\n<\/tr>\n<tr>\n<td>Neritina violacea<\/td>\n<td>R\u00f8d leppe-neritesnegl<\/td>\n<td>0.25<\/td>\n<\/tr>\n<tr>\n<td>Neritodryas hornhinne<\/td>\n<td>-<\/td>\n<td>0.25<\/td>\n<\/tr>\n<tr>\n<td>Neritodryas dubia<\/td>\n<td>Lynnedslagsneritt<\/td>\n<td>0.25<\/td>\n<\/tr>\n<tr>\n<td>Neritodryas javanica<\/td>\n<td>O-ring nerittsnegl<\/td>\n<td>0.25<\/td>\n<\/tr>\n<tr>\n<td>Planorbidae<\/td>\n<td>Ramshornsnegler<\/td>\n<td>0.10<\/td>\n<\/tr>\n<tr>\n<td>Pomacea cf. bridgesii<\/td>\n<td>Mysteriesnegl<\/td>\n<td>0.20<\/td>\n<\/tr>\n<tr>\n<td>Septaria sp.<\/td>\n<td>-<\/td>\n<td>0.50<\/td>\n<\/tr>\n<tr>\n<td>Stenomelania acutospira<\/td>\n<td>Tigerpiggsnegl med spisepinne<\/td>\n<td>0.25<\/td>\n<\/tr>\n<tr>\n<td>Stenomelania cf. clavus<\/td>\n<td>-<\/td>\n<td>0.25<\/td>\n<\/tr>\n<tr>\n<td>Stenomelania cf. torulosa<\/td>\n<td>Spisepinnesnegl<\/td>\n<td>0.50<\/td>\n<\/tr>\n<tr>\n<td>Sulcospira testudinaria<\/td>\n<td>Svart pantersnegl<\/td>\n<td>0.40<\/td>\n<\/tr>\n<tr>\n<td>Tarebia sp.<\/td>\n<td>-<\/td>\n<td>0.30<\/td>\n<\/tr>\n<tr>\n<td>Thiara cancellata<\/td>\n<td>H\u00e5rete snegl<\/td>\n<td>0.30<\/td>\n<\/tr>\n<tr>\n<td>Thiara winteri<\/td>\n<td>Trompetsnegler<\/td>\n<td>0.20<\/td>\n<\/tr>\n<tr>\n<td>Tylomelania baskasti<\/td>\n<td>-<\/td>\n<td>0.50<\/td>\n<\/tr>\n<tr>\n<td>Tylomelania cf. wolterecki<\/td>\n<td>Gr\u00f8nn kaninsnegl med svamp<\/td>\n<td>0.70<\/td>\n<\/tr>\n<tr>\n<td>Tylomelania gemmifera<\/td>\n<td>Gul antennesnegl<\/td>\n<td>0.50<\/td>\n<\/tr>\n<tr>\n<td>Tylomelania helmuti<\/td>\n<td>Svart kaninsnegl<\/td>\n<td>0.50<\/td>\n<\/tr>\n<tr>\n<td>Tylomelania marwotoae<\/td>\n<td>-<\/td>\n<td>0.50<\/td>\n<\/tr>\n<tr>\n<td>Tylomelania patriarchalis<\/td>\n<td>Hvitflekket kaninsnegl<\/td>\n<td>0.50<\/td>\n<\/tr>\n<tr>\n<td>Tylomelania sarasinorum<\/td>\n<td>-<\/td>\n<td>0.50<\/td>\n<\/tr>\n<tr>\n<td>Tylomelania sinabartfeldi<\/td>\n<td>-<\/td>\n<td>0.35<\/td>\n<\/tr>\n<tr>\n<td>Tylomelania sp.<\/td>\n<td>Gulflekket kaninsnegl<\/td>\n<td>0.50<\/td>\n<\/tr>\n<tr>\n<td>Tylomelania sp.<\/td>\n<td>Gul kaninsnegl<\/td>\n<td>0.50<\/td>\n<\/tr>\n<tr>\n<td>Tylomelania sp. mini<\/td>\n<td>Mini kaninsnegl<\/td>\n<td>0.35<\/td>\n<\/tr>\n<tr>\n<td>Tylomelania sp.<\/td>\n<td>Sjokolade poso kanin snegl<\/td>\n<td>0.50<\/td>\n<\/tr>\n<tr>\n<td>Tylomelania towutensis<\/td>\n<td>Oransje kaninsnegl<\/td>\n<td>0.50<\/td>\n<\/tr>\n<tr>\n<td>Tylomelania towutica<\/td>\n<td>Gullflekket kaninsnegl<\/td>\n<td>0.50<\/td>\n<\/tr>\n<tr>\n<td>Tylomelania wolterecki<\/td>\n<td>Towuti gulflekket kaninsnegl<\/td>\n<td>0.50<\/td>\n<\/tr>\n<\/tbody>\n<\/table>\n<\/figure>\n\n\t\t<\/div>\n\t<\/div>\n<\/div><\/div><\/div><\/div><\/div>","protected":false},"excerpt":{"rendered":"Snails (Freshwater) Snails have been popular additions to aquaria for decades, mostly to help control algae but also for their looks and interest. At fishbuff you can find a variety of freshwater snails that will fit perfectly inside the aquarium, including the popular species Rabbit snails from Sulawesi. Wholesale Freshwater Snails Scientific name Common name Price (USD) Celetaia persculpta - 0.70 Cerithidea cf. obtusa King snails rabbit snail 0.70 Clea helena Assassin snail 0.20 Clithon corona Horned nerite snail 0.25 Clithon diadema Zebra thorn nerite snails 0.25 Faunus ater Black devil snail 0.30 Filopaludina sp. - 0.50 Melanoides cf. maculata","protected":false},"author":1,"featured_media":0,"parent":136,"menu_order":0,"comment_status":"closed","ping_status":"closed","template":"","meta":{"_seopress_robots_primary_cat":"","_seopress_titles_title":"Snails | Wholesale Freshwater Snails","_seopress_titles_desc":"Discover top-tier wholesale freshwater snails from Indonesia. We are your reliable aquarium snails supplier delivering quality worldwide.","_seopress_robots_index":"","footnotes":""},"class_list":["post-3186","page","type-page","status-publish","hentry"],"_links":{"self":[{"href":"https:\/\/fishbuff.com\/no\/wp-json\/wp\/v2\/pages\/3186","targetHints":{"allow":["GET"]}}],"collection":[{"href":"https:\/\/fishbuff.com\/no\/wp-json\/wp\/v2\/pages"}],"about":[{"href":"https:\/\/fishbuff.com\/no\/wp-json\/wp\/v2\/types\/page"}],"author":[{"embeddable":true,"href":"https:\/\/fishbuff.com\/no\/wp-json\/wp\/v2\/users\/1"}],"replies":[{"embeddable":true,"href":"https:\/\/fishbuff.com\/no\/wp-json\/wp\/v2\/comments?post=3186"}],"version-history":[{"count":9,"href":"https:\/\/fishbuff.com\/no\/wp-json\/wp\/v2\/pages\/3186\/revisions"}],"predecessor-version":[{"id":5310,"href":"https:\/\/fishbuff.com\/no\/wp-json\/wp\/v2\/pages\/3186\/revisions\/5310"}],"up":[{"embeddable":true,"href":"https:\/\/fishbuff.com\/no\/wp-json\/wp\/v2\/pages\/136"}],"wp:attachment":[{"href":"https:\/\/fishbuff.com\/no\/wp-json\/wp\/v2\/media?parent=3186"}],"curies":[{"name":"wp","href":"https:\/\/api.w.org\/{rel}","templated":true}]}}