{"id":1573,"date":"2025-12-23T15:06:57","date_gmt":"2025-12-23T15:06:57","guid":{"rendered":"https:\/\/fishbuff.com\/?post_type=product&#038;p=1573"},"modified":"2026-02-12T04:46:54","modified_gmt":"2026-02-12T04:46:54","slug":"golden","status":"publish","type":"product","link":"https:\/\/fishbuff.com\/no\/product\/golden\/","title":{"rendered":"Engelfisk (gyllen)"},"content":{"rendered":"<div class=\"wpb-content-wrapper\"><div class=\"vc_row wpb_row vc_row-fluid\"><div class=\"wpb_column vc_column_container vc_col-sm-12\"><div class=\"vc_column-inner\"><div class=\"wpb_wrapper\"><div id=\"kapee-header-9179\" class=\"kapee-element kapee-heading text-left kapee-width-100 separator-line separator-between-heading\">\t\n\t\t\t\n\t\t\t<div class=\"heading-wrap\">\n\t\t\t<span class=\"separator-left\"><\/span>\n\t\t\t<h2 class=\"heading-title\">Buy wholesale golden angelfish <\/h2>\t\t\t<span class=\"separator-right\"><\/span>\n\t\t\t\t\t<\/div>\n\t\t\n    <\/div>\n\t<div class=\"wpb_text_column wpb_content_element\" >\n\t\t<div class=\"wpb_wrapper\">\n\t\t\t<p>Handle v\u00e5rt brede utvalg av ferskvannsenglefisk, inkludert koi-englefisk, altum-englefisk og mer.<\/p>\n\n\t\t<\/div>\n\t<\/div>\n<div id=\"kapee-header-86209\" class=\"kapee-element kapee-heading text-left kapee-width-100 separator-line separator-between-heading\">\t\n\t\t\t\n\t\t\t<div class=\"heading-wrap\">\n\t\t\t<span class=\"separator-left\"><\/span>\n\t\t\t<h3 class=\"heading-title\">Bulk order golden angelfish <\/h3>\t\t\t<span class=\"separator-right\"><\/span>\n\t\t\t\t\t<\/div>\n\t\t\n    <\/div>\n\t<div class=\"wpb_text_column wpb_content_element\" >\n\t\t<div class=\"wpb_wrapper\">\n\t\t\t<p>Vi er ferskvann angelfish engros eksport\u00f8r og distribut\u00f8r. V\u00e5re englefisk er sunne med vakre og livlige farger. For \u00e5 legge inn en bestilling, vennligst bes\u00f8k den utpekte <a href=\"https:\/\/fishbuff.com\/no\/bulk-order\/discus-angelfish\/\">bestillingsskjema<\/a> for \u00e5 sende inn foresp\u00f8rselen din...<\/p>\n\n\t\t<\/div>\n\t<\/div>\n<\/div><\/div><\/div><\/div>\n<\/div>","protected":false},"excerpt":{"rendered":"Buy wholesale golden angelfish Shop our wide range of freshwater angelfish, including koi angelfish, altum angelfish, and more. Bulk order golden angelfish We are freshwater angelfish wholesale exporter and distributor. Our angelfish are healthy with beautiful and vibrant colors. To place an order, please visit the designated order form to submit your request..","protected":false},"featured_media":1599,"comment_status":"open","ping_status":"closed","template":"","meta":{"_seopress_robots_primary_cat":"none","_seopress_titles_title":"Buy Wholesale Golden Angelfish Online in Bulk","_seopress_titles_desc":"Buy wholesale golden angelfish online. Discover unbeatable prices and quality for bulk orders of golden angelfish. Shop today!","_seopress_robots_index":""},"product_brand":[],"product_cat":[84],"product_tag":[],"class_list":{"0":"post-1573","1":"product","2":"type-product","3":"status-publish","4":"has-post-thumbnail","6":"product_cat-angelfish-discus","8":"first","9":"instock","10":"shipping-taxable","11":"purchasable","12":"product-type-simple","13":"add-to-wishlist-after_add_to_cart"},"_links":{"self":[{"href":"https:\/\/fishbuff.com\/no\/wp-json\/wp\/v2\/product\/1573","targetHints":{"allow":["GET"]}}],"collection":[{"href":"https:\/\/fishbuff.com\/no\/wp-json\/wp\/v2\/product"}],"about":[{"href":"https:\/\/fishbuff.com\/no\/wp-json\/wp\/v2\/types\/product"}],"replies":[{"embeddable":true,"href":"https:\/\/fishbuff.com\/no\/wp-json\/wp\/v2\/comments?post=1573"}],"wp:featuredmedia":[{"embeddable":true,"href":"https:\/\/fishbuff.com\/no\/wp-json\/wp\/v2\/media\/1599"}],"wp:attachment":[{"href":"https:\/\/fishbuff.com\/no\/wp-json\/wp\/v2\/media?parent=1573"}],"wp:term":[{"taxonomy":"product_brand","embeddable":true,"href":"https:\/\/fishbuff.com\/no\/wp-json\/wp\/v2\/product_brand?post=1573"},{"taxonomy":"product_cat","embeddable":true,"href":"https:\/\/fishbuff.com\/no\/wp-json\/wp\/v2\/product_cat?post=1573"},{"taxonomy":"product_tag","embeddable":true,"href":"https:\/\/fishbuff.com\/no\/wp-json\/wp\/v2\/product_tag?post=1573"}],"curies":[{"name":"wp","href":"https:\/\/api.w.org\/{rel}","templated":true}]}}