{"id":2271,"date":"2025-12-23T15:10:20","date_gmt":"2025-12-23T15:10:20","guid":{"rendered":"https:\/\/fishbuff.com\/?post_type=product&#038;p=2271"},"modified":"2026-01-06T16:13:01","modified_gmt":"2026-01-06T16:13:01","slug":"masudai-hogfish","status":"publish","type":"product","link":"https:\/\/fishbuff.com\/no\/product\/masudai-hogfish\/","title":{"rendered":"2.7&#8243; Masudai Hogfish"},"content":{"rendered":"<div class=\"wpb-content-wrapper\"><div class=\"vc_row wpb_row vc_row-fluid\"><div class=\"wpb_column vc_column_container vc_col-sm-12\"><div class=\"vc_column-inner\"><div class=\"wpb_wrapper\">\n\t<div class=\"wpb_text_column wpb_content_element\" >\n\t\t<div class=\"wpb_wrapper\">\n\t\t\t<p style=\"font-size: 24px; color: #0ca4ff; font-weight: bold; margin: 0;\">2-dagers garanti <a style=\"color: #333333; font-size: 12px; font-weight: normal;\" href=\"https:\/\/fishbuff.com\/no\/our-guarantee\/\">L\u00e6r mer<\/a><\/p>\n<p><span style=\"color: red;\">This item should only be purchased by experienced hobbyists who have the proper knowledge to care for such specimens.<\/span><br \/>\nFiskebildene er tatt s\u00e5 n\u00f8yaktig som mulig. Bildene som vises er for illustrasjon som en representasjon av den eksakte fisken.<br \/>\nPrisen som er oppf\u00f8rt inkluderer fraktkostnader fra Indonesia gjennom Transhipper. Kj\u00f8peren m\u00e5 betale sin lokale transhipper-agent for importavgifter og innenlandske fraktkostnader.<\/p>\n\n\t\t<\/div>\n\t<\/div>\n<div id=\"kapee-header-70407\" class=\"kapee-element kapee-heading text-left kapee-width-100 separator-line separator-between-heading\">\t\n\t\t\t\n\t\t\t<div class=\"heading-wrap\">\n\t\t\t<span class=\"separator-left\"><\/span>\n\t\t\t<h2 class=\"heading-title\">Bodianus Masudai <\/h2>\t\t\t<span class=\"separator-right\"><\/span>\n\t\t\t\t\t<\/div>\n\t\t\n    <\/div><\/div><\/div><\/div><\/div><div class=\"vc_row wpb_row vc_row-fluid\"><div class=\"wpb_column vc_column_container vc_col-sm-6\"><div class=\"vc_column-inner\"><div class=\"wpb_wrapper\">\n\t<div class=\"wpb_text_column wpb_content_element\" >\n\t\t<div class=\"wpb_wrapper\">\n\t\t\t<h3 style=\"font-size: 24px; margin: 0.67em 0;\">Masuda&#8217;s Hogfish<\/h3>\n<p>Bodianus masudai is known for its vibrant red, yellow, and white stripes and peaceful, reef-safe nature.<\/p>\n<p><strong>Opprinnelse<\/strong> &#8211; Eastern Indonesia<br \/>\n<strong>Kosthold<\/strong> - Kj\u00f8ttetende<br \/>\n<strong>pH<\/strong> - 8,0 til 8,5<br \/>\n<strong>Temp<\/strong> - 24 \u00b0C til 28 \u00b0C<br \/>\n<strong>Saltholdighet<\/strong> \u2013 1.023 to 1.025<\/p>\n\n\t\t<\/div>\n\t<\/div>\n<\/div><\/div><\/div><div class=\"wpb_column vc_column_container vc_col-sm-6\"><div class=\"vc_column-inner\"><div class=\"wpb_wrapper\"><div id=\"kapee-header-53850\" class=\"kapee-element kapee-heading text-left kapee-width-100 separator-none separator-between-heading\">\t\n\t\t\t\n\t\t\t<div class=\"heading-wrap\">\n\t\t\t<span class=\"separator-left\"><\/span>\n\t\t\t<h3 class=\"heading-title\">Rask statistikk <\/h3>\t\t\t<span class=\"separator-right\"><\/span>\n\t\t\t\t\t<\/div>\n\t\t\n    <\/div><div class=\"vc_progress_bar wpb_content_element\" ><div class=\"vc_general vc_single_bar\"><small class=\"vc_label\" style=\"color: #FFFFFF;\">SJELDENHET<\/small><span class=\"vc_bar\" data-percentage-value=\"100\" data-value=\"100\" style=\"background-color: #0CA4FF;\"><\/span><\/div><div class=\"vc_general vc_single_bar\"><small class=\"vc_label\" style=\"color: #FFFFFF;\">PLEIENIV\u00c5<\/small><span class=\"vc_bar\" data-percentage-value=\"75\" data-value=\"75\" style=\"background-color: #0CA4FF;\"><\/span><\/div><div class=\"vc_general vc_single_bar\"><small class=\"vc_label\" style=\"color: #FFFFFF;\">TEMPERAMENT<\/small><span class=\"vc_bar\" data-percentage-value=\"25\" data-value=\"25\" style=\"background-color: #0CA4FF;\"><\/span><\/div><div class=\"vc_general vc_single_bar\"><small class=\"vc_label\" style=\"color: #FFFFFF;\">KOMPATIBILITET<\/small><span class=\"vc_bar\" data-percentage-value=\"75\" data-value=\"75\" style=\"background-color: #0CA4FF;\"><\/span><\/div><div class=\"vc_general vc_single_bar\"><small class=\"vc_label\" style=\"color: #FFFFFF;\">REEF SAFE<\/small><span class=\"vc_bar\" data-percentage-value=\"75\" data-value=\"75\" style=\"background-color: #0CA4FF;\"><\/span><\/div><\/div><\/div><\/div><\/div><\/div>\n<\/div>","protected":false},"excerpt":{"rendered":"<p style=\"color: red;\">Vennligst les v\u00e5r <a href=\"https:\/\/fishbuff.com\/no\/terms-conditions\/\" target=\"_blank\" rel=\"noopener\">Vilk\u00e5r og betingelser<\/a> f\u00f8r du kj\u00f8per.<br \/>\nVed \u00e5 kj\u00f8pe indikerer vi at du godtar og aksepterer gjeldende vilk\u00e5r og betingelser.<\/p>","protected":false},"featured_media":2301,"comment_status":"open","ping_status":"closed","template":"","meta":{"_seopress_robots_primary_cat":"none","_seopress_titles_title":"Shop Masudai Hogfish for Experts","_seopress_titles_desc":"Get Masudai Hogfish (Bodianus masudai) from Indonesia with Live Arrival Guarantee. Perfect for experienced hobbyists. Fast shipping & accurate representations.","_seopress_robots_index":""},"product_brand":[],"product_cat":[64],"product_tag":[],"class_list":{"0":"post-2271","1":"product","2":"type-product","3":"status-publish","4":"has-post-thumbnail","6":"product_cat-hogfish","8":"first","9":"outofstock","10":"sold-individually","11":"shipping-taxable","12":"purchasable","13":"product-type-simple","14":"add-to-wishlist-after_add_to_cart"},"_links":{"self":[{"href":"https:\/\/fishbuff.com\/no\/wp-json\/wp\/v2\/product\/2271","targetHints":{"allow":["GET"]}}],"collection":[{"href":"https:\/\/fishbuff.com\/no\/wp-json\/wp\/v2\/product"}],"about":[{"href":"https:\/\/fishbuff.com\/no\/wp-json\/wp\/v2\/types\/product"}],"replies":[{"embeddable":true,"href":"https:\/\/fishbuff.com\/no\/wp-json\/wp\/v2\/comments?post=2271"}],"wp:featuredmedia":[{"embeddable":true,"href":"https:\/\/fishbuff.com\/no\/wp-json\/wp\/v2\/media\/2301"}],"wp:attachment":[{"href":"https:\/\/fishbuff.com\/no\/wp-json\/wp\/v2\/media?parent=2271"}],"wp:term":[{"taxonomy":"product_brand","embeddable":true,"href":"https:\/\/fishbuff.com\/no\/wp-json\/wp\/v2\/product_brand?post=2271"},{"taxonomy":"product_cat","embeddable":true,"href":"https:\/\/fishbuff.com\/no\/wp-json\/wp\/v2\/product_cat?post=2271"},{"taxonomy":"product_tag","embeddable":true,"href":"https:\/\/fishbuff.com\/no\/wp-json\/wp\/v2\/product_tag?post=2271"}],"curies":[{"name":"wp","href":"https:\/\/api.w.org\/{rel}","templated":true}]}}