{"id":2285,"date":"2025-12-23T15:10:21","date_gmt":"2025-12-23T15:10:21","guid":{"rendered":"https:\/\/fishbuff.com\/?post_type=product&#038;p=2285"},"modified":"2025-12-23T15:10:26","modified_gmt":"2025-12-23T15:10:26","slug":"blue-carpet-anemone","status":"publish","type":"product","link":"https:\/\/fishbuff.com\/no\/product\/blue-carpet-anemone\/","title":{"rendered":"Blue Carpet Anemone"},"content":{"rendered":"<p style=\"color: red;\">Forsendelse av alle arter av anemoner og koraller er begrenset til f\u00f8lgende land\/territorier: det europeiske kontinentet (midlertidig begrenset til Hviterussland, Russland og Ukraina) og USA.<\/p>\n<p>Bildene er tatt s\u00e5 n\u00f8yaktig som mulig. Bildene som vises er for illustrasjon som en representasjon av det eksakte produktet.<br \/>\nPrisen som er oppf\u00f8rt inkluderer fraktkostnader fra Indonesia gjennom Transhipper. Kj\u00f8peren m\u00e5 betale sin lokale transhipper-agent for importavgifter og innenlandske fraktkostnader.<\/p>\n<p><strong>Garanti for direkte ankomst<\/strong><br \/>\nHvis du mot formodning skulle motta et d\u00f8dt produkt, m\u00e5 du s\u00f8rge for \u00e5 kontakte oss innen 24 timer etter at det har ankommet. Eventuelle krav etter det vil ikke bli innfridd. Kunden kan sende inn sitt krav via e-post p\u00e5 support@fishbuff.com eller WhatsApp gjennom (+62) 821-3871-8445.<\/p>\n<p><strong>Retur og bytte<\/strong><br \/>\nVi tilbyr ikke retur eller bytte, men vi erstatter gjerne bestillinger som oppfyller v\u00e5re retningslinjer for reklamasjon.<\/p>","protected":false},"excerpt":{"rendered":"<p style=\"color: red;\">Vennligst les v\u00e5r <a href=\"https:\/\/fishbuff.com\/no\/terms-conditions\/\" target=\"_blank\" rel=\"noopener\">Vilk\u00e5r og betingelser<\/a> f\u00f8r du kj\u00f8per.<br \/>\nVed \u00e5 kj\u00f8pe indikerer vi at du godtar og aksepterer gjeldende vilk\u00e5r og betingelser.<\/p>","protected":false},"featured_media":2315,"comment_status":"open","ping_status":"closed","template":"","meta":{"_seopress_robots_primary_cat":"none","_seopress_titles_title":"Shop Blue Carpet Anemone with Live Arrival Guarantee","_seopress_titles_desc":"Discover vibrant Blue Carpet Anemone. Worldwide shipping from Indonesia. Live Arrival Guarantee. Shop Live Anemones for Sale today!","_seopress_robots_index":""},"product_brand":[],"product_cat":[91],"product_tag":[],"class_list":{"0":"post-2285","1":"product","2":"type-product","3":"status-publish","4":"has-post-thumbnail","6":"product_cat-sea-anemones-corals","8":"first","9":"outofstock","10":"shipping-taxable","11":"purchasable","12":"product-type-simple","13":"add-to-wishlist-after_add_to_cart"},"_links":{"self":[{"href":"https:\/\/fishbuff.com\/no\/wp-json\/wp\/v2\/product\/2285","targetHints":{"allow":["GET"]}}],"collection":[{"href":"https:\/\/fishbuff.com\/no\/wp-json\/wp\/v2\/product"}],"about":[{"href":"https:\/\/fishbuff.com\/no\/wp-json\/wp\/v2\/types\/product"}],"replies":[{"embeddable":true,"href":"https:\/\/fishbuff.com\/no\/wp-json\/wp\/v2\/comments?post=2285"}],"wp:featuredmedia":[{"embeddable":true,"href":"https:\/\/fishbuff.com\/no\/wp-json\/wp\/v2\/media\/2315"}],"wp:attachment":[{"href":"https:\/\/fishbuff.com\/no\/wp-json\/wp\/v2\/media?parent=2285"}],"wp:term":[{"taxonomy":"product_brand","embeddable":true,"href":"https:\/\/fishbuff.com\/no\/wp-json\/wp\/v2\/product_brand?post=2285"},{"taxonomy":"product_cat","embeddable":true,"href":"https:\/\/fishbuff.com\/no\/wp-json\/wp\/v2\/product_cat?post=2285"},{"taxonomy":"product_tag","embeddable":true,"href":"https:\/\/fishbuff.com\/no\/wp-json\/wp\/v2\/product_tag?post=2285"}],"curies":[{"name":"wp","href":"https:\/\/api.w.org\/{rel}","templated":true}]}}