{"id":351,"date":"2025-12-23T14:59:45","date_gmt":"2025-12-23T14:59:45","guid":{"rendered":"https:\/\/fishbuff.com\/?post_type=product&#038;p=351"},"modified":"2026-01-07T09:10:36","modified_gmt":"2026-01-07T09:10:36","slug":"oryzias-hubbsi","status":"publish","type":"product","link":"https:\/\/fishbuff.com\/no\/product\/oryzias-hubbsi\/","title":{"rendered":"Oryzias Hubbsi"},"content":{"rendered":"<div class=\"wpb-content-wrapper\"><div class=\"vc_row wpb_row vc_row-fluid\"><div class=\"wpb_column vc_column_container vc_col-sm-12\"><div class=\"vc_column-inner\"><div class=\"wpb_wrapper\">\n\t<div class=\"wpb_text_column wpb_content_element\" >\n\t\t<div class=\"wpb_wrapper\">\n\t\t\t<p style=\"font-size: 24px; color: #0ca4ff; font-weight: bold; margin: 0;\">3-Day Guarantee <a style=\"color: #333333; font-size: 12px; font-weight: normal;\" href=\"https:\/\/fishbuff.com\/no\/our-guarantee\/\">L\u00e6r mer<\/a><\/p>\n<p><span style=\"color: red;\">The price listed is for 10 rice fish.<\/span><br \/>\nFiskebildene er tatt s\u00e5 n\u00f8yaktig som mulig. Bildene som vises er for illustrasjon, som en representasjon av den eksakte fisken.<br \/>\nPrisen som er oppf\u00f8rt inkluderer fraktkostnader fra Indonesia gjennom en omlastingsagent. Kj\u00f8peren m\u00e5 betale sin lokale omlastingsagent for importavgifter og innenlandske fraktkostnader.<\/p>\n\n\t\t<\/div>\n\t<\/div>\n<div id=\"kapee-header-39688\" class=\"kapee-element kapee-heading text-left kapee-width-100 separator-line separator-between-heading\">\t\n\t\t\t\n\t\t\t<div class=\"heading-wrap\">\n\t\t\t<span class=\"separator-left\"><\/span>\n\t\t\t<h2 class=\"heading-title\">Hubb's Ricefish <\/h2>\t\t\t<span class=\"separator-right\"><\/span>\n\t\t\t\t\t<\/div>\n\t\t\n    <\/div><\/div><\/div><\/div><\/div><div class=\"vc_row wpb_row vc_row-fluid\"><div class=\"wpb_column vc_column_container vc_col-sm-6\"><div class=\"vc_column-inner\"><div class=\"wpb_wrapper\">\n\t<div class=\"wpb_text_column wpb_content_element\" >\n\t\t<div class=\"wpb_wrapper\">\n\t\t\t<h3 style=\"font-size: 24px; margin: 0.67em 0;\">Hubbs Medaka<\/h3>\n<p>Oryzias hubbsi is characterized by its small size (around 2.1-2.5 cm) and preference for still waters in hilly regions.<\/p>\n<p><strong>Opprinnelse<\/strong> &#8211; West Java (wild caught)<br \/>\n<strong>Kosthold<\/strong> - Omnivore<br \/>\n<strong>pH<\/strong> &#8211; 6.5 to 7.5<br \/>\n<strong>Temp<\/strong> - 26 \u00b0C til 28 \u00b0C<br \/>\n<strong>Qty<\/strong> \u2013 10pcs<\/p>\n\n\t\t<\/div>\n\t<\/div>\n<\/div><\/div><\/div><div class=\"wpb_column vc_column_container vc_col-sm-6\"><div class=\"vc_column-inner\"><div class=\"wpb_wrapper\"><div id=\"kapee-header-77291\" class=\"kapee-element kapee-heading text-left kapee-width-100 separator-none separator-between-heading\">\t\n\t\t\t\n\t\t\t<div class=\"heading-wrap\">\n\t\t\t<span class=\"separator-left\"><\/span>\n\t\t\t<h3 class=\"heading-title\">Rask statistikk <\/h3>\t\t\t<span class=\"separator-right\"><\/span>\n\t\t\t\t\t<\/div>\n\t\t\n    <\/div><div class=\"vc_progress_bar wpb_content_element\" ><div class=\"vc_general vc_single_bar\"><small class=\"vc_label\" style=\"color: #FFFFFF;\">SJELDENHET<\/small><span class=\"vc_bar\" data-percentage-value=\"75\" data-value=\"75\" style=\"background-color: #0CA4FF;\"><\/span><\/div><div class=\"vc_general vc_single_bar\"><small class=\"vc_label\" style=\"color: #FFFFFF;\">PLEIENIV\u00c5<\/small><span class=\"vc_bar\" data-percentage-value=\"50\" data-value=\"50\" style=\"background-color: #0CA4FF;\"><\/span><\/div><div class=\"vc_general vc_single_bar\"><small class=\"vc_label\" style=\"color: #FFFFFF;\">TEMPERAMENT<\/small><span class=\"vc_bar\" data-percentage-value=\"25\" data-value=\"25\" style=\"background-color: #0CA4FF;\"><\/span><\/div><div class=\"vc_general vc_single_bar\"><small class=\"vc_label\" style=\"color: #FFFFFF;\">KOMPATIBILITET<\/small><span class=\"vc_bar\" data-percentage-value=\"50\" data-value=\"50\" style=\"background-color: #0CA4FF;\"><\/span><\/div><div class=\"vc_general vc_single_bar\"><small class=\"vc_label\" style=\"color: #FFFFFF;\">PLANTED TANK<\/small><span class=\"vc_bar\" data-percentage-value=\"100\" data-value=\"100\" style=\"background-color: #0CA4FF;\"><\/span><\/div><\/div><\/div><\/div><\/div><\/div>\n<\/div>","protected":false},"excerpt":{"rendered":"<p style=\"color: red;\">Vennligst les v\u00e5r <a href=\"https:\/\/fishbuff.com\/no\/terms-conditions\/\" target=\"_blank\" rel=\"noopener\">Vilk\u00e5r og betingelser<\/a> f\u00f8r du kj\u00f8per.<br \/>\nVed \u00e5 kj\u00f8pe indikerer vi at du godtar og aksepterer gjeldende vilk\u00e5r og betingelser.<\/p>","protected":false},"featured_media":381,"comment_status":"open","ping_status":"closed","template":"","meta":{"_seopress_robots_primary_cat":"none","_seopress_titles_title":"Buy Oryzias Hubbsi for Sale with Shipping","_seopress_titles_desc":"Order 10 Oryzias Hubbsi rice fish with included shipping from Indonesia. Live Arrival Guarantee & secure, illustrated purchase. Contact support for claims.","_seopress_robots_index":""},"product_brand":[],"product_cat":[45],"product_tag":[],"class_list":{"0":"post-351","1":"product","2":"type-product","3":"status-publish","4":"has-post-thumbnail","6":"product_cat-miscellaneous","8":"first","9":"instock","10":"shipping-taxable","11":"purchasable","12":"product-type-simple","13":"add-to-wishlist-after_add_to_cart"},"_links":{"self":[{"href":"https:\/\/fishbuff.com\/no\/wp-json\/wp\/v2\/product\/351","targetHints":{"allow":["GET"]}}],"collection":[{"href":"https:\/\/fishbuff.com\/no\/wp-json\/wp\/v2\/product"}],"about":[{"href":"https:\/\/fishbuff.com\/no\/wp-json\/wp\/v2\/types\/product"}],"replies":[{"embeddable":true,"href":"https:\/\/fishbuff.com\/no\/wp-json\/wp\/v2\/comments?post=351"}],"wp:featuredmedia":[{"embeddable":true,"href":"https:\/\/fishbuff.com\/no\/wp-json\/wp\/v2\/media\/381"}],"wp:attachment":[{"href":"https:\/\/fishbuff.com\/no\/wp-json\/wp\/v2\/media?parent=351"}],"wp:term":[{"taxonomy":"product_brand","embeddable":true,"href":"https:\/\/fishbuff.com\/no\/wp-json\/wp\/v2\/product_brand?post=351"},{"taxonomy":"product_cat","embeddable":true,"href":"https:\/\/fishbuff.com\/no\/wp-json\/wp\/v2\/product_cat?post=351"},{"taxonomy":"product_tag","embeddable":true,"href":"https:\/\/fishbuff.com\/no\/wp-json\/wp\/v2\/product_tag?post=351"}],"curies":[{"name":"wp","href":"https:\/\/api.w.org\/{rel}","templated":true}]}}