{"id":781,"date":"2025-12-23T15:02:29","date_gmt":"2025-12-23T15:02:29","guid":{"rendered":"https:\/\/fishbuff.com\/?post_type=product&#038;p=781"},"modified":"2025-12-23T15:02:46","modified_gmt":"2025-12-23T15:02:46","slug":"blue-platinum","status":"publish","type":"product","link":"https:\/\/fishbuff.com\/no\/product\/blue-platinum\/","title":{"rendered":"Blue Platinum"},"content":{"rendered":"<div class=\"wpb-content-wrapper\"><div class=\"vc_row wpb_row vc_row-fluid\"><div class=\"wpb_column vc_column_container vc_col-sm-12\"><div class=\"vc_column-inner\"><div class=\"wpb_wrapper\"><div id=\"kapee-header-61051\" class=\"kapee-element kapee-heading text-left kapee-width-100 separator-line separator-between-heading\">\t\n\t\t\t\n\t\t\t<div class=\"heading-wrap\">\n\t\t\t<span class=\"separator-left\"><\/span>\n\t\t\t<h2 class=\"heading-title\">Guppy Fish Shop <\/h2>\t\t\t<span class=\"separator-right\"><\/span>\n\t\t\t\t\t<\/div>\n\t\t\n    <\/div>\n\t<div class=\"wpb_text_column wpb_content_element\" >\n\t\t<div class=\"wpb_wrapper\">\n\t\t\t<p><span style=\"color: red;\">Prisen som er oppf\u00f8rt er for et par (en hann og en hunn).<\/span><br \/>\nFiskebildene er tatt s\u00e5 n\u00f8yaktig som mulig. Bildene som vises er for illustrasjon som en representasjon av den eksakte fisken.<br \/>\nPrisen som er oppf\u00f8rt inkluderer fraktkostnader fra Indonesia gjennom Transhipper. Kj\u00f8peren m\u00e5 betale sin lokale transhipper-agent for importavgifter og innenlandske fraktkostnader.<\/p>\n\n\t\t<\/div>\n\t<\/div>\n<div id=\"kapee-header-48735\" class=\"kapee-element kapee-heading text-left kapee-width-100 separator-none separator-between-heading\">\t\n\t\t\t\n\t\t\t<div class=\"heading-wrap\">\n\t\t\t<span class=\"separator-left\"><\/span>\n\t\t\t<h3 class=\"heading-title\">Kj\u00f8p levende akvariefisk p\u00e5 nettet <\/h3>\t\t\t<span class=\"separator-right\"><\/span>\n\t\t\t\t\t<\/div>\n\t\t\n    <\/div>\n<div id=\"kapee-accordion-93958\" class=\"kapee-element kapee-accordion panel-group accordion-line align-left accordion-icon-plus icon-position-right\">\n\t\n\t\t\t\n\t\t<div class=\"card\">\n\t\t\t<div class=\"card-header\">\n\t\t\t\t<h4 class=\"card-title\">\t\t\t\t\t\n\t\t\t\t\t<a class=\"card-link collapsed\" data-toggle=\"collapse\" href=\"#kp-accordions-43878\">\n\t\t\t\t\t\t\t\t\t\t\t\tHvor sender du fisken din?\t\t\t\t\t\t\t\t\t\t\t<\/a>\t\t\t\t\t\n\t\t\t\t<\/h4>\n\t\t\t<\/div>\n\t\t\t<div id=\"kp-accordions-43878\" class=\"collapse\" data-parent=\"#kapee-accordion-93958\">\n\t\t\t\t<div class=\"card-body\">\n\t\t\t\t\t\n\t<div class=\"wpb_text_column wpb_content_element\" >\n\t\t<div class=\"wpb_wrapper\">\n\t\t\t<p>Vi sender v\u00e5r fisk for detaljhandel kun til visse land. Forsendelsen er begrenset til f\u00f8lgende land; Australia\/ \u00d8sterrike\/ Barbados\/ Belgia\/ Bolivia\/ Brasil\/ Brunei\/ Bulgaria\/ Kambodsja\/ Canada\/ Chile\/ Kina\/ Colombia\/ Costa Rica\/ Kroatia\/ Kypros\/ Tsjekkia\/ Danmark\/ Dominikanske republikk\/ Ecuador\/ Estland\/ Finland\/ Frankrike\/ Tyskland\/ Hellas\/ Guam\/ Haiti\/ Hongkong\/ Ungarn\/ India\/ Irland\/ Italia\/ Japan\/ Kuwait\/ Latvia\/ Liechtenstein\/ Litauen\/ Luxembourg\/ Malaysia\/ Mexico\/ Myanmar\/ Nederland\/ Norge\/ Oman Mexico\/ Myanmar\/ Nederland\/ Norge\/ Oman\/ Panama\/ Paraguay\/ Peru\/ Puerto Rico\/ Filippinene\/ Polen\/ Portugal\/ Romania\/ San Marino\/ Serbia\/ Singapore\/ Slovakia\/ Slovenia\/ S\u00f8r-Afrika\/ S\u00f8r-Korea\/ Spania\/ Surinam\/ Sverige\/ Sveits\/ Taiwan\/ Thailand\/ Trinidad og Tobago\/ Turks- og Caicos\u00f8yene\/ Uni Emirat Arab\/ Storbritannia\/ USA\/ De amerikanske Jomfru\u00f8yene\/ Vietnam.<\/p>\n\n\t\t<\/div>\n\t<\/div>\n\t\t\t\t<\/div>\n\t\t\t<\/div>\n\t\t<\/div>\n\t\t\t\n\t\t<div class=\"card\">\n\t\t\t<div class=\"card-header\">\n\t\t\t\t<h4 class=\"card-title\">\t\t\t\t\t\n\t\t\t\t\t<a class=\"card-link collapsed\" data-toggle=\"collapse\" href=\"#kp-accordions-49640\">\n\t\t\t\t\t\t\t\t\t\t\t\tHvor lang tid tar det \u00e5 motta fisken min?\t\t\t\t\t\t\t\t\t\t\t<\/a>\t\t\t\t\t\n\t\t\t\t<\/h4>\n\t\t\t<\/div>\n\t\t\t<div id=\"kp-accordions-49640\" class=\"collapse\" data-parent=\"#kapee-accordion-93958\">\n\t\t\t\t<div class=\"card-body\">\n\t\t\t\t\t\n\t<div class=\"wpb_text_column wpb_content_element\" >\n\t\t<div class=\"wpb_wrapper\">\n\t\t\t<p>Du vil vanligvis motta bestillingen din i l\u00f8pet av 7-14 virkedager. I noen tilfeller kan det ta en m\u00e5ned.<\/p>\n\n\t\t<\/div>\n\t<\/div>\n\t\t\t\t<\/div>\n\t\t\t<\/div>\n\t\t<\/div>\n\t\t\t\n\t\t<div class=\"card\">\n\t\t\t<div class=\"card-header\">\n\t\t\t\t<h4 class=\"card-title\">\t\t\t\t\t\n\t\t\t\t\t<a class=\"card-link collapsed\" data-toggle=\"collapse\" href=\"#kp-accordions-75127\">\n\t\t\t\t\t\t\t\t\t\t\t\tHvorfor tar det s\u00e5 lang tid \u00e5 f\u00e5 fisken min?\t\t\t\t\t\t\t\t\t\t\t<\/a>\t\t\t\t\t\n\t\t\t\t<\/h4>\n\t\t\t<\/div>\n\t\t\t<div id=\"kp-accordions-75127\" class=\"collapse\" data-parent=\"#kapee-accordion-93958\">\n\t\t\t\t<div class=\"card-body\">\n\t\t\t\t\t\n\t<div class=\"wpb_text_column wpb_content_element\" >\n\t\t<div class=\"wpb_wrapper\">\n\t\t\t<p>Vi sender kun detaljistbestillinger gjennom en omlastingsleverand\u00f8r. Forsendelsene skjer i henhold til den m\u00e5nedlige tidsplanen som er fastsatt av omlasteren selv.<br \/>\nFlere land som kanskje ikke har et stort nok fraktvolum, har vanligvis sv\u00e6rt begrensede rutetider.<br \/>\nHvis du vil forsikre deg om n\u00e5r det er riktig tidspunkt \u00e5 legge inn bestillingen din, kan du kontakte oss f\u00f8rst.<\/p>\n\n\t\t<\/div>\n\t<\/div>\n\t\t\t\t<\/div>\n\t\t\t<\/div>\n\t\t<\/div>\n\t\t\t\n\t\t<div class=\"card\">\n\t\t\t<div class=\"card-header\">\n\t\t\t\t<h4 class=\"card-title\">\t\t\t\t\t\n\t\t\t\t\t<a class=\"card-link collapsed\" data-toggle=\"collapse\" href=\"#kp-accordions-85453\">\n\t\t\t\t\t\t\t\t\t\t\t\tHva om fisken min ankommer d\u00f8d?\t\t\t\t\t\t\t\t\t\t\t<\/a>\t\t\t\t\t\n\t\t\t\t<\/h4>\n\t\t\t<\/div>\n\t\t\t<div id=\"kp-accordions-85453\" class=\"collapse\" data-parent=\"#kapee-accordion-93958\">\n\t\t\t\t<div class=\"card-body\">\n\t\t\t\t\t\n\t<div class=\"wpb_text_column wpb_content_element\" >\n\t\t<div class=\"wpb_wrapper\">\n\t\t\t<p>Hvis du mot formodning skulle motta en d\u00f8d fisk, m\u00e5 du s\u00f8rge for \u00e5 kontakte oss innen 24 timer etter ankomst. Eventuelle krav etter dette vil ikke bli innfridd.<br \/>\nI tilfelle D.O.A, vennligst send oss et tydelig bilde av den d\u00f8de fisken i en u\u00e5pnet pose. Kunden kan sende inn sitt krav via e-post p\u00e5 support@fishbuff.com eller WhatsApp via (+62) 821-3871-8445.<\/p>\n\n\t\t<\/div>\n\t<\/div>\n\t\t\t\t<\/div>\n\t\t\t<\/div>\n\t\t<\/div>\n\t\t\t\n\t\t<div class=\"card\">\n\t\t\t<div class=\"card-header\">\n\t\t\t\t<h4 class=\"card-title\">\t\t\t\t\t\n\t\t\t\t\t<a class=\"card-link collapsed\" data-toggle=\"collapse\" href=\"#kp-accordions-19758\">\n\t\t\t\t\t\t\t\t\t\t\t\tAksepterte du retur eller bytte?\t\t\t\t\t\t\t\t\t\t\t<\/a>\t\t\t\t\t\n\t\t\t\t<\/h4>\n\t\t\t<\/div>\n\t\t\t<div id=\"kp-accordions-19758\" class=\"collapse\" data-parent=\"#kapee-accordion-93958\">\n\t\t\t\t<div class=\"card-body\">\n\t\t\t\t\t\n\t<div class=\"wpb_text_column wpb_content_element\" >\n\t\t<div class=\"wpb_wrapper\">\n\t\t\t<p>Vi tilbyr ikke retur eller bytte, men vi erstatter gjerne bestillinger som oppfyller v\u00e5re retningslinjer for reklamasjon.<\/p>\n\n\t\t<\/div>\n\t<\/div>\n\t\t\t\t<\/div>\n\t\t\t<\/div>\n\t\t<\/div>\n\t<\/div><\/div><\/div><\/div><\/div>\n<\/div>","protected":false},"excerpt":{"rendered":"<p style=\"color: red;\">Vennligst les v\u00e5r <a href=\"https:\/\/fishbuff.com\/no\/terms-conditions\/\" target=\"_blank\" rel=\"noopener\">Vilk\u00e5r og betingelser<\/a> f\u00f8r du kj\u00f8per.<br \/>\nVed \u00e5 kj\u00f8pe indikerer vi at du godtar og aksepterer gjeldende vilk\u00e5r og betingelser.<\/p>","protected":false},"featured_media":811,"comment_status":"open","ping_status":"closed","template":"","meta":{"_seopress_robots_primary_cat":"91","_seopress_titles_title":"Buy Blue Platinum Guppies with Shipping &amp; Live Guarantee","_seopress_titles_desc":"Purchase Blue Platinum guppies pair with assured delivery. Price includes shipping from Indonesia; import fees apply. Live Arrival Guarantee in place.","_seopress_robots_index":""},"product_brand":[],"product_cat":[69],"product_tag":[],"class_list":{"0":"post-781","1":"product","2":"type-product","3":"status-publish","4":"has-post-thumbnail","6":"product_cat-guppy","8":"first","9":"instock","10":"shipping-taxable","11":"purchasable","12":"product-type-simple","13":"add-to-wishlist-after_add_to_cart"},"_links":{"self":[{"href":"https:\/\/fishbuff.com\/no\/wp-json\/wp\/v2\/product\/781","targetHints":{"allow":["GET"]}}],"collection":[{"href":"https:\/\/fishbuff.com\/no\/wp-json\/wp\/v2\/product"}],"about":[{"href":"https:\/\/fishbuff.com\/no\/wp-json\/wp\/v2\/types\/product"}],"replies":[{"embeddable":true,"href":"https:\/\/fishbuff.com\/no\/wp-json\/wp\/v2\/comments?post=781"}],"wp:featuredmedia":[{"embeddable":true,"href":"https:\/\/fishbuff.com\/no\/wp-json\/wp\/v2\/media\/811"}],"wp:attachment":[{"href":"https:\/\/fishbuff.com\/no\/wp-json\/wp\/v2\/media?parent=781"}],"wp:term":[{"taxonomy":"product_brand","embeddable":true,"href":"https:\/\/fishbuff.com\/no\/wp-json\/wp\/v2\/product_brand?post=781"},{"taxonomy":"product_cat","embeddable":true,"href":"https:\/\/fishbuff.com\/no\/wp-json\/wp\/v2\/product_cat?post=781"},{"taxonomy":"product_tag","embeddable":true,"href":"https:\/\/fishbuff.com\/no\/wp-json\/wp\/v2\/product_tag?post=781"}],"curies":[{"name":"wp","href":"https:\/\/api.w.org\/{rel}","templated":true}]}}