{"id":221,"date":"2025-12-23T14:59:13","date_gmt":"2025-12-23T14:59:13","guid":{"rendered":"https:\/\/fishbuff.com\/?post_type=product&#038;p=221"},"modified":"2026-01-12T17:19:01","modified_gmt":"2026-01-12T17:19:01","slug":"short-body-asian-arowana","status":"publish","type":"product","link":"https:\/\/fishbuff.com\/pl\/product\/short-body-asian-arowana\/","title":{"rendered":"6&#8243; Short Body Asian Arowana"},"content":{"rendered":"<div class=\"wpb-content-wrapper\"><div class=\"vc_row wpb_row vc_row-fluid\"><div class=\"wpb_column vc_column_container vc_col-sm-12\"><div class=\"vc_column-inner\"><div class=\"wpb_wrapper\">\n\t<div class=\"wpb_text_column wpb_content_element\" >\n\t\t<div class=\"wpb_wrapper\">\n\t\t\t<p style=\"font-size: 24px; color: #0ca4ff; font-weight: bold; margin: 0;\">2-dniowa gwarancja <a style=\"color: #333333; font-size: 12px; font-weight: normal;\" href=\"https:\/\/fishbuff.com\/pl\/our-guarantee\/\">Dowiedz si\u0119 wi\u0119cej<\/a><\/p>\n<p><span style=\"color: red;\">We don&#8217;t ship Asian arowana (Scleropages formosus) to the United States and Australia. Scleropages formosus is prohibited from entry into the United States and Australian territories, they can&#8217;t be sold, owned, or traded.<\/span><br \/>\nFish pictures are taken as accurately as possible. Pictures shown are the exact same fish that you will receive.<br \/>\nThe price listed included shipping costs from Indonesia directly to the recipient Country. Buyers must provide their own CITES permit or obtain one from their importing agent to receive the Asian Arowana.<\/p>\n\n\t\t<\/div>\n\t<\/div>\n<div id=\"kapee-header-60553\" class=\"kapee-element kapee-heading text-left kapee-width-100 separator-line separator-between-heading\">\t\n\t\t\t\n\t\t\t<div class=\"heading-wrap\">\n\t\t\t<span class=\"separator-left\"><\/span>\n\t\t\t<h2 class=\"heading-title\">Scleropages Formosus <\/h2>\t\t\t<span class=\"separator-right\"><\/span>\n\t\t\t\t\t<\/div>\n\t\t\n    <\/div><\/div><\/div><\/div><\/div><div class=\"vc_row wpb_row vc_row-fluid\"><div class=\"wpb_column vc_column_container vc_col-sm-6\"><div class=\"vc_column-inner\"><div class=\"wpb_wrapper\">\n\t<div class=\"wpb_text_column wpb_content_element\" >\n\t\t<div class=\"wpb_wrapper\">\n\t\t\t<h3 style=\"font-size: 24px; margin: 0.67em 0;\">Asian Arowana<\/h3>\n<p>A Short Body Asian Arowana has a shorter and stockier body than typical Arowanas, with large, iridescent scales.<\/p>\n<p><strong>Pochodzenie<\/strong> - Wyhodowane na farmie<br \/>\n<strong>Dieta<\/strong> - Mi\u0119so\u017cerca<br \/>\n<strong>pH<\/strong> &#8211; 6.0 to 7.0<br \/>\n<strong>Temp<\/strong> - 26\u00b0C do 28\u00b0C<br \/>\n<strong>Aktualny rozmiar<\/strong> \u2013 6 inches<\/p>\n\n\t\t<\/div>\n\t<\/div>\n<\/div><\/div><\/div><div class=\"wpb_column vc_column_container vc_col-sm-6\"><div class=\"vc_column-inner\"><div class=\"wpb_wrapper\"><div id=\"kapee-header-62106\" class=\"kapee-element kapee-heading text-left kapee-width-100 separator-none separator-between-heading\">\t\n\t\t\t\n\t\t\t<div class=\"heading-wrap\">\n\t\t\t<span class=\"separator-left\"><\/span>\n\t\t\t<h3 class=\"heading-title\">Szybkie statystyki <\/h3>\t\t\t<span class=\"separator-right\"><\/span>\n\t\t\t\t\t<\/div>\n\t\t\n    <\/div><div class=\"vc_progress_bar wpb_content_element\" ><div class=\"vc_general vc_single_bar\"><small class=\"vc_label\" style=\"color: #FFFFFF;\">RZADKO\u015a\u0106<\/small><span class=\"vc_bar\" data-percentage-value=\"100\" data-value=\"100\" style=\"background-color: #0CA4FF;\"><\/span><\/div><div class=\"vc_general vc_single_bar\"><small class=\"vc_label\" style=\"color: #FFFFFF;\">POZIOM OPIEKI<\/small><span class=\"vc_bar\" data-percentage-value=\"75\" data-value=\"75\" style=\"background-color: #0CA4FF;\"><\/span><\/div><div class=\"vc_general vc_single_bar\"><small class=\"vc_label\" style=\"color: #FFFFFF;\">TEMPERAMENT<\/small><span class=\"vc_bar\" data-percentage-value=\"75\" data-value=\"75\" style=\"background-color: #0CA4FF;\"><\/span><\/div><div class=\"vc_general vc_single_bar\"><small class=\"vc_label\" style=\"color: #FFFFFF;\">KOMPATYBILNO\u015a\u0106<\/small><span class=\"vc_bar\" data-percentage-value=\"50\" data-value=\"50\" style=\"background-color: #0CA4FF;\"><\/span><\/div><div class=\"vc_general vc_single_bar\"><small class=\"vc_label\" style=\"color: #FFFFFF;\">ZBIORNIK Z RO\u015aLINAMI<\/small><span class=\"vc_bar\" data-percentage-value=\"25\" data-value=\"25\" style=\"background-color: #0CA4FF;\"><\/span><\/div><\/div><\/div><\/div><\/div><\/div>\n<\/div>","protected":false},"excerpt":{"rendered":"<p style=\"color: red;\">Prosimy o zapoznanie si\u0119 z nasz\u0105 <a href=\"https:\/\/fishbuff.com\/pl\/terms-conditions\/\" target=\"_blank\" rel=\"noopener\">Regulamin<\/a> przed zakupem.<br \/>\nDokonanie zakupu oznacza, \u017ce u\u017cytkownik zgadza si\u0119 i akceptuje obowi\u0105zuj\u0105ce warunki.<\/p>","protected":false},"featured_media":251,"comment_status":"open","ping_status":"closed","template":"","meta":{"_seopress_robots_primary_cat":"none","_seopress_titles_title":"Buy Short Body Asian Arowana with Guarantee Included","_seopress_titles_desc":"Shop Short Body Asian Arowana with direct shipping! Ensure CITES permit for delivery. Contact us for claims and enjoy accurate fish photos.","_seopress_robots_index":""},"product_brand":[],"product_cat":[21],"product_tag":[],"class_list":{"0":"post-221","1":"product","2":"type-product","3":"status-publish","4":"has-post-thumbnail","6":"product_cat-arowana","8":"first","9":"outofstock","10":"shipping-taxable","11":"purchasable","12":"product-type-simple","13":"add-to-wishlist-after_add_to_cart"},"_links":{"self":[{"href":"https:\/\/fishbuff.com\/pl\/wp-json\/wp\/v2\/product\/221","targetHints":{"allow":["GET"]}}],"collection":[{"href":"https:\/\/fishbuff.com\/pl\/wp-json\/wp\/v2\/product"}],"about":[{"href":"https:\/\/fishbuff.com\/pl\/wp-json\/wp\/v2\/types\/product"}],"replies":[{"embeddable":true,"href":"https:\/\/fishbuff.com\/pl\/wp-json\/wp\/v2\/comments?post=221"}],"wp:featuredmedia":[{"embeddable":true,"href":"https:\/\/fishbuff.com\/pl\/wp-json\/wp\/v2\/media\/251"}],"wp:attachment":[{"href":"https:\/\/fishbuff.com\/pl\/wp-json\/wp\/v2\/media?parent=221"}],"wp:term":[{"taxonomy":"product_brand","embeddable":true,"href":"https:\/\/fishbuff.com\/pl\/wp-json\/wp\/v2\/product_brand?post=221"},{"taxonomy":"product_cat","embeddable":true,"href":"https:\/\/fishbuff.com\/pl\/wp-json\/wp\/v2\/product_cat?post=221"},{"taxonomy":"product_tag","embeddable":true,"href":"https:\/\/fishbuff.com\/pl\/wp-json\/wp\/v2\/product_tag?post=221"}],"curies":[{"name":"wp","href":"https:\/\/api.w.org\/{rel}","templated":true}]}}