{"id":2274,"date":"2025-12-23T15:10:20","date_gmt":"2025-12-23T15:10:20","guid":{"rendered":"https:\/\/fishbuff.com\/?post_type=product&#038;p=2274"},"modified":"2025-12-23T15:10:22","modified_gmt":"2025-12-23T15:10:22","slug":"red-sunburst-bubble-tip-anemone","status":"publish","type":"product","link":"https:\/\/fishbuff.com\/pl\/product\/red-sunburst-bubble-tip-anemone\/","title":{"rendered":"Red Sunburst Bubble Tip Anemone"},"content":{"rendered":"<p style=\"color: red;\">Shipping for all species of Anemones and Corals is limited to the following countries\/ territories: the European continent (temporarily restricted to Belarus, Russia, and Ukraine) and the United States.<\/p>\n<p>Pictures are taken as accurate as possible. Pictures shown are for illustration as a representation of the exact product.<br \/>\nPodana cena obejmuje koszty wysy\u0142ki z Indonezji za po\u015brednictwem Transhipper. Kupuj\u0105cy musi zap\u0142aci\u0107 lokalnemu agentowi prze\u0142adunkowemu za op\u0142aty importowe i koszty wysy\u0142ki krajowej.<\/p>\n<p><strong>Live Arrival Guarantee<\/strong><br \/>\nIn the unlikely event that you do receive a dead product, you must ensure to contact us within 24 hours of its arrival. Any claims after that will not be honored. Customer can submit their claim by email at support@fishbuff.com or WhatsApp through (+62) 821-3871-8445.<\/p>\n<p><strong>Return &amp; Exchange<\/strong><br \/>\nNie oferujemy \u017cadnych zwrot\u00f3w ani wymian, ale z przyjemno\u015bci\u0105 wymienimy wszystkie zam\u00f3wienia, kt\u00f3re spe\u0142niaj\u0105 nasze zasady dotycz\u0105ce reklamacji.<\/p>","protected":false},"excerpt":{"rendered":"<p style=\"color: red;\">Prosimy o zapoznanie si\u0119 z nasz\u0105 <a href=\"https:\/\/fishbuff.com\/pl\/terms-conditions\/\" target=\"_blank\" rel=\"noopener\">Regulamin<\/a> przed zakupem.<br \/>\nDokonanie zakupu oznacza, \u017ce u\u017cytkownik zgadza si\u0119 i akceptuje obowi\u0105zuj\u0105ce warunki.<\/p>","protected":false},"featured_media":2304,"comment_status":"open","ping_status":"closed","template":"","meta":{"_seopress_robots_primary_cat":"none","_seopress_titles_title":"Buy Red Sunburst Bubble Tip Anemone with Guaranteed","_seopress_titles_desc":"Shop live Red Sunburst Bubble Tip Anemone. Shipping is available to the USA &amp; Europe. Live Arrival Guarantee ensures your purchase arrives safely.","_seopress_robots_index":""},"product_brand":[],"product_cat":[91],"product_tag":[],"class_list":{"0":"post-2274","1":"product","2":"type-product","3":"status-publish","4":"has-post-thumbnail","6":"product_cat-sea-anemones-corals","8":"first","9":"outofstock","10":"shipping-taxable","11":"purchasable","12":"product-type-simple","13":"add-to-wishlist-after_add_to_cart"},"_links":{"self":[{"href":"https:\/\/fishbuff.com\/pl\/wp-json\/wp\/v2\/product\/2274","targetHints":{"allow":["GET"]}}],"collection":[{"href":"https:\/\/fishbuff.com\/pl\/wp-json\/wp\/v2\/product"}],"about":[{"href":"https:\/\/fishbuff.com\/pl\/wp-json\/wp\/v2\/types\/product"}],"replies":[{"embeddable":true,"href":"https:\/\/fishbuff.com\/pl\/wp-json\/wp\/v2\/comments?post=2274"}],"wp:featuredmedia":[{"embeddable":true,"href":"https:\/\/fishbuff.com\/pl\/wp-json\/wp\/v2\/media\/2304"}],"wp:attachment":[{"href":"https:\/\/fishbuff.com\/pl\/wp-json\/wp\/v2\/media?parent=2274"}],"wp:term":[{"taxonomy":"product_brand","embeddable":true,"href":"https:\/\/fishbuff.com\/pl\/wp-json\/wp\/v2\/product_brand?post=2274"},{"taxonomy":"product_cat","embeddable":true,"href":"https:\/\/fishbuff.com\/pl\/wp-json\/wp\/v2\/product_cat?post=2274"},{"taxonomy":"product_tag","embeddable":true,"href":"https:\/\/fishbuff.com\/pl\/wp-json\/wp\/v2\/product_tag?post=2274"}],"curies":[{"name":"wp","href":"https:\/\/api.w.org\/{rel}","templated":true}]}}