{"id":4593,"date":"2026-01-15T08:09:20","date_gmt":"2026-01-15T08:09:20","guid":{"rendered":"https:\/\/fishbuff.com\/?post_type=product&#038;p=4593"},"modified":"2026-01-15T08:18:32","modified_gmt":"2026-01-15T08:18:32","slug":"444703323-cow-ranchu","status":"publish","type":"product","link":"https:\/\/fishbuff.com\/pl\/product\/444703323-cow-ranchu\/","title":{"rendered":"4.3&#8243; Cow Ranchu"},"content":{"rendered":"<div class=\"wpb-content-wrapper\"><div class=\"vc_row wpb_row vc_row-fluid\"><div class=\"wpb_column vc_column_container vc_col-sm-12\"><div class=\"vc_column-inner\"><div class=\"wpb_wrapper\">\n\t<div class=\"wpb_text_column wpb_content_element\" >\n\t\t<div class=\"wpb_wrapper\">\n\t\t\t<p style=\"font-size: 24px; color: #0ca4ff; font-weight: bold; margin: 0;\">2-dniowa gwarancja <a style=\"color: #333333; font-size: 12px; font-weight: normal;\" href=\"https:\/\/fishbuff.com\/pl\/our-guarantee\/\">Dowiedz si\u0119 wi\u0119cej<\/a><\/p>\n<p><span style=\"color: red;\">Under current regulations, we are temporarily unable to ship koi carp to the United States.<\/span><br \/>\nZdj\u0119cia ryb s\u0105 wykonywane tak dok\u0142adnie, jak to mo\u017cliwe. Przedstawione zdj\u0119cia maj\u0105 charakter pogl\u0105dowy, jako reprezentacja dok\u0142adnej ryby.<br \/>\nPodana cena obejmuje koszty wysy\u0142ki z Indonezji za po\u015brednictwem firmy prze\u0142adunkowej. Kupuj\u0105cy musi zap\u0142aci\u0107 lokalnemu agentowi prze\u0142adunkowemu za op\u0142aty importowe i koszty wysy\u0142ki krajowej.<\/p>\n\n\t\t<\/div>\n\t<\/div>\n\n\t<div class=\"wpb_text_column wpb_content_element\" >\n\t\t<div class=\"wpb_wrapper\">\n\t\t\t<h3 style=\"font-size: 24px; margin: 0.67em 0;\">Cow Ranchu<\/h3>\n<p>A Cow Ranchu is a striking, rare variety of fancy goldfish known for its distinct black-and-white, cow-like markings, featuring the Ranchu&#8217;s characteristic rounded body, high back arch, and lack of a dorsal fin.<\/p>\n<p><strong>Pochodzenie<\/strong> \u2013 Farm raised<br \/>\n<strong>pH<\/strong> \u2013 7.0 to 8.5<br \/>\n<strong>Temp<\/strong> - 25\u00b0C do 28\u00b0C<br \/>\n<strong>Aktualny rozmiar<\/strong> \u2013 4,3 inches<br \/>\n<strong>Seks<\/strong> \u2013 Unknown<\/p>\n\n\t\t<\/div>\n\t<\/div>\n<div id=\"kapee-header-32997\" class=\"kapee-element kapee-heading text-left kapee-width-100 separator-line separator-between-heading\">\t\n\t\t\t\n\t\t\t<div class=\"heading-wrap\">\n\t\t\t<span class=\"separator-left\"><\/span>\n\t\t\t<h2 class=\"heading-title\">Ranchu Goldfish <\/h2>\t\t\t<span class=\"separator-right\"><\/span>\n\t\t\t\t\t<\/div>\n\t\t\n    <\/div><\/div><\/div><\/div><\/div><div class=\"vc_row wpb_row vc_row-fluid\"><div class=\"wpb_column vc_column_container vc_col-sm-6\"><div class=\"vc_column-inner\"><div class=\"wpb_wrapper\">\n\t<div class=\"wpb_video_widget wpb_content_element vc_clearfix   vc_video-aspect-ratio-169 vc_video-el-width-100 vc_video-align-left\" >\n\t\t<div class=\"wpb_wrapper\">\n\t\t\t\n\t\t\t<div class=\"wpb_video_wrapper\"><iframe loading=\"lazy\" title=\"4.3&quot; Cow Ranchu\" width=\"500\" height=\"281\" src=\"https:\/\/www.youtube.com\/embed\/RoUKtwKa3Kk?feature=oembed\" frameborder=\"0\" allow=\"accelerometer; autoplay; clipboard-write; encrypted-media; gyroscope; picture-in-picture; web-share\" referrerpolicy=\"strict-origin-when-cross-origin\" allowfullscreen><\/iframe><\/div>\n\t\t<\/div>\n\t<\/div>\n<\/div><\/div><\/div><div class=\"wpb_column vc_column_container vc_col-sm-6\"><div class=\"vc_column-inner\"><div class=\"wpb_wrapper\"><div id=\"kapee-header-9760\" class=\"kapee-element kapee-heading text-left kapee-width-100 separator-none separator-between-heading\">\t\n\t\t\t\n\t\t\t<div class=\"heading-wrap\">\n\t\t\t<span class=\"separator-left\"><\/span>\n\t\t\t<h3 class=\"heading-title\">Szybkie statystyki <\/h3>\t\t\t<span class=\"separator-right\"><\/span>\n\t\t\t\t\t<\/div>\n\t\t\n    <\/div><div class=\"vc_progress_bar wpb_content_element\" ><div class=\"vc_general vc_single_bar\"><small class=\"vc_label\" style=\"color: #FFFFFF;\">QUALITY<\/small><span class=\"vc_bar\" data-percentage-value=\"50\" data-value=\"50\" style=\"background-color: #0CA4FF;\"><\/span><\/div><div class=\"vc_general vc_single_bar\"><small class=\"vc_label\" style=\"color: #FFFFFF;\">BODY SHAPE<\/small><span class=\"vc_bar\" data-percentage-value=\"75\" data-value=\"75\" style=\"background-color: #0CA4FF;\"><\/span><\/div><div class=\"vc_general vc_single_bar\"><small class=\"vc_label\" style=\"color: #FFFFFF;\">COLOR<\/small><span class=\"vc_bar\" data-percentage-value=\"50\" data-value=\"50\" style=\"background-color: #0CA4FF;\"><\/span><\/div><div class=\"vc_general vc_single_bar\"><small class=\"vc_label\" style=\"color: #FFFFFF;\">PATTERN<\/small><span class=\"vc_bar\" data-percentage-value=\"25\" data-value=\"25\" style=\"background-color: #0CA4FF;\"><\/span><\/div><div class=\"vc_general vc_single_bar\"><small class=\"vc_label\" style=\"color: #FFFFFF;\">SIZE &amp; GROWTH<\/small><span class=\"vc_bar\" data-percentage-value=\"75\" data-value=\"75\" style=\"background-color: #0CA4FF;\"><\/span><\/div><\/div><\/div><\/div><\/div><\/div>\n<\/div>","protected":false},"excerpt":{"rendered":"<p style=\"color: red;\">Prosimy o zapoznanie si\u0119 z nasz\u0105 <a href=\"https:\/\/fishbuff.com\/pl\/terms-conditions\/\" target=\"_blank\" rel=\"noopener\">Regulamin<\/a> przed zakupem.<br \/>\nDokonanie zakupu oznacza, \u017ce u\u017cytkownik zgadza si\u0119 i akceptuje obowi\u0105zuj\u0105ce warunki.<\/p>","protected":false},"featured_media":4594,"comment_status":"open","ping_status":"closed","template":"","meta":{"_seopress_robots_primary_cat":"none","_seopress_titles_title":"Buy Cow Ranchu Goldfish for Sale Online Today","_seopress_titles_desc":"Explore our vibrant Cow Ranchu Goldfish for sale online. Perfect for enthusiasts looking to buy a unique addition to their aquatic collection!","_seopress_robots_index":""},"product_brand":[],"product_cat":[48],"product_tag":[],"class_list":{"0":"post-4593","1":"product","2":"type-product","3":"status-publish","4":"has-post-thumbnail","6":"product_cat-goldfish","8":"first","9":"instock","10":"shipping-taxable","11":"purchasable","12":"product-type-simple","13":"add-to-wishlist-after_add_to_cart"},"_links":{"self":[{"href":"https:\/\/fishbuff.com\/pl\/wp-json\/wp\/v2\/product\/4593","targetHints":{"allow":["GET"]}}],"collection":[{"href":"https:\/\/fishbuff.com\/pl\/wp-json\/wp\/v2\/product"}],"about":[{"href":"https:\/\/fishbuff.com\/pl\/wp-json\/wp\/v2\/types\/product"}],"replies":[{"embeddable":true,"href":"https:\/\/fishbuff.com\/pl\/wp-json\/wp\/v2\/comments?post=4593"}],"wp:featuredmedia":[{"embeddable":true,"href":"https:\/\/fishbuff.com\/pl\/wp-json\/wp\/v2\/media\/4594"}],"wp:attachment":[{"href":"https:\/\/fishbuff.com\/pl\/wp-json\/wp\/v2\/media?parent=4593"}],"wp:term":[{"taxonomy":"product_brand","embeddable":true,"href":"https:\/\/fishbuff.com\/pl\/wp-json\/wp\/v2\/product_brand?post=4593"},{"taxonomy":"product_cat","embeddable":true,"href":"https:\/\/fishbuff.com\/pl\/wp-json\/wp\/v2\/product_cat?post=4593"},{"taxonomy":"product_tag","embeddable":true,"href":"https:\/\/fishbuff.com\/pl\/wp-json\/wp\/v2\/product_tag?post=4593"}],"curies":[{"name":"wp","href":"https:\/\/api.w.org\/{rel}","templated":true}]}}