{"id":574,"date":"2025-12-23T15:01:15","date_gmt":"2025-12-23T15:01:15","guid":{"rendered":"https:\/\/fishbuff.com\/?post_type=product&#038;p=574"},"modified":"2025-12-23T15:01:22","modified_gmt":"2025-12-23T15:01:22","slug":"yellow-tiger-king-cobra","status":"publish","type":"product","link":"https:\/\/fishbuff.com\/pl\/product\/yellow-tiger-king-cobra\/","title":{"rendered":"\u017b\u00f3\u0142ta tygrysia kobra kr\u00f3lewska"},"content":{"rendered":"<div class=\"wpb-content-wrapper\"><div class=\"vc_row wpb_row vc_row-fluid\"><div class=\"wpb_column vc_column_container vc_col-sm-12\"><div class=\"vc_column-inner\"><div class=\"wpb_wrapper\"><div id=\"kapee-header-78456\" class=\"kapee-element kapee-heading text-left kapee-width-100 separator-line separator-between-heading\">\t\n\t\t\t\n\t\t\t<div class=\"heading-wrap\">\n\t\t\t<span class=\"separator-left\"><\/span>\n\t\t\t<h2 class=\"heading-title\">Guppy Fish Shop <\/h2>\t\t\t<span class=\"separator-right\"><\/span>\n\t\t\t\t\t<\/div>\n\t\t\n    <\/div>\n\t<div class=\"wpb_text_column wpb_content_element\" >\n\t\t<div class=\"wpb_wrapper\">\n\t\t\t<p><span style=\"color: red;\">Podana cena dotyczy pary (jeden samiec i jedna samica).<\/span><br \/>\nZdj\u0119cia ryb s\u0105 wykonywane tak dok\u0142adnie, jak to mo\u017cliwe. Pokazane zdj\u0119cia maj\u0105 charakter pogl\u0105dowy i przedstawiaj\u0105 dok\u0142adnie te ryby.<br \/>\nPodana cena obejmuje koszty wysy\u0142ki z Indonezji za po\u015brednictwem Transhipper. Kupuj\u0105cy musi zap\u0142aci\u0107 lokalnemu agentowi prze\u0142adunkowemu za op\u0142aty importowe i koszty wysy\u0142ki krajowej.<\/p>\n\n\t\t<\/div>\n\t<\/div>\n<div id=\"kapee-header-87494\" class=\"kapee-element kapee-heading text-left kapee-width-100 separator-none separator-between-heading\">\t\n\t\t\t\n\t\t\t<div class=\"heading-wrap\">\n\t\t\t<span class=\"separator-left\"><\/span>\n\t\t\t<h3 class=\"heading-title\">Kup \u017cywe ryby akwariowe online <\/h3>\t\t\t<span class=\"separator-right\"><\/span>\n\t\t\t\t\t<\/div>\n\t\t\n    <\/div>\n<div id=\"kapee-accordion-65078\" class=\"kapee-element kapee-accordion panel-group accordion-line align-left accordion-icon-plus icon-position-right\">\n\t\n\t\t\t\n\t\t<div class=\"card\">\n\t\t\t<div class=\"card-header\">\n\t\t\t\t<h4 class=\"card-title\">\t\t\t\t\t\n\t\t\t\t\t<a class=\"card-link collapsed\" data-toggle=\"collapse\" href=\"#kp-accordions-2504\">\n\t\t\t\t\t\t\t\t\t\t\t\tGdzie wysy\u0142asz swoje ryby?\t\t\t\t\t\t\t\t\t\t\t<\/a>\t\t\t\t\t\n\t\t\t\t<\/h4>\n\t\t\t<\/div>\n\t\t\t<div id=\"kp-accordions-2504\" class=\"collapse\" data-parent=\"#kapee-accordion-65078\">\n\t\t\t\t<div class=\"card-body\">\n\t\t\t\t\t\n\t<div class=\"wpb_text_column wpb_content_element\" >\n\t\t<div class=\"wpb_wrapper\">\n\t\t\t<p>Nasze ryby dla zam\u00f3wie\u0144 detalicznych wysy\u0142amy tylko do niekt\u00f3rych kraj\u00f3w. Wysy\u0142ka jest ograniczona do nast\u0119puj\u0105cych kraj\u00f3w; Australia\/ Austria\/ Barbados\/ Belgia\/ Boliwia\/ Brazylia\/ Brunei\/ Bu\u0142garia\/ Kambod\u017ca\/ Kanada\/ Chile\/ Chiny\/ Kolumbia\/ Kostaryka\/ Chorwacja\/ Cypr\/ Czechy\/ Dania\/ Dominikana\/ Ekwador\/ Estonia\/ Finlandia\/ Francja\/ Niemcy\/ Grecja\/ Guam\/ Haiti\/ Hongkong\/ W\u0119gry\/ Indie\/ Irlandia\/ W\u0142ochy\/ Japonia\/ Kuwejt\/ \u0141otwa\/ Liechtenstein\/ Litwa\/ Luksemburg\/ Malezja\/ Meksyk\/ Myanmar\/ Holandia\/ Norwegia\/ Oman\/ Panama\/ Paragwaj\/ Peru\/ Puerto Rico\/ Filipiny. Meksyk\/ Myanmar\/ Holandia\/ Norwegia\/ Oman\/ Panama\/ Paragwaj\/ Peru\/ Portoryko\/ Filipiny\/ Polska\/ Portugalia\/ Rumunia\/ San Marino\/ Serbia\/ Singapur\/ S\u0142owacja\/ S\u0142owenia\/ RPA\/ Korea Po\u0142udniowa\/ Hiszpania\/ Surinam\/ Szwecja\/ Szwajcaria\/ Tajwan\/ Tajlandia\/ Trynidad i Tobago\/ Wyspy Turks i Caicos\/ Zjednoczone Emiraty Arabskie\/ Wielka Brytania\/ Stany Zjednoczone\/ Wyspy Dziewicze Stan\u00f3w Zjednoczonych\/ Wietnam.<\/p>\n\n\t\t<\/div>\n\t<\/div>\n\t\t\t\t<\/div>\n\t\t\t<\/div>\n\t\t<\/div>\n\t\t\t\n\t\t<div class=\"card\">\n\t\t\t<div class=\"card-header\">\n\t\t\t\t<h4 class=\"card-title\">\t\t\t\t\t\n\t\t\t\t\t<a class=\"card-link collapsed\" data-toggle=\"collapse\" href=\"#kp-accordions-38064\">\n\t\t\t\t\t\t\t\t\t\t\t\tJak d\u0142ugo trzeba czeka\u0107 na ryb\u0119?\t\t\t\t\t\t\t\t\t\t\t<\/a>\t\t\t\t\t\n\t\t\t\t<\/h4>\n\t\t\t<\/div>\n\t\t\t<div id=\"kp-accordions-38064\" class=\"collapse\" data-parent=\"#kapee-accordion-65078\">\n\t\t\t\t<div class=\"card-body\">\n\t\t\t\t\t\n\t<div class=\"wpb_text_column wpb_content_element\" >\n\t\t<div class=\"wpb_wrapper\">\n\t\t\t<p>Zazwyczaj zam\u00f3wienie jest dostarczane w ci\u0105gu 7-14 dni roboczych. W niekt\u00f3rych przypadkach mo\u017ce to potrwa\u0107 miesi\u0105c.<\/p>\n\n\t\t<\/div>\n\t<\/div>\n\t\t\t\t<\/div>\n\t\t\t<\/div>\n\t\t<\/div>\n\t\t\t\n\t\t<div class=\"card\">\n\t\t\t<div class=\"card-header\">\n\t\t\t\t<h4 class=\"card-title\">\t\t\t\t\t\n\t\t\t\t\t<a class=\"card-link collapsed\" data-toggle=\"collapse\" href=\"#kp-accordions-26846\">\n\t\t\t\t\t\t\t\t\t\t\t\tDlaczego otrzymanie ryb trwa tak d\u0142ugo?\t\t\t\t\t\t\t\t\t\t\t<\/a>\t\t\t\t\t\n\t\t\t\t<\/h4>\n\t\t\t<\/div>\n\t\t\t<div id=\"kp-accordions-26846\" class=\"collapse\" data-parent=\"#kapee-accordion-65078\">\n\t\t\t\t<div class=\"card-body\">\n\t\t\t\t\t\n\t<div class=\"wpb_text_column wpb_content_element\" >\n\t\t<div class=\"wpb_wrapper\">\n\t\t\t<p>Zam\u00f3wienia detaliczne wysy\u0142amy wy\u0142\u0105cznie za po\u015brednictwem firmy prze\u0142adunkowej. Wysy\u0142ki s\u0105 realizowane w oparciu o dost\u0119pny miesi\u0119czny harmonogram, kt\u00f3ry jest ustalany przez samego prze\u0142adowc\u0119.<br \/>\nKilka kraj\u00f3w, kt\u00f3re mog\u0105 nie mie\u0107 wystarczaj\u0105co du\u017cego wolumenu wysy\u0142ek, zwykle ma bardzo ograniczone harmonogramy.<br \/>\nJe\u015bli chcesz upewni\u0107 si\u0119, kiedy jest odpowiedni czas na z\u0142o\u017cenie zam\u00f3wienia, mo\u017cesz najpierw skontaktowa\u0107 si\u0119 z nami.<\/p>\n\n\t\t<\/div>\n\t<\/div>\n\t\t\t\t<\/div>\n\t\t\t<\/div>\n\t\t<\/div>\n\t\t\t\n\t\t<div class=\"card\">\n\t\t\t<div class=\"card-header\">\n\t\t\t\t<h4 class=\"card-title\">\t\t\t\t\t\n\t\t\t\t\t<a class=\"card-link collapsed\" data-toggle=\"collapse\" href=\"#kp-accordions-99444\">\n\t\t\t\t\t\t\t\t\t\t\t\tCo je\u015bli moja ryba jest martwa?\t\t\t\t\t\t\t\t\t\t\t<\/a>\t\t\t\t\t\n\t\t\t\t<\/h4>\n\t\t\t<\/div>\n\t\t\t<div id=\"kp-accordions-99444\" class=\"collapse\" data-parent=\"#kapee-accordion-65078\">\n\t\t\t\t<div class=\"card-body\">\n\t\t\t\t\t\n\t<div class=\"wpb_text_column wpb_content_element\" >\n\t\t<div class=\"wpb_wrapper\">\n\t\t\t<p>W ma\u0142o prawdopodobnym przypadku otrzymania martwej ryby nale\u017cy skontaktowa\u0107 si\u0119 z nami w ci\u0105gu 24 godzin od jej przybycia. Wszelkie roszczenia po tym czasie nie b\u0119d\u0105 honorowane.<br \/>\nW przypadku D.O.A. prosimy o przes\u0142anie wyra\u017anego zdj\u0119cia martwej ryby w nieotwartej torbie. Klient mo\u017ce przes\u0142a\u0107 swoje roszczenie poczt\u0105 elektroniczn\u0105 na adres support@fishbuff.com lub WhatsApp pod numerem (+62) 821-3871-8445.<\/p>\n\n\t\t<\/div>\n\t<\/div>\n\t\t\t\t<\/div>\n\t\t\t<\/div>\n\t\t<\/div>\n\t\t\t\n\t\t<div class=\"card\">\n\t\t\t<div class=\"card-header\">\n\t\t\t\t<h4 class=\"card-title\">\t\t\t\t\t\n\t\t\t\t\t<a class=\"card-link collapsed\" data-toggle=\"collapse\" href=\"#kp-accordions-91436\">\n\t\t\t\t\t\t\t\t\t\t\t\tCzy zaakceptowa\u0142e\u015b zwrot lub wymian\u0119?\t\t\t\t\t\t\t\t\t\t\t<\/a>\t\t\t\t\t\n\t\t\t\t<\/h4>\n\t\t\t<\/div>\n\t\t\t<div id=\"kp-accordions-91436\" class=\"collapse\" data-parent=\"#kapee-accordion-65078\">\n\t\t\t\t<div class=\"card-body\">\n\t\t\t\t\t\n\t<div class=\"wpb_text_column wpb_content_element\" >\n\t\t<div class=\"wpb_wrapper\">\n\t\t\t<p>Nie oferujemy \u017cadnych zwrot\u00f3w ani wymian, ale z przyjemno\u015bci\u0105 wymienimy wszystkie zam\u00f3wienia, kt\u00f3re spe\u0142niaj\u0105 nasze zasady dotycz\u0105ce reklamacji.<\/p>\n\n\t\t<\/div>\n\t<\/div>\n\t\t\t\t<\/div>\n\t\t\t<\/div>\n\t\t<\/div>\n\t<\/div><\/div><\/div><\/div><\/div>\n<\/div>","protected":false},"excerpt":{"rendered":"<p style=\"color: red;\">Prosimy o zapoznanie si\u0119 z nasz\u0105 <a href=\"https:\/\/fishbuff.com\/pl\/terms-conditions\/\" target=\"_blank\" rel=\"noopener\">Regulamin<\/a> przed zakupem.<br \/>\nDokonanie zakupu oznacza, \u017ce u\u017cytkownik zgadza si\u0119 i akceptuje obowi\u0105zuj\u0105ce warunki.<\/p>","protected":false},"featured_media":604,"comment_status":"open","ping_status":"closed","template":"","meta":{"_seopress_robots_primary_cat":"91","_seopress_titles_title":"Get Your Yellow Tiger King Cobra Guppies Today!","_seopress_titles_desc":"Get stunning Yellow Tiger King Cobra pairs with guaranteed live arrival. Price includes shipping from Indonesia. Claim policy details inside!","_seopress_robots_index":""},"product_brand":[],"product_cat":[69],"product_tag":[],"class_list":{"0":"post-574","1":"product","2":"type-product","3":"status-publish","4":"has-post-thumbnail","6":"product_cat-guppy","8":"first","9":"instock","10":"shipping-taxable","11":"purchasable","12":"product-type-simple","13":"add-to-wishlist-after_add_to_cart"},"_links":{"self":[{"href":"https:\/\/fishbuff.com\/pl\/wp-json\/wp\/v2\/product\/574","targetHints":{"allow":["GET"]}}],"collection":[{"href":"https:\/\/fishbuff.com\/pl\/wp-json\/wp\/v2\/product"}],"about":[{"href":"https:\/\/fishbuff.com\/pl\/wp-json\/wp\/v2\/types\/product"}],"replies":[{"embeddable":true,"href":"https:\/\/fishbuff.com\/pl\/wp-json\/wp\/v2\/comments?post=574"}],"wp:featuredmedia":[{"embeddable":true,"href":"https:\/\/fishbuff.com\/pl\/wp-json\/wp\/v2\/media\/604"}],"wp:attachment":[{"href":"https:\/\/fishbuff.com\/pl\/wp-json\/wp\/v2\/media?parent=574"}],"wp:term":[{"taxonomy":"product_brand","embeddable":true,"href":"https:\/\/fishbuff.com\/pl\/wp-json\/wp\/v2\/product_brand?post=574"},{"taxonomy":"product_cat","embeddable":true,"href":"https:\/\/fishbuff.com\/pl\/wp-json\/wp\/v2\/product_cat?post=574"},{"taxonomy":"product_tag","embeddable":true,"href":"https:\/\/fishbuff.com\/pl\/wp-json\/wp\/v2\/product_tag?post=574"}],"curies":[{"name":"wp","href":"https:\/\/api.w.org\/{rel}","templated":true}]}}