{"id":1408,"date":"2025-12-23T15:05:54","date_gmt":"2025-12-23T15:05:54","guid":{"rendered":"https:\/\/fishbuff.com\/?post_type=product&#038;p=1408"},"modified":"2025-12-23T15:06:02","modified_gmt":"2025-12-23T15:06:02","slug":"asiatica-platinum-snakehead","status":"publish","type":"product","link":"https:\/\/fishbuff.com\/pt\/product\/asiatica-platinum-snakehead\/","title":{"rendered":"Cabe\u00e7a de serpente platina Asiatica"},"content":{"rendered":"<div class=\"wpb-content-wrapper\"><div class=\"vc_row wpb_row vc_row-fluid\"><div class=\"wpb_column vc_column_container vc_col-sm-12\"><div class=\"vc_column-inner\"><div class=\"wpb_wrapper\"><div id=\"kapee-header-55589\" class=\"kapee-element kapee-heading text-left kapee-width-100 separator-line separator-between-heading\">\t\n\t\t\t\n\t\t\t<div class=\"heading-wrap\">\n\t\t\t<span class=\"separator-left\"><\/span>\n\t\t\t<h2 class=\"heading-title\">Peixe Channa <\/h2>\t\t\t<span class=\"separator-right\"><\/span>\n\t\t\t\t\t<\/div>\n\t\t\n    <\/div>\n\t<div class=\"wpb_text_column wpb_content_element\" >\n\t\t<div class=\"wpb_wrapper\">\n\t\t\t<p>Channa \u00e9 um g\u00e9nero de peixes predadores da fam\u00edlia Channidae, vulgarmente conhecidos como cabe\u00e7as de cobra, nativos de habitats de \u00e1gua doce na \u00c1sia. Todas as cabe\u00e7as de cobra s\u00e3o altamente predadoras e as dietas das v\u00e1rias esp\u00e9cies de Channa incluem peixes, anf\u00edbios (como as r\u00e3s), cobras, roedores, aves e invertebrados (insectos e crust\u00e1ceos).<\/p>\n\n\t\t<\/div>\n\t<\/div>\n<div id=\"kapee-header-46923\" class=\"kapee-element kapee-heading text-left kapee-width-100 separator-line separator-between-heading\">\t\n\t\t\t\n\t\t\t<div class=\"heading-wrap\">\n\t\t\t<span class=\"separator-left\"><\/span>\n\t\t\t<h3 class=\"heading-title\">Channa Fish por atacado <\/h3>\t\t\t<span class=\"separator-right\"><\/span>\n\t\t\t\t\t<\/div>\n\t\t\n    <\/div>\n\t<div class=\"wpb_text_column wpb_content_element\" >\n\t\t<div class=\"wpb_wrapper\">\n\t\t\t<p>Somos fornecedores l\u00edderes de Channa de qualidade superior que pode ser criada num aqu\u00e1rio. Oferecemos uma sele\u00e7\u00e3o de esp\u00e9cies de channa saud\u00e1veis, incluindo uma esp\u00e9cie rara de snakehead.<\/p>\n\n\t\t<\/div>\n\t<\/div>\n<\/div><\/div><\/div><\/div>\n<\/div>","protected":false},"excerpt":{"rendered":"Channa Fish Channa is a genus of predatory fish in the family Channidae, commonly known as snakeheads, native to freshwater habitats in Asia. All snakeheads are highly predatory, and the diets of the various species of Channa include fish, amphibians (like frogs), snakes, rodents, birds, and invertebrates (insects and crustaceans). Channa Fish Wholesale We are leading suppliers of premium quality Channa that can be raised in an aquarium. We offer a selection of healthy channa species, including a rare species of snakehead.","protected":false},"featured_media":365,"comment_status":"open","ping_status":"closed","template":"","meta":{"_seopress_robots_primary_cat":"none","_seopress_titles_title":"Buy Wholesale Asiatica Platinum Snakehead Online","_seopress_titles_desc":"Buy Snakehead Fish Wholesale Online! Explore top-quality Asiatica Platinum Snakehead for your aquarium. Order in bulk for best prices.","_seopress_robots_index":""},"product_brand":[],"product_cat":[80],"product_tag":[],"class_list":{"0":"post-1408","1":"product","2":"type-product","3":"status-publish","4":"has-post-thumbnail","6":"product_cat-channa","8":"first","9":"instock","10":"shipping-taxable","11":"purchasable","12":"product-type-simple","13":"add-to-wishlist-after_add_to_cart"},"_links":{"self":[{"href":"https:\/\/fishbuff.com\/pt\/wp-json\/wp\/v2\/product\/1408","targetHints":{"allow":["GET"]}}],"collection":[{"href":"https:\/\/fishbuff.com\/pt\/wp-json\/wp\/v2\/product"}],"about":[{"href":"https:\/\/fishbuff.com\/pt\/wp-json\/wp\/v2\/types\/product"}],"replies":[{"embeddable":true,"href":"https:\/\/fishbuff.com\/pt\/wp-json\/wp\/v2\/comments?post=1408"}],"wp:featuredmedia":[{"embeddable":true,"href":"https:\/\/fishbuff.com\/pt\/wp-json\/wp\/v2\/media\/365"}],"wp:attachment":[{"href":"https:\/\/fishbuff.com\/pt\/wp-json\/wp\/v2\/media?parent=1408"}],"wp:term":[{"taxonomy":"product_brand","embeddable":true,"href":"https:\/\/fishbuff.com\/pt\/wp-json\/wp\/v2\/product_brand?post=1408"},{"taxonomy":"product_cat","embeddable":true,"href":"https:\/\/fishbuff.com\/pt\/wp-json\/wp\/v2\/product_cat?post=1408"},{"taxonomy":"product_tag","embeddable":true,"href":"https:\/\/fishbuff.com\/pt\/wp-json\/wp\/v2\/product_tag?post=1408"}],"curies":[{"name":"wp","href":"https:\/\/api.w.org\/{rel}","templated":true}]}}