{"id":1629,"date":"2025-12-23T15:07:13","date_gmt":"2025-12-23T15:07:13","guid":{"rendered":"https:\/\/fishbuff.com\/?post_type=product&#038;p=1629"},"modified":"2026-01-06T09:17:00","modified_gmt":"2026-01-06T09:17:00","slug":"yellow-lepturus","status":"publish","type":"product","link":"https:\/\/fishbuff.com\/pt\/product\/yellow-lepturus\/","title":{"rendered":"Buccochromis Rhoadesii"},"content":{"rendered":"<div class=\"wpb-content-wrapper\"><div class=\"vc_row wpb_row vc_row-fluid\"><div class=\"wpb_column vc_column_container vc_col-sm-12\"><div class=\"vc_column-inner\"><div class=\"wpb_wrapper\"><div id=\"kapee-header-8136\" class=\"kapee-element kapee-heading text-left kapee-width-100 separator-line separator-between-heading\">\t\n\t\t\t\n\t\t\t<div class=\"heading-wrap\">\n\t\t\t<span class=\"separator-left\"><\/span>\n\t\t\t<h2 class=\"heading-title\">Cicl\u00eddeos <\/h2>\t\t\t<span class=\"separator-right\"><\/span>\n\t\t\t\t\t<\/div>\n\t\t\n    <\/div>\n\t<div class=\"wpb_text_column wpb_content_element\" >\n\t\t<div class=\"wpb_wrapper\">\n\t\t\t<p>Os cicl\u00eddeos s\u00e3o uma fam\u00edlia grande e diversificada de peixes de \u00e1gua doce conhecidos pela sua adaptabilidade, cores vibrantes e comportamentos complexos, nativos das Am\u00e9ricas, \u00c1frica e partes da \u00c1sia e do M\u00e9dio Oriente.<\/p>\n\n\t\t<\/div>\n\t<\/div>\n<div id=\"kapee-header-26701\" class=\"kapee-element kapee-heading text-left kapee-width-100 separator-line separator-between-heading\">\t\n\t\t\t\n\t\t\t<div class=\"heading-wrap\">\n\t\t\t<span class=\"separator-left\"><\/span>\n\t\t\t<h3 class=\"heading-title\">Cicl\u00eddeos por atacado <\/h3>\t\t\t<span class=\"separator-right\"><\/span>\n\t\t\t\t\t<\/div>\n\t\t\n    <\/div>\n\t<div class=\"wpb_text_column wpb_content_element\" >\n\t\t<div class=\"wpb_wrapper\">\n\t\t\t<p>Fornecemos uma vasta gama de esp\u00e9cies de cicl\u00eddeos africanos e americanos (Am\u00e9rica do Sul e Central) por atacado a importadores e retalhistas internacionais aos pre\u00e7os mais baixos.<\/p>\n\n\t\t<\/div>\n\t<\/div>\n<\/div><\/div><\/div><\/div>\n<\/div>","protected":false},"excerpt":{"rendered":"Cichlid Fish Cichlids are a large and diverse family of freshwater fish known for their adaptability, vibrant colors, and complex behaviors, native to the Americas, Africa, and parts of Asia and the Middle East. Cichlids Wholesale We supply a huge range of wholesale African and American (South and Central American) cichlids species to International Importers and Retailers at the lowest prices.","protected":false},"featured_media":1657,"comment_status":"open","ping_status":"closed","template":"","meta":{"_seopress_robots_primary_cat":"none","_seopress_titles_title":"Shop Buccochromis Rhoadesii Cichlid Wholesale","_seopress_titles_desc":"Explore our Buccochromis Rhoadesii collection! Ideal for African Cichlid Wholesale enthusiasts eager to enhance their aquatic life.","_seopress_robots_index":""},"product_brand":[],"product_cat":[83],"product_tag":[],"class_list":{"0":"post-1629","1":"product","2":"type-product","3":"status-publish","4":"has-post-thumbnail","6":"product_cat-cichlids","8":"first","9":"instock","10":"shipping-taxable","11":"purchasable","12":"product-type-simple","13":"add-to-wishlist-after_add_to_cart"},"_links":{"self":[{"href":"https:\/\/fishbuff.com\/pt\/wp-json\/wp\/v2\/product\/1629","targetHints":{"allow":["GET"]}}],"collection":[{"href":"https:\/\/fishbuff.com\/pt\/wp-json\/wp\/v2\/product"}],"about":[{"href":"https:\/\/fishbuff.com\/pt\/wp-json\/wp\/v2\/types\/product"}],"replies":[{"embeddable":true,"href":"https:\/\/fishbuff.com\/pt\/wp-json\/wp\/v2\/comments?post=1629"}],"wp:featuredmedia":[{"embeddable":true,"href":"https:\/\/fishbuff.com\/pt\/wp-json\/wp\/v2\/media\/1657"}],"wp:attachment":[{"href":"https:\/\/fishbuff.com\/pt\/wp-json\/wp\/v2\/media?parent=1629"}],"wp:term":[{"taxonomy":"product_brand","embeddable":true,"href":"https:\/\/fishbuff.com\/pt\/wp-json\/wp\/v2\/product_brand?post=1629"},{"taxonomy":"product_cat","embeddable":true,"href":"https:\/\/fishbuff.com\/pt\/wp-json\/wp\/v2\/product_cat?post=1629"},{"taxonomy":"product_tag","embeddable":true,"href":"https:\/\/fishbuff.com\/pt\/wp-json\/wp\/v2\/product_tag?post=1629"}],"curies":[{"name":"wp","href":"https:\/\/api.w.org\/{rel}","templated":true}]}}