{"id":2966,"date":"2025-12-23T15:14:30","date_gmt":"2025-12-23T15:14:30","guid":{"rendered":"https:\/\/fishbuff.com\/?post_type=product&#038;p=2966"},"modified":"2026-01-09T23:08:41","modified_gmt":"2026-01-09T23:08:41","slug":"papuan-fairy-wrasse","status":"publish","type":"product","link":"https:\/\/fishbuff.com\/pt\/product\/papuan-fairy-wrasse\/","title":{"rendered":"3&#8243; Papuan Fairy Wrasse"},"content":{"rendered":"<div class=\"wpb-content-wrapper\"><div class=\"vc_row wpb_row vc_row-fluid\"><div class=\"wpb_column vc_column_container vc_col-sm-12\"><div class=\"vc_column-inner\"><div class=\"wpb_wrapper\">\n\t<div class=\"wpb_text_column wpb_content_element\" >\n\t\t<div class=\"wpb_wrapper\">\n\t\t\t<p style=\"font-size: 24px; color: #0ca4ff; font-weight: bold; margin: 0;\">Garantia de 2 dias <a style=\"color: #333333; font-size: 12px; font-weight: normal;\" href=\"https:\/\/fishbuff.com\/pt\/our-guarantee\/\">Saiba mais<\/a><\/p>\n<p>As fotografias dos peixes s\u00e3o tiradas com a maior exatid\u00e3o poss\u00edvel. As imagens mostradas servem para ilustrar a representa\u00e7\u00e3o exacta do peixe.<br \/>\nO pre\u00e7o indicado inclui os custos de envio da Indon\u00e9sia atrav\u00e9s do Transhipper. O comprador deve pagar ao seu agente local de transhipper as taxas de importa\u00e7\u00e3o e os custos de envio nacionais.<\/p>\n\n\t\t<\/div>\n\t<\/div>\n<div id=\"kapee-header-59753\" class=\"kapee-element kapee-heading text-left kapee-width-100 separator-line separator-between-heading\">\t\n\t\t\t\n\t\t\t<div class=\"heading-wrap\">\n\t\t\t<span class=\"separator-left\"><\/span>\n\t\t\t<h2 class=\"heading-title\">Cirrhilabrus Xanthozonus <\/h2>\t\t\t<span class=\"separator-right\"><\/span>\n\t\t\t\t\t<\/div>\n\t\t\n    <\/div><\/div><\/div><\/div><\/div><div class=\"vc_row wpb_row vc_row-fluid\"><div class=\"wpb_column vc_column_container vc_col-sm-6\"><div class=\"vc_column-inner\"><div class=\"wpb_wrapper\">\n\t<div class=\"wpb_text_column wpb_content_element\" >\n\t\t<div class=\"wpb_wrapper\">\n\t\t\t<h3 style=\"font-size: 24px; margin: 0.67em 0;\">Xanthozonus Fairy Wrasses<\/h3>\n<p>Cirrhilabrus xanthozonus is known for its striking patterns, particularly the yellow (xantho) band (zonus), and unique blue markings.<\/p>\n<p><strong>Origem<\/strong> &#8211; Eastern Indo-Pacific<br \/>\n<strong>Dieta<\/strong> - Carn\u00edvoro<br \/>\n<strong>pH<\/strong> - 8,0 a 8,5<br \/>\n<strong>Temp<\/strong> - 24\u00b0C a 27\u00b0C<br \/>\n<strong>Salinidade<\/strong> - 1,020 a 1,025<\/p>\n\n\t\t<\/div>\n\t<\/div>\n<\/div><\/div><\/div><div class=\"wpb_column vc_column_container vc_col-sm-6\"><div class=\"vc_column-inner\"><div class=\"wpb_wrapper\"><div id=\"kapee-header-17064\" class=\"kapee-element kapee-heading text-left kapee-width-100 separator-none separator-between-heading\">\t\n\t\t\t\n\t\t\t<div class=\"heading-wrap\">\n\t\t\t<span class=\"separator-left\"><\/span>\n\t\t\t<h3 class=\"heading-title\">Estat\u00edsticas r\u00e1pidas <\/h3>\t\t\t<span class=\"separator-right\"><\/span>\n\t\t\t\t\t<\/div>\n\t\t\n    <\/div><div class=\"vc_progress_bar wpb_content_element\" ><div class=\"vc_general vc_single_bar\"><small class=\"vc_label\" style=\"color: #FFFFFF;\">RARIDADE<\/small><span class=\"vc_bar\" data-percentage-value=\"100\" data-value=\"100\" style=\"background-color: #0CA4FF;\"><\/span><\/div><div class=\"vc_general vc_single_bar\"><small class=\"vc_label\" style=\"color: #FFFFFF;\">N\u00cdVEL DE CUIDADOS<\/small><span class=\"vc_bar\" data-percentage-value=\"75\" data-value=\"75\" style=\"background-color: #0CA4FF;\"><\/span><\/div><div class=\"vc_general vc_single_bar\"><small class=\"vc_label\" style=\"color: #FFFFFF;\">TEMPERAMENTO<\/small><span class=\"vc_bar\" data-percentage-value=\"50\" data-value=\"50\" style=\"background-color: #0CA4FF;\"><\/span><\/div><div class=\"vc_general vc_single_bar\"><small class=\"vc_label\" style=\"color: #FFFFFF;\">COMPATIBILIDADE<\/small><span class=\"vc_bar\" data-percentage-value=\"50\" data-value=\"50\" style=\"background-color: #0CA4FF;\"><\/span><\/div><div class=\"vc_general vc_single_bar\"><small class=\"vc_label\" style=\"color: #FFFFFF;\">SEGURAN\u00c7A NO MAR<\/small><span class=\"vc_bar\" data-percentage-value=\"100\" data-value=\"100\" style=\"background-color: #0CA4FF;\"><\/span><\/div><\/div><\/div><\/div><\/div><\/div>\n<\/div>","protected":false},"excerpt":{"rendered":"<p style=\"color: red;\">Leia a nossa <a href=\"https:\/\/fishbuff.com\/pt\/terms-conditions\/\" target=\"_blank\" rel=\"noopener\">Termos e condi\u00e7\u00f5es<\/a> antes de comprar.<br \/>\nAo comprar, indicamos que o utilizador concorda e aceita os termos e condi\u00e7\u00f5es aplic\u00e1veis.<\/p>","protected":false},"featured_media":2990,"comment_status":"open","ping_status":"closed","template":"","meta":{"_seopress_robots_primary_cat":"none","_seopress_titles_title":"Buy Limited Papuan Fairy Wrasse Fish for Sale Online","_seopress_titles_desc":"Discover vibrant Papuan Fairy Wrasse for sale online at our marine shop. Perfectly reef-safe, they add color and life to any aquarium!","_seopress_robots_index":""},"product_brand":[],"product_cat":[98],"product_tag":[],"class_list":{"0":"post-2966","1":"product","2":"type-product","3":"status-publish","4":"has-post-thumbnail","6":"product_cat-fairy-wrasse","8":"first","9":"outofstock","10":"shipping-taxable","11":"purchasable","12":"product-type-simple","13":"add-to-wishlist-after_add_to_cart"},"_links":{"self":[{"href":"https:\/\/fishbuff.com\/pt\/wp-json\/wp\/v2\/product\/2966","targetHints":{"allow":["GET"]}}],"collection":[{"href":"https:\/\/fishbuff.com\/pt\/wp-json\/wp\/v2\/product"}],"about":[{"href":"https:\/\/fishbuff.com\/pt\/wp-json\/wp\/v2\/types\/product"}],"replies":[{"embeddable":true,"href":"https:\/\/fishbuff.com\/pt\/wp-json\/wp\/v2\/comments?post=2966"}],"wp:featuredmedia":[{"embeddable":true,"href":"https:\/\/fishbuff.com\/pt\/wp-json\/wp\/v2\/media\/2990"}],"wp:attachment":[{"href":"https:\/\/fishbuff.com\/pt\/wp-json\/wp\/v2\/media?parent=2966"}],"wp:term":[{"taxonomy":"product_brand","embeddable":true,"href":"https:\/\/fishbuff.com\/pt\/wp-json\/wp\/v2\/product_brand?post=2966"},{"taxonomy":"product_cat","embeddable":true,"href":"https:\/\/fishbuff.com\/pt\/wp-json\/wp\/v2\/product_cat?post=2966"},{"taxonomy":"product_tag","embeddable":true,"href":"https:\/\/fishbuff.com\/pt\/wp-json\/wp\/v2\/product_tag?post=2966"}],"curies":[{"name":"wp","href":"https:\/\/api.w.org\/{rel}","templated":true}]}}