{"id":355,"date":"2025-12-23T14:59:45","date_gmt":"2025-12-23T14:59:45","guid":{"rendered":"https:\/\/fishbuff.com\/?post_type=product&#038;p=355"},"modified":"2026-01-12T00:20:37","modified_gmt":"2026-01-12T00:20:37","slug":"new-guinea-tigerfish","status":"publish","type":"product","link":"https:\/\/fishbuff.com\/pt\/product\/new-guinea-tigerfish\/","title":{"rendered":"3.1&#8243; New Guinea Tigerfish"},"content":{"rendered":"<div class=\"wpb-content-wrapper\"><div class=\"vc_row wpb_row vc_row-fluid\"><div class=\"wpb_column vc_column_container vc_col-sm-12\"><div class=\"vc_column-inner\"><div class=\"wpb_wrapper\">\n\t<div class=\"wpb_text_column wpb_content_element\" >\n\t\t<div class=\"wpb_wrapper\">\n\t\t\t<p style=\"font-size: 24px; color: #0ca4ff; font-weight: bold; margin: 0;\">Garantia de 2 dias <a style=\"color: #333333; font-size: 12px; font-weight: normal;\" href=\"https:\/\/fishbuff.com\/pt\/our-guarantee\/\">Saiba mais<\/a><\/p>\n<p>As fotografias dos peixes s\u00e3o tiradas com a maior exatid\u00e3o poss\u00edvel. As fotografias apresentadas s\u00e3o meramente ilustrativas, n\u00e3o representando o peixe exato.<br \/>\nO pre\u00e7o indicado inclui os custos de envio da Indon\u00e9sia atrav\u00e9s de um transhipper. O comprador deve pagar ao seu agente local de transhipper as taxas de importa\u00e7\u00e3o e os custos de envio nacionais.<\/p>\n\n\t\t<\/div>\n\t<\/div>\n<div id=\"kapee-header-93450\" class=\"kapee-element kapee-heading text-left kapee-width-100 separator-line separator-between-heading\">\t\n\t\t\t\n\t\t\t<div class=\"heading-wrap\">\n\t\t\t<span class=\"separator-left\"><\/span>\n\t\t\t<h2 class=\"heading-title\">Datnioides Campbelli <\/h2>\t\t\t<span class=\"separator-right\"><\/span>\n\t\t\t\t\t<\/div>\n\t\t\n    <\/div><\/div><\/div><\/div><\/div><div class=\"vc_row wpb_row vc_row-fluid\"><div class=\"wpb_column vc_column_container vc_col-sm-6\"><div class=\"vc_column-inner\"><div class=\"wpb_wrapper\">\n\t<div class=\"wpb_text_column wpb_content_element\" >\n\t\t<div class=\"wpb_wrapper\">\n\t\t\t<h3 style=\"font-size: 24px; margin: 0.67em 0;\">New Guinea Tiger Perch<\/h3>\n<p>The New Guinea tigerfish has a bright golden-yellow body with 4-6 wide, dark, diffuse vertical bars; a large, protrusible jaw.<\/p>\n<p><strong>Origem<\/strong> &#8211; Papua (wild caught)<br \/>\n<strong>Dieta<\/strong> - Carn\u00edvoro<br \/>\n<strong>pH<\/strong> &#8211; 6.5 to 7.5<br \/>\n<strong>Temp<\/strong> - 26\u00b0C a 28\u00b0C<br \/>\n<strong>Tamanho atual<\/strong> \u2013 3,1 inches<\/p>\n\n\t\t<\/div>\n\t<\/div>\n<\/div><\/div><\/div><div class=\"wpb_column vc_column_container vc_col-sm-6\"><div class=\"vc_column-inner\"><div class=\"wpb_wrapper\"><div id=\"kapee-header-35055\" class=\"kapee-element kapee-heading text-left kapee-width-100 separator-none separator-between-heading\">\t\n\t\t\t\n\t\t\t<div class=\"heading-wrap\">\n\t\t\t<span class=\"separator-left\"><\/span>\n\t\t\t<h3 class=\"heading-title\">Estat\u00edsticas r\u00e1pidas <\/h3>\t\t\t<span class=\"separator-right\"><\/span>\n\t\t\t\t\t<\/div>\n\t\t\n    <\/div><div class=\"vc_progress_bar wpb_content_element\" ><div class=\"vc_general vc_single_bar\"><small class=\"vc_label\" style=\"color: #FFFFFF;\">RARIDADE<\/small><span class=\"vc_bar\" data-percentage-value=\"50\" data-value=\"50\" style=\"background-color: #0CA4FF;\"><\/span><\/div><div class=\"vc_general vc_single_bar\"><small class=\"vc_label\" style=\"color: #FFFFFF;\">N\u00cdVEL DE CUIDADOS<\/small><span class=\"vc_bar\" data-percentage-value=\"75\" data-value=\"75\" style=\"background-color: #0CA4FF;\"><\/span><\/div><div class=\"vc_general vc_single_bar\"><small class=\"vc_label\" style=\"color: #FFFFFF;\">TEMPERAMENTO<\/small><span class=\"vc_bar\" data-percentage-value=\"75\" data-value=\"75\" style=\"background-color: #0CA4FF;\"><\/span><\/div><div class=\"vc_general vc_single_bar\"><small class=\"vc_label\" style=\"color: #FFFFFF;\">COMPATIBILIDADE<\/small><span class=\"vc_bar\" data-percentage-value=\"75\" data-value=\"75\" style=\"background-color: #0CA4FF;\"><\/span><\/div><div class=\"vc_general vc_single_bar\"><small class=\"vc_label\" style=\"color: #FFFFFF;\">TANQUE PLANTADO<\/small><span class=\"vc_bar\" data-percentage-value=\"50\" data-value=\"50\" style=\"background-color: #0CA4FF;\"><\/span><\/div><\/div><\/div><\/div><\/div><\/div>\n<\/div>","protected":false},"excerpt":{"rendered":"<p style=\"color: red;\">Leia a nossa <a href=\"https:\/\/fishbuff.com\/pt\/terms-conditions\/\" target=\"_blank\" rel=\"noopener\">Termos e condi\u00e7\u00f5es<\/a> antes de comprar.<br \/>\nAo comprar, indicamos que o utilizador concorda e aceita os termos e condi\u00e7\u00f5es aplic\u00e1veis.<\/p>","protected":false},"featured_media":385,"comment_status":"open","ping_status":"closed","template":"","meta":{"_seopress_robots_primary_cat":"none","_seopress_titles_title":"Buy New Guinea Tigerfish with Live Arrival Guarantee","_seopress_titles_desc":"Explore vibrant New Guinea Tigerfish (Datnioides campbelli) with our Live Arrival Guarantee. Fast shipping from Indonesia to your door. Claim support available.","_seopress_robots_index":""},"product_brand":[],"product_cat":[46],"product_tag":[],"class_list":{"0":"post-355","1":"product","2":"type-product","3":"status-publish","4":"has-post-thumbnail","6":"product_cat-others","8":"first","9":"instock","10":"shipping-taxable","11":"purchasable","12":"product-type-simple","13":"add-to-wishlist-after_add_to_cart"},"_links":{"self":[{"href":"https:\/\/fishbuff.com\/pt\/wp-json\/wp\/v2\/product\/355","targetHints":{"allow":["GET"]}}],"collection":[{"href":"https:\/\/fishbuff.com\/pt\/wp-json\/wp\/v2\/product"}],"about":[{"href":"https:\/\/fishbuff.com\/pt\/wp-json\/wp\/v2\/types\/product"}],"replies":[{"embeddable":true,"href":"https:\/\/fishbuff.com\/pt\/wp-json\/wp\/v2\/comments?post=355"}],"wp:featuredmedia":[{"embeddable":true,"href":"https:\/\/fishbuff.com\/pt\/wp-json\/wp\/v2\/media\/385"}],"wp:attachment":[{"href":"https:\/\/fishbuff.com\/pt\/wp-json\/wp\/v2\/media?parent=355"}],"wp:term":[{"taxonomy":"product_brand","embeddable":true,"href":"https:\/\/fishbuff.com\/pt\/wp-json\/wp\/v2\/product_brand?post=355"},{"taxonomy":"product_cat","embeddable":true,"href":"https:\/\/fishbuff.com\/pt\/wp-json\/wp\/v2\/product_cat?post=355"},{"taxonomy":"product_tag","embeddable":true,"href":"https:\/\/fishbuff.com\/pt\/wp-json\/wp\/v2\/product_tag?post=355"}],"curies":[{"name":"wp","href":"https:\/\/api.w.org\/{rel}","templated":true}]}}