{"id":421,"date":"2025-12-23T14:59:58","date_gmt":"2025-12-23T14:59:58","guid":{"rendered":"https:\/\/fishbuff.com\/?post_type=product&#038;p=421"},"modified":"2026-01-04T06:08:45","modified_gmt":"2026-01-04T06:08:45","slug":"honey-gourami","status":"publish","type":"product","link":"https:\/\/fishbuff.com\/pt\/product\/honey-gourami\/","title":{"rendered":"Honey Gourami"},"content":{"rendered":"<div class=\"wpb-content-wrapper\"><div class=\"vc_row wpb_row vc_row-fluid\"><div class=\"wpb_column vc_column_container vc_col-sm-12\"><div class=\"vc_column-inner\"><div class=\"wpb_wrapper\">\n\t<div class=\"wpb_text_column wpb_content_element\" >\n\t\t<div class=\"wpb_wrapper\">\n\t\t\t<p style=\"font-size: 24px; color: #0ca4ff; font-weight: bold; margin: 0;\">3-Day Guarantee <a style=\"color: #333333; font-size: 12px; font-weight: normal;\" href=\"https:\/\/fishbuff.com\/pt\/our-guarantee\/\">Saiba mais<\/a><\/p>\n<p><span style=\"color: red;\">O pre\u00e7o indicado \u00e9 para um par (um macho e uma f\u00eamea).<\/span><br \/>\nAs fotografias dos peixes s\u00e3o tiradas com a maior exatid\u00e3o poss\u00edvel. As imagens mostradas servem para ilustrar a representa\u00e7\u00e3o exacta do peixe.<br \/>\nO pre\u00e7o indicado inclui os custos de envio da Indon\u00e9sia atrav\u00e9s do Transhipper. O comprador deve pagar ao seu agente local de transhipper as taxas de importa\u00e7\u00e3o e os custos de envio nacionais.<\/p>\n\n\t\t<\/div>\n\t<\/div>\n<div id=\"kapee-header-93757\" class=\"kapee-element kapee-heading text-left kapee-width-100 separator-line separator-between-heading\">\t\n\t\t\t\n\t\t\t<div class=\"heading-wrap\">\n\t\t\t<span class=\"separator-left\"><\/span>\n\t\t\t<h2 class=\"heading-title\">Gold Honey Gourami <\/h2>\t\t\t<span class=\"separator-right\"><\/span>\n\t\t\t\t\t<\/div>\n\t\t\n    <\/div><\/div><\/div><\/div><\/div><div class=\"vc_row wpb_row vc_row-fluid\"><div class=\"wpb_column vc_column_container vc_col-sm-6\"><div class=\"vc_column-inner\"><div class=\"wpb_wrapper\">\n\t<div class=\"wpb_text_column wpb_content_element\" >\n\t\t<div class=\"wpb_wrapper\">\n\t\t\t<h3 style=\"font-size: 24px; margin: 0.67em 0;\">Trichogaster chuna<\/h3>\n<p>The honey gourami is known for its gentle nature and its orange\/yellow color, with a dark throat during breeding (especially in males).<\/p>\n<p><strong>Origem<\/strong> - Criado na quinta<br \/>\n<strong>Dieta<\/strong> - Omn\u00edvoro<br \/>\n<strong>pH<\/strong> &#8211; 6.0 to 7.0<br \/>\n<strong>Temp<\/strong> - 26\u00b0C a 28\u00b0C<br \/>\n<strong>Sexo<\/strong> - Par (masculino e feminino)<\/p>\n\n\t\t<\/div>\n\t<\/div>\n<\/div><\/div><\/div><div class=\"wpb_column vc_column_container vc_col-sm-6\"><div class=\"vc_column-inner\"><div class=\"wpb_wrapper\"><div id=\"kapee-header-82285\" class=\"kapee-element kapee-heading text-left kapee-width-100 separator-none separator-between-heading\">\t\n\t\t\t\n\t\t\t<div class=\"heading-wrap\">\n\t\t\t<span class=\"separator-left\"><\/span>\n\t\t\t<h3 class=\"heading-title\">Estat\u00edsticas r\u00e1pidas <\/h3>\t\t\t<span class=\"separator-right\"><\/span>\n\t\t\t\t\t<\/div>\n\t\t\n    <\/div><div class=\"vc_progress_bar wpb_content_element\" ><div class=\"vc_general vc_single_bar\"><small class=\"vc_label\" style=\"color: #FFFFFF;\">RARIDADE<\/small><span class=\"vc_bar\" data-percentage-value=\"25\" data-value=\"25\" style=\"background-color: #0CA4FF;\"><\/span><\/div><div class=\"vc_general vc_single_bar\"><small class=\"vc_label\" style=\"color: #FFFFFF;\">N\u00cdVEL DE CUIDADOS<\/small><span class=\"vc_bar\" data-percentage-value=\"25\" data-value=\"25\" style=\"background-color: #0CA4FF;\"><\/span><\/div><div class=\"vc_general vc_single_bar\"><small class=\"vc_label\" style=\"color: #FFFFFF;\">TEMPERAMENTO<\/small><span class=\"vc_bar\" data-percentage-value=\"25\" data-value=\"25\" style=\"background-color: #0CA4FF;\"><\/span><\/div><div class=\"vc_general vc_single_bar\"><small class=\"vc_label\" style=\"color: #FFFFFF;\">COMPATIBILIDADE<\/small><span class=\"vc_bar\" data-percentage-value=\"75\" data-value=\"75\" style=\"background-color: #0CA4FF;\"><\/span><\/div><div class=\"vc_general vc_single_bar\"><small class=\"vc_label\" style=\"color: #FFFFFF;\">TANQUE PLANTADO<\/small><span class=\"vc_bar\" data-percentage-value=\"100\" data-value=\"100\" style=\"background-color: #0CA4FF;\"><\/span><\/div><\/div><\/div><\/div><\/div><\/div>\n<\/div>","protected":false},"excerpt":{"rendered":"<p style=\"color: red;\">Leia a nossa <a href=\"https:\/\/fishbuff.com\/pt\/terms-conditions\/\" target=\"_blank\" rel=\"noopener\">Termos e condi\u00e7\u00f5es<\/a> antes de comprar.<br \/>\nAo comprar, indicamos que o utilizador concorda e aceita os termos e condi\u00e7\u00f5es aplic\u00e1veis.<\/p>","protected":false},"featured_media":451,"comment_status":"open","ping_status":"closed","template":"","meta":{"_seopress_robots_primary_cat":"none","_seopress_titles_title":"Buy Honey Gourami Pair with Live Arrival Guarantee","_seopress_titles_desc":"Order a Honey Gourami (Trichogaster chuna) with shipping from Indonesia. Live arrival guarantee and prompt claim process for D.O.A cases.","_seopress_robots_index":""},"product_brand":[],"product_cat":[52],"product_tag":[],"class_list":{"0":"post-421","1":"product","2":"type-product","3":"status-publish","4":"has-post-thumbnail","6":"product_cat-gourami","8":"first","9":"instock","10":"shipping-taxable","11":"purchasable","12":"product-type-simple","13":"add-to-wishlist-after_add_to_cart"},"_links":{"self":[{"href":"https:\/\/fishbuff.com\/pt\/wp-json\/wp\/v2\/product\/421","targetHints":{"allow":["GET"]}}],"collection":[{"href":"https:\/\/fishbuff.com\/pt\/wp-json\/wp\/v2\/product"}],"about":[{"href":"https:\/\/fishbuff.com\/pt\/wp-json\/wp\/v2\/types\/product"}],"replies":[{"embeddable":true,"href":"https:\/\/fishbuff.com\/pt\/wp-json\/wp\/v2\/comments?post=421"}],"wp:featuredmedia":[{"embeddable":true,"href":"https:\/\/fishbuff.com\/pt\/wp-json\/wp\/v2\/media\/451"}],"wp:attachment":[{"href":"https:\/\/fishbuff.com\/pt\/wp-json\/wp\/v2\/media?parent=421"}],"wp:term":[{"taxonomy":"product_brand","embeddable":true,"href":"https:\/\/fishbuff.com\/pt\/wp-json\/wp\/v2\/product_brand?post=421"},{"taxonomy":"product_cat","embeddable":true,"href":"https:\/\/fishbuff.com\/pt\/wp-json\/wp\/v2\/product_cat?post=421"},{"taxonomy":"product_tag","embeddable":true,"href":"https:\/\/fishbuff.com\/pt\/wp-json\/wp\/v2\/product_tag?post=421"}],"curies":[{"name":"wp","href":"https:\/\/api.w.org\/{rel}","templated":true}]}}