{"id":542,"date":"2025-12-23T15:00:54","date_gmt":"2025-12-23T15:00:54","guid":{"rendered":"https:\/\/fishbuff.com\/?post_type=product&#038;p=542"},"modified":"2025-12-23T15:01:09","modified_gmt":"2025-12-23T15:01:09","slug":"yellow-tiger-king-cobra-swallow-ribbon","status":"publish","type":"product","link":"https:\/\/fishbuff.com\/pt\/product\/yellow-tiger-king-cobra-swallow-ribbon\/","title":{"rendered":"Yellow Tiger King Cobra Swallow Ribbon"},"content":{"rendered":"<div class=\"wpb-content-wrapper\"><div class=\"vc_row wpb_row vc_row-fluid\"><div class=\"wpb_column vc_column_container vc_col-sm-12\"><div class=\"vc_column-inner\"><div class=\"wpb_wrapper\"><div id=\"kapee-header-91073\" class=\"kapee-element kapee-heading text-left kapee-width-100 separator-line separator-between-heading\">\t\n\t\t\t\n\t\t\t<div class=\"heading-wrap\">\n\t\t\t<span class=\"separator-left\"><\/span>\n\t\t\t<h2 class=\"heading-title\">Guppy Fish Shop <\/h2>\t\t\t<span class=\"separator-right\"><\/span>\n\t\t\t\t\t<\/div>\n\t\t\n    <\/div>\n\t<div class=\"wpb_text_column wpb_content_element\" >\n\t\t<div class=\"wpb_wrapper\">\n\t\t\t<p><span style=\"color: red;\">O pre\u00e7o indicado \u00e9 para um par (um macho e uma f\u00eamea).<\/span><br \/>\nAs fotografias dos peixes s\u00e3o tiradas com a maior exatid\u00e3o poss\u00edvel. As imagens mostradas servem para ilustrar a representa\u00e7\u00e3o exacta do peixe.<br \/>\nO pre\u00e7o indicado inclui os custos de envio da Indon\u00e9sia atrav\u00e9s do Transhipper. O comprador deve pagar ao seu agente local de transhipper as taxas de importa\u00e7\u00e3o e os custos de envio nacionais.<\/p>\n\n\t\t<\/div>\n\t<\/div>\n<div id=\"kapee-header-23571\" class=\"kapee-element kapee-heading text-left kapee-width-100 separator-none separator-between-heading\">\t\n\t\t\t\n\t\t\t<div class=\"heading-wrap\">\n\t\t\t<span class=\"separator-left\"><\/span>\n\t\t\t<h3 class=\"heading-title\">Comprar peixes vivos de aqu\u00e1rio online <\/h3>\t\t\t<span class=\"separator-right\"><\/span>\n\t\t\t\t\t<\/div>\n\t\t\n    <\/div>\n<div id=\"kapee-accordion-42355\" class=\"kapee-element kapee-accordion panel-group accordion-line align-left accordion-icon-plus icon-position-right\">\n\t\n\t\t\t\n\t\t<div class=\"card\">\n\t\t\t<div class=\"card-header\">\n\t\t\t\t<h4 class=\"card-title\">\t\t\t\t\t\n\t\t\t\t\t<a class=\"card-link collapsed\" data-toggle=\"collapse\" href=\"#kp-accordions-46988\">\n\t\t\t\t\t\t\t\t\t\t\t\tPara onde enviam o vosso peixe?\t\t\t\t\t\t\t\t\t\t\t<\/a>\t\t\t\t\t\n\t\t\t\t<\/h4>\n\t\t\t<\/div>\n\t\t\t<div id=\"kp-accordions-46988\" class=\"collapse\" data-parent=\"#kapee-accordion-42355\">\n\t\t\t\t<div class=\"card-body\">\n\t\t\t\t\t\n\t<div class=\"wpb_text_column wpb_content_element\" >\n\t\t<div class=\"wpb_wrapper\">\n\t\t\t<p>Enviamos o nosso peixe para encomendas a retalho apenas para determinados pa\u00edses. O envio est\u00e1 limitado aos seguintes pa\u00edses; Austr\u00e1lia\/ \u00c1ustria\/ Barbados\/ B\u00e9lgica\/ Bol\u00edvia\/ Brasil\/ Brunei\/ Bulg\u00e1ria\/ Camboja\/ Canad\u00e1\/ Chile\/ China\/ Col\u00f4mbia\/ Costa Rica\/ Cro\u00e1cia\/ Chipre\/ Rep\u00fablica Checa\/ Dinamarca\/ Rep\u00fablica Dominicana\/ Equador\/ Est\u00f3nia\/ Finl\u00e2ndia\/ Fran\u00e7a\/ Alemanha\/ Gr\u00e9cia\/ Guam\/ Haiti\/ Hong Kong\/ Hungria\/ \u00cdndia\/ Irlanda\/ It\u00e1lia\/ Jap\u00e3o\/ Kuwait\/ Let\u00f3nia\/ Liechtenstein\/ Litu\u00e2nia\/ Luxemburgo\/ Mal\u00e1sia\/ M\u00e9xico\/ Myanmar\/ Pa\u00edses Baixos\/ Noruega\/ Om\u00e3\/ Panam\u00e1\/ Paraguai\/ Peru\/ Porto Rico\/ Filipinas\/ Pol\u00f3nia\/ Portugal\/ Rom\u00e9nia\/ S\u00e3o Marino\/ S\u00e9rvia\/ Singapura\/ Eslov\u00e1quia\/ Eslov\u00e9nia\/ \u00c1frica do Sul\/ Coreia do Sul\/ Espanha\/ Suriname\/ Su\u00e9cia\/ Su\u00ed\u00e7a\/ Taiwan\/ Tail\u00e2ndia\/ Trindade e Tobago\/ Ilhas Turcas e Caicos\/ Emirados \u00c1rabes Unidos\/ Reino Unido\/ Estados Unidos\/ Ilhas Virgens Americanas\/ Vietname.<\/p>\n\n\t\t<\/div>\n\t<\/div>\n\t\t\t\t<\/div>\n\t\t\t<\/div>\n\t\t<\/div>\n\t\t\t\n\t\t<div class=\"card\">\n\t\t\t<div class=\"card-header\">\n\t\t\t\t<h4 class=\"card-title\">\t\t\t\t\t\n\t\t\t\t\t<a class=\"card-link collapsed\" data-toggle=\"collapse\" href=\"#kp-accordions-62964\">\n\t\t\t\t\t\t\t\t\t\t\t\tQuanto tempo demora a receber o meu peixe?\t\t\t\t\t\t\t\t\t\t\t<\/a>\t\t\t\t\t\n\t\t\t\t<\/h4>\n\t\t\t<\/div>\n\t\t\t<div id=\"kp-accordions-62964\" class=\"collapse\" data-parent=\"#kapee-accordion-42355\">\n\t\t\t\t<div class=\"card-body\">\n\t\t\t\t\t\n\t<div class=\"wpb_text_column wpb_content_element\" >\n\t\t<div class=\"wpb_wrapper\">\n\t\t\t<p>Normalmente, receber\u00e1 a sua encomenda em 7-14 dias \u00fateis. Nalguns casos, pode demorar um m\u00eas.<\/p>\n\n\t\t<\/div>\n\t<\/div>\n\t\t\t\t<\/div>\n\t\t\t<\/div>\n\t\t<\/div>\n\t\t\t\n\t\t<div class=\"card\">\n\t\t\t<div class=\"card-header\">\n\t\t\t\t<h4 class=\"card-title\">\t\t\t\t\t\n\t\t\t\t\t<a class=\"card-link collapsed\" data-toggle=\"collapse\" href=\"#kp-accordions-56095\">\n\t\t\t\t\t\t\t\t\t\t\t\tPorque \u00e9 que o meu peixe demora tanto tempo a chegar?\t\t\t\t\t\t\t\t\t\t\t<\/a>\t\t\t\t\t\n\t\t\t\t<\/h4>\n\t\t\t<\/div>\n\t\t\t<div id=\"kp-accordions-56095\" class=\"collapse\" data-parent=\"#kapee-accordion-42355\">\n\t\t\t\t<div class=\"card-body\">\n\t\t\t\t\t\n\t<div class=\"wpb_text_column wpb_content_element\" >\n\t\t<div class=\"wpb_wrapper\">\n\t\t\t<p>Enviamos encomendas a retalho apenas atrav\u00e9s de um transhipper. Os envios s\u00e3o efectuados com base no seu calend\u00e1rio mensal dispon\u00edvel, que \u00e9 definido pelo pr\u00f3prio transhipper.<br \/>\nAlguns pa\u00edses que podem n\u00e3o ter um volume de transporte suficientemente grande t\u00eam normalmente hor\u00e1rios muito limitados.<br \/>\nSe quiser ter a certeza de que \u00e9 a altura certa para fazer a sua encomenda, pode contactar-nos primeiro.<\/p>\n\n\t\t<\/div>\n\t<\/div>\n\t\t\t\t<\/div>\n\t\t\t<\/div>\n\t\t<\/div>\n\t\t\t\n\t\t<div class=\"card\">\n\t\t\t<div class=\"card-header\">\n\t\t\t\t<h4 class=\"card-title\">\t\t\t\t\t\n\t\t\t\t\t<a class=\"card-link collapsed\" data-toggle=\"collapse\" href=\"#kp-accordions-89322\">\n\t\t\t\t\t\t\t\t\t\t\t\tE se o meu peixe chegar morto?\t\t\t\t\t\t\t\t\t\t\t<\/a>\t\t\t\t\t\n\t\t\t\t<\/h4>\n\t\t\t<\/div>\n\t\t\t<div id=\"kp-accordions-89322\" class=\"collapse\" data-parent=\"#kapee-accordion-42355\">\n\t\t\t\t<div class=\"card-body\">\n\t\t\t\t\t\n\t<div class=\"wpb_text_column wpb_content_element\" >\n\t\t<div class=\"wpb_wrapper\">\n\t\t\t<p>Na eventualidade improv\u00e1vel de receber um peixe morto, deve contactar-nos no prazo de 24 horas ap\u00f3s a sua chegada. Qualquer reclama\u00e7\u00e3o ap\u00f3s esse prazo n\u00e3o ser\u00e1 aceite.<br \/>\nEm caso de D.O.A., envie-nos uma fotografia n\u00edtida do peixe morto num saco fechado. O cliente pode apresentar a sua reclama\u00e7\u00e3o por correio eletr\u00f3nico em support@fishbuff.com ou por WhatsApp atrav\u00e9s do n\u00famero (+62) 821-3871-8445.<\/p>\n\n\t\t<\/div>\n\t<\/div>\n\t\t\t\t<\/div>\n\t\t\t<\/div>\n\t\t<\/div>\n\t\t\t\n\t\t<div class=\"card\">\n\t\t\t<div class=\"card-header\">\n\t\t\t\t<h4 class=\"card-title\">\t\t\t\t\t\n\t\t\t\t\t<a class=\"card-link collapsed\" data-toggle=\"collapse\" href=\"#kp-accordions-70991\">\n\t\t\t\t\t\t\t\t\t\t\t\tAceitaram a devolu\u00e7\u00e3o ou a troca?\t\t\t\t\t\t\t\t\t\t\t<\/a>\t\t\t\t\t\n\t\t\t\t<\/h4>\n\t\t\t<\/div>\n\t\t\t<div id=\"kp-accordions-70991\" class=\"collapse\" data-parent=\"#kapee-accordion-42355\">\n\t\t\t\t<div class=\"card-body\">\n\t\t\t\t\t\n\t<div class=\"wpb_text_column wpb_content_element\" >\n\t\t<div class=\"wpb_wrapper\">\n\t\t\t<p>N\u00e3o efectuamos devolu\u00e7\u00f5es ou trocas, mas teremos todo o gosto em substituir as encomendas que cumpram a nossa pol\u00edtica de reclama\u00e7\u00f5es.<\/p>\n\n\t\t<\/div>\n\t<\/div>\n\t\t\t\t<\/div>\n\t\t\t<\/div>\n\t\t<\/div>\n\t<\/div><\/div><\/div><\/div><\/div>\n<\/div>","protected":false},"excerpt":{"rendered":"<p style=\"color: red;\">Leia a nossa <a href=\"https:\/\/fishbuff.com\/pt\/terms-conditions\/\" target=\"_blank\" rel=\"noopener\">Termos e condi\u00e7\u00f5es<\/a> antes de comprar.<br \/>\nAo comprar, indicamos que concorda e aceita os termos e condi\u00e7\u00f5es aplic\u00e1veis.<\/p>","protected":false},"featured_media":572,"comment_status":"open","ping_status":"closed","template":"","meta":{"_seopress_robots_primary_cat":"91","_seopress_titles_title":"Buy Yellow Tiger King Cobra Swallow Ribbon Guppies","_seopress_titles_desc":"Order your pair of Yellow Tiger King Cobra Swallow Ribbon guppies with guaranteed live arrival. Contact us for any claims within 24 hours!","_seopress_robots_index":""},"product_brand":[],"product_cat":[69],"product_tag":[],"class_list":{"0":"post-542","1":"product","2":"type-product","3":"status-publish","4":"has-post-thumbnail","6":"product_cat-guppy","8":"first","9":"instock","10":"shipping-taxable","11":"purchasable","12":"product-type-simple","13":"add-to-wishlist-after_add_to_cart"},"_links":{"self":[{"href":"https:\/\/fishbuff.com\/pt\/wp-json\/wp\/v2\/product\/542","targetHints":{"allow":["GET"]}}],"collection":[{"href":"https:\/\/fishbuff.com\/pt\/wp-json\/wp\/v2\/product"}],"about":[{"href":"https:\/\/fishbuff.com\/pt\/wp-json\/wp\/v2\/types\/product"}],"replies":[{"embeddable":true,"href":"https:\/\/fishbuff.com\/pt\/wp-json\/wp\/v2\/comments?post=542"}],"wp:featuredmedia":[{"embeddable":true,"href":"https:\/\/fishbuff.com\/pt\/wp-json\/wp\/v2\/media\/572"}],"wp:attachment":[{"href":"https:\/\/fishbuff.com\/pt\/wp-json\/wp\/v2\/media?parent=542"}],"wp:term":[{"taxonomy":"product_brand","embeddable":true,"href":"https:\/\/fishbuff.com\/pt\/wp-json\/wp\/v2\/product_brand?post=542"},{"taxonomy":"product_cat","embeddable":true,"href":"https:\/\/fishbuff.com\/pt\/wp-json\/wp\/v2\/product_cat?post=542"},{"taxonomy":"product_tag","embeddable":true,"href":"https:\/\/fishbuff.com\/pt\/wp-json\/wp\/v2\/product_tag?post=542"}],"curies":[{"name":"wp","href":"https:\/\/api.w.org\/{rel}","templated":true}]}}