{"id":3182,"date":"2025-12-25T16:40:50","date_gmt":"2025-12-25T16:40:50","guid":{"rendered":"https:\/\/fishbuff.com\/?page_id=3182"},"modified":"2026-01-29T10:03:54","modified_gmt":"2026-01-29T10:03:54","slug":"crabi","status":"publish","type":"page","link":"https:\/\/fishbuff.com\/ro\/sortimentul-nostru\/crabi\/","title":{"rendered":"Crabi"},"content":{"rendered":"<div class=\"wpb-content-wrapper\"><div class=\"vc_row wpb_row vc_row-fluid\"><div class=\"wpb_column vc_column_container vc_col-sm-12\"><div class=\"vc_column-inner\"><div class=\"wpb_wrapper\"><h2 style=\"font-size: 42px;color: #333333;line-height: 1.2;text-align: left\" class=\"vc_custom_heading vc_do_custom_heading vc_custom_1769447597290\" >Crabi (de ap\u0103 dulce)<\/h2>\n\t<div class=\"wpb_text_column wpb_content_element\" >\n\t\t<div class=\"wpb_wrapper\">\n\t\t\t<p>Crabii de ap\u0103 dulce sunt crustacee diverse, adesea colorate, care tr\u0103iesc \u00een r\u00e2uri, p\u00e2r\u00e2uri \u0219i iazuri. Populare \u00een comer\u021bul cu acvarii (precum crabii vampir, crabii Pom-Pom) pentru aspectul lor unic, acestea au nevoie de amenaj\u0103ri specifice, adesea necesit\u00e2nd at\u00e2t ap\u0103, c\u00e2t \u0219i uscat (semi-acvatice).<\/p>\n\n\t\t<\/div>\n\t<\/div>\n<div id=\"kapee-header-70048\" class=\"kapee-element kapee-heading text-left kapee-width-100 separator-line separator-between-heading\">\t\n\t\t\t\n\t\t\t<div class=\"heading-wrap\">\n\t\t\t<span class=\"separator-left\"><\/span>\n\t\t\t<h3 class=\"heading-title\">Crabi de ap\u0103 dulce cu ridicata <\/h3>\t\t\t<span class=\"separator-right\"><\/span>\n\t\t\t\t\t<\/div>\n\t\t\n    <\/div>\n\t<div class=\"wpb_text_column wpb_content_element\" >\n\t\t<div class=\"wpb_wrapper\">\n\t\t\t<figure class=\"wp-block-table\">\n<table class=\"has-fixed-layout\">\n<tbody>\n<tr>\n<td>Denumirea \u0219tiin\u021bific\u0103<\/td>\n<td>Denumire comun\u0103<\/td>\n<td>Pre\u021b (USD)<\/td>\n<\/tr>\n<tr>\n<td>Epigrapsus politus<\/td>\n<td>-<\/td>\n<td>1.20<\/td>\n<\/tr>\n<tr>\n<td>Geosesarma bicolor sp.<\/td>\n<td>Crab vampir de Halloween<\/td>\n<td>0.35<\/td>\n<\/tr>\n<tr>\n<td>Geosesarma bicolor sp.<\/td>\n<td>Crab vampir de marmur\u0103<\/td>\n<td>0.35<\/td>\n<\/tr>\n<tr>\n<td>Geosesarma bicolor sp.<\/td>\n<td>Crab vampir cu bra\u021b ro\u0219u<\/td>\n<td>0.35<\/td>\n<\/tr>\n<tr>\n<td>Geosesarma bogorensis<\/td>\n<td>Crab vampir violet<\/td>\n<td>0.35<\/td>\n<\/tr>\n<tr>\n<td>Geosesarma cf. tiomanicum<\/td>\n<td>Crab vampir disco<\/td>\n<td>0.35<\/td>\n<\/tr>\n<tr>\n<td>Geosesarma dennerle sp.<\/td>\n<td>Crab vampir gri grafit<\/td>\n<td>0.35<\/td>\n<\/tr>\n<tr>\n<td>Geosesarma dennerle sp.<\/td>\n<td>Crab vampir lavanda<\/td>\n<td>0.35<\/td>\n<\/tr>\n<tr>\n<td>Geosesarma dennerle sp.<\/td>\n<td>Crab vampir orhidee<\/td>\n<td>0.35<\/td>\n<\/tr>\n<tr>\n<td>Geosesarma dennerle sp.<\/td>\n<td>Crab vampir Sunshine<\/td>\n<td>0.35<\/td>\n<\/tr>\n<tr>\n<td>Geosesarma hagen<\/td>\n<td>Crab vampir diavol ro\u0219u<\/td>\n<td>0.35<\/td>\n<\/tr>\n<tr>\n<td>Geosesarma larsi<\/td>\n<td>Lars crab vampir<\/td>\n<td>0.35<\/td>\n<\/tr>\n<tr>\n<td>Geosesarma notophorum<\/td>\n<td>Crab vampir mandarin<\/td>\n<td>0.55<\/td>\n<\/tr>\n<tr>\n<td>Geosesarma pontianak<\/td>\n<td>Crab vampir mandarin alb<\/td>\n<td>1.00<\/td>\n<\/tr>\n<tr>\n<td>Geosesarma rouxi<\/td>\n<td>Crab vampir curcubeu<\/td>\n<td>0.35<\/td>\n<\/tr>\n<tr>\n<td>Geosesarma sp.<\/td>\n<td>Crab vampir de caise<\/td>\n<td>0.35<\/td>\n<\/tr>\n<tr>\n<td>Geosesarma sp.<\/td>\n<td>Crab vampir Lecaude<\/td>\n<td>0.35<\/td>\n<\/tr>\n<tr>\n<td>Geosesarma sp.<\/td>\n<td>Crab vampir cu ochi portocalii<\/td>\n<td>0.35<\/td>\n<\/tr>\n<tr>\n<td>Geosesarma sp.<\/td>\n<td>Tomate vampir crab<\/td>\n<td>0.35<\/td>\n<\/tr>\n<tr>\n<td>Labuanium vitatum<\/td>\n<td>Crab c\u0103\u021b\u0103r\u0103tor \u00een copac<\/td>\n<td>0.45<\/td>\n<\/tr>\n<tr>\n<td>Lepidothelphusa cognetti<\/td>\n<td>Crab panda din Borneo<\/td>\n<td>1.00<\/td>\n<\/tr>\n<tr>\n<td>Lepidothelphusa sp.<\/td>\n<td>Crab borneo albastru<\/td>\n<td>1.00<\/td>\n<\/tr>\n<tr>\n<td>Lepidothelphusa sp.<\/td>\n<td>Crab portocaliu Borneo<\/td>\n<td>1.00<\/td>\n<\/tr>\n<tr>\n<td>Metasesarma aubryi<\/td>\n<td>Crab cu mere ro\u0219ii<\/td>\n<td>0.35<\/td>\n<\/tr>\n<tr>\n<td>Metasesarma obesum<\/td>\n<td>Crab Batik<\/td>\n<td>0.35<\/td>\n<\/tr>\n<tr>\n<td>Neosarmatium rotundifrons<\/td>\n<td>Crab p\u0103ianjen albastru<\/td>\n<td>0.35<\/td>\n<\/tr>\n<tr>\n<td>Neosarmatium smithi<\/td>\n<td>Crab p\u0103ianjen ro\u0219u<\/td>\n<td>0.35<\/td>\n<\/tr>\n<tr>\n<td>Parasesarma eumolpe<\/td>\n<td>Crab de mla\u0219tin\u0103 cu gheare ro\u0219ii<\/td>\n<td>0.35<\/td>\n<\/tr>\n<tr>\n<td>Parathelphusa ferruginea<\/td>\n<td>Crab matano cu picior alb<\/td>\n<td>0.65<\/td>\n<\/tr>\n<tr>\n<td>Parathelphusa pantherina<\/td>\n<td>Crab panter\u0103<\/td>\n<td>0.35<\/td>\n<\/tr>\n<tr>\n<td>Ptychognathus barbatus<\/td>\n<td>Crab de ap\u0103 dulce Pom Pom<\/td>\n<td>0.65<\/td>\n<\/tr>\n<tr>\n<td>Syntripsa flavichela<\/td>\n<td>Crab cu gheare albe<\/td>\n<td>0.65<\/td>\n<\/tr>\n<tr>\n<td>Syntripsa matannensis<\/td>\n<td>Crab matano violet<\/td>\n<td>0.65<\/td>\n<\/tr>\n<tr>\n<td>Terrathelphusa kaufen<\/td>\n<td>Crab banan\u0103<\/td>\n<td>0.55<\/td>\n<\/tr>\n<tr>\n<td>Tubuca capricornis<\/td>\n<td>Capricorn blue fiddler crab<\/td>\n<td>0.35<\/td>\n<\/tr>\n<\/tbody>\n<\/table>\n<\/figure>\n\n\t\t<\/div>\n\t<\/div>\n<\/div><\/div><\/div><\/div><!-- \/wp:post-content --><\/div>","protected":false},"excerpt":{"rendered":"Crabs (Freshwater) Freshwater crabs are diverse, often colorful crustaceans living in rivers, streams, and ponds. Popular in the aquarium trade (like Vampire crabs, Pom-Pom crabs) for their unique looks, they need specific setups, often requiring both water and land (semi-aquatic). Wholesale Freshwater Crabs Scientific name Common name Price (USD) Epigrapsus politus - 1.20 Geosesarma bicolor sp. Halloween vampire crab 0.35 Geosesarma bicolor sp. Marble vampire crab 0.35 Geosesarma bicolor sp. Red arm vampire crab 0.35 Geosesarma bogorensis Purple vampire crab 0.35 Geosesarma cf. tiomanicum Disco vampire crab 0.35 Geosesarma dennerle sp. Graphite grey vampire crab 0.35 Geosesarma dennerle sp. Lavender","protected":false},"author":1,"featured_media":0,"parent":136,"menu_order":0,"comment_status":"closed","ping_status":"closed","template":"","meta":{"_seopress_robots_primary_cat":"","_seopress_titles_title":"Crabs | Wholesale Freshwater Crabs","_seopress_titles_desc":"Discover top-quality wholesale freshwater crabs from the leading supplier and exporter in Indonesia. Perfect for your aquarium business needs!","_seopress_robots_index":"","footnotes":""},"class_list":["post-3182","page","type-page","status-publish","hentry"],"_links":{"self":[{"href":"https:\/\/fishbuff.com\/ro\/wp-json\/wp\/v2\/pages\/3182","targetHints":{"allow":["GET"]}}],"collection":[{"href":"https:\/\/fishbuff.com\/ro\/wp-json\/wp\/v2\/pages"}],"about":[{"href":"https:\/\/fishbuff.com\/ro\/wp-json\/wp\/v2\/types\/page"}],"author":[{"embeddable":true,"href":"https:\/\/fishbuff.com\/ro\/wp-json\/wp\/v2\/users\/1"}],"replies":[{"embeddable":true,"href":"https:\/\/fishbuff.com\/ro\/wp-json\/wp\/v2\/comments?post=3182"}],"version-history":[{"count":6,"href":"https:\/\/fishbuff.com\/ro\/wp-json\/wp\/v2\/pages\/3182\/revisions"}],"predecessor-version":[{"id":5315,"href":"https:\/\/fishbuff.com\/ro\/wp-json\/wp\/v2\/pages\/3182\/revisions\/5315"}],"up":[{"embeddable":true,"href":"https:\/\/fishbuff.com\/ro\/wp-json\/wp\/v2\/pages\/136"}],"wp:attachment":[{"href":"https:\/\/fishbuff.com\/ro\/wp-json\/wp\/v2\/media?parent=3182"}],"curies":[{"name":"wp","href":"https:\/\/api.w.org\/{rel}","templated":true}]}}