{"id":1544,"date":"2025-12-23T15:06:46","date_gmt":"2025-12-23T15:06:46","guid":{"rendered":"https:\/\/fishbuff.com\/?post_type=product&#038;p=1544"},"modified":"2025-12-23T15:06:51","modified_gmt":"2025-12-23T15:06:51","slug":"red-melon-discus","status":"publish","type":"product","link":"https:\/\/fishbuff.com\/ro\/product\/red-melon-discus\/","title":{"rendered":"Red Melon Discus"},"content":{"rendered":"<div class=\"wpb-content-wrapper\"><div class=\"vc_row wpb_row vc_row-fluid\"><div class=\"wpb_column vc_column_container vc_col-sm-12\"><div class=\"vc_column-inner\"><div class=\"wpb_wrapper\"><div id=\"kapee-header-18225\" class=\"kapee-element kapee-heading text-left kapee-width-100 separator-line separator-between-heading\">\t\n\t\t\t\n\t\t\t<div class=\"heading-wrap\">\n\t\t\t<span class=\"separator-left\"><\/span>\n\t\t\t<h2 class=\"heading-title\">Symphysodon Discus <\/h2>\t\t\t<span class=\"separator-right\"><\/span>\n\t\t\t\t\t<\/div>\n\t\t\n    <\/div>\n\t<div class=\"wpb_text_column wpb_content_element\" >\n\t\t<div class=\"wpb_wrapper\">\n\t\t\t<p><span id=\"_vI61aPXAN4iQ4-EPktTU6QI_59\" class=\"wtBS9\">Symphysodon este un gen de cichlide originare din bazinul r\u00e2ului Amazon din Brazilia. Datorit\u0103 formei lor distinctive, a comportamentului calm, a numeroaselor culori \u0219i modele str\u0103lucitoare \u0219i a tehnicilor dedicate de cre\u0219tere a copiilor, discurile sunt populare ca pe\u0219ti de acvariu de ap\u0103 dulce<\/span>.<\/p>\n\n\t\t<\/div>\n\t<\/div>\n<div id=\"kapee-header-75984\" class=\"kapee-element kapee-heading text-left kapee-width-100 separator-line separator-between-heading\">\t\n\t\t\t\n\t\t\t<div class=\"heading-wrap\">\n\t\t\t<span class=\"separator-left\"><\/span>\n\t\t\t<h3 class=\"heading-title\">Cu ridicata Symphysodon Discus <\/h3>\t\t\t<span class=\"separator-right\"><\/span>\n\t\t\t\t\t<\/div>\n\t\t\n    <\/div>\n\t<div class=\"wpb_text_column wpb_content_element\" >\n\t\t<div class=\"wpb_wrapper\">\n\t\t\t<p>Oferim pe\u0219ti Discus de \u00eenalt\u0103 calitate, aprovizionare cu ridicata de \u00eencredere \u0219i pre\u021buri competitive. cump\u0103ra\u021bi selec\u021bia noastr\u0103 mare de pe\u0219ti Discus en-gros \u00eentr-o varietate de culori \u0219i tulpini.<\/p>\n\n\t\t<\/div>\n\t<\/div>\n<\/div><\/div><\/div><\/div>\n<\/div>","protected":false},"excerpt":{"rendered":"Symphysodon Discus Symphysodon is a genus of cichlids native to the Amazon river basin in Brazil. Due to their distinctive shape, calm behavior, many bright colors and patterns, and dedicated parenting techniques, discus are popular as freshwater aquarium fish. Wholesale Symphysodon Discus We offer high-quality Discus fish, reliable wholesale supply, and competitive pricing. shop our great selection of discus fish wholesale in a variety of colors and strains.","protected":false},"featured_media":1552,"comment_status":"open","ping_status":"closed","template":"","meta":{"_seopress_robots_primary_cat":"none","_seopress_titles_title":"Buy Red Melon Discus Fish Wholesale Online","_seopress_titles_desc":"Buy Red Melon Discus Fish at wholesale prices. Perfect for aquarists seeking vibrant colors and quality. Order online for the best deals!","_seopress_robots_index":""},"product_brand":[],"product_cat":[84],"product_tag":[],"class_list":{"0":"post-1544","1":"product","2":"type-product","3":"status-publish","4":"has-post-thumbnail","6":"product_cat-angelfish-discus","8":"first","9":"instock","10":"shipping-taxable","11":"purchasable","12":"product-type-simple","13":"add-to-wishlist-after_add_to_cart"},"_links":{"self":[{"href":"https:\/\/fishbuff.com\/ro\/wp-json\/wp\/v2\/product\/1544","targetHints":{"allow":["GET"]}}],"collection":[{"href":"https:\/\/fishbuff.com\/ro\/wp-json\/wp\/v2\/product"}],"about":[{"href":"https:\/\/fishbuff.com\/ro\/wp-json\/wp\/v2\/types\/product"}],"replies":[{"embeddable":true,"href":"https:\/\/fishbuff.com\/ro\/wp-json\/wp\/v2\/comments?post=1544"}],"wp:featuredmedia":[{"embeddable":true,"href":"https:\/\/fishbuff.com\/ro\/wp-json\/wp\/v2\/media\/1552"}],"wp:attachment":[{"href":"https:\/\/fishbuff.com\/ro\/wp-json\/wp\/v2\/media?parent=1544"}],"wp:term":[{"taxonomy":"product_brand","embeddable":true,"href":"https:\/\/fishbuff.com\/ro\/wp-json\/wp\/v2\/product_brand?post=1544"},{"taxonomy":"product_cat","embeddable":true,"href":"https:\/\/fishbuff.com\/ro\/wp-json\/wp\/v2\/product_cat?post=1544"},{"taxonomy":"product_tag","embeddable":true,"href":"https:\/\/fishbuff.com\/ro\/wp-json\/wp\/v2\/product_tag?post=1544"}],"curies":[{"name":"wp","href":"https:\/\/api.w.org\/{rel}","templated":true}]}}