{"id":1665,"date":"2025-12-23T15:07:23","date_gmt":"2025-12-23T15:07:23","guid":{"rendered":"https:\/\/fishbuff.com\/?post_type=product&#038;p=1665"},"modified":"2025-12-23T15:07:25","modified_gmt":"2025-12-23T15:07:25","slug":"fossorochromis-rostratus","status":"publish","type":"product","link":"https:\/\/fishbuff.com\/ro\/product\/fossorochromis-rostratus\/","title":{"rendered":"Fossorochromis Rostratus"},"content":{"rendered":"<div class=\"wpb-content-wrapper\"><div class=\"vc_row wpb_row vc_row-fluid\"><div class=\"wpb_column vc_column_container vc_col-sm-12\"><div class=\"vc_column-inner\"><div class=\"wpb_wrapper\"><div id=\"kapee-header-47509\" class=\"kapee-element kapee-heading text-left kapee-width-100 separator-line separator-between-heading\">\t\n\t\t\t\n\t\t\t<div class=\"heading-wrap\">\n\t\t\t<span class=\"separator-left\"><\/span>\n\t\t\t<h2 class=\"heading-title\">Pe\u0219ti cichlid <\/h2>\t\t\t<span class=\"separator-right\"><\/span>\n\t\t\t\t\t<\/div>\n\t\t\n    <\/div>\n\t<div class=\"wpb_text_column wpb_content_element\" >\n\t\t<div class=\"wpb_wrapper\">\n\t\t\t<p>Cichlidele sunt o familie mare \u0219i divers\u0103 de pe\u0219ti de ap\u0103 dulce cunoscu\u021bi pentru adaptabilitatea lor, culorile vibrante \u0219i comportamentele complexe, originare din America, Africa \u0219i p\u0103r\u021bi din Asia \u0219i Orientul Mijlociu.<\/p>\n\n\t\t<\/div>\n\t<\/div>\n<div id=\"kapee-header-85343\" class=\"kapee-element kapee-heading text-left kapee-width-100 separator-line separator-between-heading\">\t\n\t\t\t\n\t\t\t<div class=\"heading-wrap\">\n\t\t\t<span class=\"separator-left\"><\/span>\n\t\t\t<h3 class=\"heading-title\">Cichlide cu ridicata <\/h3>\t\t\t<span class=\"separator-right\"><\/span>\n\t\t\t\t\t<\/div>\n\t\t\n    <\/div>\n\t<div class=\"wpb_text_column wpb_content_element\" >\n\t\t<div class=\"wpb_wrapper\">\n\t\t\t<p>Furniz\u0103m o gam\u0103 larg\u0103 de specii de cichlide africane \u0219i americane (America de Sud \u0219i Central\u0103) cu ridicata importatorilor \u0219i comercian\u021bilor cu am\u0103nuntul interna\u021bionali la cele mai mici pre\u021buri.<\/p>\n\n\t\t<\/div>\n\t<\/div>\n<\/div><\/div><\/div><\/div>\n<\/div>","protected":false},"excerpt":{"rendered":"Cichlid Fish Cichlids are a large and diverse family of freshwater fish known for their adaptability, vibrant colors, and complex behaviors, native to the Americas, Africa, and parts of Asia and the Middle East. Cichlids Wholesale We supply a huge range of wholesale African and American (South and Central American) cichlids species to International Importers and Retailers at the lowest prices.","protected":false},"featured_media":1695,"comment_status":"open","ping_status":"closed","template":"","meta":{"_seopress_robots_primary_cat":"none","_seopress_titles_title":"Discover Fossorochromis Rostratus Sand Diver Cichlid","_seopress_titles_desc":"Discover premium Fossorochromis Rostratus. Perfect for your aquarium. Shop now for the best African Cichlid wholesale deals!","_seopress_robots_index":""},"product_brand":[],"product_cat":[83],"product_tag":[],"class_list":{"0":"post-1665","1":"product","2":"type-product","3":"status-publish","4":"has-post-thumbnail","6":"product_cat-cichlids","8":"first","9":"instock","10":"shipping-taxable","11":"purchasable","12":"product-type-simple","13":"add-to-wishlist-after_add_to_cart"},"_links":{"self":[{"href":"https:\/\/fishbuff.com\/ro\/wp-json\/wp\/v2\/product\/1665","targetHints":{"allow":["GET"]}}],"collection":[{"href":"https:\/\/fishbuff.com\/ro\/wp-json\/wp\/v2\/product"}],"about":[{"href":"https:\/\/fishbuff.com\/ro\/wp-json\/wp\/v2\/types\/product"}],"replies":[{"embeddable":true,"href":"https:\/\/fishbuff.com\/ro\/wp-json\/wp\/v2\/comments?post=1665"}],"wp:featuredmedia":[{"embeddable":true,"href":"https:\/\/fishbuff.com\/ro\/wp-json\/wp\/v2\/media\/1695"}],"wp:attachment":[{"href":"https:\/\/fishbuff.com\/ro\/wp-json\/wp\/v2\/media?parent=1665"}],"wp:term":[{"taxonomy":"product_brand","embeddable":true,"href":"https:\/\/fishbuff.com\/ro\/wp-json\/wp\/v2\/product_brand?post=1665"},{"taxonomy":"product_cat","embeddable":true,"href":"https:\/\/fishbuff.com\/ro\/wp-json\/wp\/v2\/product_cat?post=1665"},{"taxonomy":"product_tag","embeddable":true,"href":"https:\/\/fishbuff.com\/ro\/wp-json\/wp\/v2\/product_tag?post=1665"}],"curies":[{"name":"wp","href":"https:\/\/api.w.org\/{rel}","templated":true}]}}