{"id":2007,"date":"2025-12-23T15:09:07","date_gmt":"2025-12-23T15:09:07","guid":{"rendered":"https:\/\/fishbuff.com\/?post_type=product&#038;p=2007"},"modified":"2025-12-23T15:09:12","modified_gmt":"2025-12-23T15:09:12","slug":"labuanium-vittatum","status":"publish","type":"product","link":"https:\/\/fishbuff.com\/ro\/product\/labuanium-vittatum\/","title":{"rendered":"Labuanium vittatum"},"content":{"rendered":"<div class=\"wpb-content-wrapper\"><div class=\"vc_row wpb_row vc_row-fluid\"><div class=\"wpb_column vc_column_container vc_col-sm-12\"><div class=\"vc_column-inner\"><div class=\"wpb_wrapper\"><div id=\"kapee-header-32967\" class=\"kapee-element kapee-heading text-left kapee-width-100 separator-line separator-between-heading\">\t\n\t\t\t\n\t\t\t<div class=\"heading-wrap\">\n\t\t\t<span class=\"separator-left\"><\/span>\n\t\t\t<h2 class=\"heading-title\">Crabi de ap\u0103 dulce <\/h2>\t\t\t<span class=\"separator-right\"><\/span>\n\t\t\t\t\t<\/div>\n\t\t\n    <\/div>\n\t<div class=\"wpb_text_column wpb_content_element\" >\n\t\t<div class=\"wpb_wrapper\">\n\t\t\t<p><span data-huuid=\"15399584108736243872\">Insulele \u00eentinse din Indonezia ad\u0103postesc diverse popula\u021bii de crabi de ap\u0103 dulce. <\/span><span data-huuid=\"16466880925361144928\">Natura arhipelagic\u0103 vast\u0103 a \u021b\u0103rii ofer\u0103 habitate diverse pentru aceste decapode, cu descoperiri continue de noi specii \u0219i specii precum Parathelphusa pardus \u0219i Malayopotamon weh din Sumatra.<\/span><\/p>\n\n\t\t<\/div>\n\t<\/div>\n<div id=\"kapee-header-46014\" class=\"kapee-element kapee-heading text-left kapee-width-100 separator-line separator-between-heading\">\t\n\t\t\t\n\t\t\t<div class=\"heading-wrap\">\n\t\t\t<span class=\"separator-left\"><\/span>\n\t\t\t<h3 class=\"heading-title\">Crabi de ap\u0103 dulce cu ridicata <\/h3>\t\t\t<span class=\"separator-right\"><\/span>\n\t\t\t\t\t<\/div>\n\t\t\n    <\/div>\n\t<div class=\"wpb_text_column wpb_content_element\" >\n\t\t<div class=\"wpb_wrapper\">\n\t\t\t<p>Am satisf\u0103cut mii de clien\u021bi cu crabii no\u0219tri de ap\u0103 dulce de calitate superioar\u0103 din mai multe specii \u0219i cu asisten\u021ba noastr\u0103 de top pentru clien\u021bi. Descoperi\u021bi colec\u021bia noastr\u0103 de crabi de ap\u0103 dulce, inclusiv variet\u0103\u021bi acvatice, semi-acvatice \u0219i terestre adev\u0103rate. P\u0103trunde\u021bi \u00eentr-o gam\u0103 captivant\u0103 de crustacee.<\/p>\n\n\t\t<\/div>\n\t<\/div>\n<\/div><\/div><\/div><\/div>\n<\/div>","protected":false},"excerpt":{"rendered":"Freshwater Crabs Indonesia's extensive islands support diverse freshwater crab populations. The country's vast archipelagic nature provides diverse habitats for these decapods, with ongoing discoveries of new species and species like Parathelphusa pardus and Malayopotamon weh from Sumatra. Wholesale Freshwater Crabs We have satisfied thousands of customers with our top-quality freshwater crabs from several species and our top-notch customer support. Discover our collection of Freshwater Crabs, including True Aquatic, Semi-Aquatic, and Terrestrial varieties. Delve into a captivating range of crustaceans.","protected":false},"featured_media":2037,"comment_status":"open","ping_status":"closed","template":"","meta":{"_seopress_robots_primary_cat":"none","_seopress_titles_title":"Wholesale Labuanium vittatum Crabs for Aquariums","_seopress_titles_desc":"Discover Labuanium vittatum, the unique tree-climbing crab, available wholesale. Perfect for your aquarium! Live aquarium crabs for sale.","_seopress_robots_index":""},"product_brand":[],"product_cat":[87],"product_tag":[],"class_list":{"0":"post-2007","1":"product","2":"type-product","3":"status-publish","4":"has-post-thumbnail","6":"product_cat-crabs","8":"first","9":"instock","10":"shipping-taxable","11":"purchasable","12":"product-type-simple","13":"add-to-wishlist-after_add_to_cart"},"_links":{"self":[{"href":"https:\/\/fishbuff.com\/ro\/wp-json\/wp\/v2\/product\/2007","targetHints":{"allow":["GET"]}}],"collection":[{"href":"https:\/\/fishbuff.com\/ro\/wp-json\/wp\/v2\/product"}],"about":[{"href":"https:\/\/fishbuff.com\/ro\/wp-json\/wp\/v2\/types\/product"}],"replies":[{"embeddable":true,"href":"https:\/\/fishbuff.com\/ro\/wp-json\/wp\/v2\/comments?post=2007"}],"wp:featuredmedia":[{"embeddable":true,"href":"https:\/\/fishbuff.com\/ro\/wp-json\/wp\/v2\/media\/2037"}],"wp:attachment":[{"href":"https:\/\/fishbuff.com\/ro\/wp-json\/wp\/v2\/media?parent=2007"}],"wp:term":[{"taxonomy":"product_brand","embeddable":true,"href":"https:\/\/fishbuff.com\/ro\/wp-json\/wp\/v2\/product_brand?post=2007"},{"taxonomy":"product_cat","embeddable":true,"href":"https:\/\/fishbuff.com\/ro\/wp-json\/wp\/v2\/product_cat?post=2007"},{"taxonomy":"product_tag","embeddable":true,"href":"https:\/\/fishbuff.com\/ro\/wp-json\/wp\/v2\/product_tag?post=2007"}],"curies":[{"name":"wp","href":"https:\/\/api.w.org\/{rel}","templated":true}]}}