{"id":2681,"date":"2025-12-23T15:12:55","date_gmt":"2025-12-23T15:12:55","guid":{"rendered":"https:\/\/fishbuff.com\/?post_type=product&#038;p=2681"},"modified":"2025-12-23T15:12:59","modified_gmt":"2025-12-23T15:12:59","slug":"cryptocoryne-silver-queen","status":"publish","type":"product","link":"https:\/\/fishbuff.com\/ro\/product\/cryptocoryne-silver-queen\/","title":{"rendered":"Cryptocoryne Silver Queen"},"content":{"rendered":"<div class=\"wpb-content-wrapper\"><div class=\"vc_row wpb_row vc_row-fluid\"><div class=\"wpb_column vc_column_container vc_col-sm-12\"><div class=\"vc_column-inner\"><div class=\"wpb_wrapper\"><div id=\"kapee-header-93811\" class=\"kapee-element kapee-heading text-left kapee-width-100 separator-line separator-between-heading\">\t\n\t\t\t\n\t\t\t<div class=\"heading-wrap\">\n\t\t\t<span class=\"separator-left\"><\/span>\n\t\t\t<h2 class=\"heading-title\">Plante de acvariu <\/h2>\t\t\t<span class=\"separator-right\"><\/span>\n\t\t\t\t\t<\/div>\n\t\t\n    <\/div>\n\t<div class=\"wpb_text_column wpb_content_element\" >\n\t\t<div class=\"wpb_wrapper\">\n\t\t\t<p>Plantele acvatice se dezvolt\u0103 \u00een medii acvatice precum lacurile de ap\u0103 dulce, r\u00e2urile, zonele umede \u0219i chiar regiunile cu ap\u0103 s\u0103rat\u0103 \u0219i salmastr\u0103. Acestea sunt clasificate \u00een diferite comunit\u0103\u021bi ecologice, inclusiv riverane, lacustre \u0219i palustre.<\/p>\n\n\t\t<\/div>\n\t<\/div>\n<div id=\"kapee-header-66921\" class=\"kapee-element kapee-heading text-left kapee-width-100 separator-line separator-between-heading\">\t\n\t\t\t\n\t\t\t<div class=\"heading-wrap\">\n\t\t\t<span class=\"separator-left\"><\/span>\n\t\t\t<h3 class=\"heading-title\">Plante acvatice cu ridicata <\/h3>\t\t\t<span class=\"separator-right\"><\/span>\n\t\t\t\t\t<\/div>\n\t\t\n    <\/div>\n\t<div class=\"wpb_text_column wpb_content_element\" >\n\t\t<div class=\"wpb_wrapper\">\n\t\t\t<p>Oferim o gam\u0103 larg\u0103 de plante tropicale de acvariu de cea mai \u00eenalt\u0103 calitate. Plantele de acvariu \u00eembun\u0103t\u0103\u021besc aspectul acvariului dvs., ad\u0103ug\u00e2nd culoare, stil \u0219i via\u021b\u0103. Ob\u021bine\u021bi plante acvatice proaspete de \u00eenalt\u0103 calitate la nivel en-gros.<\/p>\n\n\t\t<\/div>\n\t<\/div>\n<\/div><\/div><\/div><\/div>\n<\/div>","protected":false},"excerpt":{"rendered":"[vc_row][vc_column][kapee_heading title_align=\"left\" title_font_size=\"32\" title_font_size_tablet=\"32\" title_font_size_mobile=\"22\" title_font_weight=\"300\" title_separator=\"line\" title=\"Aquarium Plants\"][vc_column_text css=\"\"]Aquatic plants thrive in water environments such as freshwater lakes, rivers, wetlands, and even brackish and saltwater regions. They are categorized into various ecological communities including riverine, lacustrine, and palustrine.[\/vc_column_text][kapee_heading title_tag=\"h3\" title_align=\"left\" title_font_size=\"32\" title_font_size_tablet=\"32\" title_font_size_mobile=\"22\" title_font_weight=\"300\" title_separator=\"line\" title=\"Wholesale Aquatic Plants\"][vc_column_text css=\"\"]We offer a wide range of tropical aquarium plants of the highest quality. Aquarium plants enhance the look of your tank, adding colour, style and life. Get high-quality farm-fresh aquatic plants on a wholesale level.[\/vc_column_text][\/vc_column][\/vc_row]\n","protected":false},"featured_media":2711,"comment_status":"open","ping_status":"closed","template":"","meta":{"_seopress_robots_primary_cat":"none","_seopress_titles_title":"Cryptocoryne Silver Queen | Wholesale Aquatic Plants","_seopress_titles_desc":"Discover the Cryptocoryne Silver Queen for vibrant aquatic beauty. Perfect for enhancing any aquarium with lush, striking greens. Shop now!","_seopress_robots_index":""},"product_brand":[],"product_cat":[95],"product_tag":[],"class_list":{"0":"post-2681","1":"product","2":"type-product","3":"status-publish","4":"has-post-thumbnail","6":"product_cat-aquatic-plants","8":"first","9":"instock","10":"shipping-taxable","11":"purchasable","12":"product-type-simple","13":"add-to-wishlist-after_add_to_cart"},"_links":{"self":[{"href":"https:\/\/fishbuff.com\/ro\/wp-json\/wp\/v2\/product\/2681","targetHints":{"allow":["GET"]}}],"collection":[{"href":"https:\/\/fishbuff.com\/ro\/wp-json\/wp\/v2\/product"}],"about":[{"href":"https:\/\/fishbuff.com\/ro\/wp-json\/wp\/v2\/types\/product"}],"replies":[{"embeddable":true,"href":"https:\/\/fishbuff.com\/ro\/wp-json\/wp\/v2\/comments?post=2681"}],"wp:featuredmedia":[{"embeddable":true,"href":"https:\/\/fishbuff.com\/ro\/wp-json\/wp\/v2\/media\/2711"}],"wp:attachment":[{"href":"https:\/\/fishbuff.com\/ro\/wp-json\/wp\/v2\/media?parent=2681"}],"wp:term":[{"taxonomy":"product_brand","embeddable":true,"href":"https:\/\/fishbuff.com\/ro\/wp-json\/wp\/v2\/product_brand?post=2681"},{"taxonomy":"product_cat","embeddable":true,"href":"https:\/\/fishbuff.com\/ro\/wp-json\/wp\/v2\/product_cat?post=2681"},{"taxonomy":"product_tag","embeddable":true,"href":"https:\/\/fishbuff.com\/ro\/wp-json\/wp\/v2\/product_tag?post=2681"}],"curies":[{"name":"wp","href":"https:\/\/api.w.org\/{rel}","templated":true}]}}