{"id":344,"date":"2025-12-23T14:59:45","date_gmt":"2025-12-23T14:59:45","guid":{"rendered":"https:\/\/fishbuff.com\/?post_type=product&#038;p=344"},"modified":"2026-01-07T07:10:03","modified_gmt":"2026-01-07T07:10:03","slug":"kamfa-flowerhorn","status":"publish","type":"product","link":"https:\/\/fishbuff.com\/ro\/product\/kamfa-flowerhorn\/","title":{"rendered":"2.5&#8243; Kamfa Flowerhorn"},"content":{"rendered":"<div class=\"wpb-content-wrapper\"><div class=\"vc_row wpb_row vc_row-fluid\"><div class=\"wpb_column vc_column_container vc_col-sm-12\"><div class=\"vc_column-inner\"><div class=\"wpb_wrapper\">\n\t<div class=\"wpb_text_column wpb_content_element\" >\n\t\t<div class=\"wpb_wrapper\">\n\t\t\t<p style=\"font-size: 24px; color: #0ca4ff; font-weight: bold; margin: 0;\">Garan\u021bie de 2 zile <a style=\"color: #333333; font-size: 12px; font-weight: normal;\" href=\"https:\/\/fishbuff.com\/ro\/our-guarantee\/\">Afla\u021bi mai multe<\/a><\/p>\n<p>Fotografiile cu pe\u0219ti sunt f\u0103cute c\u00e2t mai exact posibil. Fotografiile prezentate sunt pentru ilustrare, ca o reprezentare a pe\u0219telui exact.<br \/>\nPre\u021bul afi\u0219at include costurile de expediere din Indonezia prin intermediul unui transhipper. Cump\u0103r\u0103torul trebuie s\u0103 pl\u0103teasc\u0103 agentului s\u0103u local de transbordare taxele de import \u0219i costurile de transport intern.<\/p>\n\n\t\t<\/div>\n\t<\/div>\n<div id=\"kapee-header-52202\" class=\"kapee-element kapee-heading text-left kapee-width-100 separator-line separator-between-heading\">\t\n\t\t\t\n\t\t\t<div class=\"heading-wrap\">\n\t\t\t<span class=\"separator-left\"><\/span>\n\t\t\t<h2 class=\"heading-title\">Kamfa Flowerhorn Cichlid <\/h2>\t\t\t<span class=\"separator-right\"><\/span>\n\t\t\t\t\t<\/div>\n\t\t\n    <\/div><\/div><\/div><\/div><\/div><div class=\"vc_row wpb_row vc_row-fluid\"><div class=\"wpb_column vc_column_container vc_col-sm-6\"><div class=\"vc_column-inner\"><div class=\"wpb_wrapper\">\n\t<div class=\"wpb_text_column wpb_content_element\" >\n\t\t<div class=\"wpb_wrapper\">\n\t\t\t<h3 style=\"font-size: 24px; margin: 0.67em 0;\">Kamfa Cichlid<\/h3>\n<p>The Kamfa flowerhorn is known for its unique body shape (often rounder with shorter mouths), intense pearling, and prominent head hump (kok).<\/p>\n<p><strong>Origine<\/strong> - Crescute la ferm\u0103<br \/>\n<strong>Dieta<\/strong> - Omnivor<br \/>\n<strong>pH<\/strong> &#8211; 7.0 to 8.0<br \/>\n<strong>Temperatur\u0103<\/strong> - 25\u00b0C p\u00e2n\u0103 la 28\u00b0C<br \/>\n<strong>Dimensiunea curent\u0103<\/strong> - 2,5 inci<\/p>\n\n\t\t<\/div>\n\t<\/div>\n<\/div><\/div><\/div><div class=\"wpb_column vc_column_container vc_col-sm-6\"><div class=\"vc_column-inner\"><div class=\"wpb_wrapper\"><div id=\"kapee-header-58219\" class=\"kapee-element kapee-heading text-left kapee-width-100 separator-none separator-between-heading\">\t\n\t\t\t\n\t\t\t<div class=\"heading-wrap\">\n\t\t\t<span class=\"separator-left\"><\/span>\n\t\t\t<h3 class=\"heading-title\">Statistici rapide <\/h3>\t\t\t<span class=\"separator-right\"><\/span>\n\t\t\t\t\t<\/div>\n\t\t\n    <\/div><div class=\"vc_progress_bar wpb_content_element\" ><div class=\"vc_general vc_single_bar\"><small class=\"vc_label\" style=\"color: #FFFFFF;\">RARITATE<\/small><span class=\"vc_bar\" data-percentage-value=\"25\" data-value=\"25\" style=\"background-color: #0CA4FF;\"><\/span><\/div><div class=\"vc_general vc_single_bar\"><small class=\"vc_label\" style=\"color: #FFFFFF;\">NIVEL DE \u00ceNGRIJIRE<\/small><span class=\"vc_bar\" data-percentage-value=\"75\" data-value=\"75\" style=\"background-color: #0CA4FF;\"><\/span><\/div><div class=\"vc_general vc_single_bar\"><small class=\"vc_label\" style=\"color: #FFFFFF;\">TEMPERAMENT<\/small><span class=\"vc_bar\" data-percentage-value=\"100\" data-value=\"100\" style=\"background-color: #0CA4FF;\"><\/span><\/div><div class=\"vc_general vc_single_bar\"><small class=\"vc_label\" style=\"color: #FFFFFF;\">COMPATIBILITATE<\/small><span class=\"vc_bar\" data-percentage-value=\"25\" data-value=\"25\" style=\"background-color: #0CA4FF;\"><\/span><\/div><div class=\"vc_general vc_single_bar\"><small class=\"vc_label\" style=\"color: #FFFFFF;\">TANC PLANTAT<\/small><span class=\"vc_bar\" data-percentage-value=\"25\" data-value=\"25\" style=\"background-color: #0CA4FF;\"><\/span><\/div><\/div><\/div><\/div><\/div><\/div>\n<\/div>","protected":false},"excerpt":{"rendered":"<p style=\"color: red;\">V\u0103 rug\u0103m s\u0103 citi\u021bi <a href=\"https:\/\/fishbuff.com\/ro\/terms-conditions\/\" target=\"_blank\" rel=\"noopener\">Termeni \u0219i condi\u021bii<\/a> \u00eenainte de cump\u0103rare.<br \/>\nPrin cump\u0103rare, indic\u0103m c\u0103 sunte\u021bi de acord \u0219i accepta\u021bi termenii \u0219i condi\u021biile aplicabile.<\/p>","protected":false},"featured_media":374,"comment_status":"open","ping_status":"closed","template":"","meta":{"_seopress_robots_primary_cat":"none","_seopress_titles_title":"Shop Kamfa Flowerhorn Cichlids with Live Arrival Guarantee","_seopress_titles_desc":"Get Kamfa Flowerhorn Cichlids shipped from Indonesia. Live Arrival Guarantee ensures you receive healthy fish. Contact support for claim or queries.","_seopress_robots_index":""},"product_brand":[],"product_cat":[44],"product_tag":[],"class_list":{"0":"post-344","1":"product","2":"type-product","3":"status-publish","4":"has-post-thumbnail","6":"product_cat-flowerhorn","8":"first","9":"outofstock","10":"shipping-taxable","11":"purchasable","12":"product-type-simple","13":"add-to-wishlist-after_add_to_cart"},"_links":{"self":[{"href":"https:\/\/fishbuff.com\/ro\/wp-json\/wp\/v2\/product\/344","targetHints":{"allow":["GET"]}}],"collection":[{"href":"https:\/\/fishbuff.com\/ro\/wp-json\/wp\/v2\/product"}],"about":[{"href":"https:\/\/fishbuff.com\/ro\/wp-json\/wp\/v2\/types\/product"}],"replies":[{"embeddable":true,"href":"https:\/\/fishbuff.com\/ro\/wp-json\/wp\/v2\/comments?post=344"}],"wp:featuredmedia":[{"embeddable":true,"href":"https:\/\/fishbuff.com\/ro\/wp-json\/wp\/v2\/media\/374"}],"wp:attachment":[{"href":"https:\/\/fishbuff.com\/ro\/wp-json\/wp\/v2\/media?parent=344"}],"wp:term":[{"taxonomy":"product_brand","embeddable":true,"href":"https:\/\/fishbuff.com\/ro\/wp-json\/wp\/v2\/product_brand?post=344"},{"taxonomy":"product_cat","embeddable":true,"href":"https:\/\/fishbuff.com\/ro\/wp-json\/wp\/v2\/product_cat?post=344"},{"taxonomy":"product_tag","embeddable":true,"href":"https:\/\/fishbuff.com\/ro\/wp-json\/wp\/v2\/product_tag?post=344"}],"curies":[{"name":"wp","href":"https:\/\/api.w.org\/{rel}","templated":true}]}}