{"id":634,"date":"2025-12-23T15:01:39","date_gmt":"2025-12-23T15:01:39","guid":{"rendered":"https:\/\/fishbuff.com\/?post_type=product&#038;p=634"},"modified":"2025-12-23T15:01:45","modified_gmt":"2025-12-23T15:01:45","slug":"red-neon-spear-tail","status":"publish","type":"product","link":"https:\/\/fishbuff.com\/ro\/product\/red-neon-spear-tail\/","title":{"rendered":"Red Neon Spear Tail"},"content":{"rendered":"<div class=\"wpb-content-wrapper\"><div class=\"vc_row wpb_row vc_row-fluid\"><div class=\"wpb_column vc_column_container vc_col-sm-12\"><div class=\"vc_column-inner\"><div class=\"wpb_wrapper\"><div id=\"kapee-header-28553\" class=\"kapee-element kapee-heading text-left kapee-width-100 separator-line separator-between-heading\">\t\n\t\t\t\n\t\t\t<div class=\"heading-wrap\">\n\t\t\t<span class=\"separator-left\"><\/span>\n\t\t\t<h2 class=\"heading-title\">Guppy Fish Shop <\/h2>\t\t\t<span class=\"separator-right\"><\/span>\n\t\t\t\t\t<\/div>\n\t\t\n    <\/div>\n\t<div class=\"wpb_text_column wpb_content_element\" >\n\t\t<div class=\"wpb_wrapper\">\n\t\t\t<p><span style=\"color: red;\">Pre\u021bul afi\u0219at este pentru o pereche (un mascul \u0219i o femel\u0103).<\/span><br \/>\nFotografiile cu pe\u0219ti sunt f\u0103cute c\u00e2t mai exact posibil. Fotografiile prezentate sunt pentru ilustrare, ca o reprezentare a pe\u0219telui exact.<br \/>\nPre\u021bul afi\u0219at include costurile de expediere din Indonezia prin Transhipper. Cump\u0103r\u0103torul trebuie s\u0103 \u00ee\u0219i pl\u0103teasc\u0103 agentul local Transhipper pentru taxele de import \u0219i costurile de transport intern.<\/p>\n\n\t\t<\/div>\n\t<\/div>\n<div id=\"kapee-header-79654\" class=\"kapee-element kapee-heading text-left kapee-width-100 separator-none separator-between-heading\">\t\n\t\t\t\n\t\t\t<div class=\"heading-wrap\">\n\t\t\t<span class=\"separator-left\"><\/span>\n\t\t\t<h3 class=\"heading-title\">Buy Live Aquarium Fish Online <\/h3>\t\t\t<span class=\"separator-right\"><\/span>\n\t\t\t\t\t<\/div>\n\t\t\n    <\/div>\n<div id=\"kapee-accordion-61821\" class=\"kapee-element kapee-accordion panel-group accordion-line align-left accordion-icon-plus icon-position-right\">\n\t\n\t\t\t\n\t\t<div class=\"card\">\n\t\t\t<div class=\"card-header\">\n\t\t\t\t<h4 class=\"card-title\">\t\t\t\t\t\n\t\t\t\t\t<a class=\"card-link collapsed\" data-toggle=\"collapse\" href=\"#kp-accordions-91476\">\n\t\t\t\t\t\t\t\t\t\t\t\tUnde v\u0103 expedia\u021bi pe\u0219tele?\t\t\t\t\t\t\t\t\t\t\t<\/a>\t\t\t\t\t\n\t\t\t\t<\/h4>\n\t\t\t<\/div>\n\t\t\t<div id=\"kp-accordions-91476\" class=\"collapse\" data-parent=\"#kapee-accordion-61821\">\n\t\t\t\t<div class=\"card-body\">\n\t\t\t\t\t\n\t<div class=\"wpb_text_column wpb_content_element\" >\n\t\t<div class=\"wpb_wrapper\">\n\t\t\t<p>We ship our fish for retail orders only to certain countries. Shipment is limited to the following countries; Australia\/ Austria\/ Barbados\/ Belgium\/ Bolivia\/ Brazil\/ Brunei\/ Bulgaria\/ Cambodia\/ Canada\/ Chile\/ China\/ Colombia\/ Costa Rica\/ Croatia\/ Cyprus\/ Czech Republic\/ Denmark\/ Dominican Republic\/ Ecuador\/ Estonia\/ Finland\/ France\/ Germany\/ Greece\/ Guam\/ Haiti\/ Hongkong\/ Hungary\/ India\/ Ireland\/ Italy\/ Japan\/ Kuwait\/ Latvia\/ Liechtenstein\/ Lithuania\/ Luxembourg\/ Malaysia\/ Mexico\/ Myanmar\/ Netherlands\/ Norway\/ Oman\/ Panama\/ Paraguay\/ Peru\/ Puerto Rico\/ Philipines\/ Poland\/ Portugal\/ Romania\/ San Marino\/ Serbia\/ Singapore\/ Slovakia\/ Slovenia\/ South Africa\/ South Korea\/ Spain\/ Suriname\/ Sweden\/ Switzerland\/ Taiwan\/ Thailand\/ Trinidad and Tobago\/ Turks and Caicos Islands\/ Uni Emirat Arab\/ United Kingdom\/ United States\/ US Virgin Islands\/ Vietnam.<\/p>\n\n\t\t<\/div>\n\t<\/div>\n\t\t\t\t<\/div>\n\t\t\t<\/div>\n\t\t<\/div>\n\t\t\t\n\t\t<div class=\"card\">\n\t\t\t<div class=\"card-header\">\n\t\t\t\t<h4 class=\"card-title\">\t\t\t\t\t\n\t\t\t\t\t<a class=\"card-link collapsed\" data-toggle=\"collapse\" href=\"#kp-accordions-52879\">\n\t\t\t\t\t\t\t\t\t\t\t\tC\u00e2t timp va dura primirea pe\u0219telui meu?\t\t\t\t\t\t\t\t\t\t\t<\/a>\t\t\t\t\t\n\t\t\t\t<\/h4>\n\t\t\t<\/div>\n\t\t\t<div id=\"kp-accordions-52879\" class=\"collapse\" data-parent=\"#kapee-accordion-61821\">\n\t\t\t\t<div class=\"card-body\">\n\t\t\t\t\t\n\t<div class=\"wpb_text_column wpb_content_element\" >\n\t\t<div class=\"wpb_wrapper\">\n\t\t\t<p>De obicei, ve\u021bi primi comanda dvs. \u00een 7-14 zile lucr\u0103toare. \u00cen unele cazuri, va dura o lun\u0103.<\/p>\n\n\t\t<\/div>\n\t<\/div>\n\t\t\t\t<\/div>\n\t\t\t<\/div>\n\t\t<\/div>\n\t\t\t\n\t\t<div class=\"card\">\n\t\t\t<div class=\"card-header\">\n\t\t\t\t<h4 class=\"card-title\">\t\t\t\t\t\n\t\t\t\t\t<a class=\"card-link collapsed\" data-toggle=\"collapse\" href=\"#kp-accordions-70918\">\n\t\t\t\t\t\t\t\t\t\t\t\tDe ce dureaz\u0103 at\u00e2t de mult s\u0103-mi primesc pe\u0219tele?\t\t\t\t\t\t\t\t\t\t\t<\/a>\t\t\t\t\t\n\t\t\t\t<\/h4>\n\t\t\t<\/div>\n\t\t\t<div id=\"kp-accordions-70918\" class=\"collapse\" data-parent=\"#kapee-accordion-61821\">\n\t\t\t\t<div class=\"card-body\">\n\t\t\t\t\t\n\t<div class=\"wpb_text_column wpb_content_element\" >\n\t\t<div class=\"wpb_wrapper\">\n\t\t\t<p>We ship retail orders only through a transhipper. Shipments are made based on their available monthly schedule, which is set by the transhipper itself.<br \/>\nSeveral countries that may not have a large enough shipping volume usually have very limited schedules.<br \/>\nDac\u0103 dori\u021bi s\u0103 v\u0103 asigura\u021bi c\u00e2nd este momentul potrivit pentru a plasa comanda, ne pute\u021bi contacta mai \u00eent\u00e2i.<\/p>\n\n\t\t<\/div>\n\t<\/div>\n\t\t\t\t<\/div>\n\t\t\t<\/div>\n\t\t<\/div>\n\t\t\t\n\t\t<div class=\"card\">\n\t\t\t<div class=\"card-header\">\n\t\t\t\t<h4 class=\"card-title\">\t\t\t\t\t\n\t\t\t\t\t<a class=\"card-link collapsed\" data-toggle=\"collapse\" href=\"#kp-accordions-9605\">\n\t\t\t\t\t\t\t\t\t\t\t\tCe se \u00eent\u00e2mpl\u0103 dac\u0103 pe\u0219tele meu ajunge mort?\t\t\t\t\t\t\t\t\t\t\t<\/a>\t\t\t\t\t\n\t\t\t\t<\/h4>\n\t\t\t<\/div>\n\t\t\t<div id=\"kp-accordions-9605\" class=\"collapse\" data-parent=\"#kapee-accordion-61821\">\n\t\t\t\t<div class=\"card-body\">\n\t\t\t\t\t\n\t<div class=\"wpb_text_column wpb_content_element\" >\n\t\t<div class=\"wpb_wrapper\">\n\t\t\t<p>In the unlikely event that you do receive a dead fish, you must ensure to contact us within 24 hours of its arrival. Any claims after that will not be honored.<br \/>\nIn case of D.O.A, please send us a clear picture of the dead fish in an unopened bag. Customer can submit their claim by email at support@fishbuff.com or WhatsApp through (+62) 821-3871-8445.<\/p>\n\n\t\t<\/div>\n\t<\/div>\n\t\t\t\t<\/div>\n\t\t\t<\/div>\n\t\t<\/div>\n\t\t\t\n\t\t<div class=\"card\">\n\t\t\t<div class=\"card-header\">\n\t\t\t\t<h4 class=\"card-title\">\t\t\t\t\t\n\t\t\t\t\t<a class=\"card-link collapsed\" data-toggle=\"collapse\" href=\"#kp-accordions-32092\">\n\t\t\t\t\t\t\t\t\t\t\t\tDid you accept return or exchange?\t\t\t\t\t\t\t\t\t\t\t<\/a>\t\t\t\t\t\n\t\t\t\t<\/h4>\n\t\t\t<\/div>\n\t\t\t<div id=\"kp-accordions-32092\" class=\"collapse\" data-parent=\"#kapee-accordion-61821\">\n\t\t\t\t<div class=\"card-body\">\n\t\t\t\t\t\n\t<div class=\"wpb_text_column wpb_content_element\" >\n\t\t<div class=\"wpb_wrapper\">\n\t\t\t<p>We do not offer any returns or exchanges but we are happy to replace any orders that meet our claims policy.<\/p>\n\n\t\t<\/div>\n\t<\/div>\n\t\t\t\t<\/div>\n\t\t\t<\/div>\n\t\t<\/div>\n\t<\/div><\/div><\/div><\/div><\/div>\n<\/div>","protected":false},"excerpt":{"rendered":"<p style=\"color: red;\">V\u0103 rug\u0103m s\u0103 citi\u021bi <a href=\"https:\/\/fishbuff.com\/ro\/terms-conditions\/\" target=\"_blank\" rel=\"noopener\">Termeni \u0219i condi\u021bii<\/a> \u00eenainte de cump\u0103rare.<br \/>\nPrin cump\u0103rare am indicat c\u0103 sunte\u021bi de acord \u0219i accepta\u021bi termenii \u0219i condi\u021biile aplicabile.<\/p>","protected":false},"featured_media":664,"comment_status":"open","ping_status":"closed","template":"","meta":{"_seopress_robots_primary_cat":"91","_seopress_titles_title":"Purchase Red Neon Spear Tail Guppies","_seopress_titles_desc":"Get your Red Neon Spear Tail pair with guaranteed live arrival! Explore our shipping options and contact us for claims within 24 hours.","_seopress_robots_index":""},"product_brand":[],"product_cat":[69],"product_tag":[],"class_list":{"0":"post-634","1":"product","2":"type-product","3":"status-publish","4":"has-post-thumbnail","6":"product_cat-guppy","8":"first","9":"instock","10":"shipping-taxable","11":"purchasable","12":"product-type-simple","13":"add-to-wishlist-after_add_to_cart"},"_links":{"self":[{"href":"https:\/\/fishbuff.com\/ro\/wp-json\/wp\/v2\/product\/634","targetHints":{"allow":["GET"]}}],"collection":[{"href":"https:\/\/fishbuff.com\/ro\/wp-json\/wp\/v2\/product"}],"about":[{"href":"https:\/\/fishbuff.com\/ro\/wp-json\/wp\/v2\/types\/product"}],"replies":[{"embeddable":true,"href":"https:\/\/fishbuff.com\/ro\/wp-json\/wp\/v2\/comments?post=634"}],"wp:featuredmedia":[{"embeddable":true,"href":"https:\/\/fishbuff.com\/ro\/wp-json\/wp\/v2\/media\/664"}],"wp:attachment":[{"href":"https:\/\/fishbuff.com\/ro\/wp-json\/wp\/v2\/media?parent=634"}],"wp:term":[{"taxonomy":"product_brand","embeddable":true,"href":"https:\/\/fishbuff.com\/ro\/wp-json\/wp\/v2\/product_brand?post=634"},{"taxonomy":"product_cat","embeddable":true,"href":"https:\/\/fishbuff.com\/ro\/wp-json\/wp\/v2\/product_cat?post=634"},{"taxonomy":"product_tag","embeddable":true,"href":"https:\/\/fishbuff.com\/ro\/wp-json\/wp\/v2\/product_tag?post=634"}],"curies":[{"name":"wp","href":"https:\/\/api.w.org\/{rel}","templated":true}]}}