{"id":1441,"date":"2025-12-23T15:06:10","date_gmt":"2025-12-23T15:06:10","guid":{"rendered":"https:\/\/fishbuff.com\/?post_type=product&#038;p=1441"},"modified":"2025-12-23T15:06:15","modified_gmt":"2025-12-23T15:06:15","slug":"stiktos-snakehead","status":"publish","type":"product","link":"https:\/\/fishbuff.com\/se\/product\/stiktos-snakehead\/","title":{"rendered":"Stiktos Snakehead"},"content":{"rendered":"<div class=\"wpb-content-wrapper\"><div class=\"vc_row wpb_row vc_row-fluid\"><div class=\"wpb_column vc_column_container vc_col-sm-12\"><div class=\"vc_column-inner\"><div class=\"wpb_wrapper\"><div id=\"kapee-header-88531\" class=\"kapee-element kapee-heading text-left kapee-width-100 separator-line separator-between-heading\">\t\n\t\t\t\n\t\t\t<div class=\"heading-wrap\">\n\t\t\t<span class=\"separator-left\"><\/span>\n\t\t\t<h2 class=\"heading-title\">Channa fisk <\/h2>\t\t\t<span class=\"separator-right\"><\/span>\n\t\t\t\t\t<\/div>\n\t\t\n    <\/div>\n\t<div class=\"wpb_text_column wpb_content_element\" >\n\t\t<div class=\"wpb_wrapper\">\n\t\t\t<p>Channa \u00e4r ett sl\u00e4kte av rovfiskar i familjen Channidae, allm\u00e4nt k\u00e4nda som ormhuvuden, som \u00e4r hemmah\u00f6rande i s\u00f6tvattensmilj\u00f6er i Asien. Alla ormhuvuden \u00e4r mycket rovgiriga och de olika arterna av Channa \u00e4ter bland annat fisk, amfibier (som grodor), ormar, gnagare, f\u00e5glar och ryggradsl\u00f6sa djur (insekter och kr\u00e4ftdjur).<\/p>\n\n\t\t<\/div>\n\t<\/div>\n<div id=\"kapee-header-58529\" class=\"kapee-element kapee-heading text-left kapee-width-100 separator-line separator-between-heading\">\t\n\t\t\t\n\t\t\t<div class=\"heading-wrap\">\n\t\t\t<span class=\"separator-left\"><\/span>\n\t\t\t<h3 class=\"heading-title\">Channa fisk grossist <\/h3>\t\t\t<span class=\"separator-right\"><\/span>\n\t\t\t\t\t<\/div>\n\t\t\n    <\/div>\n\t<div class=\"wpb_text_column wpb_content_element\" >\n\t\t<div class=\"wpb_wrapper\">\n\t\t\t<p>Vi \u00e4r en ledande leverant\u00f6r av h\u00f6gkvalitativa Channa-arter som kan odlas i akvarium. Vi erbjuder ett urval av friska channa-arter, inklusive en s\u00e4llsynt art av snakehead.<\/p>\n\n\t\t<\/div>\n\t<\/div>\n<\/div><\/div><\/div><\/div>\n<\/div>","protected":false},"excerpt":{"rendered":"Channa Fish Channa is a genus of predatory fish in the family Channidae, commonly known as snakeheads, native to freshwater habitats in Asia. All snakeheads are highly predatory, and the diets of the various species of Channa include fish, amphibians (like frogs), snakes, rodents, birds, and invertebrates (insects and crustaceans). Channa Fish Wholesale We are leading suppliers of premium quality Channa that can be raised in an aquarium. We offer a selection of healthy channa species, including a rare species of snakehead.","protected":false},"featured_media":318,"comment_status":"open","ping_status":"closed","template":"","meta":{"_seopress_robots_primary_cat":"none","_seopress_titles_title":"Buy Wholesale Stiktos Snakehead Fish Online","_seopress_titles_desc":"Buy Stiktos Snakehead fish wholesale online. Discover top-quality live Channa for bulk orders at unbeatable prices.","_seopress_robots_index":""},"product_brand":[],"product_cat":[80],"product_tag":[],"class_list":{"0":"post-1441","1":"product","2":"type-product","3":"status-publish","4":"has-post-thumbnail","6":"product_cat-channa","8":"first","9":"outofstock","10":"shipping-taxable","11":"purchasable","12":"product-type-simple","13":"add-to-wishlist-after_add_to_cart"},"_links":{"self":[{"href":"https:\/\/fishbuff.com\/se\/wp-json\/wp\/v2\/product\/1441","targetHints":{"allow":["GET"]}}],"collection":[{"href":"https:\/\/fishbuff.com\/se\/wp-json\/wp\/v2\/product"}],"about":[{"href":"https:\/\/fishbuff.com\/se\/wp-json\/wp\/v2\/types\/product"}],"replies":[{"embeddable":true,"href":"https:\/\/fishbuff.com\/se\/wp-json\/wp\/v2\/comments?post=1441"}],"wp:featuredmedia":[{"embeddable":true,"href":"https:\/\/fishbuff.com\/se\/wp-json\/wp\/v2\/media\/318"}],"wp:attachment":[{"href":"https:\/\/fishbuff.com\/se\/wp-json\/wp\/v2\/media?parent=1441"}],"wp:term":[{"taxonomy":"product_brand","embeddable":true,"href":"https:\/\/fishbuff.com\/se\/wp-json\/wp\/v2\/product_brand?post=1441"},{"taxonomy":"product_cat","embeddable":true,"href":"https:\/\/fishbuff.com\/se\/wp-json\/wp\/v2\/product_cat?post=1441"},{"taxonomy":"product_tag","embeddable":true,"href":"https:\/\/fishbuff.com\/se\/wp-json\/wp\/v2\/product_tag?post=1441"}],"curies":[{"name":"wp","href":"https:\/\/api.w.org\/{rel}","templated":true}]}}