{"id":2051,"date":"2025-12-23T15:09:20","date_gmt":"2025-12-23T15:09:20","guid":{"rendered":"https:\/\/fishbuff.com\/?post_type=product&#038;p=2051"},"modified":"2025-12-23T15:09:23","modified_gmt":"2025-12-23T15:09:23","slug":"banana-crab","status":"publish","type":"product","link":"https:\/\/fishbuff.com\/se\/product\/banana-crab\/","title":{"rendered":"Banana Crab"},"content":{"rendered":"<div class=\"wpb-content-wrapper\"><div class=\"vc_row wpb_row vc_row-fluid\"><div class=\"wpb_column vc_column_container vc_col-sm-12\"><div class=\"vc_column-inner\"><div class=\"wpb_wrapper\"><div id=\"kapee-header-11245\" class=\"kapee-element kapee-heading text-left kapee-width-100 separator-line separator-between-heading\">\t\n\t\t\t\n\t\t\t<div class=\"heading-wrap\">\n\t\t\t<span class=\"separator-left\"><\/span>\n\t\t\t<h2 class=\"heading-title\">S\u00f6tvattenskrabbor <\/h2>\t\t\t<span class=\"separator-right\"><\/span>\n\t\t\t\t\t<\/div>\n\t\t\n    <\/div>\n\t<div class=\"wpb_text_column wpb_content_element\" >\n\t\t<div class=\"wpb_wrapper\">\n\t\t\t<p><span data-huuid=\"15399584108736243872\">Indonesiens vidstr\u00e4ckta \u00f6ar hyser olika populationer av s\u00f6tvattenskrabbor. <\/span><span data-huuid=\"16466880925361144928\">Landets vidstr\u00e4ckta sk\u00e4rg\u00e5rdsnatur erbjuder olika livsmilj\u00f6er f\u00f6r dessa decapoder, med p\u00e5g\u00e5ende uppt\u00e4ckter av nya arter och arter som Parathelphusa pardus och Malayopotamon weh fr\u00e5n Sumatra.<\/span><\/p>\n\n\t\t<\/div>\n\t<\/div>\n<div id=\"kapee-header-86445\" class=\"kapee-element kapee-heading text-left kapee-width-100 separator-line separator-between-heading\">\t\n\t\t\t\n\t\t\t<div class=\"heading-wrap\">\n\t\t\t<span class=\"separator-left\"><\/span>\n\t\t\t<h3 class=\"heading-title\">Partihandel med s\u00f6tvattenskrabbor <\/h3>\t\t\t<span class=\"separator-right\"><\/span>\n\t\t\t\t\t<\/div>\n\t\t\n    <\/div>\n\t<div class=\"wpb_text_column wpb_content_element\" >\n\t\t<div class=\"wpb_wrapper\">\n\t\t\t<p>Vi har gjort tusentals kunder n\u00f6jda med v\u00e5ra h\u00f6gkvalitativa s\u00f6tvattenskrabbor fr\u00e5n flera arter och v\u00e5r f\u00f6rstklassiga kundsupport. Uppt\u00e4ck v\u00e5r samling av s\u00f6tvattenskrabbor, inklusive \u00e4kta akvatiska, semiakvatiska och terrestriska sorter. F\u00f6rdjupa dig i ett f\u00e4ngslande utbud av kr\u00e4ftdjur.<\/p>\n\n\t\t<\/div>\n\t<\/div>\n<\/div><\/div><\/div><\/div>\n<\/div>","protected":false},"excerpt":{"rendered":"Freshwater Crabs Indonesia's extensive islands support diverse freshwater crab populations. The country's vast archipelagic nature provides diverse habitats for these decapods, with ongoing discoveries of new species and species like Parathelphusa pardus and Malayopotamon weh from Sumatra. Wholesale Freshwater Crabs We have satisfied thousands of customers with our top-quality freshwater crabs from several species and our top-notch customer support. Discover our collection of Freshwater Crabs, including True Aquatic, Semi-Aquatic, and Terrestrial varieties. Delve into a captivating range of crustaceans.","protected":false},"featured_media":2081,"comment_status":"open","ping_status":"closed","template":"","meta":{"_seopress_robots_primary_cat":"none","_seopress_titles_title":"Explore Exotic Banana Crab Wholesale","_seopress_titles_desc":"Explore the fascinating world of the Banana Crab! Perfect for aquatic enthusiasts. Learn more and enhance your marine collection today.","_seopress_robots_index":""},"product_brand":[],"product_cat":[87],"product_tag":[],"class_list":{"0":"post-2051","1":"product","2":"type-product","3":"status-publish","4":"has-post-thumbnail","6":"product_cat-crabs","8":"first","9":"instock","10":"shipping-taxable","11":"purchasable","12":"product-type-simple","13":"add-to-wishlist-after_add_to_cart"},"_links":{"self":[{"href":"https:\/\/fishbuff.com\/se\/wp-json\/wp\/v2\/product\/2051","targetHints":{"allow":["GET"]}}],"collection":[{"href":"https:\/\/fishbuff.com\/se\/wp-json\/wp\/v2\/product"}],"about":[{"href":"https:\/\/fishbuff.com\/se\/wp-json\/wp\/v2\/types\/product"}],"replies":[{"embeddable":true,"href":"https:\/\/fishbuff.com\/se\/wp-json\/wp\/v2\/comments?post=2051"}],"wp:featuredmedia":[{"embeddable":true,"href":"https:\/\/fishbuff.com\/se\/wp-json\/wp\/v2\/media\/2081"}],"wp:attachment":[{"href":"https:\/\/fishbuff.com\/se\/wp-json\/wp\/v2\/media?parent=2051"}],"wp:term":[{"taxonomy":"product_brand","embeddable":true,"href":"https:\/\/fishbuff.com\/se\/wp-json\/wp\/v2\/product_brand?post=2051"},{"taxonomy":"product_cat","embeddable":true,"href":"https:\/\/fishbuff.com\/se\/wp-json\/wp\/v2\/product_cat?post=2051"},{"taxonomy":"product_tag","embeddable":true,"href":"https:\/\/fishbuff.com\/se\/wp-json\/wp\/v2\/product_tag?post=2051"}],"curies":[{"name":"wp","href":"https:\/\/api.w.org\/{rel}","templated":true}]}}