{"id":2161,"date":"2025-12-23T15:09:42","date_gmt":"2025-12-23T15:09:42","guid":{"rendered":"https:\/\/fishbuff.com\/?post_type=product&#038;p=2161"},"modified":"2025-12-23T15:09:48","modified_gmt":"2025-12-23T15:09:48","slug":"koi-plakat-double-tail-betta","status":"publish","type":"product","link":"https:\/\/fishbuff.com\/se\/product\/koi-plakat-double-tail-betta\/","title":{"rendered":"Koi Plakat Double Tail Betta"},"content":{"rendered":"<div class=\"wpb-content-wrapper\"><div class=\"vc_row wpb_row vc_row-fluid\"><div class=\"wpb_column vc_column_container vc_col-sm-12\"><div class=\"vc_column-inner\"><div class=\"wpb_wrapper\"><div id=\"kapee-header-19793\" class=\"kapee-element kapee-heading text-left kapee-width-100 separator-line separator-between-heading\">\t\n\t\t\t\n\t\t\t<div class=\"heading-wrap\">\n\t\t\t<span class=\"separator-left\"><\/span>\n\t\t\t<h2 class=\"heading-title\">Betta fisk <\/h2>\t\t\t<span class=\"separator-right\"><\/span>\n\t\t\t\t\t<\/div>\n\t\t\n    <\/div>\n\t<div class=\"wpb_text_column wpb_content_element\" >\n\t\t<div class=\"wpb_wrapper\">\n\t\t\t<p>Betta splendens kommer ursprungligen fr\u00e5n Thailand, Kambodja, Laos och Vietnam, d\u00e4r de lever i diken, risf\u00e4lt, grunda pooler och l\u00e5ngsamt rinnande vattendrag. Bettor anses i allm\u00e4nhet vara nyb\u00f6rjarv\u00e4nliga eftersom de kan h\u00e5llas ensamma i ganska sm\u00e5 (minst 5 liter) tankar.<\/p>\n\n\t\t<\/div>\n\t<\/div>\n<div id=\"kapee-header-15889\" class=\"kapee-element kapee-heading text-left kapee-width-100 separator-line separator-between-heading\">\t\n\t\t\t\n\t\t\t<div class=\"heading-wrap\">\n\t\t\t<span class=\"separator-left\"><\/span>\n\t\t\t<h3 class=\"heading-title\">Partihandel med Betta fisk <\/h3>\t\t\t<span class=\"separator-right\"><\/span>\n\t\t\t\t\t<\/div>\n\t\t\n    <\/div>\n\t<div class=\"wpb_text_column wpb_content_element\" >\n\t\t<div class=\"wpb_wrapper\">\n\t\t\t<p>Vi erbjuder underbara, s\u00e4llsynta grossist hane betta fiskar och kvinnliga betta fiskar med vackra och livfulla f\u00e4rger. Vi str\u00e4var efter att tillhandah\u00e5lla ett brett urval av friska och livfulla betta-fiskar, var och en noggrant utvalda f\u00f6r att uppfylla de h\u00f6gsta standarderna f\u00f6r sk\u00f6nhet och h\u00e4lsa.<\/p>\n\n\t\t<\/div>\n\t<\/div>\n<\/div><\/div><\/div><\/div>\n<\/div>","protected":false},"excerpt":{"rendered":"Betta Fish Betta splendens are native to Thailand, Cambodia, Laos and Vietnam, where they live in ditches, rice paddies, shallow pools and slow moving streams. Bettas are generally considered to be beginner-friendly because they can be kept alone in fairly small (5 gallons at least) tanks. Wholesale Betta Fish We offer gorgeous, rare wholesale male betta fish and female betta fish with beautiful and vibrant colors. We strive to provide a wide selection of healthy and vibrant betta fish, each carefully selected to meet the highest standards of beauty and health.","protected":false},"featured_media":2181,"comment_status":"open","ping_status":"closed","template":"","meta":{"_seopress_robots_primary_cat":"none","_seopress_titles_title":"Wholesale Koi Plakat Double Tail Betta Fish Online","_seopress_titles_desc":"Discover vibrant Koi Plakat Double Tail Betta at wholesale prices. Perfect for bulk orders. Transform your aquarium with our high-quality fish selection.","_seopress_robots_index":""},"product_brand":[],"product_cat":[88],"product_tag":[],"class_list":{"0":"post-2161","1":"product","2":"type-product","3":"status-publish","4":"has-post-thumbnail","6":"product_cat-bettas","8":"first","9":"instock","10":"shipping-taxable","11":"purchasable","12":"product-type-simple","13":"add-to-wishlist-after_add_to_cart"},"_links":{"self":[{"href":"https:\/\/fishbuff.com\/se\/wp-json\/wp\/v2\/product\/2161","targetHints":{"allow":["GET"]}}],"collection":[{"href":"https:\/\/fishbuff.com\/se\/wp-json\/wp\/v2\/product"}],"about":[{"href":"https:\/\/fishbuff.com\/se\/wp-json\/wp\/v2\/types\/product"}],"replies":[{"embeddable":true,"href":"https:\/\/fishbuff.com\/se\/wp-json\/wp\/v2\/comments?post=2161"}],"wp:featuredmedia":[{"embeddable":true,"href":"https:\/\/fishbuff.com\/se\/wp-json\/wp\/v2\/media\/2181"}],"wp:attachment":[{"href":"https:\/\/fishbuff.com\/se\/wp-json\/wp\/v2\/media?parent=2161"}],"wp:term":[{"taxonomy":"product_brand","embeddable":true,"href":"https:\/\/fishbuff.com\/se\/wp-json\/wp\/v2\/product_brand?post=2161"},{"taxonomy":"product_cat","embeddable":true,"href":"https:\/\/fishbuff.com\/se\/wp-json\/wp\/v2\/product_cat?post=2161"},{"taxonomy":"product_tag","embeddable":true,"href":"https:\/\/fishbuff.com\/se\/wp-json\/wp\/v2\/product_tag?post=2161"}],"curies":[{"name":"wp","href":"https:\/\/api.w.org\/{rel}","templated":true}]}}