{"id":2277,"date":"2025-12-23T15:10:20","date_gmt":"2025-12-23T15:10:20","guid":{"rendered":"https:\/\/fishbuff.com\/?post_type=product&#038;p=2277"},"modified":"2025-12-23T15:10:23","modified_gmt":"2025-12-23T15:10:23","slug":"red-carpet-anemone","status":"publish","type":"product","link":"https:\/\/fishbuff.com\/se\/product\/red-carpet-anemone\/","title":{"rendered":"Anemone med r\u00f6d matta"},"content":{"rendered":"<p style=\"color: red;\">Frakt f\u00f6r alla arter av anemoner och koraller \u00e4r begr\u00e4nsad till f\u00f6ljande l\u00e4nder\/territorier: den europeiska kontinenten (tillf\u00e4lligt begr\u00e4nsad till Vitryssland, Ryssland och Ukraina) och USA.<\/p>\n<p>Bilderna \u00e4r tagna s\u00e5 korrekt som m\u00f6jligt. Bilder som visas \u00e4r f\u00f6r illustration som en representation av den exakta produkten.<br \/>\nDet angivna priset inkluderar fraktkostnader fr\u00e5n Indonesien genom Transhipper. K\u00f6paren m\u00e5ste betala sin lokala transhipper-agent f\u00f6r importavgifter och inhemska fraktkostnader.<\/p>\n<p><strong>Garanti f\u00f6r levande ankomst<\/strong><br \/>\nOm du mot f\u00f6rmodan skulle f\u00e5 en d\u00f6d produkt m\u00e5ste du kontakta oss inom 24 timmar efter att den har anl\u00e4nt. Eventuella anspr\u00e5k efter det kommer inte att respekteras. Kunden kan skicka in sitt anspr\u00e5k via e-post p\u00e5 support@fishbuff.com eller WhatsApp via (+62) 821-3871-8445.<\/p>\n<p><strong>Retur och byte<\/strong><br \/>\nVi erbjuder inga returer eller byten, men vi ers\u00e4tter g\u00e4rna best\u00e4llningar som uppfyller v\u00e5r reklamationspolicy.<\/p>","protected":false},"excerpt":{"rendered":"<p style=\"color: red;\">V\u00e4nligen l\u00e4s v\u00e5r <a href=\"https:\/\/fishbuff.com\/se\/terms-conditions\/\" target=\"_blank\" rel=\"noopener\">Villkor och anvisningar<\/a> innan du k\u00f6per.<br \/>\nGenom k\u00f6pet anger vi att du samtycker till och accepterar de till\u00e4mpliga villkoren.<\/p>","protected":false},"featured_media":2307,"comment_status":"open","ping_status":"closed","template":"","meta":{"_seopress_robots_primary_cat":"none","_seopress_titles_title":"Live Red Carpet Anemone for Sale Online","_seopress_titles_desc":"Explore our stunning Sea Anemones for Sale with shipping across the US &amp; Europe. Guaranteed live arrival direct from Indonesia!","_seopress_robots_index":""},"product_brand":[],"product_cat":[91],"product_tag":[],"class_list":{"0":"post-2277","1":"product","2":"type-product","3":"status-publish","4":"has-post-thumbnail","6":"product_cat-sea-anemones-corals","8":"first","9":"outofstock","10":"shipping-taxable","11":"purchasable","12":"product-type-simple","13":"add-to-wishlist-after_add_to_cart"},"_links":{"self":[{"href":"https:\/\/fishbuff.com\/se\/wp-json\/wp\/v2\/product\/2277","targetHints":{"allow":["GET"]}}],"collection":[{"href":"https:\/\/fishbuff.com\/se\/wp-json\/wp\/v2\/product"}],"about":[{"href":"https:\/\/fishbuff.com\/se\/wp-json\/wp\/v2\/types\/product"}],"replies":[{"embeddable":true,"href":"https:\/\/fishbuff.com\/se\/wp-json\/wp\/v2\/comments?post=2277"}],"wp:featuredmedia":[{"embeddable":true,"href":"https:\/\/fishbuff.com\/se\/wp-json\/wp\/v2\/media\/2307"}],"wp:attachment":[{"href":"https:\/\/fishbuff.com\/se\/wp-json\/wp\/v2\/media?parent=2277"}],"wp:term":[{"taxonomy":"product_brand","embeddable":true,"href":"https:\/\/fishbuff.com\/se\/wp-json\/wp\/v2\/product_brand?post=2277"},{"taxonomy":"product_cat","embeddable":true,"href":"https:\/\/fishbuff.com\/se\/wp-json\/wp\/v2\/product_cat?post=2277"},{"taxonomy":"product_tag","embeddable":true,"href":"https:\/\/fishbuff.com\/se\/wp-json\/wp\/v2\/product_tag?post=2277"}],"curies":[{"name":"wp","href":"https:\/\/api.w.org\/{rel}","templated":true}]}}