{"id":2621,"date":"2025-12-23T15:12:38","date_gmt":"2025-12-23T15:12:38","guid":{"rendered":"https:\/\/fishbuff.com\/?post_type=product&#038;p=2621"},"modified":"2025-12-23T15:12:42","modified_gmt":"2025-12-23T15:12:42","slug":"bucephalandra-sokan","status":"publish","type":"product","link":"https:\/\/fishbuff.com\/se\/product\/bucephalandra-sokan\/","title":{"rendered":"Bucephalandra Sokan"},"content":{"rendered":"<div class=\"wpb-content-wrapper\"><div class=\"vc_row wpb_row vc_row-fluid\"><div class=\"wpb_column vc_column_container vc_col-sm-12\"><div class=\"vc_column-inner\"><div class=\"wpb_wrapper\"><div id=\"kapee-header-16189\" class=\"kapee-element kapee-heading text-left kapee-width-100 separator-line separator-between-heading\">\t\n\t\t\t\n\t\t\t<div class=\"heading-wrap\">\n\t\t\t<span class=\"separator-left\"><\/span>\n\t\t\t<h2 class=\"heading-title\">Akvariev\u00e4xter <\/h2>\t\t\t<span class=\"separator-right\"><\/span>\n\t\t\t\t\t<\/div>\n\t\t\n    <\/div>\n\t<div class=\"wpb_text_column wpb_content_element\" >\n\t\t<div class=\"wpb_wrapper\">\n\t\t\t<p>Vattenv\u00e4xter trivs i vattenmilj\u00f6er som s\u00f6tvattensj\u00f6ar, floder, v\u00e5tmarker och till och med i br\u00e4ckvatten- och saltvattenomr\u00e5den. De kategoriseras i olika ekologiska samh\u00e4llen, bland annat flod-, sj\u00f6- och palustrinmilj\u00f6er.<\/p>\n\n\t\t<\/div>\n\t<\/div>\n<div id=\"kapee-header-59229\" class=\"kapee-element kapee-heading text-left kapee-width-100 separator-line separator-between-heading\">\t\n\t\t\t\n\t\t\t<div class=\"heading-wrap\">\n\t\t\t<span class=\"separator-left\"><\/span>\n\t\t\t<h3 class=\"heading-title\">Partihandel med vattenlevande v\u00e4xter <\/h3>\t\t\t<span class=\"separator-right\"><\/span>\n\t\t\t\t\t<\/div>\n\t\t\n    <\/div>\n\t<div class=\"wpb_text_column wpb_content_element\" >\n\t\t<div class=\"wpb_wrapper\">\n\t\t\t<p>Vi erbjuder ett brett sortiment av tropiska akvariev\u00e4xter av h\u00f6gsta kvalitet. Akvariev\u00e4xter f\u00f6rb\u00e4ttrar utseendet p\u00e5 din tank och tillf\u00f6r f\u00e4rg, stil och liv. F\u00e5 h\u00f6gkvalitativa g\u00e5rdsfr\u00e4scha vattenv\u00e4xter p\u00e5 grossistniv\u00e5.<\/p>\n\n\t\t<\/div>\n\t<\/div>\n<\/div><\/div><\/div><\/div>\n<\/div>","protected":false},"excerpt":{"rendered":"Aquarium Plants Aquatic plants thrive in water environments such as freshwater lakes, rivers, wetlands, and even brackish and saltwater regions. They are categorized into various ecological communities including riverine, lacustrine, and palustrine. Wholesale Aquatic Plants We offer a wide range of tropical aquarium plants of the highest quality. Aquarium plants enhance the look of your tank, adding colour, style and life. Get high-quality farm-fresh aquatic plants on a wholesale level.","protected":false},"featured_media":2651,"comment_status":"open","ping_status":"closed","template":"","meta":{"_seopress_robots_primary_cat":"none","_seopress_titles_title":"Bucephalandra Sokan | Wholesale Aquatic Plants","_seopress_titles_desc":"Enhance your aquascape with Bucephalandra Sokan. Shop live aquarium plants for sale online and transform your space into an aquatic paradise.","_seopress_robots_index":""},"product_brand":[],"product_cat":[95],"product_tag":[],"class_list":{"0":"post-2621","1":"product","2":"type-product","3":"status-publish","4":"has-post-thumbnail","6":"product_cat-aquatic-plants","8":"first","9":"instock","10":"shipping-taxable","11":"purchasable","12":"product-type-simple","13":"add-to-wishlist-after_add_to_cart"},"_links":{"self":[{"href":"https:\/\/fishbuff.com\/se\/wp-json\/wp\/v2\/product\/2621","targetHints":{"allow":["GET"]}}],"collection":[{"href":"https:\/\/fishbuff.com\/se\/wp-json\/wp\/v2\/product"}],"about":[{"href":"https:\/\/fishbuff.com\/se\/wp-json\/wp\/v2\/types\/product"}],"replies":[{"embeddable":true,"href":"https:\/\/fishbuff.com\/se\/wp-json\/wp\/v2\/comments?post=2621"}],"wp:featuredmedia":[{"embeddable":true,"href":"https:\/\/fishbuff.com\/se\/wp-json\/wp\/v2\/media\/2651"}],"wp:attachment":[{"href":"https:\/\/fishbuff.com\/se\/wp-json\/wp\/v2\/media?parent=2621"}],"wp:term":[{"taxonomy":"product_brand","embeddable":true,"href":"https:\/\/fishbuff.com\/se\/wp-json\/wp\/v2\/product_brand?post=2621"},{"taxonomy":"product_cat","embeddable":true,"href":"https:\/\/fishbuff.com\/se\/wp-json\/wp\/v2\/product_cat?post=2621"},{"taxonomy":"product_tag","embeddable":true,"href":"https:\/\/fishbuff.com\/se\/wp-json\/wp\/v2\/product_tag?post=2621"}],"curies":[{"name":"wp","href":"https:\/\/api.w.org\/{rel}","templated":true}]}}