{"id":297,"date":"2025-12-23T14:59:31","date_gmt":"2025-12-23T14:59:31","guid":{"rendered":"https:\/\/fishbuff.com\/?post_type=product&#038;p=297"},"modified":"2026-01-12T15:06:13","modified_gmt":"2026-01-12T15:06:13","slug":"golden-channa-limbata","status":"publish","type":"product","link":"https:\/\/fishbuff.com\/se\/product\/golden-channa-limbata\/","title":{"rendered":"3&#8243; Golden Channa Limbata"},"content":{"rendered":"<div class=\"wpb-content-wrapper\"><div class=\"vc_row wpb_row vc_row-fluid\"><div class=\"wpb_column vc_column_container vc_col-sm-12\"><div class=\"vc_column-inner\"><div class=\"wpb_wrapper\">\n\t<div class=\"wpb_text_column wpb_content_element\" >\n\t\t<div class=\"wpb_wrapper\">\n\t\t\t<p style=\"font-size: 24px; color: #0ca4ff; font-weight: bold; margin: 0;\">5-dagars garanti <a style=\"color: #333333; font-size: 12px; font-weight: normal;\" href=\"https:\/\/fishbuff.com\/se\/our-guarantee\/\">L\u00e4s mer om detta<\/a><\/p>\n<p><span style=\"color: red;\">We don\u2019t ship Channa or Snakehead to the Australia, Barbados, Bolivia, Brazil, Canada, Chile, Colombia, Costa Rica, Dominican Republic, Ecuador, Guam, Haiti, Mexico, Panama, Paraguay, Puerto Rico, Suriname, Trinidad and Tobago, United States, and US Virgin Islands.<br \/>\nAll species belonging to the snakehead members are considered invasive species, which are prohibited from being imported into those countries.<\/span><br \/>\nFiskbilderna \u00e4r tagna s\u00e5 exakt som m\u00f6jligt. Bilder som visas \u00e4r f\u00f6r illustration, som en representation av den exakta fisken.<br \/>\nDet angivna priset inkluderar fraktkostnader fr\u00e5n Indonesien via en omlastare. K\u00f6paren m\u00e5ste betala sitt lokala omlastningsombud f\u00f6r importavgifter och inhemska fraktkostnader.<\/p>\n\n\t\t<\/div>\n\t<\/div>\n<div id=\"kapee-header-41276\" class=\"kapee-element kapee-heading text-left kapee-width-100 separator-line separator-between-heading\">\t\n\t\t\t\n\t\t\t<div class=\"heading-wrap\">\n\t\t\t<span class=\"separator-left\"><\/span>\n\t\t\t<h2 class=\"heading-title\">Golden Dwarf Snakehead <\/h2>\t\t\t<span class=\"separator-right\"><\/span>\n\t\t\t\t\t<\/div>\n\t\t\n    <\/div><\/div><\/div><\/div><\/div><div class=\"vc_row wpb_row vc_row-fluid\"><div class=\"wpb_column vc_column_container vc_col-sm-6\"><div class=\"vc_column-inner\"><div class=\"wpb_wrapper\">\n\t<div class=\"wpb_text_column wpb_content_element\" >\n\t\t<div class=\"wpb_wrapper\">\n\t\t\t<h3 style=\"font-size: 24px; margin: 0.67em 0;\">Channa Limbata<\/h3>\n<p>Golden limbata display significant golden-yellow pigmentation, sometimes with iridescent scales.<\/p>\n<p><strong>Ursprung<\/strong> - Uppf\u00f6dd p\u00e5 g\u00e5rd<br \/>\n<strong>Diet<\/strong> - K\u00f6tt\u00e4tare<br \/>\n<strong>pH-v\u00e4rde<\/strong> &#8211; 5.5 to 8.0<br \/>\n<strong>Temp<\/strong> - 26\u00b0C till 30\u00b0C<br \/>\n<strong>Nuvarande storlek<\/strong> \u2013 3 inches<\/p>\n\n\t\t<\/div>\n\t<\/div>\n<\/div><\/div><\/div><div class=\"wpb_column vc_column_container vc_col-sm-6\"><div class=\"vc_column-inner\"><div class=\"wpb_wrapper\"><div id=\"kapee-header-95806\" class=\"kapee-element kapee-heading text-left kapee-width-100 separator-none separator-between-heading\">\t\n\t\t\t\n\t\t\t<div class=\"heading-wrap\">\n\t\t\t<span class=\"separator-left\"><\/span>\n\t\t\t<h3 class=\"heading-title\">Snabb statistik <\/h3>\t\t\t<span class=\"separator-right\"><\/span>\n\t\t\t\t\t<\/div>\n\t\t\n    <\/div><div class=\"vc_progress_bar wpb_content_element\" ><div class=\"vc_general vc_single_bar\"><small class=\"vc_label\" style=\"color: #FFFFFF;\">S\u00c4LLANHET<\/small><span class=\"vc_bar\" data-percentage-value=\"75\" data-value=\"75\" style=\"background-color: #0CA4FF;\"><\/span><\/div><div class=\"vc_general vc_single_bar\"><small class=\"vc_label\" style=\"color: #FFFFFF;\">V\u00c5RDNIV\u00c5<\/small><span class=\"vc_bar\" data-percentage-value=\"25\" data-value=\"25\" style=\"background-color: #0CA4FF;\"><\/span><\/div><div class=\"vc_general vc_single_bar\"><small class=\"vc_label\" style=\"color: #FFFFFF;\">TEMPERAMENT<\/small><span class=\"vc_bar\" data-percentage-value=\"100\" data-value=\"100\" style=\"background-color: #0CA4FF;\"><\/span><\/div><div class=\"vc_general vc_single_bar\"><small class=\"vc_label\" style=\"color: #FFFFFF;\">KOMPATIBILITET<\/small><span class=\"vc_bar\" data-percentage-value=\"50\" data-value=\"50\" style=\"background-color: #0CA4FF;\"><\/span><\/div><div class=\"vc_general vc_single_bar\"><small class=\"vc_label\" style=\"color: #FFFFFF;\">PLANTED TANK<\/small><span class=\"vc_bar\" data-percentage-value=\"50\" data-value=\"50\" style=\"background-color: #0CA4FF;\"><\/span><\/div><\/div><\/div><\/div><\/div><\/div>\n<\/div>","protected":false},"excerpt":{"rendered":"<p style=\"color: red;\">V\u00e4nligen l\u00e4s v\u00e5r <a href=\"https:\/\/fishbuff.com\/se\/terms-conditions\/\" target=\"_blank\" rel=\"noopener\">Villkor och anvisningar<\/a> innan du k\u00f6per.<br \/>\nGenom k\u00f6pet anger vi att du samtycker till och accepterar de till\u00e4mpliga villkoren.<\/p>","protected":false},"featured_media":327,"comment_status":"open","ping_status":"closed","template":"","meta":{"_seopress_robots_primary_cat":"none","_seopress_titles_title":"Buy Golden Channa Limbata with Live Arrival Guarantee","_seopress_titles_desc":"Order a Golden channa limbata with shipping included. Live Arrival Guarantee. Contact support for claims & details. Order now!","_seopress_robots_index":""},"product_brand":[],"product_cat":[43],"product_tag":[],"class_list":{"0":"post-297","1":"product","2":"type-product","3":"status-publish","4":"has-post-thumbnail","6":"product_cat-snakehead","8":"first","9":"instock","10":"shipping-taxable","11":"purchasable","12":"product-type-simple","13":"add-to-wishlist-after_add_to_cart"},"_links":{"self":[{"href":"https:\/\/fishbuff.com\/se\/wp-json\/wp\/v2\/product\/297","targetHints":{"allow":["GET"]}}],"collection":[{"href":"https:\/\/fishbuff.com\/se\/wp-json\/wp\/v2\/product"}],"about":[{"href":"https:\/\/fishbuff.com\/se\/wp-json\/wp\/v2\/types\/product"}],"replies":[{"embeddable":true,"href":"https:\/\/fishbuff.com\/se\/wp-json\/wp\/v2\/comments?post=297"}],"wp:featuredmedia":[{"embeddable":true,"href":"https:\/\/fishbuff.com\/se\/wp-json\/wp\/v2\/media\/327"}],"wp:attachment":[{"href":"https:\/\/fishbuff.com\/se\/wp-json\/wp\/v2\/media?parent=297"}],"wp:term":[{"taxonomy":"product_brand","embeddable":true,"href":"https:\/\/fishbuff.com\/se\/wp-json\/wp\/v2\/product_brand?post=297"},{"taxonomy":"product_cat","embeddable":true,"href":"https:\/\/fishbuff.com\/se\/wp-json\/wp\/v2\/product_cat?post=297"},{"taxonomy":"product_tag","embeddable":true,"href":"https:\/\/fishbuff.com\/se\/wp-json\/wp\/v2\/product_tag?post=297"}],"curies":[{"name":"wp","href":"https:\/\/api.w.org\/{rel}","templated":true}]}}