{"id":593,"date":"2025-12-23T15:01:19","date_gmt":"2025-12-23T15:01:19","guid":{"rendered":"https:\/\/fishbuff.com\/?post_type=product&#038;p=593"},"modified":"2025-12-23T15:01:33","modified_gmt":"2025-12-23T15:01:33","slug":"blue-star-tiger-endler","status":"publish","type":"product","link":"https:\/\/fishbuff.com\/se\/product\/blue-star-tiger-endler\/","title":{"rendered":"Blue Star Tiger Endler"},"content":{"rendered":"<div class=\"wpb-content-wrapper\"><div class=\"vc_row wpb_row vc_row-fluid\"><div class=\"wpb_column vc_column_container vc_col-sm-12\"><div class=\"vc_column-inner\"><div class=\"wpb_wrapper\"><div id=\"kapee-header-65643\" class=\"kapee-element kapee-heading text-left kapee-width-100 separator-line separator-between-heading\">\t\n\t\t\t\n\t\t\t<div class=\"heading-wrap\">\n\t\t\t<span class=\"separator-left\"><\/span>\n\t\t\t<h2 class=\"heading-title\">Guppy fiskbutik <\/h2>\t\t\t<span class=\"separator-right\"><\/span>\n\t\t\t\t\t<\/div>\n\t\t\n    <\/div>\n\t<div class=\"wpb_text_column wpb_content_element\" >\n\t\t<div class=\"wpb_wrapper\">\n\t\t\t<p><span style=\"color: red;\">Det angivna priset avser ett par (en hane och en hona).<\/span><br \/>\nFiskbilderna \u00e4r tagna s\u00e5 exakt som m\u00f6jligt. Bilder som visas \u00e4r f\u00f6r illustration som en representation av den exakta fisken.<br \/>\nDet angivna priset inkluderar fraktkostnader fr\u00e5n Indonesien genom Transhipper. K\u00f6paren m\u00e5ste betala sin lokala transhipper-agent f\u00f6r importavgifter och inhemska fraktkostnader.<\/p>\n\n\t\t<\/div>\n\t<\/div>\n<div id=\"kapee-header-82655\" class=\"kapee-element kapee-heading text-left kapee-width-100 separator-none separator-between-heading\">\t\n\t\t\t\n\t\t\t<div class=\"heading-wrap\">\n\t\t\t<span class=\"separator-left\"><\/span>\n\t\t\t<h3 class=\"heading-title\">K\u00f6p levande akvariefiskar online <\/h3>\t\t\t<span class=\"separator-right\"><\/span>\n\t\t\t\t\t<\/div>\n\t\t\n    <\/div>\n<div id=\"kapee-accordion-57626\" class=\"kapee-element kapee-accordion panel-group accordion-line align-left accordion-icon-plus icon-position-right\">\n\t\n\t\t\t\n\t\t<div class=\"card\">\n\t\t\t<div class=\"card-header\">\n\t\t\t\t<h4 class=\"card-title\">\t\t\t\t\t\n\t\t\t\t\t<a class=\"card-link collapsed\" data-toggle=\"collapse\" href=\"#kp-accordions-13900\">\n\t\t\t\t\t\t\t\t\t\t\t\tVart skickar du din fisk?\t\t\t\t\t\t\t\t\t\t\t<\/a>\t\t\t\t\t\n\t\t\t\t<\/h4>\n\t\t\t<\/div>\n\t\t\t<div id=\"kp-accordions-13900\" class=\"collapse\" data-parent=\"#kapee-accordion-57626\">\n\t\t\t\t<div class=\"card-body\">\n\t\t\t\t\t\n\t<div class=\"wpb_text_column wpb_content_element\" >\n\t\t<div class=\"wpb_wrapper\">\n\t\t\t<p>Vi skickar v\u00e5r fisk f\u00f6r detaljhandelsbest\u00e4llningar endast till vissa l\u00e4nder. Leveransen \u00e4r begr\u00e4nsad till f\u00f6ljande l\u00e4nder; Australien\/ \u00d6sterrike\/ Barbados\/ Belgien\/ Bolivia\/ Brasilien\/ Brunei\/ Bulgarien\/ Kambodja\/ Kanada\/ Chile\/ Kina\/ Colombia\/ Costa Rica\/ Kroatien\/ Cypern\/ Tjeckien\/ Danmark\/ Dominikanska republiken\/ Ecuador\/ Estland\/ Finland\/ Frankrike\/ Tyskland\/ Grekland\/ Guam\/ Haiti\/ Hongkong\/ Ungern\/ Indien\/ Irland\/ Italien\/ Japan\/ Kuwait\/ Lettland\/ Liechtenstein\/ Litauen\/ Luxemburg\/ Malaysia\/ Mexiko\/ Myanmar\/ Nederl\u00e4nderna\/ Norge\/ Oman\/ Panama\/ Paraguay\/ Peru\/ Puerto Rico\/ Filippinerna\/ Polen\/ Portugal\/ Rum\u00e4nien\/ San Marino\/ Serbien\/ Singapore\/ Slovakien\/ Slovenien\/ Sydafrika\/ Sydkorea\/ Spanien\/ Surinam\/ Sverige\/ Schweiz\/ Taiwan\/ Thailand\/ Trinidad och Tobago\/ Turks- och Caicos\u00f6arna\/ F\u00f6renade Arabemiraten\/ F\u00f6renade kungariket\/ F\u00f6renta staterna\/ Amerikanska Jungfru\u00f6arna\/ Vietnam.<\/p>\n\n\t\t<\/div>\n\t<\/div>\n\t\t\t\t<\/div>\n\t\t\t<\/div>\n\t\t<\/div>\n\t\t\t\n\t\t<div class=\"card\">\n\t\t\t<div class=\"card-header\">\n\t\t\t\t<h4 class=\"card-title\">\t\t\t\t\t\n\t\t\t\t\t<a class=\"card-link collapsed\" data-toggle=\"collapse\" href=\"#kp-accordions-16483\">\n\t\t\t\t\t\t\t\t\t\t\t\tHur l\u00e5ng tid tar det att f\u00e5 min fisk?\t\t\t\t\t\t\t\t\t\t\t<\/a>\t\t\t\t\t\n\t\t\t\t<\/h4>\n\t\t\t<\/div>\n\t\t\t<div id=\"kp-accordions-16483\" class=\"collapse\" data-parent=\"#kapee-accordion-57626\">\n\t\t\t\t<div class=\"card-body\">\n\t\t\t\t\t\n\t<div class=\"wpb_text_column wpb_content_element\" >\n\t\t<div class=\"wpb_wrapper\">\n\t\t\t<p>Du kommer vanligtvis att f\u00e5 din best\u00e4llning inom 7-14 arbetsdagar. I vissa fall kan det ta en m\u00e5nad.<\/p>\n\n\t\t<\/div>\n\t<\/div>\n\t\t\t\t<\/div>\n\t\t\t<\/div>\n\t\t<\/div>\n\t\t\t\n\t\t<div class=\"card\">\n\t\t\t<div class=\"card-header\">\n\t\t\t\t<h4 class=\"card-title\">\t\t\t\t\t\n\t\t\t\t\t<a class=\"card-link collapsed\" data-toggle=\"collapse\" href=\"#kp-accordions-93019\">\n\t\t\t\t\t\t\t\t\t\t\t\tVarf\u00f6r tar det s\u00e5 l\u00e5ng tid att f\u00e5 min fisk?\t\t\t\t\t\t\t\t\t\t\t<\/a>\t\t\t\t\t\n\t\t\t\t<\/h4>\n\t\t\t<\/div>\n\t\t\t<div id=\"kp-accordions-93019\" class=\"collapse\" data-parent=\"#kapee-accordion-57626\">\n\t\t\t\t<div class=\"card-body\">\n\t\t\t\t\t\n\t<div class=\"wpb_text_column wpb_content_element\" >\n\t\t<div class=\"wpb_wrapper\">\n\t\t\t<p>Vi skickar endast detaljhandelsorder via en omlastare. Transporterna g\u00f6rs baserat p\u00e5 deras tillg\u00e4ngliga m\u00e5nadsschema, som st\u00e4lls in av omlastaren sj\u00e4lv.<br \/>\nFlera l\u00e4nder som kanske inte har en tillr\u00e4ckligt stor fraktvolym har vanligtvis mycket begr\u00e4nsade tidtabeller.<br \/>\nOm du vill f\u00f6rs\u00e4kra dig om n\u00e4r det \u00e4r r\u00e4tt tid att g\u00f6ra din best\u00e4llning kan du kontakta oss f\u00f6rst.<\/p>\n\n\t\t<\/div>\n\t<\/div>\n\t\t\t\t<\/div>\n\t\t\t<\/div>\n\t\t<\/div>\n\t\t\t\n\t\t<div class=\"card\">\n\t\t\t<div class=\"card-header\">\n\t\t\t\t<h4 class=\"card-title\">\t\t\t\t\t\n\t\t\t\t\t<a class=\"card-link collapsed\" data-toggle=\"collapse\" href=\"#kp-accordions-14091\">\n\t\t\t\t\t\t\t\t\t\t\t\tVad h\u00e4nder om min fisk kommer d\u00f6d?\t\t\t\t\t\t\t\t\t\t\t<\/a>\t\t\t\t\t\n\t\t\t\t<\/h4>\n\t\t\t<\/div>\n\t\t\t<div id=\"kp-accordions-14091\" class=\"collapse\" data-parent=\"#kapee-accordion-57626\">\n\t\t\t\t<div class=\"card-body\">\n\t\t\t\t\t\n\t<div class=\"wpb_text_column wpb_content_element\" >\n\t\t<div class=\"wpb_wrapper\">\n\t\t\t<p>Om du mot f\u00f6rmodan skulle f\u00e5 en d\u00f6d fisk m\u00e5ste du kontakta oss inom 24 timmar efter att den har anl\u00e4nt. Eventuella anspr\u00e5k efter det kommer inte att respekteras.<br \/>\nI h\u00e4ndelse av D.O.A, skicka oss en tydlig bild av den d\u00f6da fisken i en o\u00f6ppnad p\u00e5se. Kunden kan skicka in sitt krav via e-post p\u00e5 support@fishbuff.com eller WhatsApp via (+62) 821-3871-8445.<\/p>\n\n\t\t<\/div>\n\t<\/div>\n\t\t\t\t<\/div>\n\t\t\t<\/div>\n\t\t<\/div>\n\t\t\t\n\t\t<div class=\"card\">\n\t\t\t<div class=\"card-header\">\n\t\t\t\t<h4 class=\"card-title\">\t\t\t\t\t\n\t\t\t\t\t<a class=\"card-link collapsed\" data-toggle=\"collapse\" href=\"#kp-accordions-13006\">\n\t\t\t\t\t\t\t\t\t\t\t\tAccepterade du retur eller byte?\t\t\t\t\t\t\t\t\t\t\t<\/a>\t\t\t\t\t\n\t\t\t\t<\/h4>\n\t\t\t<\/div>\n\t\t\t<div id=\"kp-accordions-13006\" class=\"collapse\" data-parent=\"#kapee-accordion-57626\">\n\t\t\t\t<div class=\"card-body\">\n\t\t\t\t\t\n\t<div class=\"wpb_text_column wpb_content_element\" >\n\t\t<div class=\"wpb_wrapper\">\n\t\t\t<p>Vi erbjuder inga returer eller byten, men vi ers\u00e4tter g\u00e4rna best\u00e4llningar som uppfyller v\u00e5r reklamationspolicy.<\/p>\n\n\t\t<\/div>\n\t<\/div>\n\t\t\t\t<\/div>\n\t\t\t<\/div>\n\t\t<\/div>\n\t<\/div><\/div><\/div><\/div><\/div>\n<\/div>","protected":false},"excerpt":{"rendered":"<p style=\"color: red;\">V\u00e4nligen l\u00e4s v\u00e5r <a href=\"https:\/\/fishbuff.com\/se\/terms-conditions\/\" target=\"_blank\" rel=\"noopener\">Villkor och anvisningar<\/a> innan du k\u00f6per.<br \/>\nGenom k\u00f6pet anger vi att du samtycker till och accepterar de till\u00e4mpliga villkoren.<\/p>","protected":false},"featured_media":623,"comment_status":"open","ping_status":"closed","template":"","meta":{"_seopress_robots_primary_cat":"91","_seopress_titles_title":"Buy Blue Star Tiger Endler Guppies with Live Guarantee","_seopress_titles_desc":"Get a pair of Blue Star Tiger Endler with shipping included. Ensure live arrival with our guarantee. Contact support for claims and inquiries.","_seopress_robots_index":""},"product_brand":[],"product_cat":[69],"product_tag":[],"class_list":{"0":"post-593","1":"product","2":"type-product","3":"status-publish","4":"has-post-thumbnail","6":"product_cat-guppy","8":"first","9":"instock","10":"shipping-taxable","11":"purchasable","12":"product-type-simple","13":"add-to-wishlist-after_add_to_cart"},"_links":{"self":[{"href":"https:\/\/fishbuff.com\/se\/wp-json\/wp\/v2\/product\/593","targetHints":{"allow":["GET"]}}],"collection":[{"href":"https:\/\/fishbuff.com\/se\/wp-json\/wp\/v2\/product"}],"about":[{"href":"https:\/\/fishbuff.com\/se\/wp-json\/wp\/v2\/types\/product"}],"replies":[{"embeddable":true,"href":"https:\/\/fishbuff.com\/se\/wp-json\/wp\/v2\/comments?post=593"}],"wp:featuredmedia":[{"embeddable":true,"href":"https:\/\/fishbuff.com\/se\/wp-json\/wp\/v2\/media\/623"}],"wp:attachment":[{"href":"https:\/\/fishbuff.com\/se\/wp-json\/wp\/v2\/media?parent=593"}],"wp:term":[{"taxonomy":"product_brand","embeddable":true,"href":"https:\/\/fishbuff.com\/se\/wp-json\/wp\/v2\/product_brand?post=593"},{"taxonomy":"product_cat","embeddable":true,"href":"https:\/\/fishbuff.com\/se\/wp-json\/wp\/v2\/product_cat?post=593"},{"taxonomy":"product_tag","embeddable":true,"href":"https:\/\/fishbuff.com\/se\/wp-json\/wp\/v2\/product_tag?post=593"}],"curies":[{"name":"wp","href":"https:\/\/api.w.org\/{rel}","templated":true}]}}