{"id":753,"date":"2025-12-23T15:02:27","date_gmt":"2025-12-23T15:02:27","guid":{"rendered":"https:\/\/fishbuff.com\/?post_type=product&#038;p=753"},"modified":"2026-01-08T13:45:05","modified_gmt":"2026-01-08T13:45:05","slug":"squarespot-anthias","status":"publish","type":"product","link":"https:\/\/fishbuff.com\/se\/product\/squarespot-anthias\/","title":{"rendered":"1.7&#8243; Squarespot Anthias"},"content":{"rendered":"<div class=\"wpb-content-wrapper\"><div class=\"vc_row wpb_row vc_row-fluid\"><div class=\"wpb_column vc_column_container vc_col-sm-12\"><div class=\"vc_column-inner\"><div class=\"wpb_wrapper\">\n\t<div class=\"wpb_text_column wpb_content_element\" >\n\t\t<div class=\"wpb_wrapper\">\n\t\t\t<p style=\"font-size: 24px; color: #0ca4ff; font-weight: bold; margin: 0;\">2-dagars garanti <a style=\"color: #333333; font-size: 12px; font-weight: normal;\" href=\"https:\/\/fishbuff.com\/se\/our-guarantee\/\">L\u00e4s mer om detta<\/a><\/p>\n<p>Fiskbilderna \u00e4r tagna s\u00e5 exakt som m\u00f6jligt. Bilder som visas \u00e4r f\u00f6r illustration som en representation av den exakta fisken.<br \/>\nDet angivna priset inkluderar fraktkostnader fr\u00e5n Indonesien genom Transhipper. K\u00f6paren m\u00e5ste betala sin lokala transhipper-agent f\u00f6r importavgifter och inhemska fraktkostnader.<\/p>\n\n\t\t<\/div>\n\t<\/div>\n<div id=\"kapee-header-25558\" class=\"kapee-element kapee-heading text-left kapee-width-100 separator-line separator-between-heading\">\t\n\t\t\t\n\t\t\t<div class=\"heading-wrap\">\n\t\t\t<span class=\"separator-left\"><\/span>\n\t\t\t<h2 class=\"heading-title\">Pseudanthias Pleurotaenia <\/h2>\t\t\t<span class=\"separator-right\"><\/span>\n\t\t\t\t\t<\/div>\n\t\t\n    <\/div><\/div><\/div><\/div><\/div><div class=\"vc_row wpb_row vc_row-fluid\"><div class=\"wpb_column vc_column_container vc_col-sm-6\"><div class=\"vc_column-inner\"><div class=\"wpb_wrapper\">\n\t<div class=\"wpb_text_column wpb_content_element\" >\n\t\t<div class=\"wpb_wrapper\">\n\t\t\t<h3 style=\"font-size: 24px; margin: 0.67em 0;\">Mirror Basslet<\/h3>\n<p>Pseudanthias pleurotaenia is known for males&#8217; deep pink\/orange colors and distinctive purplish square spot, while females are yellowish with purple stripes.<\/p>\n<p><strong>Ursprung<\/strong> - Indo-Stilla havet<br \/>\n<strong>Diet<\/strong> - K\u00f6tt\u00e4tare<br \/>\n<strong>pH-v\u00e4rde<\/strong> - 8,0 till 8,5<br \/>\n<strong>Temp<\/strong> - 24\u00b0C till 27\u00b0C<br \/>\n<strong>Salthalt<\/strong> - 1,020 till 1,025<\/p>\n\n\t\t<\/div>\n\t<\/div>\n<\/div><\/div><\/div><div class=\"wpb_column vc_column_container vc_col-sm-6\"><div class=\"vc_column-inner\"><div class=\"wpb_wrapper\"><div id=\"kapee-header-4405\" class=\"kapee-element kapee-heading text-left kapee-width-100 separator-none separator-between-heading\">\t\n\t\t\t\n\t\t\t<div class=\"heading-wrap\">\n\t\t\t<span class=\"separator-left\"><\/span>\n\t\t\t<h3 class=\"heading-title\">Snabb statistik <\/h3>\t\t\t<span class=\"separator-right\"><\/span>\n\t\t\t\t\t<\/div>\n\t\t\n    <\/div><div class=\"vc_progress_bar wpb_content_element\" ><div class=\"vc_general vc_single_bar\"><small class=\"vc_label\" style=\"color: #FFFFFF;\">S\u00c4LLANHET<\/small><span class=\"vc_bar\" data-percentage-value=\"25\" data-value=\"25\" style=\"background-color: #0CA4FF;\"><\/span><\/div><div class=\"vc_general vc_single_bar\"><small class=\"vc_label\" style=\"color: #FFFFFF;\">V\u00c5RDNIV\u00c5<\/small><span class=\"vc_bar\" data-percentage-value=\"50\" data-value=\"50\" style=\"background-color: #0CA4FF;\"><\/span><\/div><div class=\"vc_general vc_single_bar\"><small class=\"vc_label\" style=\"color: #FFFFFF;\">TEMPERAMENT<\/small><span class=\"vc_bar\" data-percentage-value=\"25\" data-value=\"25\" style=\"background-color: #0CA4FF;\"><\/span><\/div><div class=\"vc_general vc_single_bar\"><small class=\"vc_label\" style=\"color: #FFFFFF;\">KOMPATIBILITET<\/small><span class=\"vc_bar\" data-percentage-value=\"100\" data-value=\"100\" style=\"background-color: #0CA4FF;\"><\/span><\/div><div class=\"vc_general vc_single_bar\"><small class=\"vc_label\" style=\"color: #FFFFFF;\">REEF SAFE<\/small><span class=\"vc_bar\" data-percentage-value=\"100\" data-value=\"100\" style=\"background-color: #0CA4FF;\"><\/span><\/div><\/div><\/div><\/div><\/div><\/div>\n<\/div>","protected":false},"excerpt":{"rendered":"<p style=\"color: red;\">V\u00e4nligen l\u00e4s v\u00e5r <a href=\"https:\/\/fishbuff.com\/se\/terms-conditions\/\" target=\"_blank\" rel=\"noopener\">Villkor och anvisningar<\/a> innan du k\u00f6per.<br \/>\nGenom att k\u00f6pa anger vi att du samtycker till och accepterar de till\u00e4mpliga villkoren.<\/p>","protected":false},"featured_media":783,"comment_status":"open","ping_status":"closed","template":"","meta":{"_seopress_robots_primary_cat":"none","_seopress_titles_title":"Buy Squarespot Anthias Pair with Shipping Included","_seopress_titles_desc":"Order a male and female Squarespot Anthias (Pseudanthias pleurotaenia) with shipping from Indonesia. Ensure hassle-free delivery with guarantee.","_seopress_robots_index":""},"product_brand":[],"product_cat":[59],"product_tag":[],"class_list":{"0":"post-753","1":"product","2":"type-product","3":"status-publish","4":"has-post-thumbnail","6":"product_cat-anthias","8":"first","9":"instock","10":"shipping-taxable","11":"purchasable","12":"product-type-variable","13":"add-to-wishlist-after_add_to_cart"},"_links":{"self":[{"href":"https:\/\/fishbuff.com\/se\/wp-json\/wp\/v2\/product\/753","targetHints":{"allow":["GET"]}}],"collection":[{"href":"https:\/\/fishbuff.com\/se\/wp-json\/wp\/v2\/product"}],"about":[{"href":"https:\/\/fishbuff.com\/se\/wp-json\/wp\/v2\/types\/product"}],"replies":[{"embeddable":true,"href":"https:\/\/fishbuff.com\/se\/wp-json\/wp\/v2\/comments?post=753"}],"wp:featuredmedia":[{"embeddable":true,"href":"https:\/\/fishbuff.com\/se\/wp-json\/wp\/v2\/media\/783"}],"wp:attachment":[{"href":"https:\/\/fishbuff.com\/se\/wp-json\/wp\/v2\/media?parent=753"}],"wp:term":[{"taxonomy":"product_brand","embeddable":true,"href":"https:\/\/fishbuff.com\/se\/wp-json\/wp\/v2\/product_brand?post=753"},{"taxonomy":"product_cat","embeddable":true,"href":"https:\/\/fishbuff.com\/se\/wp-json\/wp\/v2\/product_cat?post=753"},{"taxonomy":"product_tag","embeddable":true,"href":"https:\/\/fishbuff.com\/se\/wp-json\/wp\/v2\/product_tag?post=753"}],"curies":[{"name":"wp","href":"https:\/\/api.w.org\/{rel}","templated":true}]}}