{"id":1193,"date":"2025-12-23T15:04:40","date_gmt":"2025-12-23T15:04:40","guid":{"rendered":"https:\/\/fishbuff.com\/?post_type=product&#038;p=1193"},"modified":"2026-01-07T01:40:01","modified_gmt":"2026-01-07T01:40:01","slug":"vieja-argentea","status":"publish","type":"product","link":"https:\/\/fishbuff.com\/sk\/product\/vieja-argentea\/","title":{"rendered":"3&#8243; Vieja Argentea"},"content":{"rendered":"<div class=\"wpb-content-wrapper\"><div class=\"vc_row wpb_row vc_row-fluid\"><div class=\"wpb_column vc_column_container vc_col-sm-12\"><div class=\"vc_column-inner\"><div class=\"wpb_wrapper\">\n\t<div class=\"wpb_text_column wpb_content_element\" >\n\t\t<div class=\"wpb_wrapper\">\n\t\t\t<p style=\"font-size: 24px; color: #0ca4ff; font-weight: bold; margin: 0;\">Z\u00e1ruka 2 dni <a style=\"color: #333333; font-size: 12px; font-weight: normal;\" href=\"https:\/\/fishbuff.com\/sk\/our-guarantee\/\">Zistite viac<\/a><\/p>\n<p><span style=\"color: red;\">The price listed is for 5 fish.<\/span><br \/>\nFish pictures are taken as accurately as possible. Pictures shown are for illustration, as a representation of the exact fish.<br \/>\nThe price listed included shipping costs from Indonesia through a transhipper. Buyer must pay their local transhipper agent for import fees and domestic shipping costs.<\/p>\n\n\t\t<\/div>\n\t<\/div>\n<div id=\"kapee-header-82929\" class=\"kapee-element kapee-heading text-left kapee-width-100 separator-line separator-between-heading\">\t\n\t\t\t\n\t\t\t<div class=\"heading-wrap\">\n\t\t\t<span class=\"separator-left\"><\/span>\n\t\t\t<h2 class=\"heading-title\">Maskaheros Vieja Argentea <\/h2>\t\t\t<span class=\"separator-right\"><\/span>\n\t\t\t\t\t<\/div>\n\t\t\n    <\/div><\/div><\/div><\/div><\/div><div class=\"vc_row wpb_row vc_row-fluid\"><div class=\"wpb_column vc_column_container vc_col-sm-6\"><div class=\"vc_column-inner\"><div class=\"wpb_wrapper\">\n\t<div class=\"wpb_text_column wpb_content_element\" >\n\t\t<div class=\"wpb_wrapper\">\n\t\t\t<h3 style=\"font-size: 24px; margin: 0.67em 0;\">Silver Cichlid<\/h3>\n<p>The Vieja argentea is known for its shimmering silver-white body, black markings, and aggressive, territorial nature.<\/p>\n<p><strong>P\u00f4vod<\/strong> - Chov na farme<br \/>\n<strong>Di\u00e9ta<\/strong> - V\u0161e\u017eravec<br \/>\n<strong>pH<\/strong> &#8211; 7.0 to 8.0<br \/>\n<strong>Temp<\/strong> - 26\u00b0C a\u017e 28\u00b0C<br \/>\n<strong>Current size<\/strong> \u2013 3 inches<\/p>\n\n\t\t<\/div>\n\t<\/div>\n<\/div><\/div><\/div><div class=\"wpb_column vc_column_container vc_col-sm-6\"><div class=\"vc_column-inner\"><div class=\"wpb_wrapper\"><div id=\"kapee-header-80748\" class=\"kapee-element kapee-heading text-left kapee-width-100 separator-none separator-between-heading\">\t\n\t\t\t\n\t\t\t<div class=\"heading-wrap\">\n\t\t\t<span class=\"separator-left\"><\/span>\n\t\t\t<h3 class=\"heading-title\">R\u00fdchle \u0161tatistiky <\/h3>\t\t\t<span class=\"separator-right\"><\/span>\n\t\t\t\t\t<\/div>\n\t\t\n    <\/div><div class=\"vc_progress_bar wpb_content_element\" ><div class=\"vc_general vc_single_bar\"><small class=\"vc_label\" style=\"color: #FFFFFF;\">RARITA<\/small><span class=\"vc_bar\" data-percentage-value=\"25\" data-value=\"25\" style=\"background-color: #0CA4FF;\"><\/span><\/div><div class=\"vc_general vc_single_bar\"><small class=\"vc_label\" style=\"color: #FFFFFF;\">\u00daROVE\u0147 STAROSTLIVOSTI<\/small><span class=\"vc_bar\" data-percentage-value=\"25\" data-value=\"25\" style=\"background-color: #0CA4FF;\"><\/span><\/div><div class=\"vc_general vc_single_bar\"><small class=\"vc_label\" style=\"color: #FFFFFF;\">TEMPERAMENT<\/small><span class=\"vc_bar\" data-percentage-value=\"50\" data-value=\"50\" style=\"background-color: #0CA4FF;\"><\/span><\/div><div class=\"vc_general vc_single_bar\"><small class=\"vc_label\" style=\"color: #FFFFFF;\">KOMPATIBILITA<\/small><span class=\"vc_bar\" data-percentage-value=\"50\" data-value=\"50\" style=\"background-color: #0CA4FF;\"><\/span><\/div><div class=\"vc_general vc_single_bar\"><small class=\"vc_label\" style=\"color: #FFFFFF;\">N\u00c1DR\u017d NA N\u00c1POJE<\/small><span class=\"vc_bar\" data-percentage-value=\"50\" data-value=\"50\" style=\"background-color: #0CA4FF;\"><\/span><\/div><\/div><\/div><\/div><\/div><\/div>\n<\/div>","protected":false},"excerpt":{"rendered":"<p style=\"color: red;\">Pre\u010d\u00edtajte si, pros\u00edm, na\u0161e <a href=\"https:\/\/fishbuff.com\/sk\/terms-conditions\/\" target=\"_blank\" rel=\"noopener\">Podmienky a pravidl\u00e1<\/a> pred n\u00e1kupom.<br \/>\nK\u00fapou vyjadrujete svoj s\u00fahlas a prijatie platn\u00fdch podmienok.<\/p>","protected":false},"featured_media":1223,"comment_status":"open","ping_status":"closed","template":"","meta":{"_seopress_robots_primary_cat":"none","_seopress_titles_title":"Buy Vieja Argentea Cichlids with Live Arrival Guarantee","_seopress_titles_desc":"Buy Vieja argentea (Silver cichlid) with Live Arrival Guarantee. Price includes shipping from Indonesia. Contact us for claims within 24 hours if needed.","_seopress_robots_index":""},"product_brand":[],"product_cat":[74],"product_tag":[],"class_list":{"0":"post-1193","1":"product","2":"type-product","3":"status-publish","4":"has-post-thumbnail","6":"product_cat-american-cichlid","8":"first","9":"instock","10":"shipping-taxable","11":"purchasable","12":"product-type-simple","13":"add-to-wishlist-after_add_to_cart"},"_links":{"self":[{"href":"https:\/\/fishbuff.com\/sk\/wp-json\/wp\/v2\/product\/1193","targetHints":{"allow":["GET"]}}],"collection":[{"href":"https:\/\/fishbuff.com\/sk\/wp-json\/wp\/v2\/product"}],"about":[{"href":"https:\/\/fishbuff.com\/sk\/wp-json\/wp\/v2\/types\/product"}],"replies":[{"embeddable":true,"href":"https:\/\/fishbuff.com\/sk\/wp-json\/wp\/v2\/comments?post=1193"}],"wp:featuredmedia":[{"embeddable":true,"href":"https:\/\/fishbuff.com\/sk\/wp-json\/wp\/v2\/media\/1223"}],"wp:attachment":[{"href":"https:\/\/fishbuff.com\/sk\/wp-json\/wp\/v2\/media?parent=1193"}],"wp:term":[{"taxonomy":"product_brand","embeddable":true,"href":"https:\/\/fishbuff.com\/sk\/wp-json\/wp\/v2\/product_brand?post=1193"},{"taxonomy":"product_cat","embeddable":true,"href":"https:\/\/fishbuff.com\/sk\/wp-json\/wp\/v2\/product_cat?post=1193"},{"taxonomy":"product_tag","embeddable":true,"href":"https:\/\/fishbuff.com\/sk\/wp-json\/wp\/v2\/product_tag?post=1193"}],"curies":[{"name":"wp","href":"https:\/\/api.w.org\/{rel}","templated":true}]}}