{"id":2159,"date":"2025-12-23T15:09:42","date_gmt":"2025-12-23T15:09:42","guid":{"rendered":"https:\/\/fishbuff.com\/?post_type=product&#038;p=2159"},"modified":"2025-12-23T15:09:46","modified_gmt":"2025-12-23T15:09:46","slug":"platinum-halfmoon-double-tail-betta","status":"publish","type":"product","link":"https:\/\/fishbuff.com\/sk\/product\/platinum-halfmoon-double-tail-betta\/","title":{"rendered":"Platinum Halfmoon Double Tail Betta"},"content":{"rendered":"<div class=\"wpb-content-wrapper\"><div class=\"vc_row wpb_row vc_row-fluid\"><div class=\"wpb_column vc_column_container vc_col-sm-12\"><div class=\"vc_column-inner\"><div class=\"wpb_wrapper\"><div id=\"kapee-header-38739\" class=\"kapee-element kapee-heading text-left kapee-width-100 separator-line separator-between-heading\">\t\n\t\t\t\n\t\t\t<div class=\"heading-wrap\">\n\t\t\t<span class=\"separator-left\"><\/span>\n\t\t\t<h2 class=\"heading-title\">Betta Fish <\/h2>\t\t\t<span class=\"separator-right\"><\/span>\n\t\t\t\t\t<\/div>\n\t\t\n    <\/div>\n\t<div class=\"wpb_text_column wpb_content_element\" >\n\t\t<div class=\"wpb_wrapper\">\n\t\t\t<p>Betta splendens poch\u00e1dza z Thajska, Kambod\u017ee, Laosu a Vietnamu, kde \u017eije v priekop\u00e1ch, ry\u017eov\u00fdch poliach, plytk\u00fdch baz\u00e9noch a pomaly te\u010d\u00facich potokoch. Betty sa vo v\u0161eobecnosti pova\u017euj\u00fa za vhodn\u00e9 pre za\u010diato\u010dn\u00edkov, preto\u017ee sa daj\u00fa chova\u0165 samostatne v pomerne mal\u00fdch (minim\u00e1lne 5 gal\u00f3nov\u00fdch) n\u00e1dr\u017eiach.<\/p>\n\n\t\t<\/div>\n\t<\/div>\n<div id=\"kapee-header-54962\" class=\"kapee-element kapee-heading text-left kapee-width-100 separator-line separator-between-heading\">\t\n\t\t\t\n\t\t\t<div class=\"heading-wrap\">\n\t\t\t<span class=\"separator-left\"><\/span>\n\t\t\t<h3 class=\"heading-title\">Ve\u013ekoobchod Betta Fish <\/h3>\t\t\t<span class=\"separator-right\"><\/span>\n\t\t\t\t\t<\/div>\n\t\t\n    <\/div>\n\t<div class=\"wpb_text_column wpb_content_element\" >\n\t\t<div class=\"wpb_wrapper\">\n\t\t\t<p>Pon\u00fakame n\u00e1dhern\u00e9, vz\u00e1cne ve\u013ekoobjemov\u00e9 samce a samice betty s kr\u00e1snymi a \u017eiariv\u00fdmi farbami. Sna\u017e\u00edme sa poskytova\u0165 \u0161irok\u00fd v\u00fdber zdrav\u00fdch a \u017eiariv\u00fdch rybi\u010diek betta, z ktor\u00fdch ka\u017ed\u00e1 je starostlivo vybran\u00e1 tak, aby sp\u013a\u0148ala najvy\u0161\u0161ie \u0161tandardy kr\u00e1sy a zdravia.<\/p>\n\n\t\t<\/div>\n\t<\/div>\n<\/div><\/div><\/div><\/div>\n<\/div>","protected":false},"excerpt":{"rendered":"Betta Fish Betta splendens are native to Thailand, Cambodia, Laos and Vietnam, where they live in ditches, rice paddies, shallow pools and slow moving streams. Bettas are generally considered to be beginner-friendly because they can be kept alone in fairly small (5 gallons at least) tanks. Wholesale Betta Fish We offer gorgeous, rare wholesale male betta fish and female betta fish with beautiful and vibrant colors. We strive to provide a wide selection of healthy and vibrant betta fish, each carefully selected to meet the highest standards of beauty and health.","protected":false},"featured_media":968,"comment_status":"open","ping_status":"closed","template":"","meta":{"_seopress_robots_primary_cat":"none","_seopress_titles_title":"Platinum Halfmoon Double Tail Betta Wholesale Online","_seopress_titles_desc":"Discover stunning Platinum Halfmoon Doubletail Betta fish at competitive wholesale prices. Perfect for bulk orders and aquarists seeking premium quality.","_seopress_robots_index":""},"product_brand":[],"product_cat":[88],"product_tag":[],"class_list":{"0":"post-2159","1":"product","2":"type-product","3":"status-publish","4":"has-post-thumbnail","6":"product_cat-bettas","8":"first","9":"instock","10":"shipping-taxable","11":"purchasable","12":"product-type-simple","13":"add-to-wishlist-after_add_to_cart"},"_links":{"self":[{"href":"https:\/\/fishbuff.com\/sk\/wp-json\/wp\/v2\/product\/2159","targetHints":{"allow":["GET"]}}],"collection":[{"href":"https:\/\/fishbuff.com\/sk\/wp-json\/wp\/v2\/product"}],"about":[{"href":"https:\/\/fishbuff.com\/sk\/wp-json\/wp\/v2\/types\/product"}],"replies":[{"embeddable":true,"href":"https:\/\/fishbuff.com\/sk\/wp-json\/wp\/v2\/comments?post=2159"}],"wp:featuredmedia":[{"embeddable":true,"href":"https:\/\/fishbuff.com\/sk\/wp-json\/wp\/v2\/media\/968"}],"wp:attachment":[{"href":"https:\/\/fishbuff.com\/sk\/wp-json\/wp\/v2\/media?parent=2159"}],"wp:term":[{"taxonomy":"product_brand","embeddable":true,"href":"https:\/\/fishbuff.com\/sk\/wp-json\/wp\/v2\/product_brand?post=2159"},{"taxonomy":"product_cat","embeddable":true,"href":"https:\/\/fishbuff.com\/sk\/wp-json\/wp\/v2\/product_cat?post=2159"},{"taxonomy":"product_tag","embeddable":true,"href":"https:\/\/fishbuff.com\/sk\/wp-json\/wp\/v2\/product_tag?post=2159"}],"curies":[{"name":"wp","href":"https:\/\/api.w.org\/{rel}","templated":true}]}}